{"id":54715,"date":"2024-03-29T13:13:26","date_gmt":"2024-03-29T17:13:26","guid":{"rendered":"http:\/\/www.cec.org\/por-una-mayor-sustentabilidad-en-el-sector-de-transporte\/"},"modified":"2024-07-11T13:33:38","modified_gmt":"2024-07-11T17:33:38","slug":"por-una-mayor-sustentabilidad-en-el-sector-de-transporte","status":"publish","type":"page","link":"https:\/\/www.cec.org\/es\/por-una-mayor-sustentabilidad-en-el-sector-de-transporte\/","title":{"rendered":"Por una mayor sustentabilidad en el sector de transporte"},"content":{"rendered":"<p>Una gran cantidad de los autom\u00f3viles, autobuses y camiones que conducimos fueron fabricados, por ejemplo, en Estados Unidos, con un motor de origen canadiense y una transmisi\u00f3n procedente de M\u00e9xico. Se trata de productos verdaderamente de Am\u00e9rica del Norte, compuestos de partes provenientes de una vasta cadena de abasto que conecta a los tres pa\u00edses. Hemos creado redes en el interior de estas cadenas de abasto a fin de identificar oportunidades para mejorar el desempe\u00f1o ambiental y econ\u00f3mico.<\/p>\n","protected":false},"excerpt":{"rendered":"<p>Una gran cantidad de los autom\u00f3viles, autobuses y camiones que conducimos fueron fabricados, por ejemplo, en Estados Unidos, con un motor de origen canadiense y una transmisi\u00f3n procedente de M\u00e9xico. Se trata de productos verdaderamente de Am\u00e9rica del Norte, compuestos de partes provenientes de una vasta cadena de abasto que conecta a los tres pa\u00edses. [&hellip;]<\/p>\n","protected":false},"author":1,"featured_media":42118,"parent":0,"menu_order":0,"comment_status":"closed","ping_status":"closed","template":"page-2024subtopics.php","meta":{"_acf_changed":false,"footnotes":""},"class_list":["post-54715","page","type-page","status-publish","has-post-thumbnail","hentry"],"acf":[],"yoast_head":"<!-- This site is optimized with the Yoast SEO Premium plugin v27.4 (Yoast SEO v27.4) - https:\/\/yoast.com\/product\/yoast-seo-premium-wordpress\/ -->\n<title>Por una mayor sustentabilidad en el sector de transporte<\/title>\n<meta name=\"description\" content=\"Una gran cantidad de los autom\u00f3viles, autobuses y camiones que conducimos fueron fabricados, por ejemplo, en Estados Unidos, con un motor de origen\" \/>\n<meta name=\"robots\" content=\"index, follow, max-snippet:-1, max-image-preview:large, max-video-preview:-1\" \/>\n<link rel=\"canonical\" href=\"https:\/\/www.cec.org\/es\/por-una-mayor-sustentabilidad-en-el-sector-de-transporte\/\" \/>\n<meta property=\"og:locale\" content=\"es_ES\" \/>\n<meta property=\"og:type\" content=\"article\" \/>\n<meta property=\"og:title\" content=\"Por una mayor sustentabilidad en el sector de transporte\" \/>\n<meta property=\"og:description\" content=\"Una gran cantidad de los autom\u00f3viles, autobuses y camiones que conducimos fueron fabricados, por ejemplo, en Estados Unidos, con un motor de origen\" \/>\n<meta property=\"og:url\" content=\"https:\/\/www.cec.org\/es\/por-una-mayor-sustentabilidad-en-el-sector-de-transporte\/\" \/>\n<meta property=\"og:site_name\" content=\"Comisi\u00f3n para la Cooperaci\u00f3n Ambiental\" \/>\n<meta property=\"article:publisher\" content=\"https:\/\/www.facebook.com\/CECconnect\" \/>\n<meta property=\"article:modified_time\" content=\"2024-07-11T17:33:38+00:00\" \/>\n<meta property=\"og:image\" content=\"https:\/\/www.cec.org\/wp-content\/uploads\/transportation-thumbnail.jpg\" \/>\n\t<meta property=\"og:image:width\" content=\"600\" \/>\n\t<meta property=\"og:image:height\" content=\"342\" \/>\n\t<meta property=\"og:image:type\" content=\"image\/jpeg\" \/>\n<meta name=\"twitter:card\" content=\"summary_large_image\" \/>\n<meta name=\"twitter:site\" content=\"@CECweb\" \/>\n<script type=\"application\/ld+json\" class=\"yoast-schema-graph\">{\"@context\":\"https:\\\/\\\/schema.org\",\"@graph\":[{\"@type\":\"WebPage\",\"@id\":\"https:\\\/\\\/www.cec.org\\\/es\\\/por-una-mayor-sustentabilidad-en-el-sector-de-transporte\\\/\",\"url\":\"https:\\\/\\\/www.cec.org\\\/es\\\/por-una-mayor-sustentabilidad-en-el-sector-de-transporte\\\/\",\"name\":\"Por una mayor sustentabilidad en el sector de transporte\",\"isPartOf\":{\"@id\":\"https:\\\/\\\/www.cec.org\\\/es\\\/#website\"},\"primaryImageOfPage\":{\"@id\":\"https:\\\/\\\/www.cec.org\\\/es\\\/por-una-mayor-sustentabilidad-en-el-sector-de-transporte\\\/#primaryimage\"},\"image\":{\"@id\":\"https:\\\/\\\/www.cec.org\\\/es\\\/por-una-mayor-sustentabilidad-en-el-sector-de-transporte\\\/#primaryimage\"},\"thumbnailUrl\":\"https:\\\/\\\/www.cec.org\\\/wp-content\\\/uploads\\\/transportation-thumbnail.jpg\",\"datePublished\":\"2024-03-29T17:13:26+00:00\",\"dateModified\":\"2024-07-11T17:33:38+00:00\",\"description\":\"Una gran cantidad de los autom\u00f3viles, autobuses y camiones que conducimos fueron fabricados, por ejemplo, en Estados Unidos, con un motor de origen\",\"breadcrumb\":{\"@id\":\"https:\\\/\\\/www.cec.org\\\/es\\\/por-una-mayor-sustentabilidad-en-el-sector-de-transporte\\\/#breadcrumb\"},\"inLanguage\":\"es\",\"potentialAction\":[{\"@type\":\"ReadAction\",\"target\":[\"https:\\\/\\\/www.cec.org\\\/es\\\/por-una-mayor-sustentabilidad-en-el-sector-de-transporte\\\/\"]}]},{\"@type\":\"ImageObject\",\"inLanguage\":\"es\",\"@id\":\"https:\\\/\\\/www.cec.org\\\/es\\\/por-una-mayor-sustentabilidad-en-el-sector-de-transporte\\\/#primaryimage\",\"url\":\"https:\\\/\\\/www.cec.org\\\/wp-content\\\/uploads\\\/transportation-thumbnail.jpg\",\"contentUrl\":\"https:\\\/\\\/www.cec.org\\\/wp-content\\\/uploads\\\/transportation-thumbnail.jpg\",\"width\":600,\"height\":342,\"caption\":\"Man working at a car factory\"},{\"@type\":\"BreadcrumbList\",\"@id\":\"https:\\\/\\\/www.cec.org\\\/es\\\/por-una-mayor-sustentabilidad-en-el-sector-de-transporte\\\/#breadcrumb\",\"itemListElement\":[{\"@type\":\"ListItem\",\"position\":1,\"name\":\"Inicio\",\"item\":\"https:\\\/\\\/www.cec.org\\\/es\\\/\"},{\"@type\":\"ListItem\",\"position\":2,\"name\":\"Temas\",\"item\":\"https:\\\/\\\/www.cec.org\\\/es\\\/temas\\\/\"},{\"@type\":\"ListItem\",\"position\":3,\"name\":\"Vida y econom\u00edas sustentables\",\"item\":\"https:\\\/\\\/www.cec.org\\\/es\\\/topics\\\/sustainable-living-and-economies\\\/\"},{\"@type\":\"ListItem\",\"position\":4,\"name\":\"Por una mayor sustentabilidad en el sector de transporte\"}]},{\"@type\":\"WebSite\",\"@id\":\"https:\\\/\\\/www.cec.org\\\/es\\\/#website\",\"url\":\"https:\\\/\\\/www.cec.org\\\/es\\\/\",\"name\":\"Commission for Environmental Cooperation\",\"description\":\"Three countries working together to protect our shared environment\",\"alternateName\":\"CEC - CCA -CCE\",\"potentialAction\":[{\"@type\":\"SearchAction\",\"target\":{\"@type\":\"EntryPoint\",\"urlTemplate\":\"https:\\\/\\\/www.cec.org\\\/es\\\/?s={search_term_string}\"},\"query-input\":{\"@type\":\"PropertyValueSpecification\",\"valueRequired\":true,\"valueName\":\"search_term_string\"}}],\"inLanguage\":\"es\"}]}<\/script>\n<!-- \/ Yoast SEO Premium plugin. -->","yoast_head_json":{"title":"Por una mayor sustentabilidad en el sector de transporte","description":"Una gran cantidad de los autom\u00f3viles, autobuses y camiones que conducimos fueron fabricados, por ejemplo, en Estados Unidos, con un motor de origen","robots":{"index":"index","follow":"follow","max-snippet":"max-snippet:-1","max-image-preview":"max-image-preview:large","max-video-preview":"max-video-preview:-1"},"canonical":"https:\/\/www.cec.org\/es\/por-una-mayor-sustentabilidad-en-el-sector-de-transporte\/","og_locale":"es_ES","og_type":"article","og_title":"Por una mayor sustentabilidad en el sector de transporte","og_description":"Una gran cantidad de los autom\u00f3viles, autobuses y camiones que conducimos fueron fabricados, por ejemplo, en Estados Unidos, con un motor de origen","og_url":"https:\/\/www.cec.org\/es\/por-una-mayor-sustentabilidad-en-el-sector-de-transporte\/","og_site_name":"Comisi\u00f3n para la Cooperaci\u00f3n Ambiental","article_publisher":"https:\/\/www.facebook.com\/CECconnect","article_modified_time":"2024-07-11T17:33:38+00:00","og_image":[{"width":600,"height":342,"url":"https:\/\/www.cec.org\/wp-content\/uploads\/transportation-thumbnail.jpg","type":"image\/jpeg"}],"twitter_card":"summary_large_image","twitter_site":"@CECweb","schema":{"@context":"https:\/\/schema.org","@graph":[{"@type":"WebPage","@id":"https:\/\/www.cec.org\/es\/por-una-mayor-sustentabilidad-en-el-sector-de-transporte\/","url":"https:\/\/www.cec.org\/es\/por-una-mayor-sustentabilidad-en-el-sector-de-transporte\/","name":"Por una mayor sustentabilidad en el sector de transporte","isPartOf":{"@id":"https:\/\/www.cec.org\/es\/#website"},"primaryImageOfPage":{"@id":"https:\/\/www.cec.org\/es\/por-una-mayor-sustentabilidad-en-el-sector-de-transporte\/#primaryimage"},"image":{"@id":"https:\/\/www.cec.org\/es\/por-una-mayor-sustentabilidad-en-el-sector-de-transporte\/#primaryimage"},"thumbnailUrl":"https:\/\/www.cec.org\/wp-content\/uploads\/transportation-thumbnail.jpg","datePublished":"2024-03-29T17:13:26+00:00","dateModified":"2024-07-11T17:33:38+00:00","description":"Una gran cantidad de los autom\u00f3viles, autobuses y camiones que conducimos fueron fabricados, por ejemplo, en Estados Unidos, con un motor de origen","breadcrumb":{"@id":"https:\/\/www.cec.org\/es\/por-una-mayor-sustentabilidad-en-el-sector-de-transporte\/#breadcrumb"},"inLanguage":"es","potentialAction":[{"@type":"ReadAction","target":["https:\/\/www.cec.org\/es\/por-una-mayor-sustentabilidad-en-el-sector-de-transporte\/"]}]},{"@type":"ImageObject","inLanguage":"es","@id":"https:\/\/www.cec.org\/es\/por-una-mayor-sustentabilidad-en-el-sector-de-transporte\/#primaryimage","url":"https:\/\/www.cec.org\/wp-content\/uploads\/transportation-thumbnail.jpg","contentUrl":"https:\/\/www.cec.org\/wp-content\/uploads\/transportation-thumbnail.jpg","width":600,"height":342,"caption":"Man working at a car factory"},{"@type":"BreadcrumbList","@id":"https:\/\/www.cec.org\/es\/por-una-mayor-sustentabilidad-en-el-sector-de-transporte\/#breadcrumb","itemListElement":[{"@type":"ListItem","position":1,"name":"Inicio","item":"https:\/\/www.cec.org\/es\/"},{"@type":"ListItem","position":2,"name":"Temas","item":"https:\/\/www.cec.org\/es\/temas\/"},{"@type":"ListItem","position":3,"name":"Vida y econom\u00edas sustentables","item":"https:\/\/www.cec.org\/es\/topics\/sustainable-living-and-economies\/"},{"@type":"ListItem","position":4,"name":"Por una mayor sustentabilidad en el sector de transporte"}]},{"@type":"WebSite","@id":"https:\/\/www.cec.org\/es\/#website","url":"https:\/\/www.cec.org\/es\/","name":"Commission for Environmental Cooperation","description":"Three countries working together to protect our shared environment","alternateName":"CEC - CCA -CCE","potentialAction":[{"@type":"SearchAction","target":{"@type":"EntryPoint","urlTemplate":"https:\/\/www.cec.org\/es\/?s={search_term_string}"},"query-input":{"@type":"PropertyValueSpecification","valueRequired":true,"valueName":"search_term_string"}}],"inLanguage":"es"}]}},"_links":{"self":[{"href":"https:\/\/www.cec.org\/es\/wp-json\/wp\/v2\/pages\/54715","targetHints":{"allow":["GET"]}}],"collection":[{"href":"https:\/\/www.cec.org\/es\/wp-json\/wp\/v2\/pages"}],"about":[{"href":"https:\/\/www.cec.org\/es\/wp-json\/wp\/v2\/types\/page"}],"author":[{"embeddable":true,"href":"https:\/\/www.cec.org\/es\/wp-json\/wp\/v2\/users\/1"}],"replies":[{"embeddable":true,"href":"https:\/\/www.cec.org\/es\/wp-json\/wp\/v2\/comments?post=54715"}],"version-history":[{"count":1,"href":"https:\/\/www.cec.org\/es\/wp-json\/wp\/v2\/pages\/54715\/revisions"}],"predecessor-version":[{"id":55987,"href":"https:\/\/www.cec.org\/es\/wp-json\/wp\/v2\/pages\/54715\/revisions\/55987"}],"wp:featuredmedia":[{"embeddable":true,"href":"https:\/\/www.cec.org\/es\/wp-json\/wp\/v2\/media\/42118"}],"wp:attachment":[{"href":"https:\/\/www.cec.org\/es\/wp-json\/wp\/v2\/media?parent=54715"}],"curies":[{"name":"wp","href":"https:\/\/api.w.org\/{rel}","templated":true}]}}