{"id":54709,"date":"2024-03-29T13:06:49","date_gmt":"2024-03-29T17:06:49","guid":{"rendered":"http:\/\/www.cec.org\/comercio-sustentable-de-especies-de-vida-silvestre\/"},"modified":"2024-07-11T13:33:27","modified_gmt":"2024-07-11T17:33:27","slug":"comercio-sustentable-de-especies-de-vida-silvestre","status":"publish","type":"page","link":"https:\/\/www.cec.org\/es\/temas\/aplicacion-de-la-legislacion\/comercio-sustentable-de-especies-de-vida-silvestre\/","title":{"rendered":"Comercio sustentable de especies de vida silvestre"},"content":{"rendered":"<p>El comercio de especies de flora y fauna en Am\u00e9rica del Norte es un negocio de millones de d\u00f3lares; sin embargo, la captura il\u00edcita amenaza no s\u00f3lo la supervivencia de algunas especies silvestres, sino tambi\u00e9n los medios de vida de las comunidades que dependen de las mismas. Con nuestro trabajo, contribuimos a fomentar el comercio l\u00edcito y sustentable, al tiempo que se apoya el cumplimiento de compromisos adquiridos en t\u00e9rminos de la Convenci\u00f3n sobre el Comercio Internacional de Especies Amenazadas de Fauna y Flora Silvestres (CITES).<\/p>\n","protected":false},"excerpt":{"rendered":"<p>El comercio de especies de flora y fauna en Am\u00e9rica del Norte es un negocio de millones de d\u00f3lares; sin embargo, la captura il\u00edcita amenaza no s\u00f3lo la supervivencia de algunas especies silvestres, sino tambi\u00e9n los medios de vida de las comunidades que dependen de las mismas. Con nuestro trabajo, contribuimos a fomentar el comercio [&hellip;]<\/p>\n","protected":false},"author":1,"featured_media":36370,"parent":55209,"menu_order":0,"comment_status":"closed","ping_status":"closed","template":"page-2024subtopics.php","meta":{"_acf_changed":false,"footnotes":""},"class_list":["post-54709","page","type-page","status-publish","has-post-thumbnail","hentry"],"acf":[],"yoast_head":"<!-- This site is optimized with the Yoast SEO Premium plugin v27.4 (Yoast SEO v27.4) - https:\/\/yoast.com\/product\/yoast-seo-premium-wordpress\/ -->\n<title>Comercio sustentable de especies de vida silvestre<\/title>\n<meta name=\"description\" content=\"El comercio de especies de flora y fauna en Am\u00e9rica del Norte es un negocio de millones de d\u00f3lares; sin embargo, la captura il\u00edcita amenaza no s\u00f3lo la\" \/>\n<meta name=\"robots\" content=\"index, follow, max-snippet:-1, max-image-preview:large, max-video-preview:-1\" \/>\n<link rel=\"canonical\" href=\"https:\/\/www.cec.org\/es\/temas\/aplicacion-de-la-legislacion\/comercio-sustentable-de-especies-de-vida-silvestre\/\" \/>\n<meta property=\"og:locale\" content=\"es_ES\" \/>\n<meta property=\"og:type\" content=\"article\" \/>\n<meta property=\"og:title\" content=\"Comercio sustentable de especies de vida silvestre\" \/>\n<meta property=\"og:description\" content=\"El comercio de especies de flora y fauna en Am\u00e9rica del Norte es un negocio de millones de d\u00f3lares; sin embargo, la captura il\u00edcita amenaza no s\u00f3lo la\" \/>\n<meta property=\"og:url\" content=\"https:\/\/www.cec.org\/es\/temas\/aplicacion-de-la-legislacion\/comercio-sustentable-de-especies-de-vida-silvestre\/\" \/>\n<meta property=\"og:site_name\" content=\"Comisi\u00f3n para la Cooperaci\u00f3n Ambiental\" \/>\n<meta property=\"article:publisher\" content=\"https:\/\/www.facebook.com\/CECconnect\" \/>\n<meta property=\"article:modified_time\" content=\"2024-07-11T17:33:27+00:00\" \/>\n<meta property=\"og:image\" content=\"https:\/\/www.cec.org\/wp-content\/uploads\/cites3-thumbnail.jpg\" \/>\n\t<meta property=\"og:image:width\" content=\"600\" \/>\n\t<meta property=\"og:image:height\" content=\"342\" \/>\n\t<meta property=\"og:image:type\" content=\"image\/jpeg\" \/>\n<meta name=\"twitter:card\" content=\"summary_large_image\" \/>\n<meta name=\"twitter:site\" content=\"@CECweb\" \/>\n<script type=\"application\/ld+json\" class=\"yoast-schema-graph\">{\"@context\":\"https:\\\/\\\/schema.org\",\"@graph\":[{\"@type\":\"WebPage\",\"@id\":\"https:\\\/\\\/www.cec.org\\\/es\\\/temas\\\/aplicacion-de-la-legislacion\\\/comercio-sustentable-de-especies-de-vida-silvestre\\\/\",\"url\":\"https:\\\/\\\/www.cec.org\\\/es\\\/temas\\\/aplicacion-de-la-legislacion\\\/comercio-sustentable-de-especies-de-vida-silvestre\\\/\",\"name\":\"Comercio sustentable de especies de vida silvestre\",\"isPartOf\":{\"@id\":\"https:\\\/\\\/www.cec.org\\\/es\\\/#website\"},\"primaryImageOfPage\":{\"@id\":\"https:\\\/\\\/www.cec.org\\\/es\\\/temas\\\/aplicacion-de-la-legislacion\\\/comercio-sustentable-de-especies-de-vida-silvestre\\\/#primaryimage\"},\"image\":{\"@id\":\"https:\\\/\\\/www.cec.org\\\/es\\\/temas\\\/aplicacion-de-la-legislacion\\\/comercio-sustentable-de-especies-de-vida-silvestre\\\/#primaryimage\"},\"thumbnailUrl\":\"https:\\\/\\\/www.cec.org\\\/wp-content\\\/uploads\\\/cites3-thumbnail.jpg\",\"datePublished\":\"2024-03-29T17:06:49+00:00\",\"dateModified\":\"2024-07-11T17:33:27+00:00\",\"description\":\"El comercio de especies de flora y fauna en Am\u00e9rica del Norte es un negocio de millones de d\u00f3lares; sin embargo, la captura il\u00edcita amenaza no s\u00f3lo la\",\"breadcrumb\":{\"@id\":\"https:\\\/\\\/www.cec.org\\\/es\\\/temas\\\/aplicacion-de-la-legislacion\\\/comercio-sustentable-de-especies-de-vida-silvestre\\\/#breadcrumb\"},\"inLanguage\":\"es\",\"potentialAction\":[{\"@type\":\"ReadAction\",\"target\":[\"https:\\\/\\\/www.cec.org\\\/es\\\/temas\\\/aplicacion-de-la-legislacion\\\/comercio-sustentable-de-especies-de-vida-silvestre\\\/\"]}]},{\"@type\":\"ImageObject\",\"inLanguage\":\"es\",\"@id\":\"https:\\\/\\\/www.cec.org\\\/es\\\/temas\\\/aplicacion-de-la-legislacion\\\/comercio-sustentable-de-especies-de-vida-silvestre\\\/#primaryimage\",\"url\":\"https:\\\/\\\/www.cec.org\\\/wp-content\\\/uploads\\\/cites3-thumbnail.jpg\",\"contentUrl\":\"https:\\\/\\\/www.cec.org\\\/wp-content\\\/uploads\\\/cites3-thumbnail.jpg\",\"width\":600,\"height\":342,\"caption\":\"Sustainable Trade of CITES Species\"},{\"@type\":\"BreadcrumbList\",\"@id\":\"https:\\\/\\\/www.cec.org\\\/es\\\/temas\\\/aplicacion-de-la-legislacion\\\/comercio-sustentable-de-especies-de-vida-silvestre\\\/#breadcrumb\",\"itemListElement\":[{\"@type\":\"ListItem\",\"position\":1,\"name\":\"Inicio\",\"item\":\"https:\\\/\\\/www.cec.org\\\/es\\\/\"},{\"@type\":\"ListItem\",\"position\":2,\"name\":\"Temas\",\"item\":\"https:\\\/\\\/www.cec.org\\\/es\\\/temas\\\/\"},{\"@type\":\"ListItem\",\"position\":3,\"name\":\"Aplicaci\u00f3n de la legislaci\u00f3n ambiental\",\"item\":\"https:\\\/\\\/www.cec.org\\\/es\\\/topics\\\/enforcement\\\/\"},{\"@type\":\"ListItem\",\"position\":4,\"name\":\"Comercio sustentable de especies de vida silvestre\"}]},{\"@type\":\"WebSite\",\"@id\":\"https:\\\/\\\/www.cec.org\\\/es\\\/#website\",\"url\":\"https:\\\/\\\/www.cec.org\\\/es\\\/\",\"name\":\"Commission for Environmental Cooperation\",\"description\":\"Three countries working together to protect our shared environment\",\"alternateName\":\"CEC - CCA -CCE\",\"potentialAction\":[{\"@type\":\"SearchAction\",\"target\":{\"@type\":\"EntryPoint\",\"urlTemplate\":\"https:\\\/\\\/www.cec.org\\\/es\\\/?s={search_term_string}\"},\"query-input\":{\"@type\":\"PropertyValueSpecification\",\"valueRequired\":true,\"valueName\":\"search_term_string\"}}],\"inLanguage\":\"es\"}]}<\/script>\n<!-- \/ Yoast SEO Premium plugin. -->","yoast_head_json":{"title":"Comercio sustentable de especies de vida silvestre","description":"El comercio de especies de flora y fauna en Am\u00e9rica del Norte es un negocio de millones de d\u00f3lares; sin embargo, la captura il\u00edcita amenaza no s\u00f3lo la","robots":{"index":"index","follow":"follow","max-snippet":"max-snippet:-1","max-image-preview":"max-image-preview:large","max-video-preview":"max-video-preview:-1"},"canonical":"https:\/\/www.cec.org\/es\/temas\/aplicacion-de-la-legislacion\/comercio-sustentable-de-especies-de-vida-silvestre\/","og_locale":"es_ES","og_type":"article","og_title":"Comercio sustentable de especies de vida silvestre","og_description":"El comercio de especies de flora y fauna en Am\u00e9rica del Norte es un negocio de millones de d\u00f3lares; sin embargo, la captura il\u00edcita amenaza no s\u00f3lo la","og_url":"https:\/\/www.cec.org\/es\/temas\/aplicacion-de-la-legislacion\/comercio-sustentable-de-especies-de-vida-silvestre\/","og_site_name":"Comisi\u00f3n para la Cooperaci\u00f3n Ambiental","article_publisher":"https:\/\/www.facebook.com\/CECconnect","article_modified_time":"2024-07-11T17:33:27+00:00","og_image":[{"width":600,"height":342,"url":"https:\/\/www.cec.org\/wp-content\/uploads\/cites3-thumbnail.jpg","type":"image\/jpeg"}],"twitter_card":"summary_large_image","twitter_site":"@CECweb","schema":{"@context":"https:\/\/schema.org","@graph":[{"@type":"WebPage","@id":"https:\/\/www.cec.org\/es\/temas\/aplicacion-de-la-legislacion\/comercio-sustentable-de-especies-de-vida-silvestre\/","url":"https:\/\/www.cec.org\/es\/temas\/aplicacion-de-la-legislacion\/comercio-sustentable-de-especies-de-vida-silvestre\/","name":"Comercio sustentable de especies de vida silvestre","isPartOf":{"@id":"https:\/\/www.cec.org\/es\/#website"},"primaryImageOfPage":{"@id":"https:\/\/www.cec.org\/es\/temas\/aplicacion-de-la-legislacion\/comercio-sustentable-de-especies-de-vida-silvestre\/#primaryimage"},"image":{"@id":"https:\/\/www.cec.org\/es\/temas\/aplicacion-de-la-legislacion\/comercio-sustentable-de-especies-de-vida-silvestre\/#primaryimage"},"thumbnailUrl":"https:\/\/www.cec.org\/wp-content\/uploads\/cites3-thumbnail.jpg","datePublished":"2024-03-29T17:06:49+00:00","dateModified":"2024-07-11T17:33:27+00:00","description":"El comercio de especies de flora y fauna en Am\u00e9rica del Norte es un negocio de millones de d\u00f3lares; sin embargo, la captura il\u00edcita amenaza no s\u00f3lo la","breadcrumb":{"@id":"https:\/\/www.cec.org\/es\/temas\/aplicacion-de-la-legislacion\/comercio-sustentable-de-especies-de-vida-silvestre\/#breadcrumb"},"inLanguage":"es","potentialAction":[{"@type":"ReadAction","target":["https:\/\/www.cec.org\/es\/temas\/aplicacion-de-la-legislacion\/comercio-sustentable-de-especies-de-vida-silvestre\/"]}]},{"@type":"ImageObject","inLanguage":"es","@id":"https:\/\/www.cec.org\/es\/temas\/aplicacion-de-la-legislacion\/comercio-sustentable-de-especies-de-vida-silvestre\/#primaryimage","url":"https:\/\/www.cec.org\/wp-content\/uploads\/cites3-thumbnail.jpg","contentUrl":"https:\/\/www.cec.org\/wp-content\/uploads\/cites3-thumbnail.jpg","width":600,"height":342,"caption":"Sustainable Trade of CITES Species"},{"@type":"BreadcrumbList","@id":"https:\/\/www.cec.org\/es\/temas\/aplicacion-de-la-legislacion\/comercio-sustentable-de-especies-de-vida-silvestre\/#breadcrumb","itemListElement":[{"@type":"ListItem","position":1,"name":"Inicio","item":"https:\/\/www.cec.org\/es\/"},{"@type":"ListItem","position":2,"name":"Temas","item":"https:\/\/www.cec.org\/es\/temas\/"},{"@type":"ListItem","position":3,"name":"Aplicaci\u00f3n de la legislaci\u00f3n ambiental","item":"https:\/\/www.cec.org\/es\/topics\/enforcement\/"},{"@type":"ListItem","position":4,"name":"Comercio sustentable de especies de vida silvestre"}]},{"@type":"WebSite","@id":"https:\/\/www.cec.org\/es\/#website","url":"https:\/\/www.cec.org\/es\/","name":"Commission for Environmental Cooperation","description":"Three countries working together to protect our shared environment","alternateName":"CEC - CCA -CCE","potentialAction":[{"@type":"SearchAction","target":{"@type":"EntryPoint","urlTemplate":"https:\/\/www.cec.org\/es\/?s={search_term_string}"},"query-input":{"@type":"PropertyValueSpecification","valueRequired":true,"valueName":"search_term_string"}}],"inLanguage":"es"}]}},"_links":{"self":[{"href":"https:\/\/www.cec.org\/es\/wp-json\/wp\/v2\/pages\/54709","targetHints":{"allow":["GET"]}}],"collection":[{"href":"https:\/\/www.cec.org\/es\/wp-json\/wp\/v2\/pages"}],"about":[{"href":"https:\/\/www.cec.org\/es\/wp-json\/wp\/v2\/types\/page"}],"author":[{"embeddable":true,"href":"https:\/\/www.cec.org\/es\/wp-json\/wp\/v2\/users\/1"}],"replies":[{"embeddable":true,"href":"https:\/\/www.cec.org\/es\/wp-json\/wp\/v2\/comments?post=54709"}],"version-history":[{"count":1,"href":"https:\/\/www.cec.org\/es\/wp-json\/wp\/v2\/pages\/54709\/revisions"}],"predecessor-version":[{"id":55979,"href":"https:\/\/www.cec.org\/es\/wp-json\/wp\/v2\/pages\/54709\/revisions\/55979"}],"up":[{"embeddable":true,"href":"https:\/\/www.cec.org\/es\/wp-json\/wp\/v2\/pages\/55209"}],"wp:featuredmedia":[{"embeddable":true,"href":"https:\/\/www.cec.org\/es\/wp-json\/wp\/v2\/media\/36370"}],"wp:attachment":[{"href":"https:\/\/www.cec.org\/es\/wp-json\/wp\/v2\/media?parent=54709"}],"curies":[{"name":"wp","href":"https:\/\/api.w.org\/{rel}","templated":true}]}}