{"id":54695,"date":"2024-03-29T12:37:59","date_gmt":"2024-03-29T16:37:59","guid":{"rendered":"http:\/\/www.cec.org\/conservacion-de-los-pastizales\/"},"modified":"2024-07-11T13:33:46","modified_gmt":"2024-07-11T17:33:46","slug":"conservacion-de-los-pastizales","status":"publish","type":"page","link":"https:\/\/www.cec.org\/es\/temas\/ecosistemas\/conservacion-de-los-pastizales\/","title":{"rendered":"Conservaci\u00f3n de los pastizales"},"content":{"rendered":"<p>Factores de perturbaci\u00f3n como la expansi\u00f3n de superficies agr\u00edcolas y residenciales han repercutido negativamente en los pastizales de la regi\u00f3n central de Am\u00e9rica del Norte, con efectos en la seguridad h\u00eddrica y alimentaria, aunados a la p\u00e9rdida de biodiversidad. A partir de 2011, congregamos a conservacionistas y ganaderos de los tres pa\u00edses con el prop\u00f3sito de impulsar pr\u00e1cticas de manejo adecuado en tierras de pastoreo. Desde entonces, m\u00e1s de 146 mil hect\u00e1reas de pastizales se han sometido a pr\u00e1cticas de manejo sustentable en el marco de iniciativas que hemos financiado.<\/p>\n","protected":false},"excerpt":{"rendered":"<p>Factores de perturbaci\u00f3n como la expansi\u00f3n de superficies agr\u00edcolas y residenciales han repercutido negativamente en los pastizales de la regi\u00f3n central de Am\u00e9rica del Norte, con efectos en la seguridad h\u00eddrica y alimentaria, aunados a la p\u00e9rdida de biodiversidad. A partir de 2011, congregamos a conservacionistas y ganaderos de los tres pa\u00edses con el prop\u00f3sito [&hellip;]<\/p>\n","protected":false},"author":1,"featured_media":46099,"parent":55193,"menu_order":0,"comment_status":"closed","ping_status":"closed","template":"page-2024subtopics.php","meta":{"_acf_changed":false,"footnotes":""},"class_list":["post-54695","page","type-page","status-publish","has-post-thumbnail","hentry"],"acf":[],"yoast_head":"<!-- This site is optimized with the Yoast SEO Premium plugin v27.0 (Yoast SEO v27.0) - https:\/\/yoast.com\/product\/yoast-seo-premium-wordpress\/ -->\n<title>Conservaci\u00f3n de los pastizales<\/title>\n<meta name=\"description\" content=\"Factores de perturbaci\u00f3n como la expansi\u00f3n de superficies agr\u00edcolas y residenciales han repercutido negativamente en los pastizales de la regi\u00f3n central\" \/>\n<meta name=\"robots\" content=\"index, follow, max-snippet:-1, max-image-preview:large, max-video-preview:-1\" \/>\n<link rel=\"canonical\" href=\"https:\/\/www.cec.org\/es\/temas\/ecosistemas\/conservacion-de-los-pastizales\/\" \/>\n<meta property=\"og:locale\" content=\"es_ES\" \/>\n<meta property=\"og:type\" content=\"article\" \/>\n<meta property=\"og:title\" content=\"Conservaci\u00f3n de los pastizales\" \/>\n<meta property=\"og:description\" content=\"Factores de perturbaci\u00f3n como la expansi\u00f3n de superficies agr\u00edcolas y residenciales han repercutido negativamente en los pastizales de la regi\u00f3n central\" \/>\n<meta property=\"og:url\" content=\"https:\/\/www.cec.org\/es\/temas\/ecosistemas\/conservacion-de-los-pastizales\/\" \/>\n<meta property=\"og:site_name\" content=\"Comisi\u00f3n para la Cooperaci\u00f3n Ambiental\" \/>\n<meta property=\"article:publisher\" content=\"https:\/\/www.facebook.com\/CECconnect\" \/>\n<meta property=\"article:modified_time\" content=\"2024-07-11T17:33:46+00:00\" \/>\n<meta property=\"og:image\" content=\"https:\/\/www.cec.org\/wp-content\/uploads\/grasslands-thumbnail.jpg\" \/>\n\t<meta property=\"og:image:width\" content=\"600\" \/>\n\t<meta property=\"og:image:height\" content=\"342\" \/>\n\t<meta property=\"og:image:type\" content=\"image\/jpeg\" \/>\n<meta name=\"twitter:card\" content=\"summary_large_image\" \/>\n<meta name=\"twitter:site\" content=\"@CECweb\" \/>\n<script type=\"application\/ld+json\" class=\"yoast-schema-graph\">{\"@context\":\"https:\/\/schema.org\",\"@graph\":[{\"@type\":\"WebPage\",\"@id\":\"https:\/\/www.cec.org\/es\/temas\/ecosistemas\/conservacion-de-los-pastizales\/\",\"url\":\"https:\/\/www.cec.org\/es\/temas\/ecosistemas\/conservacion-de-los-pastizales\/\",\"name\":\"Conservaci\u00f3n de los pastizales\",\"isPartOf\":{\"@id\":\"https:\/\/www.cec.org\/es\/#website\"},\"primaryImageOfPage\":{\"@id\":\"https:\/\/www.cec.org\/es\/temas\/ecosistemas\/conservacion-de-los-pastizales\/#primaryimage\"},\"image\":{\"@id\":\"https:\/\/www.cec.org\/es\/temas\/ecosistemas\/conservacion-de-los-pastizales\/#primaryimage\"},\"thumbnailUrl\":\"https:\/\/www.cec.org\/wp-content\/uploads\/grasslands-thumbnail.jpg\",\"datePublished\":\"2024-03-29T16:37:59+00:00\",\"dateModified\":\"2024-07-11T17:33:46+00:00\",\"description\":\"Factores de perturbaci\u00f3n como la expansi\u00f3n de superficies agr\u00edcolas y residenciales han repercutido negativamente en los pastizales de la regi\u00f3n central\",\"breadcrumb\":{\"@id\":\"https:\/\/www.cec.org\/es\/temas\/ecosistemas\/conservacion-de-los-pastizales\/#breadcrumb\"},\"inLanguage\":\"es\",\"potentialAction\":[{\"@type\":\"ReadAction\",\"target\":[\"https:\/\/www.cec.org\/es\/temas\/ecosistemas\/conservacion-de-los-pastizales\/\"]}]},{\"@type\":\"ImageObject\",\"inLanguage\":\"es\",\"@id\":\"https:\/\/www.cec.org\/es\/temas\/ecosistemas\/conservacion-de-los-pastizales\/#primaryimage\",\"url\":\"https:\/\/www.cec.org\/wp-content\/uploads\/grasslands-thumbnail.jpg\",\"contentUrl\":\"https:\/\/www.cec.org\/wp-content\/uploads\/grasslands-thumbnail.jpg\",\"width\":600,\"height\":342,\"caption\":\"Cows grazing on a prairie\"},{\"@type\":\"BreadcrumbList\",\"@id\":\"https:\/\/www.cec.org\/es\/temas\/ecosistemas\/conservacion-de-los-pastizales\/#breadcrumb\",\"itemListElement\":[{\"@type\":\"ListItem\",\"position\":1,\"name\":\"Inicio\",\"item\":\"https:\/\/www.cec.org\/es\/\"},{\"@type\":\"ListItem\",\"position\":2,\"name\":\"Temas\",\"item\":\"https:\/\/www.cec.org\/es\/temas\/\"},{\"@type\":\"ListItem\",\"position\":3,\"name\":\"Ecosistemas\",\"item\":\"https:\/\/www.cec.org\/es\/temas\/ecosistemas\/\"},{\"@type\":\"ListItem\",\"position\":4,\"name\":\"Conservaci\u00f3n de los pastizales\"}]},{\"@type\":\"WebSite\",\"@id\":\"https:\/\/www.cec.org\/es\/#website\",\"url\":\"https:\/\/www.cec.org\/es\/\",\"name\":\"Commission for Environmental Cooperation\",\"description\":\"Three countries working together to protect our shared environment\",\"alternateName\":\"CEC - CCA -CCE\",\"potentialAction\":[{\"@type\":\"SearchAction\",\"target\":{\"@type\":\"EntryPoint\",\"urlTemplate\":\"https:\/\/www.cec.org\/es\/?s={search_term_string}\"},\"query-input\":{\"@type\":\"PropertyValueSpecification\",\"valueRequired\":true,\"valueName\":\"search_term_string\"}}],\"inLanguage\":\"es\"}]}<\/script>\n<!-- \/ Yoast SEO Premium plugin. -->","yoast_head_json":{"title":"Conservaci\u00f3n de los pastizales","description":"Factores de perturbaci\u00f3n como la expansi\u00f3n de superficies agr\u00edcolas y residenciales han repercutido negativamente en los pastizales de la regi\u00f3n central","robots":{"index":"index","follow":"follow","max-snippet":"max-snippet:-1","max-image-preview":"max-image-preview:large","max-video-preview":"max-video-preview:-1"},"canonical":"https:\/\/www.cec.org\/es\/temas\/ecosistemas\/conservacion-de-los-pastizales\/","og_locale":"es_ES","og_type":"article","og_title":"Conservaci\u00f3n de los pastizales","og_description":"Factores de perturbaci\u00f3n como la expansi\u00f3n de superficies agr\u00edcolas y residenciales han repercutido negativamente en los pastizales de la regi\u00f3n central","og_url":"https:\/\/www.cec.org\/es\/temas\/ecosistemas\/conservacion-de-los-pastizales\/","og_site_name":"Comisi\u00f3n para la Cooperaci\u00f3n Ambiental","article_publisher":"https:\/\/www.facebook.com\/CECconnect","article_modified_time":"2024-07-11T17:33:46+00:00","og_image":[{"width":600,"height":342,"url":"https:\/\/www.cec.org\/wp-content\/uploads\/grasslands-thumbnail.jpg","type":"image\/jpeg"}],"twitter_card":"summary_large_image","twitter_site":"@CECweb","schema":{"@context":"https:\/\/schema.org","@graph":[{"@type":"WebPage","@id":"https:\/\/www.cec.org\/es\/temas\/ecosistemas\/conservacion-de-los-pastizales\/","url":"https:\/\/www.cec.org\/es\/temas\/ecosistemas\/conservacion-de-los-pastizales\/","name":"Conservaci\u00f3n de los pastizales","isPartOf":{"@id":"https:\/\/www.cec.org\/es\/#website"},"primaryImageOfPage":{"@id":"https:\/\/www.cec.org\/es\/temas\/ecosistemas\/conservacion-de-los-pastizales\/#primaryimage"},"image":{"@id":"https:\/\/www.cec.org\/es\/temas\/ecosistemas\/conservacion-de-los-pastizales\/#primaryimage"},"thumbnailUrl":"https:\/\/www.cec.org\/wp-content\/uploads\/grasslands-thumbnail.jpg","datePublished":"2024-03-29T16:37:59+00:00","dateModified":"2024-07-11T17:33:46+00:00","description":"Factores de perturbaci\u00f3n como la expansi\u00f3n de superficies agr\u00edcolas y residenciales han repercutido negativamente en los pastizales de la regi\u00f3n central","breadcrumb":{"@id":"https:\/\/www.cec.org\/es\/temas\/ecosistemas\/conservacion-de-los-pastizales\/#breadcrumb"},"inLanguage":"es","potentialAction":[{"@type":"ReadAction","target":["https:\/\/www.cec.org\/es\/temas\/ecosistemas\/conservacion-de-los-pastizales\/"]}]},{"@type":"ImageObject","inLanguage":"es","@id":"https:\/\/www.cec.org\/es\/temas\/ecosistemas\/conservacion-de-los-pastizales\/#primaryimage","url":"https:\/\/www.cec.org\/wp-content\/uploads\/grasslands-thumbnail.jpg","contentUrl":"https:\/\/www.cec.org\/wp-content\/uploads\/grasslands-thumbnail.jpg","width":600,"height":342,"caption":"Cows grazing on a prairie"},{"@type":"BreadcrumbList","@id":"https:\/\/www.cec.org\/es\/temas\/ecosistemas\/conservacion-de-los-pastizales\/#breadcrumb","itemListElement":[{"@type":"ListItem","position":1,"name":"Inicio","item":"https:\/\/www.cec.org\/es\/"},{"@type":"ListItem","position":2,"name":"Temas","item":"https:\/\/www.cec.org\/es\/temas\/"},{"@type":"ListItem","position":3,"name":"Ecosistemas","item":"https:\/\/www.cec.org\/es\/temas\/ecosistemas\/"},{"@type":"ListItem","position":4,"name":"Conservaci\u00f3n de los pastizales"}]},{"@type":"WebSite","@id":"https:\/\/www.cec.org\/es\/#website","url":"https:\/\/www.cec.org\/es\/","name":"Commission for Environmental Cooperation","description":"Three countries working together to protect our shared environment","alternateName":"CEC - CCA -CCE","potentialAction":[{"@type":"SearchAction","target":{"@type":"EntryPoint","urlTemplate":"https:\/\/www.cec.org\/es\/?s={search_term_string}"},"query-input":{"@type":"PropertyValueSpecification","valueRequired":true,"valueName":"search_term_string"}}],"inLanguage":"es"}]}},"_links":{"self":[{"href":"https:\/\/www.cec.org\/es\/wp-json\/wp\/v2\/pages\/54695","targetHints":{"allow":["GET"]}}],"collection":[{"href":"https:\/\/www.cec.org\/es\/wp-json\/wp\/v2\/pages"}],"about":[{"href":"https:\/\/www.cec.org\/es\/wp-json\/wp\/v2\/types\/page"}],"author":[{"embeddable":true,"href":"https:\/\/www.cec.org\/es\/wp-json\/wp\/v2\/users\/1"}],"replies":[{"embeddable":true,"href":"https:\/\/www.cec.org\/es\/wp-json\/wp\/v2\/comments?post=54695"}],"version-history":[{"count":1,"href":"https:\/\/www.cec.org\/es\/wp-json\/wp\/v2\/pages\/54695\/revisions"}],"predecessor-version":[{"id":55992,"href":"https:\/\/www.cec.org\/es\/wp-json\/wp\/v2\/pages\/54695\/revisions\/55992"}],"up":[{"embeddable":true,"href":"https:\/\/www.cec.org\/es\/wp-json\/wp\/v2\/pages\/55193"}],"wp:featuredmedia":[{"embeddable":true,"href":"https:\/\/www.cec.org\/es\/wp-json\/wp\/v2\/media\/46099"}],"wp:attachment":[{"href":"https:\/\/www.cec.org\/es\/wp-json\/wp\/v2\/media?parent=54695"}],"curies":[{"name":"wp","href":"https:\/\/api.w.org\/{rel}","templated":true}]}}