{"id":54677,"date":"2024-03-27T14:15:04","date_gmt":"2024-03-27T18:15:04","guid":{"rendered":"http:\/\/www.cec.org\/conocimiento-ecologico-tradicional\/"},"modified":"2026-04-11T17:46:50","modified_gmt":"2026-04-11T21:46:50","slug":"conocimiento-ecologico-tradicional","status":"publish","type":"page","link":"https:\/\/www.cec.org\/es\/temas\/ecosistemas\/conocimiento-ecologico-tradicional\/","title":{"rendered":"Conocimiento ecol\u00f3gico tradicional"},"content":{"rendered":"<p>Los depositarios del conocimiento ecol\u00f3gico tradicional (CET) tienen una perspectiva \u00fanica que, mediante el contacto directo con el entorno, ha evolucionado a lo largo de m\u00faltiples generaciones. Forjamos alianzas y asociaciones con comunidades ind\u00edgenas y grupos locales de todos los rincones de Am\u00e9rica del Norte con el objetivo de recopilar informaci\u00f3n invaluable sobre nuestro medio ambiente en proceso de cambio y orientar estrategias de adaptaci\u00f3n frente al cambio clim\u00e1tico, con pleno respeto de la \u00edndole singular de estos sistemas de conocimiento.<\/p>\n","protected":false},"excerpt":{"rendered":"<p>Los depositarios del conocimiento ecol\u00f3gico tradicional (CET) tienen una perspectiva \u00fanica que, mediante el contacto directo con el entorno, ha evolucionado a lo largo de m\u00faltiples generaciones. Forjamos alianzas y asociaciones con comunidades ind\u00edgenas y grupos locales de todos los rincones de Am\u00e9rica del Norte con el objetivo de recopilar informaci\u00f3n invaluable sobre nuestro medio [&hellip;]<\/p>\n","protected":false},"author":1,"featured_media":36064,"parent":55193,"menu_order":0,"comment_status":"closed","ping_status":"closed","template":"page-2024subtopics.php","meta":{"_acf_changed":false,"footnotes":""},"class_list":["post-54677","page","type-page","status-publish","has-post-thumbnail","hentry"],"acf":[],"yoast_head":"<!-- This site is optimized with the Yoast SEO Premium plugin v27.4 (Yoast SEO v27.4) - https:\/\/yoast.com\/product\/yoast-seo-premium-wordpress\/ -->\n<title>Conocimiento ecol\u00f3gico tradicional<\/title>\n<meta name=\"description\" content=\"Los depositarios del conocimiento ecol\u00f3gico tradicional (CET) tienen una perspectiva \u00fanica que, mediante el contacto directo con el entorno...\" \/>\n<meta name=\"robots\" content=\"index, follow, max-snippet:-1, max-image-preview:large, max-video-preview:-1\" \/>\n<link rel=\"canonical\" href=\"https:\/\/www.cec.org\/es\/temas\/ecosistemas\/conocimiento-ecologico-tradicional\/\" \/>\n<meta property=\"og:locale\" content=\"es_ES\" \/>\n<meta property=\"og:type\" content=\"article\" \/>\n<meta property=\"og:title\" content=\"Conocimiento ecol\u00f3gico tradicional\" \/>\n<meta property=\"og:description\" content=\"Los depositarios del conocimiento ecol\u00f3gico tradicional (CET) tienen una perspectiva \u00fanica que, mediante el contacto directo con el entorno, ha\" \/>\n<meta property=\"og:url\" content=\"https:\/\/www.cec.org\/es\/temas\/ecosistemas\/conocimiento-ecologico-tradicional\/\" \/>\n<meta property=\"og:site_name\" content=\"Comisi\u00f3n para la Cooperaci\u00f3n Ambiental\" \/>\n<meta property=\"article:publisher\" content=\"https:\/\/www.facebook.com\/CECconnect\" \/>\n<meta property=\"article:modified_time\" content=\"2026-04-11T21:46:50+00:00\" \/>\n<meta property=\"og:image\" content=\"https:\/\/www.cec.org\/wp-content\/uploads\/Traditional-Ecological-Knowledge-thumbnail.jpg\" \/>\n\t<meta property=\"og:image:width\" content=\"600\" \/>\n\t<meta property=\"og:image:height\" content=\"342\" \/>\n\t<meta property=\"og:image:type\" content=\"image\/jpeg\" \/>\n<meta name=\"twitter:card\" content=\"summary_large_image\" \/>\n<meta name=\"twitter:site\" content=\"@CECweb\" \/>\n<script type=\"application\/ld+json\" class=\"yoast-schema-graph\">{\"@context\":\"https:\\\/\\\/schema.org\",\"@graph\":[{\"@type\":\"WebPage\",\"@id\":\"https:\\\/\\\/www.cec.org\\\/es\\\/temas\\\/ecosistemas\\\/conocimiento-ecologico-tradicional\\\/\",\"url\":\"https:\\\/\\\/www.cec.org\\\/es\\\/temas\\\/ecosistemas\\\/conocimiento-ecologico-tradicional\\\/\",\"name\":\"Conocimiento ecol\u00f3gico tradicional\",\"isPartOf\":{\"@id\":\"https:\\\/\\\/www.cec.org\\\/es\\\/#website\"},\"primaryImageOfPage\":{\"@id\":\"https:\\\/\\\/www.cec.org\\\/es\\\/temas\\\/ecosistemas\\\/conocimiento-ecologico-tradicional\\\/#primaryimage\"},\"image\":{\"@id\":\"https:\\\/\\\/www.cec.org\\\/es\\\/temas\\\/ecosistemas\\\/conocimiento-ecologico-tradicional\\\/#primaryimage\"},\"thumbnailUrl\":\"https:\\\/\\\/www.cec.org\\\/wp-content\\\/uploads\\\/Traditional-Ecological-Knowledge-thumbnail.jpg\",\"datePublished\":\"2024-03-27T18:15:04+00:00\",\"dateModified\":\"2026-04-11T21:46:50+00:00\",\"description\":\"Los depositarios del conocimiento ecol\u00f3gico tradicional (CET) tienen una perspectiva \u00fanica que, mediante el contacto directo con el entorno...\",\"breadcrumb\":{\"@id\":\"https:\\\/\\\/www.cec.org\\\/es\\\/temas\\\/ecosistemas\\\/conocimiento-ecologico-tradicional\\\/#breadcrumb\"},\"inLanguage\":\"es\",\"potentialAction\":[{\"@type\":\"ReadAction\",\"target\":[\"https:\\\/\\\/www.cec.org\\\/es\\\/temas\\\/ecosistemas\\\/conocimiento-ecologico-tradicional\\\/\"]}]},{\"@type\":\"ImageObject\",\"inLanguage\":\"es\",\"@id\":\"https:\\\/\\\/www.cec.org\\\/es\\\/temas\\\/ecosistemas\\\/conocimiento-ecologico-tradicional\\\/#primaryimage\",\"url\":\"https:\\\/\\\/www.cec.org\\\/wp-content\\\/uploads\\\/Traditional-Ecological-Knowledge-thumbnail.jpg\",\"contentUrl\":\"https:\\\/\\\/www.cec.org\\\/wp-content\\\/uploads\\\/Traditional-Ecological-Knowledge-thumbnail.jpg\",\"width\":600,\"height\":342,\"caption\":\"Person and a herd of sheep\"},{\"@type\":\"BreadcrumbList\",\"@id\":\"https:\\\/\\\/www.cec.org\\\/es\\\/temas\\\/ecosistemas\\\/conocimiento-ecologico-tradicional\\\/#breadcrumb\",\"itemListElement\":[{\"@type\":\"ListItem\",\"position\":1,\"name\":\"Inicio\",\"item\":\"https:\\\/\\\/www.cec.org\\\/es\\\/\"},{\"@type\":\"ListItem\",\"position\":2,\"name\":\"Temas\",\"item\":\"https:\\\/\\\/www.cec.org\\\/es\\\/temas\\\/\"},{\"@type\":\"ListItem\",\"position\":3,\"name\":\"Ecosistemas\",\"item\":\"https:\\\/\\\/www.cec.org\\\/es\\\/topics\\\/ecosystems\\\/\"},{\"@type\":\"ListItem\",\"position\":4,\"name\":\"Conocimiento ecol\u00f3gico tradicional\"}]},{\"@type\":\"WebSite\",\"@id\":\"https:\\\/\\\/www.cec.org\\\/es\\\/#website\",\"url\":\"https:\\\/\\\/www.cec.org\\\/es\\\/\",\"name\":\"Commission for Environmental Cooperation\",\"description\":\"Three countries working together to protect our shared environment\",\"alternateName\":\"CEC - CCA -CCE\",\"potentialAction\":[{\"@type\":\"SearchAction\",\"target\":{\"@type\":\"EntryPoint\",\"urlTemplate\":\"https:\\\/\\\/www.cec.org\\\/es\\\/?s={search_term_string}\"},\"query-input\":{\"@type\":\"PropertyValueSpecification\",\"valueRequired\":true,\"valueName\":\"search_term_string\"}}],\"inLanguage\":\"es\"}]}<\/script>\n<!-- \/ Yoast SEO Premium plugin. -->","yoast_head_json":{"title":"Conocimiento ecol\u00f3gico tradicional","description":"Los depositarios del conocimiento ecol\u00f3gico tradicional (CET) tienen una perspectiva \u00fanica que, mediante el contacto directo con el entorno...","robots":{"index":"index","follow":"follow","max-snippet":"max-snippet:-1","max-image-preview":"max-image-preview:large","max-video-preview":"max-video-preview:-1"},"canonical":"https:\/\/www.cec.org\/es\/temas\/ecosistemas\/conocimiento-ecologico-tradicional\/","og_locale":"es_ES","og_type":"article","og_title":"Conocimiento ecol\u00f3gico tradicional","og_description":"Los depositarios del conocimiento ecol\u00f3gico tradicional (CET) tienen una perspectiva \u00fanica que, mediante el contacto directo con el entorno, ha","og_url":"https:\/\/www.cec.org\/es\/temas\/ecosistemas\/conocimiento-ecologico-tradicional\/","og_site_name":"Comisi\u00f3n para la Cooperaci\u00f3n Ambiental","article_publisher":"https:\/\/www.facebook.com\/CECconnect","article_modified_time":"2026-04-11T21:46:50+00:00","og_image":[{"width":600,"height":342,"url":"https:\/\/www.cec.org\/wp-content\/uploads\/Traditional-Ecological-Knowledge-thumbnail.jpg","type":"image\/jpeg"}],"twitter_card":"summary_large_image","twitter_site":"@CECweb","schema":{"@context":"https:\/\/schema.org","@graph":[{"@type":"WebPage","@id":"https:\/\/www.cec.org\/es\/temas\/ecosistemas\/conocimiento-ecologico-tradicional\/","url":"https:\/\/www.cec.org\/es\/temas\/ecosistemas\/conocimiento-ecologico-tradicional\/","name":"Conocimiento ecol\u00f3gico tradicional","isPartOf":{"@id":"https:\/\/www.cec.org\/es\/#website"},"primaryImageOfPage":{"@id":"https:\/\/www.cec.org\/es\/temas\/ecosistemas\/conocimiento-ecologico-tradicional\/#primaryimage"},"image":{"@id":"https:\/\/www.cec.org\/es\/temas\/ecosistemas\/conocimiento-ecologico-tradicional\/#primaryimage"},"thumbnailUrl":"https:\/\/www.cec.org\/wp-content\/uploads\/Traditional-Ecological-Knowledge-thumbnail.jpg","datePublished":"2024-03-27T18:15:04+00:00","dateModified":"2026-04-11T21:46:50+00:00","description":"Los depositarios del conocimiento ecol\u00f3gico tradicional (CET) tienen una perspectiva \u00fanica que, mediante el contacto directo con el entorno...","breadcrumb":{"@id":"https:\/\/www.cec.org\/es\/temas\/ecosistemas\/conocimiento-ecologico-tradicional\/#breadcrumb"},"inLanguage":"es","potentialAction":[{"@type":"ReadAction","target":["https:\/\/www.cec.org\/es\/temas\/ecosistemas\/conocimiento-ecologico-tradicional\/"]}]},{"@type":"ImageObject","inLanguage":"es","@id":"https:\/\/www.cec.org\/es\/temas\/ecosistemas\/conocimiento-ecologico-tradicional\/#primaryimage","url":"https:\/\/www.cec.org\/wp-content\/uploads\/Traditional-Ecological-Knowledge-thumbnail.jpg","contentUrl":"https:\/\/www.cec.org\/wp-content\/uploads\/Traditional-Ecological-Knowledge-thumbnail.jpg","width":600,"height":342,"caption":"Person and a herd of sheep"},{"@type":"BreadcrumbList","@id":"https:\/\/www.cec.org\/es\/temas\/ecosistemas\/conocimiento-ecologico-tradicional\/#breadcrumb","itemListElement":[{"@type":"ListItem","position":1,"name":"Inicio","item":"https:\/\/www.cec.org\/es\/"},{"@type":"ListItem","position":2,"name":"Temas","item":"https:\/\/www.cec.org\/es\/temas\/"},{"@type":"ListItem","position":3,"name":"Ecosistemas","item":"https:\/\/www.cec.org\/es\/topics\/ecosystems\/"},{"@type":"ListItem","position":4,"name":"Conocimiento ecol\u00f3gico tradicional"}]},{"@type":"WebSite","@id":"https:\/\/www.cec.org\/es\/#website","url":"https:\/\/www.cec.org\/es\/","name":"Commission for Environmental Cooperation","description":"Three countries working together to protect our shared environment","alternateName":"CEC - CCA -CCE","potentialAction":[{"@type":"SearchAction","target":{"@type":"EntryPoint","urlTemplate":"https:\/\/www.cec.org\/es\/?s={search_term_string}"},"query-input":{"@type":"PropertyValueSpecification","valueRequired":true,"valueName":"search_term_string"}}],"inLanguage":"es"}]}},"_links":{"self":[{"href":"https:\/\/www.cec.org\/es\/wp-json\/wp\/v2\/pages\/54677","targetHints":{"allow":["GET"]}}],"collection":[{"href":"https:\/\/www.cec.org\/es\/wp-json\/wp\/v2\/pages"}],"about":[{"href":"https:\/\/www.cec.org\/es\/wp-json\/wp\/v2\/types\/page"}],"author":[{"embeddable":true,"href":"https:\/\/www.cec.org\/es\/wp-json\/wp\/v2\/users\/1"}],"replies":[{"embeddable":true,"href":"https:\/\/www.cec.org\/es\/wp-json\/wp\/v2\/comments?post=54677"}],"version-history":[{"count":1,"href":"https:\/\/www.cec.org\/es\/wp-json\/wp\/v2\/pages\/54677\/revisions"}],"predecessor-version":[{"id":55989,"href":"https:\/\/www.cec.org\/es\/wp-json\/wp\/v2\/pages\/54677\/revisions\/55989"}],"up":[{"embeddable":true,"href":"https:\/\/www.cec.org\/es\/wp-json\/wp\/v2\/pages\/55193"}],"wp:featuredmedia":[{"embeddable":true,"href":"https:\/\/www.cec.org\/es\/wp-json\/wp\/v2\/media\/36064"}],"wp:attachment":[{"href":"https:\/\/www.cec.org\/es\/wp-json\/wp\/v2\/media?parent=54677"}],"curies":[{"name":"wp","href":"https:\/\/api.w.org\/{rel}","templated":true}]}}