{"id":54673,"date":"2024-03-25T14:16:11","date_gmt":"2024-03-25T18:16:11","guid":{"rendered":"http:\/\/www.cec.org\/conservacion-de-areas-marinas-protegidas\/"},"modified":"2026-04-11T17:46:29","modified_gmt":"2026-04-11T21:46:29","slug":"conservacion-de-areas-marinas-protegidas","status":"publish","type":"page","link":"https:\/\/www.cec.org\/es\/temas\/ecosistemas\/conservacion-de-areas-marinas-protegidas\/","title":{"rendered":"Conservaci\u00f3n de \u00e1reas marinas protegidas"},"content":{"rendered":"<p>Desde el \u00c1rtico canadiense hasta el extremo sur de M\u00e9xico, Am\u00e9rica del Norte alberga una extensa red de \u00e1reas marinas protegidas (AMP) que desempe\u00f1an una funci\u00f3n vital, no s\u00f3lo al conservar especies importantes y su h\u00e1bitat, sino tambi\u00e9n al servir de sustento a comunidades, ofrecer experiencias recreativas e, incluso, fungir como laboratorios vivientes.<\/p>\n","protected":false},"excerpt":{"rendered":"<p>Desde el \u00c1rtico canadiense hasta el extremo sur de M\u00e9xico, Am\u00e9rica del Norte alberga una extensa red de \u00e1reas marinas protegidas (AMP) que desempe\u00f1an una funci\u00f3n vital, no s\u00f3lo al conservar especies importantes y su h\u00e1bitat, sino tambi\u00e9n al servir de sustento a comunidades, ofrecer experiencias recreativas e, incluso, fungir como laboratorios vivientes.<\/p>\n","protected":false},"author":1,"featured_media":46172,"parent":55193,"menu_order":0,"comment_status":"closed","ping_status":"closed","template":"page-2024subtopics.php","meta":{"_acf_changed":false,"footnotes":""},"class_list":["post-54673","page","type-page","status-publish","has-post-thumbnail","hentry"],"acf":[],"yoast_head":"<!-- This site is optimized with the Yoast SEO Premium plugin v27.4 (Yoast SEO v27.4) - https:\/\/yoast.com\/product\/yoast-seo-premium-wordpress\/ -->\n<title>Conservaci\u00f3n de \u00e1reas marinas protegidas<\/title>\n<meta name=\"description\" content=\"Desde el \u00c1rtico canadiense hasta el extremo sur de M\u00e9xico, Am\u00e9rica del Norte alberga una extensa red de \u00e1reas marinas protegidas (AMP)...\" \/>\n<meta name=\"robots\" content=\"index, follow, max-snippet:-1, max-image-preview:large, max-video-preview:-1\" \/>\n<link rel=\"canonical\" href=\"https:\/\/www.cec.org\/es\/temas\/ecosistemas\/conservacion-de-areas-marinas-protegidas\/\" \/>\n<meta property=\"og:locale\" content=\"es_ES\" \/>\n<meta property=\"og:type\" content=\"article\" \/>\n<meta property=\"og:title\" content=\"Conservaci\u00f3n de \u00e1reas marinas protegidas\" \/>\n<meta property=\"og:description\" content=\"Desde el \u00c1rtico canadiense hasta el extremo sur de M\u00e9xico, Am\u00e9rica del Norte alberga una extensa red de \u00e1reas marinas protegidas (AMP) que desempe\u00f1an una\" \/>\n<meta property=\"og:url\" content=\"https:\/\/www.cec.org\/es\/temas\/ecosistemas\/conservacion-de-areas-marinas-protegidas\/\" \/>\n<meta property=\"og:site_name\" content=\"Comisi\u00f3n para la Cooperaci\u00f3n Ambiental\" \/>\n<meta property=\"article:publisher\" content=\"https:\/\/www.facebook.com\/CECconnect\" \/>\n<meta property=\"article:modified_time\" content=\"2026-04-11T21:46:29+00:00\" \/>\n<meta property=\"og:image\" content=\"https:\/\/www.cec.org\/wp-content\/uploads\/marine-thumbnail.jpg\" \/>\n\t<meta property=\"og:image:width\" content=\"600\" \/>\n\t<meta property=\"og:image:height\" content=\"342\" \/>\n\t<meta property=\"og:image:type\" content=\"image\/jpeg\" \/>\n<meta name=\"twitter:card\" content=\"summary_large_image\" \/>\n<meta name=\"twitter:site\" content=\"@CECweb\" \/>\n<script type=\"application\/ld+json\" class=\"yoast-schema-graph\">{\"@context\":\"https:\\\/\\\/schema.org\",\"@graph\":[{\"@type\":\"WebPage\",\"@id\":\"https:\\\/\\\/www.cec.org\\\/es\\\/temas\\\/ecosistemas\\\/conservacion-de-areas-marinas-protegidas\\\/\",\"url\":\"https:\\\/\\\/www.cec.org\\\/es\\\/temas\\\/ecosistemas\\\/conservacion-de-areas-marinas-protegidas\\\/\",\"name\":\"Conservaci\u00f3n de \u00e1reas marinas protegidas\",\"isPartOf\":{\"@id\":\"https:\\\/\\\/www.cec.org\\\/es\\\/#website\"},\"primaryImageOfPage\":{\"@id\":\"https:\\\/\\\/www.cec.org\\\/es\\\/temas\\\/ecosistemas\\\/conservacion-de-areas-marinas-protegidas\\\/#primaryimage\"},\"image\":{\"@id\":\"https:\\\/\\\/www.cec.org\\\/es\\\/temas\\\/ecosistemas\\\/conservacion-de-areas-marinas-protegidas\\\/#primaryimage\"},\"thumbnailUrl\":\"https:\\\/\\\/www.cec.org\\\/wp-content\\\/uploads\\\/marine-thumbnail.jpg\",\"datePublished\":\"2024-03-25T18:16:11+00:00\",\"dateModified\":\"2026-04-11T21:46:29+00:00\",\"description\":\"Desde el \u00c1rtico canadiense hasta el extremo sur de M\u00e9xico, Am\u00e9rica del Norte alberga una extensa red de \u00e1reas marinas protegidas (AMP)...\",\"breadcrumb\":{\"@id\":\"https:\\\/\\\/www.cec.org\\\/es\\\/temas\\\/ecosistemas\\\/conservacion-de-areas-marinas-protegidas\\\/#breadcrumb\"},\"inLanguage\":\"es\",\"potentialAction\":[{\"@type\":\"ReadAction\",\"target\":[\"https:\\\/\\\/www.cec.org\\\/es\\\/temas\\\/ecosistemas\\\/conservacion-de-areas-marinas-protegidas\\\/\"]}]},{\"@type\":\"ImageObject\",\"inLanguage\":\"es\",\"@id\":\"https:\\\/\\\/www.cec.org\\\/es\\\/temas\\\/ecosistemas\\\/conservacion-de-areas-marinas-protegidas\\\/#primaryimage\",\"url\":\"https:\\\/\\\/www.cec.org\\\/wp-content\\\/uploads\\\/marine-thumbnail.jpg\",\"contentUrl\":\"https:\\\/\\\/www.cec.org\\\/wp-content\\\/uploads\\\/marine-thumbnail.jpg\",\"width\":600,\"height\":342,\"caption\":\"Coral Reef\"},{\"@type\":\"BreadcrumbList\",\"@id\":\"https:\\\/\\\/www.cec.org\\\/es\\\/temas\\\/ecosistemas\\\/conservacion-de-areas-marinas-protegidas\\\/#breadcrumb\",\"itemListElement\":[{\"@type\":\"ListItem\",\"position\":1,\"name\":\"Inicio\",\"item\":\"https:\\\/\\\/www.cec.org\\\/es\\\/\"},{\"@type\":\"ListItem\",\"position\":2,\"name\":\"Temas\",\"item\":\"https:\\\/\\\/www.cec.org\\\/es\\\/temas\\\/\"},{\"@type\":\"ListItem\",\"position\":3,\"name\":\"Ecosistemas\",\"item\":\"https:\\\/\\\/www.cec.org\\\/es\\\/topics\\\/ecosystems\\\/\"},{\"@type\":\"ListItem\",\"position\":4,\"name\":\"Conservaci\u00f3n de \u00e1reas marinas protegidas\"}]},{\"@type\":\"WebSite\",\"@id\":\"https:\\\/\\\/www.cec.org\\\/es\\\/#website\",\"url\":\"https:\\\/\\\/www.cec.org\\\/es\\\/\",\"name\":\"Commission for Environmental Cooperation\",\"description\":\"Three countries working together to protect our shared environment\",\"alternateName\":\"CEC - CCA -CCE\",\"potentialAction\":[{\"@type\":\"SearchAction\",\"target\":{\"@type\":\"EntryPoint\",\"urlTemplate\":\"https:\\\/\\\/www.cec.org\\\/es\\\/?s={search_term_string}\"},\"query-input\":{\"@type\":\"PropertyValueSpecification\",\"valueRequired\":true,\"valueName\":\"search_term_string\"}}],\"inLanguage\":\"es\"}]}<\/script>\n<!-- \/ Yoast SEO Premium plugin. -->","yoast_head_json":{"title":"Conservaci\u00f3n de \u00e1reas marinas protegidas","description":"Desde el \u00c1rtico canadiense hasta el extremo sur de M\u00e9xico, Am\u00e9rica del Norte alberga una extensa red de \u00e1reas marinas protegidas (AMP)...","robots":{"index":"index","follow":"follow","max-snippet":"max-snippet:-1","max-image-preview":"max-image-preview:large","max-video-preview":"max-video-preview:-1"},"canonical":"https:\/\/www.cec.org\/es\/temas\/ecosistemas\/conservacion-de-areas-marinas-protegidas\/","og_locale":"es_ES","og_type":"article","og_title":"Conservaci\u00f3n de \u00e1reas marinas protegidas","og_description":"Desde el \u00c1rtico canadiense hasta el extremo sur de M\u00e9xico, Am\u00e9rica del Norte alberga una extensa red de \u00e1reas marinas protegidas (AMP) que desempe\u00f1an una","og_url":"https:\/\/www.cec.org\/es\/temas\/ecosistemas\/conservacion-de-areas-marinas-protegidas\/","og_site_name":"Comisi\u00f3n para la Cooperaci\u00f3n Ambiental","article_publisher":"https:\/\/www.facebook.com\/CECconnect","article_modified_time":"2026-04-11T21:46:29+00:00","og_image":[{"width":600,"height":342,"url":"https:\/\/www.cec.org\/wp-content\/uploads\/marine-thumbnail.jpg","type":"image\/jpeg"}],"twitter_card":"summary_large_image","twitter_site":"@CECweb","schema":{"@context":"https:\/\/schema.org","@graph":[{"@type":"WebPage","@id":"https:\/\/www.cec.org\/es\/temas\/ecosistemas\/conservacion-de-areas-marinas-protegidas\/","url":"https:\/\/www.cec.org\/es\/temas\/ecosistemas\/conservacion-de-areas-marinas-protegidas\/","name":"Conservaci\u00f3n de \u00e1reas marinas protegidas","isPartOf":{"@id":"https:\/\/www.cec.org\/es\/#website"},"primaryImageOfPage":{"@id":"https:\/\/www.cec.org\/es\/temas\/ecosistemas\/conservacion-de-areas-marinas-protegidas\/#primaryimage"},"image":{"@id":"https:\/\/www.cec.org\/es\/temas\/ecosistemas\/conservacion-de-areas-marinas-protegidas\/#primaryimage"},"thumbnailUrl":"https:\/\/www.cec.org\/wp-content\/uploads\/marine-thumbnail.jpg","datePublished":"2024-03-25T18:16:11+00:00","dateModified":"2026-04-11T21:46:29+00:00","description":"Desde el \u00c1rtico canadiense hasta el extremo sur de M\u00e9xico, Am\u00e9rica del Norte alberga una extensa red de \u00e1reas marinas protegidas (AMP)...","breadcrumb":{"@id":"https:\/\/www.cec.org\/es\/temas\/ecosistemas\/conservacion-de-areas-marinas-protegidas\/#breadcrumb"},"inLanguage":"es","potentialAction":[{"@type":"ReadAction","target":["https:\/\/www.cec.org\/es\/temas\/ecosistemas\/conservacion-de-areas-marinas-protegidas\/"]}]},{"@type":"ImageObject","inLanguage":"es","@id":"https:\/\/www.cec.org\/es\/temas\/ecosistemas\/conservacion-de-areas-marinas-protegidas\/#primaryimage","url":"https:\/\/www.cec.org\/wp-content\/uploads\/marine-thumbnail.jpg","contentUrl":"https:\/\/www.cec.org\/wp-content\/uploads\/marine-thumbnail.jpg","width":600,"height":342,"caption":"Coral Reef"},{"@type":"BreadcrumbList","@id":"https:\/\/www.cec.org\/es\/temas\/ecosistemas\/conservacion-de-areas-marinas-protegidas\/#breadcrumb","itemListElement":[{"@type":"ListItem","position":1,"name":"Inicio","item":"https:\/\/www.cec.org\/es\/"},{"@type":"ListItem","position":2,"name":"Temas","item":"https:\/\/www.cec.org\/es\/temas\/"},{"@type":"ListItem","position":3,"name":"Ecosistemas","item":"https:\/\/www.cec.org\/es\/topics\/ecosystems\/"},{"@type":"ListItem","position":4,"name":"Conservaci\u00f3n de \u00e1reas marinas protegidas"}]},{"@type":"WebSite","@id":"https:\/\/www.cec.org\/es\/#website","url":"https:\/\/www.cec.org\/es\/","name":"Commission for Environmental Cooperation","description":"Three countries working together to protect our shared environment","alternateName":"CEC - CCA -CCE","potentialAction":[{"@type":"SearchAction","target":{"@type":"EntryPoint","urlTemplate":"https:\/\/www.cec.org\/es\/?s={search_term_string}"},"query-input":{"@type":"PropertyValueSpecification","valueRequired":true,"valueName":"search_term_string"}}],"inLanguage":"es"}]}},"_links":{"self":[{"href":"https:\/\/www.cec.org\/es\/wp-json\/wp\/v2\/pages\/54673","targetHints":{"allow":["GET"]}}],"collection":[{"href":"https:\/\/www.cec.org\/es\/wp-json\/wp\/v2\/pages"}],"about":[{"href":"https:\/\/www.cec.org\/es\/wp-json\/wp\/v2\/types\/page"}],"author":[{"embeddable":true,"href":"https:\/\/www.cec.org\/es\/wp-json\/wp\/v2\/users\/1"}],"replies":[{"embeddable":true,"href":"https:\/\/www.cec.org\/es\/wp-json\/wp\/v2\/comments?post=54673"}],"version-history":[{"count":1,"href":"https:\/\/www.cec.org\/es\/wp-json\/wp\/v2\/pages\/54673\/revisions"}],"predecessor-version":[{"id":54759,"href":"https:\/\/www.cec.org\/es\/wp-json\/wp\/v2\/pages\/54673\/revisions\/54759"}],"up":[{"embeddable":true,"href":"https:\/\/www.cec.org\/es\/wp-json\/wp\/v2\/pages\/55193"}],"wp:featuredmedia":[{"embeddable":true,"href":"https:\/\/www.cec.org\/es\/wp-json\/wp\/v2\/media\/46172"}],"wp:attachment":[{"href":"https:\/\/www.cec.org\/es\/wp-json\/wp\/v2\/media?parent=54673"}],"curies":[{"name":"wp","href":"https:\/\/api.w.org\/{rel}","templated":true}]}}