{"id":54539,"date":"2024-03-25T13:38:37","date_gmt":"2024-03-25T17:38:37","guid":{"rendered":"http:\/\/www.cec.org\/conservacion-de-la-mariposa-monarca-y-otras-especies-polinizadoras\/"},"modified":"2025-06-05T10:54:45","modified_gmt":"2025-06-05T14:54:45","slug":"conservacion-de-la-mariposa-monarca-y-otras-especies-polinizadoras","status":"publish","type":"page","link":"https:\/\/www.cec.org\/es\/temas\/ecosistemas\/conservacion-de-la-mariposa-monarca-y-otras-especies-polinizadoras\/","title":{"rendered":"Conservaci\u00f3n de la mariposa monarca y otras especies polinizadoras"},"content":{"rendered":"<p>La \u00e9pica migraci\u00f3n de la mariposa monarca es emblem\u00e1tica de la cooperaci\u00f3n trinacional requerida para conservar, proteger y mejorar el medio ambiente de Am\u00e9rica del Norte.<\/p>\n<p>Por m\u00e1s de 20 a\u00f1os hemos apoyado la conservaci\u00f3n de la mariposa monarca a lo largo de su ruta migratoria mediante el impulso a proyectos comunitarios, la elaboraci\u00f3n de planes de acci\u00f3n y el respaldo a iniciativas conjuntas en Canad\u00e1, Estados Unidos y M\u00e9xico. Con base en este modelo, apuntalamos la colaboraci\u00f3n a escala regional en favor de la conservaci\u00f3n de las especies polinizadoras.<\/p>\n","protected":false},"excerpt":{"rendered":"<p>La \u00e9pica migraci\u00f3n de la mariposa monarca es emblem\u00e1tica de la cooperaci\u00f3n trinacional requerida para conservar, proteger y mejorar el medio ambiente de Am\u00e9rica del Norte. Por m\u00e1s de 20 a\u00f1os hemos apoyado la conservaci\u00f3n de la mariposa monarca a lo largo de su ruta migratoria mediante el impulso a proyectos comunitarios, la elaboraci\u00f3n de [&hellip;]<\/p>\n","protected":false},"author":1,"featured_media":36046,"parent":55193,"menu_order":0,"comment_status":"closed","ping_status":"closed","template":"page-2024subtopics.php","meta":{"_acf_changed":false,"footnotes":""},"class_list":["post-54539","page","type-page","status-publish","has-post-thumbnail","hentry"],"acf":[],"yoast_head":"<!-- This site is optimized with the Yoast SEO Premium plugin v27.0 (Yoast SEO v27.0) - https:\/\/yoast.com\/product\/yoast-seo-premium-wordpress\/ -->\n<title>Conservaci\u00f3n de la mariposa monarca y otras especies polinizadoras<\/title>\n<meta name=\"description\" content=\"La \u00e9pica migraci\u00f3n de la mariposa monarca es emblem\u00e1tica de la cooperaci\u00f3n trinacional requerida para conservar, proteger y mejorar el medio ambiente de\" \/>\n<meta name=\"robots\" content=\"index, follow, max-snippet:-1, max-image-preview:large, max-video-preview:-1\" \/>\n<link rel=\"canonical\" href=\"https:\/\/www.cec.org\/es\/temas\/ecosistemas\/conservacion-de-la-mariposa-monarca-y-otras-especies-polinizadoras\/\" \/>\n<meta property=\"og:locale\" content=\"es_ES\" \/>\n<meta property=\"og:type\" content=\"article\" \/>\n<meta property=\"og:title\" content=\"Conservaci\u00f3n de la mariposa monarca y otras especies polinizadoras\" \/>\n<meta property=\"og:description\" content=\"La \u00e9pica migraci\u00f3n de la mariposa monarca es emblem\u00e1tica de la cooperaci\u00f3n trinacional requerida para conservar, proteger y mejorar el medio ambiente de\" \/>\n<meta property=\"og:url\" content=\"https:\/\/www.cec.org\/es\/temas\/ecosistemas\/conservacion-de-la-mariposa-monarca-y-otras-especies-polinizadoras\/\" \/>\n<meta property=\"og:site_name\" content=\"Comisi\u00f3n para la Cooperaci\u00f3n Ambiental\" \/>\n<meta property=\"article:publisher\" content=\"https:\/\/www.facebook.com\/CECconnect\" \/>\n<meta property=\"article:modified_time\" content=\"2025-06-05T14:54:45+00:00\" \/>\n<meta property=\"og:image\" content=\"https:\/\/www.cec.org\/wp-content\/uploads\/Monarch-and-Pollinator-Conservation-thumbnail.jpg\" \/>\n\t<meta property=\"og:image:width\" content=\"600\" \/>\n\t<meta property=\"og:image:height\" content=\"342\" \/>\n\t<meta property=\"og:image:type\" content=\"image\/jpeg\" \/>\n<meta name=\"twitter:card\" content=\"summary_large_image\" \/>\n<meta name=\"twitter:site\" content=\"@CECweb\" \/>\n<script type=\"application\/ld+json\" class=\"yoast-schema-graph\">{\"@context\":\"https:\/\/schema.org\",\"@graph\":[{\"@type\":\"WebPage\",\"@id\":\"https:\/\/www.cec.org\/es\/temas\/ecosistemas\/conservacion-de-la-mariposa-monarca-y-otras-especies-polinizadoras\/\",\"url\":\"https:\/\/www.cec.org\/es\/temas\/ecosistemas\/conservacion-de-la-mariposa-monarca-y-otras-especies-polinizadoras\/\",\"name\":\"Conservaci\u00f3n de la mariposa monarca y otras especies polinizadoras\",\"isPartOf\":{\"@id\":\"https:\/\/www.cec.org\/es\/#website\"},\"primaryImageOfPage\":{\"@id\":\"https:\/\/www.cec.org\/es\/temas\/ecosistemas\/conservacion-de-la-mariposa-monarca-y-otras-especies-polinizadoras\/#primaryimage\"},\"image\":{\"@id\":\"https:\/\/www.cec.org\/es\/temas\/ecosistemas\/conservacion-de-la-mariposa-monarca-y-otras-especies-polinizadoras\/#primaryimage\"},\"thumbnailUrl\":\"https:\/\/www.cec.org\/wp-content\/uploads\/Monarch-and-Pollinator-Conservation-thumbnail.jpg\",\"datePublished\":\"2024-03-25T17:38:37+00:00\",\"dateModified\":\"2025-06-05T14:54:45+00:00\",\"description\":\"La \u00e9pica migraci\u00f3n de la mariposa monarca es emblem\u00e1tica de la cooperaci\u00f3n trinacional requerida para conservar, proteger y mejorar el medio ambiente de\",\"breadcrumb\":{\"@id\":\"https:\/\/www.cec.org\/es\/temas\/ecosistemas\/conservacion-de-la-mariposa-monarca-y-otras-especies-polinizadoras\/#breadcrumb\"},\"inLanguage\":\"es\",\"potentialAction\":[{\"@type\":\"ReadAction\",\"target\":[\"https:\/\/www.cec.org\/es\/temas\/ecosistemas\/conservacion-de-la-mariposa-monarca-y-otras-especies-polinizadoras\/\"]}]},{\"@type\":\"ImageObject\",\"inLanguage\":\"es\",\"@id\":\"https:\/\/www.cec.org\/es\/temas\/ecosistemas\/conservacion-de-la-mariposa-monarca-y-otras-especies-polinizadoras\/#primaryimage\",\"url\":\"https:\/\/www.cec.org\/wp-content\/uploads\/Monarch-and-Pollinator-Conservation-thumbnail.jpg\",\"contentUrl\":\"https:\/\/www.cec.org\/wp-content\/uploads\/Monarch-and-Pollinator-Conservation-thumbnail.jpg\",\"width\":600,\"height\":342,\"caption\":\"Monarch butterfly near flowers\"},{\"@type\":\"BreadcrumbList\",\"@id\":\"https:\/\/www.cec.org\/es\/temas\/ecosistemas\/conservacion-de-la-mariposa-monarca-y-otras-especies-polinizadoras\/#breadcrumb\",\"itemListElement\":[{\"@type\":\"ListItem\",\"position\":1,\"name\":\"Inicio\",\"item\":\"https:\/\/www.cec.org\/es\/\"},{\"@type\":\"ListItem\",\"position\":2,\"name\":\"Temas\",\"item\":\"https:\/\/www.cec.org\/es\/temas\/\"},{\"@type\":\"ListItem\",\"position\":3,\"name\":\"Ecosistemas\",\"item\":\"https:\/\/www.cec.org\/es\/temas\/ecosistemas\/\"},{\"@type\":\"ListItem\",\"position\":4,\"name\":\"Conservaci\u00f3n de la mariposa monarca y otras especies polinizadoras\"}]},{\"@type\":\"WebSite\",\"@id\":\"https:\/\/www.cec.org\/es\/#website\",\"url\":\"https:\/\/www.cec.org\/es\/\",\"name\":\"Commission for Environmental Cooperation\",\"description\":\"Three countries working together to protect our shared environment\",\"alternateName\":\"CEC - CCA -CCE\",\"potentialAction\":[{\"@type\":\"SearchAction\",\"target\":{\"@type\":\"EntryPoint\",\"urlTemplate\":\"https:\/\/www.cec.org\/es\/?s={search_term_string}\"},\"query-input\":{\"@type\":\"PropertyValueSpecification\",\"valueRequired\":true,\"valueName\":\"search_term_string\"}}],\"inLanguage\":\"es\"}]}<\/script>\n<!-- \/ Yoast SEO Premium plugin. -->","yoast_head_json":{"title":"Conservaci\u00f3n de la mariposa monarca y otras especies polinizadoras","description":"La \u00e9pica migraci\u00f3n de la mariposa monarca es emblem\u00e1tica de la cooperaci\u00f3n trinacional requerida para conservar, proteger y mejorar el medio ambiente de","robots":{"index":"index","follow":"follow","max-snippet":"max-snippet:-1","max-image-preview":"max-image-preview:large","max-video-preview":"max-video-preview:-1"},"canonical":"https:\/\/www.cec.org\/es\/temas\/ecosistemas\/conservacion-de-la-mariposa-monarca-y-otras-especies-polinizadoras\/","og_locale":"es_ES","og_type":"article","og_title":"Conservaci\u00f3n de la mariposa monarca y otras especies polinizadoras","og_description":"La \u00e9pica migraci\u00f3n de la mariposa monarca es emblem\u00e1tica de la cooperaci\u00f3n trinacional requerida para conservar, proteger y mejorar el medio ambiente de","og_url":"https:\/\/www.cec.org\/es\/temas\/ecosistemas\/conservacion-de-la-mariposa-monarca-y-otras-especies-polinizadoras\/","og_site_name":"Comisi\u00f3n para la Cooperaci\u00f3n Ambiental","article_publisher":"https:\/\/www.facebook.com\/CECconnect","article_modified_time":"2025-06-05T14:54:45+00:00","og_image":[{"width":600,"height":342,"url":"https:\/\/www.cec.org\/wp-content\/uploads\/Monarch-and-Pollinator-Conservation-thumbnail.jpg","type":"image\/jpeg"}],"twitter_card":"summary_large_image","twitter_site":"@CECweb","schema":{"@context":"https:\/\/schema.org","@graph":[{"@type":"WebPage","@id":"https:\/\/www.cec.org\/es\/temas\/ecosistemas\/conservacion-de-la-mariposa-monarca-y-otras-especies-polinizadoras\/","url":"https:\/\/www.cec.org\/es\/temas\/ecosistemas\/conservacion-de-la-mariposa-monarca-y-otras-especies-polinizadoras\/","name":"Conservaci\u00f3n de la mariposa monarca y otras especies polinizadoras","isPartOf":{"@id":"https:\/\/www.cec.org\/es\/#website"},"primaryImageOfPage":{"@id":"https:\/\/www.cec.org\/es\/temas\/ecosistemas\/conservacion-de-la-mariposa-monarca-y-otras-especies-polinizadoras\/#primaryimage"},"image":{"@id":"https:\/\/www.cec.org\/es\/temas\/ecosistemas\/conservacion-de-la-mariposa-monarca-y-otras-especies-polinizadoras\/#primaryimage"},"thumbnailUrl":"https:\/\/www.cec.org\/wp-content\/uploads\/Monarch-and-Pollinator-Conservation-thumbnail.jpg","datePublished":"2024-03-25T17:38:37+00:00","dateModified":"2025-06-05T14:54:45+00:00","description":"La \u00e9pica migraci\u00f3n de la mariposa monarca es emblem\u00e1tica de la cooperaci\u00f3n trinacional requerida para conservar, proteger y mejorar el medio ambiente de","breadcrumb":{"@id":"https:\/\/www.cec.org\/es\/temas\/ecosistemas\/conservacion-de-la-mariposa-monarca-y-otras-especies-polinizadoras\/#breadcrumb"},"inLanguage":"es","potentialAction":[{"@type":"ReadAction","target":["https:\/\/www.cec.org\/es\/temas\/ecosistemas\/conservacion-de-la-mariposa-monarca-y-otras-especies-polinizadoras\/"]}]},{"@type":"ImageObject","inLanguage":"es","@id":"https:\/\/www.cec.org\/es\/temas\/ecosistemas\/conservacion-de-la-mariposa-monarca-y-otras-especies-polinizadoras\/#primaryimage","url":"https:\/\/www.cec.org\/wp-content\/uploads\/Monarch-and-Pollinator-Conservation-thumbnail.jpg","contentUrl":"https:\/\/www.cec.org\/wp-content\/uploads\/Monarch-and-Pollinator-Conservation-thumbnail.jpg","width":600,"height":342,"caption":"Monarch butterfly near flowers"},{"@type":"BreadcrumbList","@id":"https:\/\/www.cec.org\/es\/temas\/ecosistemas\/conservacion-de-la-mariposa-monarca-y-otras-especies-polinizadoras\/#breadcrumb","itemListElement":[{"@type":"ListItem","position":1,"name":"Inicio","item":"https:\/\/www.cec.org\/es\/"},{"@type":"ListItem","position":2,"name":"Temas","item":"https:\/\/www.cec.org\/es\/temas\/"},{"@type":"ListItem","position":3,"name":"Ecosistemas","item":"https:\/\/www.cec.org\/es\/temas\/ecosistemas\/"},{"@type":"ListItem","position":4,"name":"Conservaci\u00f3n de la mariposa monarca y otras especies polinizadoras"}]},{"@type":"WebSite","@id":"https:\/\/www.cec.org\/es\/#website","url":"https:\/\/www.cec.org\/es\/","name":"Commission for Environmental Cooperation","description":"Three countries working together to protect our shared environment","alternateName":"CEC - CCA -CCE","potentialAction":[{"@type":"SearchAction","target":{"@type":"EntryPoint","urlTemplate":"https:\/\/www.cec.org\/es\/?s={search_term_string}"},"query-input":{"@type":"PropertyValueSpecification","valueRequired":true,"valueName":"search_term_string"}}],"inLanguage":"es"}]}},"_links":{"self":[{"href":"https:\/\/www.cec.org\/es\/wp-json\/wp\/v2\/pages\/54539","targetHints":{"allow":["GET"]}}],"collection":[{"href":"https:\/\/www.cec.org\/es\/wp-json\/wp\/v2\/pages"}],"about":[{"href":"https:\/\/www.cec.org\/es\/wp-json\/wp\/v2\/types\/page"}],"author":[{"embeddable":true,"href":"https:\/\/www.cec.org\/es\/wp-json\/wp\/v2\/users\/1"}],"replies":[{"embeddable":true,"href":"https:\/\/www.cec.org\/es\/wp-json\/wp\/v2\/comments?post=54539"}],"version-history":[{"count":1,"href":"https:\/\/www.cec.org\/es\/wp-json\/wp\/v2\/pages\/54539\/revisions"}],"predecessor-version":[{"id":54540,"href":"https:\/\/www.cec.org\/es\/wp-json\/wp\/v2\/pages\/54539\/revisions\/54540"}],"up":[{"embeddable":true,"href":"https:\/\/www.cec.org\/es\/wp-json\/wp\/v2\/pages\/55193"}],"wp:featuredmedia":[{"embeddable":true,"href":"https:\/\/www.cec.org\/es\/wp-json\/wp\/v2\/media\/36046"}],"wp:attachment":[{"href":"https:\/\/www.cec.org\/es\/wp-json\/wp\/v2\/media?parent=54539"}],"curies":[{"name":"wp","href":"https:\/\/api.w.org\/{rel}","templated":true}]}}