{"id":54534,"date":"2024-03-25T13:16:10","date_gmt":"2024-03-25T17:16:10","guid":{"rendered":"http:\/\/www.cec.org\/reduccion-de-la-basura-marina\/"},"modified":"2026-04-11T17:45:41","modified_gmt":"2026-04-11T21:45:41","slug":"reduccion-de-la-basura-marina","status":"publish","type":"page","link":"https:\/\/www.cec.org\/es\/temas\/ecosistemas\/reduccion-de-la-basura-marina\/","title":{"rendered":"Reducci\u00f3n de la basura marina"},"content":{"rendered":"<p>Canad\u00e1, Estados Unidos y M\u00e9xico son importantes generadores de basura marina de origen terrestre. Los desechos comunes, resultantes de los bienes que d\u00eda a d\u00eda consumimos, lo mismo en sitios costeros que en asentamientos tierra adentro, conforman la mayor parte de la basura que contamina nuestros cuerpos de agua y termina en el mar.<\/p>\n<p>Nuestro trabajo busca educar y dotar a las comunidades locales de mayores capacidades de gesti\u00f3n para prevenir, minimizar y manejar los desechos antes de que \u00e9stos lleguen a cuerpos de agua y oc\u00e9anos.<\/p>\n","protected":false},"excerpt":{"rendered":"<p>Canad\u00e1, Estados Unidos y M\u00e9xico son importantes generadores de basura marina de origen terrestre. Los desechos comunes, resultantes de los bienes que d\u00eda a d\u00eda consumimos, lo mismo en sitios costeros que en asentamientos tierra adentro, conforman la mayor parte de la basura que contamina nuestros cuerpos de agua y termina en el mar. Nuestro [&hellip;]<\/p>\n","protected":false},"author":1,"featured_media":41995,"parent":55193,"menu_order":0,"comment_status":"closed","ping_status":"closed","template":"page-2024subtopics.php","meta":{"_acf_changed":false,"footnotes":""},"class_list":["post-54534","page","type-page","status-publish","has-post-thumbnail","hentry"],"acf":[],"yoast_head":"<!-- This site is optimized with the Yoast SEO Premium plugin v27.4 (Yoast SEO v27.4) - https:\/\/yoast.com\/product\/yoast-seo-premium-wordpress\/ -->\n<title>Reducci\u00f3n de la basura marina<\/title>\n<meta name=\"description\" content=\"Canad\u00e1, Estados Unidos y M\u00e9xico son importantes generadores de basura marina de origen terrestre. Los desechos comunes, resultantes de los bienes que d\u00eda\" \/>\n<meta name=\"robots\" content=\"index, follow, max-snippet:-1, max-image-preview:large, max-video-preview:-1\" \/>\n<link rel=\"canonical\" href=\"https:\/\/www.cec.org\/es\/temas\/ecosistemas\/reduccion-de-la-basura-marina\/\" \/>\n<meta property=\"og:locale\" content=\"es_ES\" \/>\n<meta property=\"og:type\" content=\"article\" \/>\n<meta property=\"og:title\" content=\"Reducci\u00f3n de la basura marina\" \/>\n<meta property=\"og:description\" content=\"Canad\u00e1, Estados Unidos y M\u00e9xico son importantes generadores de basura marina de origen terrestre. Los desechos comunes, resultantes de los bienes que d\u00eda\" \/>\n<meta property=\"og:url\" content=\"https:\/\/www.cec.org\/es\/temas\/ecosistemas\/reduccion-de-la-basura-marina\/\" \/>\n<meta property=\"og:site_name\" content=\"Comisi\u00f3n para la Cooperaci\u00f3n Ambiental\" \/>\n<meta property=\"article:publisher\" content=\"https:\/\/www.facebook.com\/CECconnect\" \/>\n<meta property=\"article:modified_time\" content=\"2026-04-11T21:45:41+00:00\" \/>\n<meta property=\"og:image\" content=\"https:\/\/www.cec.org\/wp-content\/uploads\/marine-litter-thumbnail.jpg\" \/>\n\t<meta property=\"og:image:width\" content=\"600\" \/>\n\t<meta property=\"og:image:height\" content=\"342\" \/>\n\t<meta property=\"og:image:type\" content=\"image\/jpeg\" \/>\n<meta name=\"twitter:card\" content=\"summary_large_image\" \/>\n<meta name=\"twitter:site\" content=\"@CECweb\" \/>\n<script type=\"application\/ld+json\" class=\"yoast-schema-graph\">{\"@context\":\"https:\\\/\\\/schema.org\",\"@graph\":[{\"@type\":\"WebPage\",\"@id\":\"https:\\\/\\\/www.cec.org\\\/es\\\/temas\\\/ecosistemas\\\/reduccion-de-la-basura-marina\\\/\",\"url\":\"https:\\\/\\\/www.cec.org\\\/es\\\/temas\\\/ecosistemas\\\/reduccion-de-la-basura-marina\\\/\",\"name\":\"Reducci\u00f3n de la basura marina\",\"isPartOf\":{\"@id\":\"https:\\\/\\\/www.cec.org\\\/es\\\/#website\"},\"primaryImageOfPage\":{\"@id\":\"https:\\\/\\\/www.cec.org\\\/es\\\/temas\\\/ecosistemas\\\/reduccion-de-la-basura-marina\\\/#primaryimage\"},\"image\":{\"@id\":\"https:\\\/\\\/www.cec.org\\\/es\\\/temas\\\/ecosistemas\\\/reduccion-de-la-basura-marina\\\/#primaryimage\"},\"thumbnailUrl\":\"https:\\\/\\\/www.cec.org\\\/wp-content\\\/uploads\\\/marine-litter-thumbnail.jpg\",\"datePublished\":\"2024-03-25T17:16:10+00:00\",\"dateModified\":\"2026-04-11T21:45:41+00:00\",\"description\":\"Canad\u00e1, Estados Unidos y M\u00e9xico son importantes generadores de basura marina de origen terrestre. Los desechos comunes, resultantes de los bienes que d\u00eda\",\"breadcrumb\":{\"@id\":\"https:\\\/\\\/www.cec.org\\\/es\\\/temas\\\/ecosistemas\\\/reduccion-de-la-basura-marina\\\/#breadcrumb\"},\"inLanguage\":\"es\",\"potentialAction\":[{\"@type\":\"ReadAction\",\"target\":[\"https:\\\/\\\/www.cec.org\\\/es\\\/temas\\\/ecosistemas\\\/reduccion-de-la-basura-marina\\\/\"]}]},{\"@type\":\"ImageObject\",\"inLanguage\":\"es\",\"@id\":\"https:\\\/\\\/www.cec.org\\\/es\\\/temas\\\/ecosistemas\\\/reduccion-de-la-basura-marina\\\/#primaryimage\",\"url\":\"https:\\\/\\\/www.cec.org\\\/wp-content\\\/uploads\\\/marine-litter-thumbnail.jpg\",\"contentUrl\":\"https:\\\/\\\/www.cec.org\\\/wp-content\\\/uploads\\\/marine-litter-thumbnail.jpg\",\"width\":600,\"height\":342,\"caption\":\"Solutions to Marine Litter\"},{\"@type\":\"BreadcrumbList\",\"@id\":\"https:\\\/\\\/www.cec.org\\\/es\\\/temas\\\/ecosistemas\\\/reduccion-de-la-basura-marina\\\/#breadcrumb\",\"itemListElement\":[{\"@type\":\"ListItem\",\"position\":1,\"name\":\"Inicio\",\"item\":\"https:\\\/\\\/www.cec.org\\\/es\\\/\"},{\"@type\":\"ListItem\",\"position\":2,\"name\":\"Temas\",\"item\":\"https:\\\/\\\/www.cec.org\\\/es\\\/temas\\\/\"},{\"@type\":\"ListItem\",\"position\":3,\"name\":\"Ecosistemas\",\"item\":\"https:\\\/\\\/www.cec.org\\\/es\\\/topics\\\/ecosystems\\\/\"},{\"@type\":\"ListItem\",\"position\":4,\"name\":\"Reducci\u00f3n de la basura marina\"}]},{\"@type\":\"WebSite\",\"@id\":\"https:\\\/\\\/www.cec.org\\\/es\\\/#website\",\"url\":\"https:\\\/\\\/www.cec.org\\\/es\\\/\",\"name\":\"Commission for Environmental Cooperation\",\"description\":\"Three countries working together to protect our shared environment\",\"alternateName\":\"CEC - CCA -CCE\",\"potentialAction\":[{\"@type\":\"SearchAction\",\"target\":{\"@type\":\"EntryPoint\",\"urlTemplate\":\"https:\\\/\\\/www.cec.org\\\/es\\\/?s={search_term_string}\"},\"query-input\":{\"@type\":\"PropertyValueSpecification\",\"valueRequired\":true,\"valueName\":\"search_term_string\"}}],\"inLanguage\":\"es\"}]}<\/script>\n<!-- \/ Yoast SEO Premium plugin. -->","yoast_head_json":{"title":"Reducci\u00f3n de la basura marina","description":"Canad\u00e1, Estados Unidos y M\u00e9xico son importantes generadores de basura marina de origen terrestre. Los desechos comunes, resultantes de los bienes que d\u00eda","robots":{"index":"index","follow":"follow","max-snippet":"max-snippet:-1","max-image-preview":"max-image-preview:large","max-video-preview":"max-video-preview:-1"},"canonical":"https:\/\/www.cec.org\/es\/temas\/ecosistemas\/reduccion-de-la-basura-marina\/","og_locale":"es_ES","og_type":"article","og_title":"Reducci\u00f3n de la basura marina","og_description":"Canad\u00e1, Estados Unidos y M\u00e9xico son importantes generadores de basura marina de origen terrestre. Los desechos comunes, resultantes de los bienes que d\u00eda","og_url":"https:\/\/www.cec.org\/es\/temas\/ecosistemas\/reduccion-de-la-basura-marina\/","og_site_name":"Comisi\u00f3n para la Cooperaci\u00f3n Ambiental","article_publisher":"https:\/\/www.facebook.com\/CECconnect","article_modified_time":"2026-04-11T21:45:41+00:00","og_image":[{"width":600,"height":342,"url":"https:\/\/www.cec.org\/wp-content\/uploads\/marine-litter-thumbnail.jpg","type":"image\/jpeg"}],"twitter_card":"summary_large_image","twitter_site":"@CECweb","schema":{"@context":"https:\/\/schema.org","@graph":[{"@type":"WebPage","@id":"https:\/\/www.cec.org\/es\/temas\/ecosistemas\/reduccion-de-la-basura-marina\/","url":"https:\/\/www.cec.org\/es\/temas\/ecosistemas\/reduccion-de-la-basura-marina\/","name":"Reducci\u00f3n de la basura marina","isPartOf":{"@id":"https:\/\/www.cec.org\/es\/#website"},"primaryImageOfPage":{"@id":"https:\/\/www.cec.org\/es\/temas\/ecosistemas\/reduccion-de-la-basura-marina\/#primaryimage"},"image":{"@id":"https:\/\/www.cec.org\/es\/temas\/ecosistemas\/reduccion-de-la-basura-marina\/#primaryimage"},"thumbnailUrl":"https:\/\/www.cec.org\/wp-content\/uploads\/marine-litter-thumbnail.jpg","datePublished":"2024-03-25T17:16:10+00:00","dateModified":"2026-04-11T21:45:41+00:00","description":"Canad\u00e1, Estados Unidos y M\u00e9xico son importantes generadores de basura marina de origen terrestre. Los desechos comunes, resultantes de los bienes que d\u00eda","breadcrumb":{"@id":"https:\/\/www.cec.org\/es\/temas\/ecosistemas\/reduccion-de-la-basura-marina\/#breadcrumb"},"inLanguage":"es","potentialAction":[{"@type":"ReadAction","target":["https:\/\/www.cec.org\/es\/temas\/ecosistemas\/reduccion-de-la-basura-marina\/"]}]},{"@type":"ImageObject","inLanguage":"es","@id":"https:\/\/www.cec.org\/es\/temas\/ecosistemas\/reduccion-de-la-basura-marina\/#primaryimage","url":"https:\/\/www.cec.org\/wp-content\/uploads\/marine-litter-thumbnail.jpg","contentUrl":"https:\/\/www.cec.org\/wp-content\/uploads\/marine-litter-thumbnail.jpg","width":600,"height":342,"caption":"Solutions to Marine Litter"},{"@type":"BreadcrumbList","@id":"https:\/\/www.cec.org\/es\/temas\/ecosistemas\/reduccion-de-la-basura-marina\/#breadcrumb","itemListElement":[{"@type":"ListItem","position":1,"name":"Inicio","item":"https:\/\/www.cec.org\/es\/"},{"@type":"ListItem","position":2,"name":"Temas","item":"https:\/\/www.cec.org\/es\/temas\/"},{"@type":"ListItem","position":3,"name":"Ecosistemas","item":"https:\/\/www.cec.org\/es\/topics\/ecosystems\/"},{"@type":"ListItem","position":4,"name":"Reducci\u00f3n de la basura marina"}]},{"@type":"WebSite","@id":"https:\/\/www.cec.org\/es\/#website","url":"https:\/\/www.cec.org\/es\/","name":"Commission for Environmental Cooperation","description":"Three countries working together to protect our shared environment","alternateName":"CEC - CCA -CCE","potentialAction":[{"@type":"SearchAction","target":{"@type":"EntryPoint","urlTemplate":"https:\/\/www.cec.org\/es\/?s={search_term_string}"},"query-input":{"@type":"PropertyValueSpecification","valueRequired":true,"valueName":"search_term_string"}}],"inLanguage":"es"}]}},"_links":{"self":[{"href":"https:\/\/www.cec.org\/es\/wp-json\/wp\/v2\/pages\/54534","targetHints":{"allow":["GET"]}}],"collection":[{"href":"https:\/\/www.cec.org\/es\/wp-json\/wp\/v2\/pages"}],"about":[{"href":"https:\/\/www.cec.org\/es\/wp-json\/wp\/v2\/types\/page"}],"author":[{"embeddable":true,"href":"https:\/\/www.cec.org\/es\/wp-json\/wp\/v2\/users\/1"}],"replies":[{"embeddable":true,"href":"https:\/\/www.cec.org\/es\/wp-json\/wp\/v2\/comments?post=54534"}],"version-history":[{"count":1,"href":"https:\/\/www.cec.org\/es\/wp-json\/wp\/v2\/pages\/54534\/revisions"}],"predecessor-version":[{"id":54756,"href":"https:\/\/www.cec.org\/es\/wp-json\/wp\/v2\/pages\/54534\/revisions\/54756"}],"up":[{"embeddable":true,"href":"https:\/\/www.cec.org\/es\/wp-json\/wp\/v2\/pages\/55193"}],"wp:featuredmedia":[{"embeddable":true,"href":"https:\/\/www.cec.org\/es\/wp-json\/wp\/v2\/media\/41995"}],"wp:attachment":[{"href":"https:\/\/www.cec.org\/es\/wp-json\/wp\/v2\/media?parent=54534"}],"curies":[{"name":"wp","href":"https:\/\/api.w.org\/{rel}","templated":true}]}}