{"id":54495,"date":"2024-03-18T14:41:13","date_gmt":"2024-03-18T18:41:13","guid":{"rendered":"http:\/\/www.cec.org\/mayor-acceso-a-informacion-sobre-el-cambio-climatico\/"},"modified":"2026-04-11T14:22:38","modified_gmt":"2026-04-11T18:22:38","slug":"mayor-acceso-a-informacion-sobre-el-cambio-climatico","status":"publish","type":"page","link":"https:\/\/www.cec.org\/es\/temas\/cambio-climatico\/mayor-acceso-a-informacion-sobre-el-cambio-climatico\/","title":{"rendered":"Mayor acceso a informaci\u00f3n sobre el cambio clim\u00e1tico"},"content":{"rendered":"<p>A fin de minimizar los efectos del cambio clim\u00e1tico en las comunidades, nuestros tres pa\u00edses colaboran en la expansi\u00f3n de redes de observadores que toman parte en iniciativas de ciencia comunitaria. Los datos recogidos, en forma tanto individual como colectiva, contribuyen a subsanar deficiencias en tareas de monitoreo, as\u00ed como educar a comunidades; apoyar capacidades de observaci\u00f3n en los \u00e1mbitos federal y subnacional, y mejorar los procesos de toma de decisiones y preparaci\u00f3n.<\/p>\n","protected":false},"excerpt":{"rendered":"<p>A fin de minimizar los efectos del cambio clim\u00e1tico en las comunidades, nuestros tres pa\u00edses colaboran en la expansi\u00f3n de redes de observadores que toman parte en iniciativas de ciencia comunitaria. Los datos recogidos, en forma tanto individual como colectiva, contribuyen a subsanar deficiencias en tareas de monitoreo, as\u00ed como educar a comunidades; apoyar capacidades [&hellip;]<\/p>\n","protected":false},"author":1,"featured_media":36280,"parent":55195,"menu_order":0,"comment_status":"closed","ping_status":"closed","template":"page-2024subtopics.php","meta":{"_acf_changed":false,"footnotes":""},"class_list":["post-54495","page","type-page","status-publish","has-post-thumbnail","hentry"],"acf":[],"yoast_head":"<!-- This site is optimized with the Yoast SEO Premium plugin v27.0 (Yoast SEO v27.0) - https:\/\/yoast.com\/product\/yoast-seo-premium-wordpress\/ -->\n<title>Mayor acceso a informaci\u00f3n sobre el cambio clim\u00e1tico<\/title>\n<meta name=\"description\" content=\"Redes comunitarias de observadores cient\u00edficos como soluci\u00f3n a los impactos del cambio clim\u00e1tico. Ayude a mejorar los esfuerzos de seguimiento, educaci\u00f3n y toma de decisiones.\" \/>\n<meta name=\"robots\" content=\"index, follow, max-snippet:-1, max-image-preview:large, max-video-preview:-1\" \/>\n<link rel=\"canonical\" href=\"https:\/\/www.cec.org\/es\/temas\/cambio-climatico\/mayor-acceso-a-informacion-sobre-el-cambio-climatico\/\" \/>\n<meta property=\"og:locale\" content=\"es_ES\" \/>\n<meta property=\"og:type\" content=\"article\" \/>\n<meta property=\"og:title\" content=\"Mayor acceso a informaci\u00f3n sobre el cambio clim\u00e1tico\" \/>\n<meta property=\"og:description\" content=\"A fin de minimizar los efectos del cambio clim\u00e1tico en las comunidades, nuestros tres pa\u00edses colaboran en la expansi\u00f3n de redes de observadores que toman\" \/>\n<meta property=\"og:url\" content=\"https:\/\/www.cec.org\/es\/temas\/cambio-climatico\/mayor-acceso-a-informacion-sobre-el-cambio-climatico\/\" \/>\n<meta property=\"og:site_name\" content=\"Comisi\u00f3n para la Cooperaci\u00f3n Ambiental\" \/>\n<meta property=\"article:publisher\" content=\"https:\/\/www.facebook.com\/CECconnect\" \/>\n<meta property=\"article:modified_time\" content=\"2026-04-11T18:22:38+00:00\" \/>\n<meta property=\"og:image\" content=\"https:\/\/www.cec.org\/wp-content\/uploads\/cc-information-thumbnail.jpg\" \/>\n\t<meta property=\"og:image:width\" content=\"600\" \/>\n\t<meta property=\"og:image:height\" content=\"342\" \/>\n\t<meta property=\"og:image:type\" content=\"image\/jpeg\" \/>\n<meta name=\"twitter:card\" content=\"summary_large_image\" \/>\n<meta name=\"twitter:site\" content=\"@CECweb\" \/>\n<script type=\"application\/ld+json\" class=\"yoast-schema-graph\">{\"@context\":\"https:\/\/schema.org\",\"@graph\":[{\"@type\":\"WebPage\",\"@id\":\"https:\/\/www.cec.org\/es\/temas\/cambio-climatico\/mayor-acceso-a-informacion-sobre-el-cambio-climatico\/\",\"url\":\"https:\/\/www.cec.org\/es\/temas\/cambio-climatico\/mayor-acceso-a-informacion-sobre-el-cambio-climatico\/\",\"name\":\"Mayor acceso a informaci\u00f3n sobre el cambio clim\u00e1tico\",\"isPartOf\":{\"@id\":\"https:\/\/www.cec.org\/es\/#website\"},\"primaryImageOfPage\":{\"@id\":\"https:\/\/www.cec.org\/es\/temas\/cambio-climatico\/mayor-acceso-a-informacion-sobre-el-cambio-climatico\/#primaryimage\"},\"image\":{\"@id\":\"https:\/\/www.cec.org\/es\/temas\/cambio-climatico\/mayor-acceso-a-informacion-sobre-el-cambio-climatico\/#primaryimage\"},\"thumbnailUrl\":\"https:\/\/www.cec.org\/wp-content\/uploads\/cc-information-thumbnail.jpg\",\"datePublished\":\"2024-03-18T18:41:13+00:00\",\"dateModified\":\"2026-04-11T18:22:38+00:00\",\"description\":\"Redes comunitarias de observadores cient\u00edficos como soluci\u00f3n a los impactos del cambio clim\u00e1tico. Ayude a mejorar los esfuerzos de seguimiento, educaci\u00f3n y toma de decisiones.\",\"breadcrumb\":{\"@id\":\"https:\/\/www.cec.org\/es\/temas\/cambio-climatico\/mayor-acceso-a-informacion-sobre-el-cambio-climatico\/#breadcrumb\"},\"inLanguage\":\"es\",\"potentialAction\":[{\"@type\":\"ReadAction\",\"target\":[\"https:\/\/www.cec.org\/es\/temas\/cambio-climatico\/mayor-acceso-a-informacion-sobre-el-cambio-climatico\/\"]}]},{\"@type\":\"ImageObject\",\"inLanguage\":\"es\",\"@id\":\"https:\/\/www.cec.org\/es\/temas\/cambio-climatico\/mayor-acceso-a-informacion-sobre-el-cambio-climatico\/#primaryimage\",\"url\":\"https:\/\/www.cec.org\/wp-content\/uploads\/cc-information-thumbnail.jpg\",\"contentUrl\":\"https:\/\/www.cec.org\/wp-content\/uploads\/cc-information-thumbnail.jpg\",\"width\":600,\"height\":342,\"caption\":\"Our Work on Improving Access to Climate Change Information\"},{\"@type\":\"BreadcrumbList\",\"@id\":\"https:\/\/www.cec.org\/es\/temas\/cambio-climatico\/mayor-acceso-a-informacion-sobre-el-cambio-climatico\/#breadcrumb\",\"itemListElement\":[{\"@type\":\"ListItem\",\"position\":1,\"name\":\"Inicio\",\"item\":\"https:\/\/www.cec.org\/es\/\"},{\"@type\":\"ListItem\",\"position\":2,\"name\":\"Temas\",\"item\":\"https:\/\/www.cec.org\/es\/temas\/\"},{\"@type\":\"ListItem\",\"position\":3,\"name\":\"Cambio clim\u00e1tico\",\"item\":\"https:\/\/www.cec.org\/es\/topics\/climate-change\/\"},{\"@type\":\"ListItem\",\"position\":4,\"name\":\"Mayor acceso a informaci\u00f3n sobre el cambio clim\u00e1tico\"}]},{\"@type\":\"WebSite\",\"@id\":\"https:\/\/www.cec.org\/es\/#website\",\"url\":\"https:\/\/www.cec.org\/es\/\",\"name\":\"Commission for Environmental Cooperation\",\"description\":\"Three countries working together to protect our shared environment\",\"alternateName\":\"CEC - CCA -CCE\",\"potentialAction\":[{\"@type\":\"SearchAction\",\"target\":{\"@type\":\"EntryPoint\",\"urlTemplate\":\"https:\/\/www.cec.org\/es\/?s={search_term_string}\"},\"query-input\":{\"@type\":\"PropertyValueSpecification\",\"valueRequired\":true,\"valueName\":\"search_term_string\"}}],\"inLanguage\":\"es\"}]}<\/script>\n<!-- \/ Yoast SEO Premium plugin. -->","yoast_head_json":{"title":"Mayor acceso a informaci\u00f3n sobre el cambio clim\u00e1tico","description":"Redes comunitarias de observadores cient\u00edficos como soluci\u00f3n a los impactos del cambio clim\u00e1tico. Ayude a mejorar los esfuerzos de seguimiento, educaci\u00f3n y toma de decisiones.","robots":{"index":"index","follow":"follow","max-snippet":"max-snippet:-1","max-image-preview":"max-image-preview:large","max-video-preview":"max-video-preview:-1"},"canonical":"https:\/\/www.cec.org\/es\/temas\/cambio-climatico\/mayor-acceso-a-informacion-sobre-el-cambio-climatico\/","og_locale":"es_ES","og_type":"article","og_title":"Mayor acceso a informaci\u00f3n sobre el cambio clim\u00e1tico","og_description":"A fin de minimizar los efectos del cambio clim\u00e1tico en las comunidades, nuestros tres pa\u00edses colaboran en la expansi\u00f3n de redes de observadores que toman","og_url":"https:\/\/www.cec.org\/es\/temas\/cambio-climatico\/mayor-acceso-a-informacion-sobre-el-cambio-climatico\/","og_site_name":"Comisi\u00f3n para la Cooperaci\u00f3n Ambiental","article_publisher":"https:\/\/www.facebook.com\/CECconnect","article_modified_time":"2026-04-11T18:22:38+00:00","og_image":[{"width":600,"height":342,"url":"https:\/\/www.cec.org\/wp-content\/uploads\/cc-information-thumbnail.jpg","type":"image\/jpeg"}],"twitter_card":"summary_large_image","twitter_site":"@CECweb","schema":{"@context":"https:\/\/schema.org","@graph":[{"@type":"WebPage","@id":"https:\/\/www.cec.org\/es\/temas\/cambio-climatico\/mayor-acceso-a-informacion-sobre-el-cambio-climatico\/","url":"https:\/\/www.cec.org\/es\/temas\/cambio-climatico\/mayor-acceso-a-informacion-sobre-el-cambio-climatico\/","name":"Mayor acceso a informaci\u00f3n sobre el cambio clim\u00e1tico","isPartOf":{"@id":"https:\/\/www.cec.org\/es\/#website"},"primaryImageOfPage":{"@id":"https:\/\/www.cec.org\/es\/temas\/cambio-climatico\/mayor-acceso-a-informacion-sobre-el-cambio-climatico\/#primaryimage"},"image":{"@id":"https:\/\/www.cec.org\/es\/temas\/cambio-climatico\/mayor-acceso-a-informacion-sobre-el-cambio-climatico\/#primaryimage"},"thumbnailUrl":"https:\/\/www.cec.org\/wp-content\/uploads\/cc-information-thumbnail.jpg","datePublished":"2024-03-18T18:41:13+00:00","dateModified":"2026-04-11T18:22:38+00:00","description":"Redes comunitarias de observadores cient\u00edficos como soluci\u00f3n a los impactos del cambio clim\u00e1tico. Ayude a mejorar los esfuerzos de seguimiento, educaci\u00f3n y toma de decisiones.","breadcrumb":{"@id":"https:\/\/www.cec.org\/es\/temas\/cambio-climatico\/mayor-acceso-a-informacion-sobre-el-cambio-climatico\/#breadcrumb"},"inLanguage":"es","potentialAction":[{"@type":"ReadAction","target":["https:\/\/www.cec.org\/es\/temas\/cambio-climatico\/mayor-acceso-a-informacion-sobre-el-cambio-climatico\/"]}]},{"@type":"ImageObject","inLanguage":"es","@id":"https:\/\/www.cec.org\/es\/temas\/cambio-climatico\/mayor-acceso-a-informacion-sobre-el-cambio-climatico\/#primaryimage","url":"https:\/\/www.cec.org\/wp-content\/uploads\/cc-information-thumbnail.jpg","contentUrl":"https:\/\/www.cec.org\/wp-content\/uploads\/cc-information-thumbnail.jpg","width":600,"height":342,"caption":"Our Work on Improving Access to Climate Change Information"},{"@type":"BreadcrumbList","@id":"https:\/\/www.cec.org\/es\/temas\/cambio-climatico\/mayor-acceso-a-informacion-sobre-el-cambio-climatico\/#breadcrumb","itemListElement":[{"@type":"ListItem","position":1,"name":"Inicio","item":"https:\/\/www.cec.org\/es\/"},{"@type":"ListItem","position":2,"name":"Temas","item":"https:\/\/www.cec.org\/es\/temas\/"},{"@type":"ListItem","position":3,"name":"Cambio clim\u00e1tico","item":"https:\/\/www.cec.org\/es\/topics\/climate-change\/"},{"@type":"ListItem","position":4,"name":"Mayor acceso a informaci\u00f3n sobre el cambio clim\u00e1tico"}]},{"@type":"WebSite","@id":"https:\/\/www.cec.org\/es\/#website","url":"https:\/\/www.cec.org\/es\/","name":"Commission for Environmental Cooperation","description":"Three countries working together to protect our shared environment","alternateName":"CEC - CCA -CCE","potentialAction":[{"@type":"SearchAction","target":{"@type":"EntryPoint","urlTemplate":"https:\/\/www.cec.org\/es\/?s={search_term_string}"},"query-input":{"@type":"PropertyValueSpecification","valueRequired":true,"valueName":"search_term_string"}}],"inLanguage":"es"}]}},"_links":{"self":[{"href":"https:\/\/www.cec.org\/es\/wp-json\/wp\/v2\/pages\/54495","targetHints":{"allow":["GET"]}}],"collection":[{"href":"https:\/\/www.cec.org\/es\/wp-json\/wp\/v2\/pages"}],"about":[{"href":"https:\/\/www.cec.org\/es\/wp-json\/wp\/v2\/types\/page"}],"author":[{"embeddable":true,"href":"https:\/\/www.cec.org\/es\/wp-json\/wp\/v2\/users\/1"}],"replies":[{"embeddable":true,"href":"https:\/\/www.cec.org\/es\/wp-json\/wp\/v2\/comments?post=54495"}],"version-history":[{"count":1,"href":"https:\/\/www.cec.org\/es\/wp-json\/wp\/v2\/pages\/54495\/revisions"}],"predecessor-version":[{"id":55198,"href":"https:\/\/www.cec.org\/es\/wp-json\/wp\/v2\/pages\/54495\/revisions\/55198"}],"up":[{"embeddable":true,"href":"https:\/\/www.cec.org\/es\/wp-json\/wp\/v2\/pages\/55195"}],"wp:featuredmedia":[{"embeddable":true,"href":"https:\/\/www.cec.org\/es\/wp-json\/wp\/v2\/media\/36280"}],"wp:attachment":[{"href":"https:\/\/www.cec.org\/es\/wp-json\/wp\/v2\/media?parent=54495"}],"curies":[{"name":"wp","href":"https:\/\/api.w.org\/{rel}","templated":true}]}}