{"id":54491,"date":"2024-03-18T14:04:35","date_gmt":"2024-03-18T18:04:35","guid":{"rendered":"http:\/\/www.cec.org\/fortalecimiento-de-la-resiliencia-frente-a-eventos-extremos-y-efectos-del-cambio-climatico\/"},"modified":"2026-04-11T14:20:51","modified_gmt":"2026-04-11T18:20:51","slug":"fortalecimiento-de-la-resiliencia-frente-a-eventos-extremos-y-efectos-del-cambio-climatico","status":"publish","type":"page","link":"https:\/\/www.cec.org\/es\/temas\/cambio-climatico\/fortalecimiento-de-la-resiliencia-frente-a-eventos-extremos-y-efectos-del-cambio-climatico\/","title":{"rendered":"Fortalecimiento de la resiliencia frente a eventos extremos y efectos del cambio clim\u00e1tico"},"content":{"rendered":"<p>Los eventos naturales extremos no respetan fronteras y suelen ser catastr\u00f3ficos para las comunidades. Adem\u00e1s, pueden afectar gravemente la salud, la seguridad, el bienestar, los medios de subsistencia, la agricultura, el comercio, los ecosistemas, el aire y el agua. Al intercambiar mejores pr\u00e1cticas, recursos y capacidades, nuestros tres pa\u00edses trabajan conjuntamente con miras a mejorar la resiliencia tanto de nuestras comunidades como de nuestros ecosistemas compartidos y, as\u00ed, minimizar los efectos de estos fen\u00f3menos.<\/p>\n","protected":false},"excerpt":{"rendered":"<p>Los eventos naturales extremos no respetan fronteras y suelen ser catastr\u00f3ficos para las comunidades. Adem\u00e1s, pueden afectar gravemente la salud, la seguridad, el bienestar, los medios de subsistencia, la agricultura, el comercio, los ecosistemas, el aire y el agua. Al intercambiar mejores pr\u00e1cticas, recursos y capacidades, nuestros tres pa\u00edses trabajan conjuntamente con miras a mejorar [&hellip;]<\/p>\n","protected":false},"author":1,"featured_media":36343,"parent":55195,"menu_order":0,"comment_status":"closed","ping_status":"closed","template":"page-2024subtopics.php","meta":{"_acf_changed":false,"footnotes":""},"class_list":["post-54491","page","type-page","status-publish","has-post-thumbnail","hentry"],"acf":[],"yoast_head":"<!-- This site is optimized with the Yoast SEO Premium plugin v27.4 (Yoast SEO v27.4) - https:\/\/yoast.com\/product\/yoast-seo-premium-wordpress\/ -->\n<title>resiliencia frente a eventos extremos<\/title>\n<meta name=\"description\" content=\"Los eventos naturales extremos no respetan fronteras y suelen ser catastr\u00f3ficos para las comunidades. Adem\u00e1s, pueden afectar gravemente la salud...\" \/>\n<meta name=\"robots\" content=\"index, follow, max-snippet:-1, max-image-preview:large, max-video-preview:-1\" \/>\n<link rel=\"canonical\" href=\"https:\/\/www.cec.org\/es\/temas\/cambio-climatico\/fortalecimiento-de-la-resiliencia-frente-a-eventos-extremos-y-efectos-del-cambio-climatico\/\" \/>\n<meta property=\"og:locale\" content=\"es_ES\" \/>\n<meta property=\"og:type\" content=\"article\" \/>\n<meta property=\"og:title\" content=\"Fortalecimiento de la resiliencia frente a eventos extremos y efectos del cambio clim\u00e1tico\" \/>\n<meta property=\"og:description\" content=\"Los eventos naturales extremos no respetan fronteras y suelen ser catastr\u00f3ficos para las comunidades. Adem\u00e1s, pueden afectar gravemente la salud, la\" \/>\n<meta property=\"og:url\" content=\"https:\/\/www.cec.org\/es\/temas\/cambio-climatico\/fortalecimiento-de-la-resiliencia-frente-a-eventos-extremos-y-efectos-del-cambio-climatico\/\" \/>\n<meta property=\"og:site_name\" content=\"Comisi\u00f3n para la Cooperaci\u00f3n Ambiental\" \/>\n<meta property=\"article:publisher\" content=\"https:\/\/www.facebook.com\/CECconnect\" \/>\n<meta property=\"article:modified_time\" content=\"2026-04-11T18:20:51+00:00\" \/>\n<meta property=\"og:image\" content=\"https:\/\/www.cec.org\/wp-content\/uploads\/floods-thumbnail.jpg\" \/>\n\t<meta property=\"og:image:width\" content=\"600\" \/>\n\t<meta property=\"og:image:height\" content=\"342\" \/>\n\t<meta property=\"og:image:type\" content=\"image\/jpeg\" \/>\n<meta name=\"twitter:card\" content=\"summary_large_image\" \/>\n<meta name=\"twitter:site\" content=\"@CECweb\" \/>\n<script type=\"application\/ld+json\" class=\"yoast-schema-graph\">{\"@context\":\"https:\\\/\\\/schema.org\",\"@graph\":[{\"@type\":\"WebPage\",\"@id\":\"https:\\\/\\\/www.cec.org\\\/es\\\/temas\\\/cambio-climatico\\\/fortalecimiento-de-la-resiliencia-frente-a-eventos-extremos-y-efectos-del-cambio-climatico\\\/\",\"url\":\"https:\\\/\\\/www.cec.org\\\/es\\\/temas\\\/cambio-climatico\\\/fortalecimiento-de-la-resiliencia-frente-a-eventos-extremos-y-efectos-del-cambio-climatico\\\/\",\"name\":\"resiliencia frente a eventos extremos\",\"isPartOf\":{\"@id\":\"https:\\\/\\\/www.cec.org\\\/es\\\/#website\"},\"primaryImageOfPage\":{\"@id\":\"https:\\\/\\\/www.cec.org\\\/es\\\/temas\\\/cambio-climatico\\\/fortalecimiento-de-la-resiliencia-frente-a-eventos-extremos-y-efectos-del-cambio-climatico\\\/#primaryimage\"},\"image\":{\"@id\":\"https:\\\/\\\/www.cec.org\\\/es\\\/temas\\\/cambio-climatico\\\/fortalecimiento-de-la-resiliencia-frente-a-eventos-extremos-y-efectos-del-cambio-climatico\\\/#primaryimage\"},\"thumbnailUrl\":\"https:\\\/\\\/www.cec.org\\\/wp-content\\\/uploads\\\/floods-thumbnail.jpg\",\"datePublished\":\"2024-03-18T18:04:35+00:00\",\"dateModified\":\"2026-04-11T18:20:51+00:00\",\"description\":\"Los eventos naturales extremos no respetan fronteras y suelen ser catastr\u00f3ficos para las comunidades. Adem\u00e1s, pueden afectar gravemente la salud...\",\"breadcrumb\":{\"@id\":\"https:\\\/\\\/www.cec.org\\\/es\\\/temas\\\/cambio-climatico\\\/fortalecimiento-de-la-resiliencia-frente-a-eventos-extremos-y-efectos-del-cambio-climatico\\\/#breadcrumb\"},\"inLanguage\":\"es\",\"potentialAction\":[{\"@type\":\"ReadAction\",\"target\":[\"https:\\\/\\\/www.cec.org\\\/es\\\/temas\\\/cambio-climatico\\\/fortalecimiento-de-la-resiliencia-frente-a-eventos-extremos-y-efectos-del-cambio-climatico\\\/\"]}]},{\"@type\":\"ImageObject\",\"inLanguage\":\"es\",\"@id\":\"https:\\\/\\\/www.cec.org\\\/es\\\/temas\\\/cambio-climatico\\\/fortalecimiento-de-la-resiliencia-frente-a-eventos-extremos-y-efectos-del-cambio-climatico\\\/#primaryimage\",\"url\":\"https:\\\/\\\/www.cec.org\\\/wp-content\\\/uploads\\\/floods-thumbnail.jpg\",\"contentUrl\":\"https:\\\/\\\/www.cec.org\\\/wp-content\\\/uploads\\\/floods-thumbnail.jpg\",\"width\":600,\"height\":342,\"caption\":\"Improving Resilience to Extreme Events and Climate Impacts\"},{\"@type\":\"BreadcrumbList\",\"@id\":\"https:\\\/\\\/www.cec.org\\\/es\\\/temas\\\/cambio-climatico\\\/fortalecimiento-de-la-resiliencia-frente-a-eventos-extremos-y-efectos-del-cambio-climatico\\\/#breadcrumb\",\"itemListElement\":[{\"@type\":\"ListItem\",\"position\":1,\"name\":\"Inicio\",\"item\":\"https:\\\/\\\/www.cec.org\\\/es\\\/\"},{\"@type\":\"ListItem\",\"position\":2,\"name\":\"Temas\",\"item\":\"https:\\\/\\\/www.cec.org\\\/es\\\/temas\\\/\"},{\"@type\":\"ListItem\",\"position\":3,\"name\":\"Cambio clim\u00e1tico\",\"item\":\"https:\\\/\\\/www.cec.org\\\/es\\\/topics\\\/climate-change\\\/\"},{\"@type\":\"ListItem\",\"position\":4,\"name\":\"Fortalecimiento de la resiliencia frente a eventos extremos y efectos del cambio clim\u00e1tico\"}]},{\"@type\":\"WebSite\",\"@id\":\"https:\\\/\\\/www.cec.org\\\/es\\\/#website\",\"url\":\"https:\\\/\\\/www.cec.org\\\/es\\\/\",\"name\":\"Commission for Environmental Cooperation\",\"description\":\"Three countries working together to protect our shared environment\",\"alternateName\":\"CEC - CCA -CCE\",\"potentialAction\":[{\"@type\":\"SearchAction\",\"target\":{\"@type\":\"EntryPoint\",\"urlTemplate\":\"https:\\\/\\\/www.cec.org\\\/es\\\/?s={search_term_string}\"},\"query-input\":{\"@type\":\"PropertyValueSpecification\",\"valueRequired\":true,\"valueName\":\"search_term_string\"}}],\"inLanguage\":\"es\"}]}<\/script>\n<!-- \/ Yoast SEO Premium plugin. -->","yoast_head_json":{"title":"resiliencia frente a eventos extremos","description":"Los eventos naturales extremos no respetan fronteras y suelen ser catastr\u00f3ficos para las comunidades. Adem\u00e1s, pueden afectar gravemente la salud...","robots":{"index":"index","follow":"follow","max-snippet":"max-snippet:-1","max-image-preview":"max-image-preview:large","max-video-preview":"max-video-preview:-1"},"canonical":"https:\/\/www.cec.org\/es\/temas\/cambio-climatico\/fortalecimiento-de-la-resiliencia-frente-a-eventos-extremos-y-efectos-del-cambio-climatico\/","og_locale":"es_ES","og_type":"article","og_title":"Fortalecimiento de la resiliencia frente a eventos extremos y efectos del cambio clim\u00e1tico","og_description":"Los eventos naturales extremos no respetan fronteras y suelen ser catastr\u00f3ficos para las comunidades. Adem\u00e1s, pueden afectar gravemente la salud, la","og_url":"https:\/\/www.cec.org\/es\/temas\/cambio-climatico\/fortalecimiento-de-la-resiliencia-frente-a-eventos-extremos-y-efectos-del-cambio-climatico\/","og_site_name":"Comisi\u00f3n para la Cooperaci\u00f3n Ambiental","article_publisher":"https:\/\/www.facebook.com\/CECconnect","article_modified_time":"2026-04-11T18:20:51+00:00","og_image":[{"width":600,"height":342,"url":"https:\/\/www.cec.org\/wp-content\/uploads\/floods-thumbnail.jpg","type":"image\/jpeg"}],"twitter_card":"summary_large_image","twitter_site":"@CECweb","schema":{"@context":"https:\/\/schema.org","@graph":[{"@type":"WebPage","@id":"https:\/\/www.cec.org\/es\/temas\/cambio-climatico\/fortalecimiento-de-la-resiliencia-frente-a-eventos-extremos-y-efectos-del-cambio-climatico\/","url":"https:\/\/www.cec.org\/es\/temas\/cambio-climatico\/fortalecimiento-de-la-resiliencia-frente-a-eventos-extremos-y-efectos-del-cambio-climatico\/","name":"resiliencia frente a eventos extremos","isPartOf":{"@id":"https:\/\/www.cec.org\/es\/#website"},"primaryImageOfPage":{"@id":"https:\/\/www.cec.org\/es\/temas\/cambio-climatico\/fortalecimiento-de-la-resiliencia-frente-a-eventos-extremos-y-efectos-del-cambio-climatico\/#primaryimage"},"image":{"@id":"https:\/\/www.cec.org\/es\/temas\/cambio-climatico\/fortalecimiento-de-la-resiliencia-frente-a-eventos-extremos-y-efectos-del-cambio-climatico\/#primaryimage"},"thumbnailUrl":"https:\/\/www.cec.org\/wp-content\/uploads\/floods-thumbnail.jpg","datePublished":"2024-03-18T18:04:35+00:00","dateModified":"2026-04-11T18:20:51+00:00","description":"Los eventos naturales extremos no respetan fronteras y suelen ser catastr\u00f3ficos para las comunidades. Adem\u00e1s, pueden afectar gravemente la salud...","breadcrumb":{"@id":"https:\/\/www.cec.org\/es\/temas\/cambio-climatico\/fortalecimiento-de-la-resiliencia-frente-a-eventos-extremos-y-efectos-del-cambio-climatico\/#breadcrumb"},"inLanguage":"es","potentialAction":[{"@type":"ReadAction","target":["https:\/\/www.cec.org\/es\/temas\/cambio-climatico\/fortalecimiento-de-la-resiliencia-frente-a-eventos-extremos-y-efectos-del-cambio-climatico\/"]}]},{"@type":"ImageObject","inLanguage":"es","@id":"https:\/\/www.cec.org\/es\/temas\/cambio-climatico\/fortalecimiento-de-la-resiliencia-frente-a-eventos-extremos-y-efectos-del-cambio-climatico\/#primaryimage","url":"https:\/\/www.cec.org\/wp-content\/uploads\/floods-thumbnail.jpg","contentUrl":"https:\/\/www.cec.org\/wp-content\/uploads\/floods-thumbnail.jpg","width":600,"height":342,"caption":"Improving Resilience to Extreme Events and Climate Impacts"},{"@type":"BreadcrumbList","@id":"https:\/\/www.cec.org\/es\/temas\/cambio-climatico\/fortalecimiento-de-la-resiliencia-frente-a-eventos-extremos-y-efectos-del-cambio-climatico\/#breadcrumb","itemListElement":[{"@type":"ListItem","position":1,"name":"Inicio","item":"https:\/\/www.cec.org\/es\/"},{"@type":"ListItem","position":2,"name":"Temas","item":"https:\/\/www.cec.org\/es\/temas\/"},{"@type":"ListItem","position":3,"name":"Cambio clim\u00e1tico","item":"https:\/\/www.cec.org\/es\/topics\/climate-change\/"},{"@type":"ListItem","position":4,"name":"Fortalecimiento de la resiliencia frente a eventos extremos y efectos del cambio clim\u00e1tico"}]},{"@type":"WebSite","@id":"https:\/\/www.cec.org\/es\/#website","url":"https:\/\/www.cec.org\/es\/","name":"Commission for Environmental Cooperation","description":"Three countries working together to protect our shared environment","alternateName":"CEC - CCA -CCE","potentialAction":[{"@type":"SearchAction","target":{"@type":"EntryPoint","urlTemplate":"https:\/\/www.cec.org\/es\/?s={search_term_string}"},"query-input":{"@type":"PropertyValueSpecification","valueRequired":true,"valueName":"search_term_string"}}],"inLanguage":"es"}]}},"_links":{"self":[{"href":"https:\/\/www.cec.org\/es\/wp-json\/wp\/v2\/pages\/54491","targetHints":{"allow":["GET"]}}],"collection":[{"href":"https:\/\/www.cec.org\/es\/wp-json\/wp\/v2\/pages"}],"about":[{"href":"https:\/\/www.cec.org\/es\/wp-json\/wp\/v2\/types\/page"}],"author":[{"embeddable":true,"href":"https:\/\/www.cec.org\/es\/wp-json\/wp\/v2\/users\/1"}],"replies":[{"embeddable":true,"href":"https:\/\/www.cec.org\/es\/wp-json\/wp\/v2\/comments?post=54491"}],"version-history":[{"count":1,"href":"https:\/\/www.cec.org\/es\/wp-json\/wp\/v2\/pages\/54491\/revisions"}],"predecessor-version":[{"id":55197,"href":"https:\/\/www.cec.org\/es\/wp-json\/wp\/v2\/pages\/54491\/revisions\/55197"}],"up":[{"embeddable":true,"href":"https:\/\/www.cec.org\/es\/wp-json\/wp\/v2\/pages\/55195"}],"wp:featuredmedia":[{"embeddable":true,"href":"https:\/\/www.cec.org\/es\/wp-json\/wp\/v2\/media\/36343"}],"wp:attachment":[{"href":"https:\/\/www.cec.org\/es\/wp-json\/wp\/v2\/media?parent=54491"}],"curies":[{"name":"wp","href":"https:\/\/api.w.org\/{rel}","templated":true}]}}