{"id":54486,"date":"2024-01-18T16:21:31","date_gmt":"2024-01-18T21:21:31","guid":{"rendered":"http:\/\/www.cec.org\/mejora-de-la-eficiencia-energetica\/"},"modified":"2026-04-11T14:21:36","modified_gmt":"2026-04-11T18:21:36","slug":"mejora-de-la-eficiencia-energetica","status":"publish","type":"page","link":"https:\/\/www.cec.org\/es\/temas\/cambio-climatico\/mejora-de-la-eficiencia-energetica\/","title":{"rendered":"Mejora de la eficiencia energ\u00e9tica"},"content":{"rendered":"<p>Las industrias manufactureras de Am\u00e9rica del Norte fabrican art\u00edculos de uso cotidiano \u2014autom\u00f3viles, equipo pesado, suministros dom\u00e9sticos y productos alimenticios y muchos m\u00e1s\u2014 esenciales para la vitalidad econ\u00f3mica de la regi\u00f3n y para nuestra calidad de vida. Este tipo de dependencia exige adoptar pr\u00e1cticas optimizadas y acciones educativas m\u00e1s robustas en materia de energ\u00eda. Nuestra labor consiste en apoyar y motivar a los tres pa\u00edses para implementar, impulsar y mejorar procesos de certificaci\u00f3n y est\u00e1ndares industriales a fin de fomentar la eficiencia energ\u00e9tica.<\/p>\n","protected":false},"excerpt":{"rendered":"<p>Las industrias manufactureras de Am\u00e9rica del Norte fabrican art\u00edculos de uso cotidiano \u2014autom\u00f3viles, equipo pesado, suministros dom\u00e9sticos y productos alimenticios y muchos m\u00e1s\u2014 esenciales para la vitalidad econ\u00f3mica de la regi\u00f3n y para nuestra calidad de vida. Este tipo de dependencia exige adoptar pr\u00e1cticas optimizadas y acciones educativas m\u00e1s robustas en materia de energ\u00eda. Nuestra [&hellip;]<\/p>\n","protected":false},"author":1,"featured_media":28581,"parent":55195,"menu_order":0,"comment_status":"closed","ping_status":"closed","template":"page-2024subtopics.php","meta":{"_acf_changed":false,"footnotes":""},"class_list":["post-54486","page","type-page","status-publish","has-post-thumbnail","hentry"],"acf":[],"yoast_head":"<!-- This site is optimized with the Yoast SEO Premium plugin v27.0 (Yoast SEO v27.0) - https:\/\/yoast.com\/product\/yoast-seo-premium-wordpress\/ -->\n<title>Mejora de la eficiencia energ\u00e9tica<\/title>\n<meta name=\"description\" content=\"Las industrias manufactureras de Am\u00e9rica del Norte fabrican art\u00edculos de uso cotidiano \u2014autom\u00f3viles, equipo pesado...\" \/>\n<meta name=\"robots\" content=\"index, follow, max-snippet:-1, max-image-preview:large, max-video-preview:-1\" \/>\n<link rel=\"canonical\" href=\"https:\/\/www.cec.org\/es\/temas\/cambio-climatico\/mejora-de-la-eficiencia-energetica\/\" \/>\n<meta property=\"og:locale\" content=\"es_ES\" \/>\n<meta property=\"og:type\" content=\"article\" \/>\n<meta property=\"og:title\" content=\"Mejora de la eficiencia energ\u00e9tica\" \/>\n<meta property=\"og:description\" content=\"Las industrias manufactureras de Am\u00e9rica del Norte fabrican art\u00edculos de uso cotidiano \u2014autom\u00f3viles, equipo pesado, suministros dom\u00e9sticos y productos\" \/>\n<meta property=\"og:url\" content=\"https:\/\/www.cec.org\/es\/temas\/cambio-climatico\/mejora-de-la-eficiencia-energetica\/\" \/>\n<meta property=\"og:site_name\" content=\"Comisi\u00f3n para la Cooperaci\u00f3n Ambiental\" \/>\n<meta property=\"article:publisher\" content=\"https:\/\/www.facebook.com\/CECconnect\" \/>\n<meta property=\"article:modified_time\" content=\"2026-04-11T18:21:36+00:00\" \/>\n<meta property=\"og:image\" content=\"https:\/\/www.cec.org\/wp-content\/uploads\/2020\/02\/Increasing-Energy-Efficiency-thumbnail-1.jpg\" \/>\n\t<meta property=\"og:image:width\" content=\"600\" \/>\n\t<meta property=\"og:image:height\" content=\"342\" \/>\n\t<meta property=\"og:image:type\" content=\"image\/jpeg\" \/>\n<meta name=\"twitter:card\" content=\"summary_large_image\" \/>\n<meta name=\"twitter:site\" content=\"@CECweb\" \/>\n<script type=\"application\/ld+json\" class=\"yoast-schema-graph\">{\"@context\":\"https:\/\/schema.org\",\"@graph\":[{\"@type\":\"WebPage\",\"@id\":\"https:\/\/www.cec.org\/es\/temas\/cambio-climatico\/mejora-de-la-eficiencia-energetica\/\",\"url\":\"https:\/\/www.cec.org\/es\/temas\/cambio-climatico\/mejora-de-la-eficiencia-energetica\/\",\"name\":\"Mejora de la eficiencia energ\u00e9tica\",\"isPartOf\":{\"@id\":\"https:\/\/www.cec.org\/es\/#website\"},\"primaryImageOfPage\":{\"@id\":\"https:\/\/www.cec.org\/es\/temas\/cambio-climatico\/mejora-de-la-eficiencia-energetica\/#primaryimage\"},\"image\":{\"@id\":\"https:\/\/www.cec.org\/es\/temas\/cambio-climatico\/mejora-de-la-eficiencia-energetica\/#primaryimage\"},\"thumbnailUrl\":\"https:\/\/www.cec.org\/wp-content\/uploads\/2020\/02\/Increasing-Energy-Efficiency-thumbnail-1.jpg\",\"datePublished\":\"2024-01-18T21:21:31+00:00\",\"dateModified\":\"2026-04-11T18:21:36+00:00\",\"description\":\"Las industrias manufactureras de Am\u00e9rica del Norte fabrican art\u00edculos de uso cotidiano \u2014autom\u00f3viles, equipo pesado...\",\"breadcrumb\":{\"@id\":\"https:\/\/www.cec.org\/es\/temas\/cambio-climatico\/mejora-de-la-eficiencia-energetica\/#breadcrumb\"},\"inLanguage\":\"es\",\"potentialAction\":[{\"@type\":\"ReadAction\",\"target\":[\"https:\/\/www.cec.org\/es\/temas\/cambio-climatico\/mejora-de-la-eficiencia-energetica\/\"]}]},{\"@type\":\"ImageObject\",\"inLanguage\":\"es\",\"@id\":\"https:\/\/www.cec.org\/es\/temas\/cambio-climatico\/mejora-de-la-eficiencia-energetica\/#primaryimage\",\"url\":\"https:\/\/www.cec.org\/wp-content\/uploads\/2020\/02\/Increasing-Energy-Efficiency-thumbnail-1.jpg\",\"contentUrl\":\"https:\/\/www.cec.org\/wp-content\/uploads\/2020\/02\/Increasing-Energy-Efficiency-thumbnail-1.jpg\",\"width\":600,\"height\":342,\"caption\":\"People installing solar pannels\"},{\"@type\":\"BreadcrumbList\",\"@id\":\"https:\/\/www.cec.org\/es\/temas\/cambio-climatico\/mejora-de-la-eficiencia-energetica\/#breadcrumb\",\"itemListElement\":[{\"@type\":\"ListItem\",\"position\":1,\"name\":\"Inicio\",\"item\":\"https:\/\/www.cec.org\/es\/\"},{\"@type\":\"ListItem\",\"position\":2,\"name\":\"Temas\",\"item\":\"https:\/\/www.cec.org\/es\/temas\/\"},{\"@type\":\"ListItem\",\"position\":3,\"name\":\"Cambio clim\u00e1tico\",\"item\":\"https:\/\/www.cec.org\/es\/topics\/climate-change\/\"},{\"@type\":\"ListItem\",\"position\":4,\"name\":\"Mejora de la eficiencia energ\u00e9tica\"}]},{\"@type\":\"WebSite\",\"@id\":\"https:\/\/www.cec.org\/es\/#website\",\"url\":\"https:\/\/www.cec.org\/es\/\",\"name\":\"Commission for Environmental Cooperation\",\"description\":\"Three countries working together to protect our shared environment\",\"alternateName\":\"CEC - CCA -CCE\",\"potentialAction\":[{\"@type\":\"SearchAction\",\"target\":{\"@type\":\"EntryPoint\",\"urlTemplate\":\"https:\/\/www.cec.org\/es\/?s={search_term_string}\"},\"query-input\":{\"@type\":\"PropertyValueSpecification\",\"valueRequired\":true,\"valueName\":\"search_term_string\"}}],\"inLanguage\":\"es\"}]}<\/script>\n<!-- \/ Yoast SEO Premium plugin. -->","yoast_head_json":{"title":"Mejora de la eficiencia energ\u00e9tica","description":"Las industrias manufactureras de Am\u00e9rica del Norte fabrican art\u00edculos de uso cotidiano \u2014autom\u00f3viles, equipo pesado...","robots":{"index":"index","follow":"follow","max-snippet":"max-snippet:-1","max-image-preview":"max-image-preview:large","max-video-preview":"max-video-preview:-1"},"canonical":"https:\/\/www.cec.org\/es\/temas\/cambio-climatico\/mejora-de-la-eficiencia-energetica\/","og_locale":"es_ES","og_type":"article","og_title":"Mejora de la eficiencia energ\u00e9tica","og_description":"Las industrias manufactureras de Am\u00e9rica del Norte fabrican art\u00edculos de uso cotidiano \u2014autom\u00f3viles, equipo pesado, suministros dom\u00e9sticos y productos","og_url":"https:\/\/www.cec.org\/es\/temas\/cambio-climatico\/mejora-de-la-eficiencia-energetica\/","og_site_name":"Comisi\u00f3n para la Cooperaci\u00f3n Ambiental","article_publisher":"https:\/\/www.facebook.com\/CECconnect","article_modified_time":"2026-04-11T18:21:36+00:00","og_image":[{"width":600,"height":342,"url":"https:\/\/www.cec.org\/wp-content\/uploads\/2020\/02\/Increasing-Energy-Efficiency-thumbnail-1.jpg","type":"image\/jpeg"}],"twitter_card":"summary_large_image","twitter_site":"@CECweb","schema":{"@context":"https:\/\/schema.org","@graph":[{"@type":"WebPage","@id":"https:\/\/www.cec.org\/es\/temas\/cambio-climatico\/mejora-de-la-eficiencia-energetica\/","url":"https:\/\/www.cec.org\/es\/temas\/cambio-climatico\/mejora-de-la-eficiencia-energetica\/","name":"Mejora de la eficiencia energ\u00e9tica","isPartOf":{"@id":"https:\/\/www.cec.org\/es\/#website"},"primaryImageOfPage":{"@id":"https:\/\/www.cec.org\/es\/temas\/cambio-climatico\/mejora-de-la-eficiencia-energetica\/#primaryimage"},"image":{"@id":"https:\/\/www.cec.org\/es\/temas\/cambio-climatico\/mejora-de-la-eficiencia-energetica\/#primaryimage"},"thumbnailUrl":"https:\/\/www.cec.org\/wp-content\/uploads\/2020\/02\/Increasing-Energy-Efficiency-thumbnail-1.jpg","datePublished":"2024-01-18T21:21:31+00:00","dateModified":"2026-04-11T18:21:36+00:00","description":"Las industrias manufactureras de Am\u00e9rica del Norte fabrican art\u00edculos de uso cotidiano \u2014autom\u00f3viles, equipo pesado...","breadcrumb":{"@id":"https:\/\/www.cec.org\/es\/temas\/cambio-climatico\/mejora-de-la-eficiencia-energetica\/#breadcrumb"},"inLanguage":"es","potentialAction":[{"@type":"ReadAction","target":["https:\/\/www.cec.org\/es\/temas\/cambio-climatico\/mejora-de-la-eficiencia-energetica\/"]}]},{"@type":"ImageObject","inLanguage":"es","@id":"https:\/\/www.cec.org\/es\/temas\/cambio-climatico\/mejora-de-la-eficiencia-energetica\/#primaryimage","url":"https:\/\/www.cec.org\/wp-content\/uploads\/2020\/02\/Increasing-Energy-Efficiency-thumbnail-1.jpg","contentUrl":"https:\/\/www.cec.org\/wp-content\/uploads\/2020\/02\/Increasing-Energy-Efficiency-thumbnail-1.jpg","width":600,"height":342,"caption":"People installing solar pannels"},{"@type":"BreadcrumbList","@id":"https:\/\/www.cec.org\/es\/temas\/cambio-climatico\/mejora-de-la-eficiencia-energetica\/#breadcrumb","itemListElement":[{"@type":"ListItem","position":1,"name":"Inicio","item":"https:\/\/www.cec.org\/es\/"},{"@type":"ListItem","position":2,"name":"Temas","item":"https:\/\/www.cec.org\/es\/temas\/"},{"@type":"ListItem","position":3,"name":"Cambio clim\u00e1tico","item":"https:\/\/www.cec.org\/es\/topics\/climate-change\/"},{"@type":"ListItem","position":4,"name":"Mejora de la eficiencia energ\u00e9tica"}]},{"@type":"WebSite","@id":"https:\/\/www.cec.org\/es\/#website","url":"https:\/\/www.cec.org\/es\/","name":"Commission for Environmental Cooperation","description":"Three countries working together to protect our shared environment","alternateName":"CEC - CCA -CCE","potentialAction":[{"@type":"SearchAction","target":{"@type":"EntryPoint","urlTemplate":"https:\/\/www.cec.org\/es\/?s={search_term_string}"},"query-input":{"@type":"PropertyValueSpecification","valueRequired":true,"valueName":"search_term_string"}}],"inLanguage":"es"}]}},"_links":{"self":[{"href":"https:\/\/www.cec.org\/es\/wp-json\/wp\/v2\/pages\/54486","targetHints":{"allow":["GET"]}}],"collection":[{"href":"https:\/\/www.cec.org\/es\/wp-json\/wp\/v2\/pages"}],"about":[{"href":"https:\/\/www.cec.org\/es\/wp-json\/wp\/v2\/types\/page"}],"author":[{"embeddable":true,"href":"https:\/\/www.cec.org\/es\/wp-json\/wp\/v2\/users\/1"}],"replies":[{"embeddable":true,"href":"https:\/\/www.cec.org\/es\/wp-json\/wp\/v2\/comments?post=54486"}],"version-history":[{"count":1,"href":"https:\/\/www.cec.org\/es\/wp-json\/wp\/v2\/pages\/54486\/revisions"}],"predecessor-version":[{"id":55196,"href":"https:\/\/www.cec.org\/es\/wp-json\/wp\/v2\/pages\/54486\/revisions\/55196"}],"up":[{"embeddable":true,"href":"https:\/\/www.cec.org\/es\/wp-json\/wp\/v2\/pages\/55195"}],"wp:featuredmedia":[{"embeddable":true,"href":"https:\/\/www.cec.org\/es\/wp-json\/wp\/v2\/media\/28581"}],"wp:attachment":[{"href":"https:\/\/www.cec.org\/es\/wp-json\/wp\/v2\/media?parent=54486"}],"curies":[{"name":"wp","href":"https:\/\/api.w.org\/{rel}","templated":true}]}}