{"id":54287,"date":"2024-01-30T14:27:58","date_gmt":"2024-01-30T19:27:58","guid":{"rendered":"http:\/\/www.cec.org\/gelp\/"},"modified":"2026-02-03T11:58:09","modified_gmt":"2026-02-03T16:58:09","slug":"gelp","status":"publish","type":"page","link":"https:\/\/www.cec.org\/es\/temas\/participacion-juvenil\/gelp\/","title":{"rendered":"Programa Generaci\u00f3n de L\u00edderes Ambientales"},"content":{"rendered":"<p>Conoce el Programa Generaci\u00f3n de L\u00edderes Ambientales (PGLA), iniciativa de la CCA que invita a j\u00f3venes de entre 18 y 35 a\u00f1os de edad de Canad\u00e1, Estados Unidos y M\u00e9xico a compartir sus soluciones para apoyar comunidades y preservar nuestros suelos, aguas y aire compartidos en Am\u00e9rica del Norte.<\/p>\n<p>El PGLA ofrece algo m\u00e1s que una plataforma para la generaci\u00f3n e intercambio de ideas: proporciona mentor\u00eda oficial, oportunidades para establecer contactos y trabajar en red, y capital semilla, todo con el prop\u00f3sito de amplificar el impacto de las soluciones en comunidades locales.<\/p>\n","protected":false},"excerpt":{"rendered":"<p>Conoce el Programa Generaci\u00f3n de L\u00edderes Ambientales (PGLA), iniciativa de la CCA que invita a j\u00f3venes de entre 18 y 35 a\u00f1os de edad de Canad\u00e1, Estados Unidos y M\u00e9xico a compartir sus soluciones para apoyar comunidades y preservar nuestros suelos, aguas y aire compartidos en Am\u00e9rica del Norte. El PGLA ofrece algo m\u00e1s que [&hellip;]<\/p>\n","protected":false},"author":1,"featured_media":57085,"parent":48990,"menu_order":0,"comment_status":"closed","ping_status":"closed","template":"page-environmental-leaders.php","meta":{"_acf_changed":false,"footnotes":""},"class_list":["post-54287","page","type-page","status-publish","has-post-thumbnail","hentry"],"acf":[],"yoast_head":"<!-- This site is optimized with the Yoast SEO Premium plugin v27.0 (Yoast SEO v27.0) - https:\/\/yoast.com\/product\/yoast-seo-premium-wordpress\/ -->\n<title>Conoce el Programa Generaci\u00f3n de L\u00edderes Ambientales (PGLA)<\/title>\n<meta name=\"description\" content=\"El PGLA ofrece algo m\u00e1s que una plataforma para la generaci\u00f3n e intercambio de ideas: proporciona mentor\u00eda oficial, oportunidades...\" \/>\n<meta name=\"robots\" content=\"index, follow, max-snippet:-1, max-image-preview:large, max-video-preview:-1\" \/>\n<link rel=\"canonical\" href=\"https:\/\/www.cec.org\/es\/temas\/participacion-juvenil\/gelp\/\" \/>\n<meta property=\"og:locale\" content=\"es_ES\" \/>\n<meta property=\"og:type\" content=\"article\" \/>\n<meta property=\"og:title\" content=\"Programa Generaci\u00f3n de L\u00edderes Ambientales\" \/>\n<meta property=\"og:description\" content=\"Conoce el Programa Generaci\u00f3n de L\u00edderes Ambientales (PGLA), iniciativa de la CCA que invita a j\u00f3venes de entre 18 y 35 a\u00f1os de edad de Canad\u00e1, Estados\" \/>\n<meta property=\"og:url\" content=\"https:\/\/www.cec.org\/es\/temas\/participacion-juvenil\/gelp\/\" \/>\n<meta property=\"og:site_name\" content=\"Comisi\u00f3n para la Cooperaci\u00f3n Ambiental\" \/>\n<meta property=\"article:publisher\" content=\"https:\/\/www.facebook.com\/CECconnect\" \/>\n<meta property=\"article:modified_time\" content=\"2026-02-03T16:58:09+00:00\" \/>\n<meta property=\"og:image\" content=\"https:\/\/www.cec.org\/wp-content\/uploads\/CEC_GELp-Pri_600x342_VF-ES.webp\" \/>\n\t<meta property=\"og:image:width\" content=\"600\" \/>\n\t<meta property=\"og:image:height\" content=\"342\" \/>\n\t<meta property=\"og:image:type\" content=\"image\/webp\" \/>\n<meta name=\"twitter:card\" content=\"summary_large_image\" \/>\n<meta name=\"twitter:site\" content=\"@CECweb\" \/>\n<script type=\"application\/ld+json\" class=\"yoast-schema-graph\">{\"@context\":\"https:\/\/schema.org\",\"@graph\":[{\"@type\":\"WebPage\",\"@id\":\"https:\/\/www.cec.org\/es\/temas\/participacion-juvenil\/gelp\/\",\"url\":\"https:\/\/www.cec.org\/es\/temas\/participacion-juvenil\/gelp\/\",\"name\":\"Conoce el Programa Generaci\u00f3n de L\u00edderes Ambientales (PGLA)\",\"isPartOf\":{\"@id\":\"https:\/\/www.cec.org\/es\/#website\"},\"primaryImageOfPage\":{\"@id\":\"https:\/\/www.cec.org\/es\/temas\/participacion-juvenil\/gelp\/#primaryimage\"},\"image\":{\"@id\":\"https:\/\/www.cec.org\/es\/temas\/participacion-juvenil\/gelp\/#primaryimage\"},\"thumbnailUrl\":\"https:\/\/www.cec.org\/wp-content\/uploads\/CEC_GELp-Pri_600x342_VF-ES.webp\",\"datePublished\":\"2024-01-30T19:27:58+00:00\",\"dateModified\":\"2026-02-03T16:58:09+00:00\",\"description\":\"El PGLA ofrece algo m\u00e1s que una plataforma para la generaci\u00f3n e intercambio de ideas: proporciona mentor\u00eda oficial, oportunidades...\",\"breadcrumb\":{\"@id\":\"https:\/\/www.cec.org\/es\/temas\/participacion-juvenil\/gelp\/#breadcrumb\"},\"inLanguage\":\"es\",\"potentialAction\":[{\"@type\":\"ReadAction\",\"target\":[\"https:\/\/www.cec.org\/es\/temas\/participacion-juvenil\/gelp\/\"]}]},{\"@type\":\"ImageObject\",\"inLanguage\":\"es\",\"@id\":\"https:\/\/www.cec.org\/es\/temas\/participacion-juvenil\/gelp\/#primaryimage\",\"url\":\"https:\/\/www.cec.org\/wp-content\/uploads\/CEC_GELp-Pri_600x342_VF-ES.webp\",\"contentUrl\":\"https:\/\/www.cec.org\/wp-content\/uploads\/CEC_GELp-Pri_600x342_VF-ES.webp\",\"width\":600,\"height\":342,\"caption\":\"Generation of Environmental Leaders Program\"},{\"@type\":\"BreadcrumbList\",\"@id\":\"https:\/\/www.cec.org\/es\/temas\/participacion-juvenil\/gelp\/#breadcrumb\",\"itemListElement\":[{\"@type\":\"ListItem\",\"position\":1,\"name\":\"Inicio\",\"item\":\"https:\/\/www.cec.org\/es\/\"},{\"@type\":\"ListItem\",\"position\":2,\"name\":\"Temas\",\"item\":\"https:\/\/www.cec.org\/es\/temas\/\"},{\"@type\":\"ListItem\",\"position\":3,\"name\":\"Participaci\u00f3n Juvenil\",\"item\":\"https:\/\/www.cec.org\/es\/topics\/youth-engagement\/\"},{\"@type\":\"ListItem\",\"position\":4,\"name\":\"Programa Generaci\u00f3n de L\u00edderes Ambientales\"}]},{\"@type\":\"WebSite\",\"@id\":\"https:\/\/www.cec.org\/es\/#website\",\"url\":\"https:\/\/www.cec.org\/es\/\",\"name\":\"Commission for Environmental Cooperation\",\"description\":\"Three countries working together to protect our shared environment\",\"alternateName\":\"CEC - CCA -CCE\",\"potentialAction\":[{\"@type\":\"SearchAction\",\"target\":{\"@type\":\"EntryPoint\",\"urlTemplate\":\"https:\/\/www.cec.org\/es\/?s={search_term_string}\"},\"query-input\":{\"@type\":\"PropertyValueSpecification\",\"valueRequired\":true,\"valueName\":\"search_term_string\"}}],\"inLanguage\":\"es\"}]}<\/script>\n<!-- \/ Yoast SEO Premium plugin. -->","yoast_head_json":{"title":"Conoce el Programa Generaci\u00f3n de L\u00edderes Ambientales (PGLA)","description":"El PGLA ofrece algo m\u00e1s que una plataforma para la generaci\u00f3n e intercambio de ideas: proporciona mentor\u00eda oficial, oportunidades...","robots":{"index":"index","follow":"follow","max-snippet":"max-snippet:-1","max-image-preview":"max-image-preview:large","max-video-preview":"max-video-preview:-1"},"canonical":"https:\/\/www.cec.org\/es\/temas\/participacion-juvenil\/gelp\/","og_locale":"es_ES","og_type":"article","og_title":"Programa Generaci\u00f3n de L\u00edderes Ambientales","og_description":"Conoce el Programa Generaci\u00f3n de L\u00edderes Ambientales (PGLA), iniciativa de la CCA que invita a j\u00f3venes de entre 18 y 35 a\u00f1os de edad de Canad\u00e1, Estados","og_url":"https:\/\/www.cec.org\/es\/temas\/participacion-juvenil\/gelp\/","og_site_name":"Comisi\u00f3n para la Cooperaci\u00f3n Ambiental","article_publisher":"https:\/\/www.facebook.com\/CECconnect","article_modified_time":"2026-02-03T16:58:09+00:00","og_image":[{"width":600,"height":342,"url":"https:\/\/www.cec.org\/wp-content\/uploads\/CEC_GELp-Pri_600x342_VF-ES.webp","type":"image\/webp"}],"twitter_card":"summary_large_image","twitter_site":"@CECweb","schema":{"@context":"https:\/\/schema.org","@graph":[{"@type":"WebPage","@id":"https:\/\/www.cec.org\/es\/temas\/participacion-juvenil\/gelp\/","url":"https:\/\/www.cec.org\/es\/temas\/participacion-juvenil\/gelp\/","name":"Conoce el Programa Generaci\u00f3n de L\u00edderes Ambientales (PGLA)","isPartOf":{"@id":"https:\/\/www.cec.org\/es\/#website"},"primaryImageOfPage":{"@id":"https:\/\/www.cec.org\/es\/temas\/participacion-juvenil\/gelp\/#primaryimage"},"image":{"@id":"https:\/\/www.cec.org\/es\/temas\/participacion-juvenil\/gelp\/#primaryimage"},"thumbnailUrl":"https:\/\/www.cec.org\/wp-content\/uploads\/CEC_GELp-Pri_600x342_VF-ES.webp","datePublished":"2024-01-30T19:27:58+00:00","dateModified":"2026-02-03T16:58:09+00:00","description":"El PGLA ofrece algo m\u00e1s que una plataforma para la generaci\u00f3n e intercambio de ideas: proporciona mentor\u00eda oficial, oportunidades...","breadcrumb":{"@id":"https:\/\/www.cec.org\/es\/temas\/participacion-juvenil\/gelp\/#breadcrumb"},"inLanguage":"es","potentialAction":[{"@type":"ReadAction","target":["https:\/\/www.cec.org\/es\/temas\/participacion-juvenil\/gelp\/"]}]},{"@type":"ImageObject","inLanguage":"es","@id":"https:\/\/www.cec.org\/es\/temas\/participacion-juvenil\/gelp\/#primaryimage","url":"https:\/\/www.cec.org\/wp-content\/uploads\/CEC_GELp-Pri_600x342_VF-ES.webp","contentUrl":"https:\/\/www.cec.org\/wp-content\/uploads\/CEC_GELp-Pri_600x342_VF-ES.webp","width":600,"height":342,"caption":"Generation of Environmental Leaders Program"},{"@type":"BreadcrumbList","@id":"https:\/\/www.cec.org\/es\/temas\/participacion-juvenil\/gelp\/#breadcrumb","itemListElement":[{"@type":"ListItem","position":1,"name":"Inicio","item":"https:\/\/www.cec.org\/es\/"},{"@type":"ListItem","position":2,"name":"Temas","item":"https:\/\/www.cec.org\/es\/temas\/"},{"@type":"ListItem","position":3,"name":"Participaci\u00f3n Juvenil","item":"https:\/\/www.cec.org\/es\/topics\/youth-engagement\/"},{"@type":"ListItem","position":4,"name":"Programa Generaci\u00f3n de L\u00edderes Ambientales"}]},{"@type":"WebSite","@id":"https:\/\/www.cec.org\/es\/#website","url":"https:\/\/www.cec.org\/es\/","name":"Commission for Environmental Cooperation","description":"Three countries working together to protect our shared environment","alternateName":"CEC - CCA -CCE","potentialAction":[{"@type":"SearchAction","target":{"@type":"EntryPoint","urlTemplate":"https:\/\/www.cec.org\/es\/?s={search_term_string}"},"query-input":{"@type":"PropertyValueSpecification","valueRequired":true,"valueName":"search_term_string"}}],"inLanguage":"es"}]}},"_links":{"self":[{"href":"https:\/\/www.cec.org\/es\/wp-json\/wp\/v2\/pages\/54287","targetHints":{"allow":["GET"]}}],"collection":[{"href":"https:\/\/www.cec.org\/es\/wp-json\/wp\/v2\/pages"}],"about":[{"href":"https:\/\/www.cec.org\/es\/wp-json\/wp\/v2\/types\/page"}],"author":[{"embeddable":true,"href":"https:\/\/www.cec.org\/es\/wp-json\/wp\/v2\/users\/1"}],"replies":[{"embeddable":true,"href":"https:\/\/www.cec.org\/es\/wp-json\/wp\/v2\/comments?post=54287"}],"version-history":[{"count":15,"href":"https:\/\/www.cec.org\/es\/wp-json\/wp\/v2\/pages\/54287\/revisions"}],"predecessor-version":[{"id":61569,"href":"https:\/\/www.cec.org\/es\/wp-json\/wp\/v2\/pages\/54287\/revisions\/61569"}],"up":[{"embeddable":true,"href":"https:\/\/www.cec.org\/es\/wp-json\/wp\/v2\/pages\/48990"}],"wp:featuredmedia":[{"embeddable":true,"href":"https:\/\/www.cec.org\/es\/wp-json\/wp\/v2\/media\/57085"}],"wp:attachment":[{"href":"https:\/\/www.cec.org\/es\/wp-json\/wp\/v2\/media?parent=54287"}],"curies":[{"name":"wp","href":"https:\/\/api.w.org\/{rel}","templated":true}]}}