{"id":54142,"date":"2024-01-04T16:57:49","date_gmt":"2024-01-04T21:57:49","guid":{"rendered":"http:\/\/www.cec.org\/semana-de-participacion-juvenil\/"},"modified":"2025-09-15T20:07:03","modified_gmt":"2025-09-16T00:07:03","slug":"semana-de-participacion-juvenil","status":"publish","type":"page","link":"https:\/\/www.cec.org\/es\/temas\/participacion-juvenil\/semana-de-participacion-juvenil\/","title":{"rendered":"Semana de Participaci\u00f3n Juvenil de la CCA"},"content":{"rendered":"<p>La Semana de Participaci\u00f3n Juvenil de la Comisi\u00f3n para la Cooperaci\u00f3n Ambiental (CCA) es un evento anual creado para adoptar las perspectivas de la juventud de Am\u00e9rica del Norte mediante el fomento de su participaci\u00f3n activa en la labor y los esfuerzos de la organizaci\u00f3n. Se trata de una iniciativa cuyo objetivo es crear un entorno propicio para que la juventud de Canad\u00e1, Estados Unidos y M\u00e9xico participe en di\u00e1logos significativos, aporte a discusiones ambientales de alcance regional y colabore en soluciones innovadoras para hacer frente a los apremiantes desaf\u00edos ambientales. Por medio de talleres, consultas y proyectos colaborativos, la Semana de Participaci\u00f3n Juvenil de la CCA apoya la creaci\u00f3n de una red intergeneracional comprometida con la sustentabilidad y la gesti\u00f3n del medio ambiente.<\/p>\n","protected":false},"excerpt":{"rendered":"<p>La Semana de Participaci\u00f3n Juvenil de la Comisi\u00f3n para la Cooperaci\u00f3n Ambiental (CCA) es un evento anual creado para adoptar las perspectivas de la juventud de Am\u00e9rica del Norte mediante el fomento de su participaci\u00f3n activa en la labor y los esfuerzos de la organizaci\u00f3n. Se trata de una iniciativa cuyo objetivo es crear un [&hellip;]<\/p>\n","protected":false},"author":1,"featured_media":60098,"parent":48990,"menu_order":0,"comment_status":"closed","ping_status":"closed","template":"page-yew.php","meta":{"_acf_changed":false,"footnotes":""},"class_list":["post-54142","page","type-page","status-publish","has-post-thumbnail","hentry"],"acf":[],"yoast_head":"<!-- This site is optimized with the Yoast SEO Premium plugin v27.0 (Yoast SEO v27.0) - https:\/\/yoast.com\/product\/yoast-seo-premium-wordpress\/ -->\n<title>Semana de Participaci\u00f3n Juvenil: \u00a1Una celebraci\u00f3n de talento, innovaci\u00f3n y pasi\u00f3n!<\/title>\n<meta name=\"description\" content=\"Durante el evento, dieron muestras de resiliencia, creatividad y un compromiso firme con el involucramiento de la juventud.\" \/>\n<meta name=\"robots\" content=\"index, follow, max-snippet:-1, max-image-preview:large, max-video-preview:-1\" \/>\n<link rel=\"canonical\" href=\"https:\/\/www.cec.org\/es\/temas\/participacion-juvenil\/semana-de-participacion-juvenil\/\" \/>\n<meta property=\"og:locale\" content=\"es_ES\" \/>\n<meta property=\"og:type\" content=\"article\" \/>\n<meta property=\"og:title\" content=\"Semana de Participaci\u00f3n Juvenil de la CCA\" \/>\n<meta property=\"og:description\" content=\"La Semana de Participaci\u00f3n Juvenil de la Comisi\u00f3n para la Cooperaci\u00f3n Ambiental (CCA) es un evento anual creado para adoptar las perspectivas de la\" \/>\n<meta property=\"og:url\" content=\"https:\/\/www.cec.org\/es\/temas\/participacion-juvenil\/semana-de-participacion-juvenil\/\" \/>\n<meta property=\"og:site_name\" content=\"Comisi\u00f3n para la Cooperaci\u00f3n Ambiental\" \/>\n<meta property=\"article:publisher\" content=\"https:\/\/www.facebook.com\/CECconnect\" \/>\n<meta property=\"article:modified_time\" content=\"2025-09-16T00:07:03+00:00\" \/>\n<meta property=\"og:image\" content=\"https:\/\/www.cec.org\/wp-content\/uploads\/CEC_YEW2025-Primary-ES.webp\" \/>\n\t<meta property=\"og:image:width\" content=\"1200\" \/>\n\t<meta property=\"og:image:height\" content=\"684\" \/>\n\t<meta property=\"og:image:type\" content=\"image\/webp\" \/>\n<meta name=\"twitter:card\" content=\"summary_large_image\" \/>\n<meta name=\"twitter:site\" content=\"@CECweb\" \/>\n<script type=\"application\/ld+json\" class=\"yoast-schema-graph\">{\"@context\":\"https:\/\/schema.org\",\"@graph\":[{\"@type\":\"WebPage\",\"@id\":\"https:\/\/www.cec.org\/es\/temas\/participacion-juvenil\/semana-de-participacion-juvenil\/\",\"url\":\"https:\/\/www.cec.org\/es\/temas\/participacion-juvenil\/semana-de-participacion-juvenil\/\",\"name\":\"Semana de Participaci\u00f3n Juvenil: \u00a1Una celebraci\u00f3n de talento, innovaci\u00f3n y pasi\u00f3n!\",\"isPartOf\":{\"@id\":\"https:\/\/www.cec.org\/es\/#website\"},\"primaryImageOfPage\":{\"@id\":\"https:\/\/www.cec.org\/es\/temas\/participacion-juvenil\/semana-de-participacion-juvenil\/#primaryimage\"},\"image\":{\"@id\":\"https:\/\/www.cec.org\/es\/temas\/participacion-juvenil\/semana-de-participacion-juvenil\/#primaryimage\"},\"thumbnailUrl\":\"https:\/\/www.cec.org\/wp-content\/uploads\/CEC_YEW2025-Primary-ES.webp\",\"datePublished\":\"2024-01-04T21:57:49+00:00\",\"dateModified\":\"2025-09-16T00:07:03+00:00\",\"description\":\"Durante el evento, dieron muestras de resiliencia, creatividad y un compromiso firme con el involucramiento de la juventud.\",\"breadcrumb\":{\"@id\":\"https:\/\/www.cec.org\/es\/temas\/participacion-juvenil\/semana-de-participacion-juvenil\/#breadcrumb\"},\"inLanguage\":\"es\",\"potentialAction\":[{\"@type\":\"ReadAction\",\"target\":[\"https:\/\/www.cec.org\/es\/temas\/participacion-juvenil\/semana-de-participacion-juvenil\/\"]}]},{\"@type\":\"ImageObject\",\"inLanguage\":\"es\",\"@id\":\"https:\/\/www.cec.org\/es\/temas\/participacion-juvenil\/semana-de-participacion-juvenil\/#primaryimage\",\"url\":\"https:\/\/www.cec.org\/wp-content\/uploads\/CEC_YEW2025-Primary-ES.webp\",\"contentUrl\":\"https:\/\/www.cec.org\/wp-content\/uploads\/CEC_YEW2025-Primary-ES.webp\",\"width\":1200,\"height\":684,\"caption\":\"Semana de participaci\u00f3n juvenil\"},{\"@type\":\"BreadcrumbList\",\"@id\":\"https:\/\/www.cec.org\/es\/temas\/participacion-juvenil\/semana-de-participacion-juvenil\/#breadcrumb\",\"itemListElement\":[{\"@type\":\"ListItem\",\"position\":1,\"name\":\"Inicio\",\"item\":\"https:\/\/www.cec.org\/es\/\"},{\"@type\":\"ListItem\",\"position\":2,\"name\":\"Temas\",\"item\":\"https:\/\/www.cec.org\/es\/temas\/\"},{\"@type\":\"ListItem\",\"position\":3,\"name\":\"Participaci\u00f3n Juvenil\",\"item\":\"https:\/\/www.cec.org\/es\/topics\/youth-engagement\/\"},{\"@type\":\"ListItem\",\"position\":4,\"name\":\"Semana de Participaci\u00f3n Juvenil de la CCA\"}]},{\"@type\":\"WebSite\",\"@id\":\"https:\/\/www.cec.org\/es\/#website\",\"url\":\"https:\/\/www.cec.org\/es\/\",\"name\":\"Commission for Environmental Cooperation\",\"description\":\"Three countries working together to protect our shared environment\",\"alternateName\":\"CEC - CCA -CCE\",\"potentialAction\":[{\"@type\":\"SearchAction\",\"target\":{\"@type\":\"EntryPoint\",\"urlTemplate\":\"https:\/\/www.cec.org\/es\/?s={search_term_string}\"},\"query-input\":{\"@type\":\"PropertyValueSpecification\",\"valueRequired\":true,\"valueName\":\"search_term_string\"}}],\"inLanguage\":\"es\"}]}<\/script>\n<!-- \/ Yoast SEO Premium plugin. -->","yoast_head_json":{"title":"Semana de Participaci\u00f3n Juvenil: \u00a1Una celebraci\u00f3n de talento, innovaci\u00f3n y pasi\u00f3n!","description":"Durante el evento, dieron muestras de resiliencia, creatividad y un compromiso firme con el involucramiento de la juventud.","robots":{"index":"index","follow":"follow","max-snippet":"max-snippet:-1","max-image-preview":"max-image-preview:large","max-video-preview":"max-video-preview:-1"},"canonical":"https:\/\/www.cec.org\/es\/temas\/participacion-juvenil\/semana-de-participacion-juvenil\/","og_locale":"es_ES","og_type":"article","og_title":"Semana de Participaci\u00f3n Juvenil de la CCA","og_description":"La Semana de Participaci\u00f3n Juvenil de la Comisi\u00f3n para la Cooperaci\u00f3n Ambiental (CCA) es un evento anual creado para adoptar las perspectivas de la","og_url":"https:\/\/www.cec.org\/es\/temas\/participacion-juvenil\/semana-de-participacion-juvenil\/","og_site_name":"Comisi\u00f3n para la Cooperaci\u00f3n Ambiental","article_publisher":"https:\/\/www.facebook.com\/CECconnect","article_modified_time":"2025-09-16T00:07:03+00:00","og_image":[{"width":1200,"height":684,"url":"https:\/\/www.cec.org\/wp-content\/uploads\/CEC_YEW2025-Primary-ES.webp","type":"image\/webp"}],"twitter_card":"summary_large_image","twitter_site":"@CECweb","schema":{"@context":"https:\/\/schema.org","@graph":[{"@type":"WebPage","@id":"https:\/\/www.cec.org\/es\/temas\/participacion-juvenil\/semana-de-participacion-juvenil\/","url":"https:\/\/www.cec.org\/es\/temas\/participacion-juvenil\/semana-de-participacion-juvenil\/","name":"Semana de Participaci\u00f3n Juvenil: \u00a1Una celebraci\u00f3n de talento, innovaci\u00f3n y pasi\u00f3n!","isPartOf":{"@id":"https:\/\/www.cec.org\/es\/#website"},"primaryImageOfPage":{"@id":"https:\/\/www.cec.org\/es\/temas\/participacion-juvenil\/semana-de-participacion-juvenil\/#primaryimage"},"image":{"@id":"https:\/\/www.cec.org\/es\/temas\/participacion-juvenil\/semana-de-participacion-juvenil\/#primaryimage"},"thumbnailUrl":"https:\/\/www.cec.org\/wp-content\/uploads\/CEC_YEW2025-Primary-ES.webp","datePublished":"2024-01-04T21:57:49+00:00","dateModified":"2025-09-16T00:07:03+00:00","description":"Durante el evento, dieron muestras de resiliencia, creatividad y un compromiso firme con el involucramiento de la juventud.","breadcrumb":{"@id":"https:\/\/www.cec.org\/es\/temas\/participacion-juvenil\/semana-de-participacion-juvenil\/#breadcrumb"},"inLanguage":"es","potentialAction":[{"@type":"ReadAction","target":["https:\/\/www.cec.org\/es\/temas\/participacion-juvenil\/semana-de-participacion-juvenil\/"]}]},{"@type":"ImageObject","inLanguage":"es","@id":"https:\/\/www.cec.org\/es\/temas\/participacion-juvenil\/semana-de-participacion-juvenil\/#primaryimage","url":"https:\/\/www.cec.org\/wp-content\/uploads\/CEC_YEW2025-Primary-ES.webp","contentUrl":"https:\/\/www.cec.org\/wp-content\/uploads\/CEC_YEW2025-Primary-ES.webp","width":1200,"height":684,"caption":"Semana de participaci\u00f3n juvenil"},{"@type":"BreadcrumbList","@id":"https:\/\/www.cec.org\/es\/temas\/participacion-juvenil\/semana-de-participacion-juvenil\/#breadcrumb","itemListElement":[{"@type":"ListItem","position":1,"name":"Inicio","item":"https:\/\/www.cec.org\/es\/"},{"@type":"ListItem","position":2,"name":"Temas","item":"https:\/\/www.cec.org\/es\/temas\/"},{"@type":"ListItem","position":3,"name":"Participaci\u00f3n Juvenil","item":"https:\/\/www.cec.org\/es\/topics\/youth-engagement\/"},{"@type":"ListItem","position":4,"name":"Semana de Participaci\u00f3n Juvenil de la CCA"}]},{"@type":"WebSite","@id":"https:\/\/www.cec.org\/es\/#website","url":"https:\/\/www.cec.org\/es\/","name":"Commission for Environmental Cooperation","description":"Three countries working together to protect our shared environment","alternateName":"CEC - CCA -CCE","potentialAction":[{"@type":"SearchAction","target":{"@type":"EntryPoint","urlTemplate":"https:\/\/www.cec.org\/es\/?s={search_term_string}"},"query-input":{"@type":"PropertyValueSpecification","valueRequired":true,"valueName":"search_term_string"}}],"inLanguage":"es"}]}},"_links":{"self":[{"href":"https:\/\/www.cec.org\/es\/wp-json\/wp\/v2\/pages\/54142","targetHints":{"allow":["GET"]}}],"collection":[{"href":"https:\/\/www.cec.org\/es\/wp-json\/wp\/v2\/pages"}],"about":[{"href":"https:\/\/www.cec.org\/es\/wp-json\/wp\/v2\/types\/page"}],"author":[{"embeddable":true,"href":"https:\/\/www.cec.org\/es\/wp-json\/wp\/v2\/users\/1"}],"replies":[{"embeddable":true,"href":"https:\/\/www.cec.org\/es\/wp-json\/wp\/v2\/comments?post=54142"}],"version-history":[{"count":4,"href":"https:\/\/www.cec.org\/es\/wp-json\/wp\/v2\/pages\/54142\/revisions"}],"predecessor-version":[{"id":57094,"href":"https:\/\/www.cec.org\/es\/wp-json\/wp\/v2\/pages\/54142\/revisions\/57094"}],"up":[{"embeddable":true,"href":"https:\/\/www.cec.org\/es\/wp-json\/wp\/v2\/pages\/48990"}],"wp:featuredmedia":[{"embeddable":true,"href":"https:\/\/www.cec.org\/es\/wp-json\/wp\/v2\/media\/60098"}],"wp:attachment":[{"href":"https:\/\/www.cec.org\/es\/wp-json\/wp\/v2\/media?parent=54142"}],"curies":[{"name":"wp","href":"https:\/\/api.w.org\/{rel}","templated":true}]}}