{"id":53345,"date":"2023-09-12T14:40:28","date_gmt":"2023-09-12T18:40:28","guid":{"rendered":"http:\/\/www.cec.org\/por-los-polinizadores\/"},"modified":"2025-12-01T19:47:42","modified_gmt":"2025-12-02T00:47:42","slug":"por-los-polinizadores","status":"publish","type":"page","link":"https:\/\/www.cec.org\/es\/por-los-polinizadores\/","title":{"rendered":"Por los polinizadores"},"content":{"rendered":"<p>Si bien muchos de nosotros guardamos gratos recuerdos de algunas especies polinizadoras como la emblem\u00e1tica mariposa monarca y su ciclo anual de migraci\u00f3n, o las m\u00e1gicas luci\u00e9rnagas que se encienden en los meses de verano, pocos conocen los servicios vitales que estos animales prestan a diario.<\/p>\n<p>Los polinizadores \u2014que incluyen p\u00e1jaros, murci\u00e9lagos, mariposas, abejas, escarabajos, moscas y muchos otros insectos\u2014 garantizan la reproducci\u00f3n de numerosas plantas esenciales para la supervivencia de seres humanos y fauna silvestre, y desempe\u00f1an un papel fundamental para la seguridad econ\u00f3mica y alimentaria en todo el mundo.<\/p>\n<p>No obstante, estos animales se enfrentan a diversas amenazas, como la p\u00e9rdida y degradaci\u00f3n de su h\u00e1bitat, el uso de plaguicidas y la propagaci\u00f3n de enfermedades, entre otras. Su r\u00e1pido declive pone en peligro la salud de nuestros ecosistemas y millones de medios de vida en toda Am\u00e9rica del Norte cuya subsistencia se basa en cultivos que a su vez dependen de dichos polinizadores.<\/p>\n<p>Ay\u00fadanos a difundir informaci\u00f3n sobre la importancia de conservar las especies polinizadoras. Juntos conseguiremos ayudarles y, con ello, tambi\u00e9n nos ayudaremos a nosotros mismos.<\/p>\n","protected":false},"excerpt":{"rendered":"<p>Si bien muchos de nosotros guardamos gratos recuerdos de algunas especies polinizadoras como la emblem\u00e1tica mariposa monarca y su ciclo anual de migraci\u00f3n, o las m\u00e1gicas luci\u00e9rnagas que se encienden en los meses de verano, pocos conocen los servicios vitales que estos animales prestan a diario. Los polinizadores \u2014que incluyen p\u00e1jaros, murci\u00e9lagos, mariposas, abejas, escarabajos, [&hellip;]<\/p>\n","protected":false},"author":1,"featured_media":53359,"parent":0,"menu_order":0,"comment_status":"closed","ping_status":"closed","template":"page-pfp.php","meta":{"_acf_changed":false,"footnotes":""},"class_list":["post-53345","page","type-page","status-publish","has-post-thumbnail","hentry"],"acf":[],"yoast_head":"<!-- This site is optimized with the Yoast SEO Premium plugin v27.4 (Yoast SEO v27.4) - https:\/\/yoast.com\/product\/yoast-seo-premium-wordpress\/ -->\n<title>Por los polinizadores<\/title>\n<meta name=\"description\" content=\"Si bien muchos de nosotros guardamos gratos recuerdos de algunas especies polinizadoras\" \/>\n<meta name=\"robots\" content=\"index, follow, max-snippet:-1, max-image-preview:large, max-video-preview:-1\" \/>\n<link rel=\"canonical\" href=\"https:\/\/www.cec.org\/es\/por-los-polinizadores\/\" \/>\n<meta property=\"og:locale\" content=\"es_ES\" \/>\n<meta property=\"og:type\" content=\"article\" \/>\n<meta property=\"og:title\" content=\"Por los polinizadores\" \/>\n<meta property=\"og:description\" content=\"Si bien muchos de nosotros guardamos gratos recuerdos de algunas especies polinizadoras como la emblem\u00e1tica mariposa monarca y su ciclo anual de\" \/>\n<meta property=\"og:url\" content=\"https:\/\/www.cec.org\/es\/por-los-polinizadores\/\" \/>\n<meta property=\"og:site_name\" content=\"Comisi\u00f3n para la Cooperaci\u00f3n Ambiental\" \/>\n<meta property=\"article:publisher\" content=\"https:\/\/www.facebook.com\/CECconnect\" \/>\n<meta property=\"article:modified_time\" content=\"2025-12-02T00:47:42+00:00\" \/>\n<meta property=\"og:image\" content=\"https:\/\/www.cec.org\/wp-content\/uploads\/pollinators1-es.webp\" \/>\n\t<meta property=\"og:image:width\" content=\"1080\" \/>\n\t<meta property=\"og:image:height\" content=\"1080\" \/>\n\t<meta property=\"og:image:type\" content=\"image\/webp\" \/>\n<meta name=\"twitter:card\" content=\"summary_large_image\" \/>\n<meta name=\"twitter:site\" content=\"@CECweb\" \/>\n<script type=\"application\/ld+json\" class=\"yoast-schema-graph\">{\"@context\":\"https:\\\/\\\/schema.org\",\"@graph\":[{\"@type\":\"WebPage\",\"@id\":\"https:\\\/\\\/www.cec.org\\\/es\\\/por-los-polinizadores\\\/\",\"url\":\"https:\\\/\\\/www.cec.org\\\/es\\\/por-los-polinizadores\\\/\",\"name\":\"Por los polinizadores\",\"isPartOf\":{\"@id\":\"https:\\\/\\\/www.cec.org\\\/es\\\/#website\"},\"primaryImageOfPage\":{\"@id\":\"https:\\\/\\\/www.cec.org\\\/es\\\/por-los-polinizadores\\\/#primaryimage\"},\"image\":{\"@id\":\"https:\\\/\\\/www.cec.org\\\/es\\\/por-los-polinizadores\\\/#primaryimage\"},\"thumbnailUrl\":\"https:\\\/\\\/www.cec.org\\\/wp-content\\\/uploads\\\/pollinators1-es.webp\",\"datePublished\":\"2023-09-12T18:40:28+00:00\",\"dateModified\":\"2025-12-02T00:47:42+00:00\",\"description\":\"Si bien muchos de nosotros guardamos gratos recuerdos de algunas especies polinizadoras\",\"breadcrumb\":{\"@id\":\"https:\\\/\\\/www.cec.org\\\/es\\\/por-los-polinizadores\\\/#breadcrumb\"},\"inLanguage\":\"es\",\"potentialAction\":[{\"@type\":\"ReadAction\",\"target\":[\"https:\\\/\\\/www.cec.org\\\/es\\\/por-los-polinizadores\\\/\"]}]},{\"@type\":\"ImageObject\",\"inLanguage\":\"es\",\"@id\":\"https:\\\/\\\/www.cec.org\\\/es\\\/por-los-polinizadores\\\/#primaryimage\",\"url\":\"https:\\\/\\\/www.cec.org\\\/wp-content\\\/uploads\\\/pollinators1-es.webp\",\"contentUrl\":\"https:\\\/\\\/www.cec.org\\\/wp-content\\\/uploads\\\/pollinators1-es.webp\",\"width\":1080,\"height\":1080,\"caption\":\"Pollinators\"},{\"@type\":\"BreadcrumbList\",\"@id\":\"https:\\\/\\\/www.cec.org\\\/es\\\/por-los-polinizadores\\\/#breadcrumb\",\"itemListElement\":[{\"@type\":\"ListItem\",\"position\":1,\"name\":\"Inicio\",\"item\":\"https:\\\/\\\/www.cec.org\\\/es\\\/\"},{\"@type\":\"ListItem\",\"position\":2,\"name\":\"Por los polinizadores\"}]},{\"@type\":\"WebSite\",\"@id\":\"https:\\\/\\\/www.cec.org\\\/es\\\/#website\",\"url\":\"https:\\\/\\\/www.cec.org\\\/es\\\/\",\"name\":\"Commission for Environmental Cooperation\",\"description\":\"Three countries working together to protect our shared environment\",\"alternateName\":\"CEC - CCA -CCE\",\"potentialAction\":[{\"@type\":\"SearchAction\",\"target\":{\"@type\":\"EntryPoint\",\"urlTemplate\":\"https:\\\/\\\/www.cec.org\\\/es\\\/?s={search_term_string}\"},\"query-input\":{\"@type\":\"PropertyValueSpecification\",\"valueRequired\":true,\"valueName\":\"search_term_string\"}}],\"inLanguage\":\"es\"}]}<\/script>\n<!-- \/ Yoast SEO Premium plugin. -->","yoast_head_json":{"title":"Por los polinizadores","description":"Si bien muchos de nosotros guardamos gratos recuerdos de algunas especies polinizadoras","robots":{"index":"index","follow":"follow","max-snippet":"max-snippet:-1","max-image-preview":"max-image-preview:large","max-video-preview":"max-video-preview:-1"},"canonical":"https:\/\/www.cec.org\/es\/por-los-polinizadores\/","og_locale":"es_ES","og_type":"article","og_title":"Por los polinizadores","og_description":"Si bien muchos de nosotros guardamos gratos recuerdos de algunas especies polinizadoras como la emblem\u00e1tica mariposa monarca y su ciclo anual de","og_url":"https:\/\/www.cec.org\/es\/por-los-polinizadores\/","og_site_name":"Comisi\u00f3n para la Cooperaci\u00f3n Ambiental","article_publisher":"https:\/\/www.facebook.com\/CECconnect","article_modified_time":"2025-12-02T00:47:42+00:00","og_image":[{"width":1080,"height":1080,"url":"https:\/\/www.cec.org\/wp-content\/uploads\/pollinators1-es.webp","type":"image\/webp"}],"twitter_card":"summary_large_image","twitter_site":"@CECweb","schema":{"@context":"https:\/\/schema.org","@graph":[{"@type":"WebPage","@id":"https:\/\/www.cec.org\/es\/por-los-polinizadores\/","url":"https:\/\/www.cec.org\/es\/por-los-polinizadores\/","name":"Por los polinizadores","isPartOf":{"@id":"https:\/\/www.cec.org\/es\/#website"},"primaryImageOfPage":{"@id":"https:\/\/www.cec.org\/es\/por-los-polinizadores\/#primaryimage"},"image":{"@id":"https:\/\/www.cec.org\/es\/por-los-polinizadores\/#primaryimage"},"thumbnailUrl":"https:\/\/www.cec.org\/wp-content\/uploads\/pollinators1-es.webp","datePublished":"2023-09-12T18:40:28+00:00","dateModified":"2025-12-02T00:47:42+00:00","description":"Si bien muchos de nosotros guardamos gratos recuerdos de algunas especies polinizadoras","breadcrumb":{"@id":"https:\/\/www.cec.org\/es\/por-los-polinizadores\/#breadcrumb"},"inLanguage":"es","potentialAction":[{"@type":"ReadAction","target":["https:\/\/www.cec.org\/es\/por-los-polinizadores\/"]}]},{"@type":"ImageObject","inLanguage":"es","@id":"https:\/\/www.cec.org\/es\/por-los-polinizadores\/#primaryimage","url":"https:\/\/www.cec.org\/wp-content\/uploads\/pollinators1-es.webp","contentUrl":"https:\/\/www.cec.org\/wp-content\/uploads\/pollinators1-es.webp","width":1080,"height":1080,"caption":"Pollinators"},{"@type":"BreadcrumbList","@id":"https:\/\/www.cec.org\/es\/por-los-polinizadores\/#breadcrumb","itemListElement":[{"@type":"ListItem","position":1,"name":"Inicio","item":"https:\/\/www.cec.org\/es\/"},{"@type":"ListItem","position":2,"name":"Por los polinizadores"}]},{"@type":"WebSite","@id":"https:\/\/www.cec.org\/es\/#website","url":"https:\/\/www.cec.org\/es\/","name":"Commission for Environmental Cooperation","description":"Three countries working together to protect our shared environment","alternateName":"CEC - CCA -CCE","potentialAction":[{"@type":"SearchAction","target":{"@type":"EntryPoint","urlTemplate":"https:\/\/www.cec.org\/es\/?s={search_term_string}"},"query-input":{"@type":"PropertyValueSpecification","valueRequired":true,"valueName":"search_term_string"}}],"inLanguage":"es"}]}},"_links":{"self":[{"href":"https:\/\/www.cec.org\/es\/wp-json\/wp\/v2\/pages\/53345","targetHints":{"allow":["GET"]}}],"collection":[{"href":"https:\/\/www.cec.org\/es\/wp-json\/wp\/v2\/pages"}],"about":[{"href":"https:\/\/www.cec.org\/es\/wp-json\/wp\/v2\/types\/page"}],"author":[{"embeddable":true,"href":"https:\/\/www.cec.org\/es\/wp-json\/wp\/v2\/users\/1"}],"replies":[{"embeddable":true,"href":"https:\/\/www.cec.org\/es\/wp-json\/wp\/v2\/comments?post=53345"}],"version-history":[{"count":2,"href":"https:\/\/www.cec.org\/es\/wp-json\/wp\/v2\/pages\/53345\/revisions"}],"predecessor-version":[{"id":54787,"href":"https:\/\/www.cec.org\/es\/wp-json\/wp\/v2\/pages\/53345\/revisions\/54787"}],"wp:featuredmedia":[{"embeddable":true,"href":"https:\/\/www.cec.org\/es\/wp-json\/wp\/v2\/media\/53359"}],"wp:attachment":[{"href":"https:\/\/www.cec.org\/es\/wp-json\/wp\/v2\/media?parent=53345"}],"curies":[{"name":"wp","href":"https:\/\/api.w.org\/{rel}","templated":true}]}}