{"id":53329,"date":"2023-10-10T16:48:44","date_gmt":"2023-10-10T20:48:44","guid":{"rendered":"http:\/\/www.cec.org\/nine-steps\/"},"modified":"2024-07-11T13:33:10","modified_gmt":"2024-07-11T17:33:10","slug":"nine-steps","status":"publish","type":"page","link":"https:\/\/www.cec.org\/es\/por-los-polinizadores\/nine-steps\/","title":{"rendered":"Por los polinizadores"},"content":{"rendered":"<h2>9 maneras sencillas y f\u00e1ciles de ayudar a los polinizadores<\/h2>\n<p><img loading=\"lazy\" decoding=\"async\" class=\"aligncenter wp-image-54451 size-post-image\" src=\"http:\/\/www.cec.org\/wp-content\/uploads\/Digi-Postcard-SP-770x550.webp\" alt=\"9 maneras de ayudar a los polinizadores\" width=\"770\" height=\"550\" \/><\/p>\n<p><a href=\"https:\/\/www.cec.org\/es\/por-los-polinizadores\/\">Los polinizadores est\u00e1n en peligro y se enfrentan a muchas amenazas<\/a>, como la p\u00e9rdida de h\u00e1bitat, la degradaci\u00f3n de las tierras y el uso de pesticidas.<\/p>\n<p>Cualquier persona \u2013 individuos, comunidades, gobiernos y el sector privado \u2013puede ayudar a proteger, restaurar y celebrar a los polinizadores que mantienen sano nuestro planeta polinizando las plantas de las que dependemos para alimentarnos.<\/p>\n<p><strong>Cada acci\u00f3n cuenta<\/strong>, ya sea sembrando un jard\u00edn para polinizadores o simplemente compartiendo su aprecio por los polinizadores. Aqu\u00ed tienes nueve maneras de ayudar a los polinizadores y apoyar los esfuerzos de conservaci\u00f3n.<\/p>\n","protected":false},"excerpt":{"rendered":"<p>9 maneras sencillas y f\u00e1ciles de ayudar a los polinizadores Los polinizadores est\u00e1n en peligro y se enfrentan a muchas amenazas, como la p\u00e9rdida de h\u00e1bitat, la degradaci\u00f3n de las tierras y el uso de pesticidas. Cualquier persona \u2013 individuos, comunidades, gobiernos y el sector privado \u2013puede ayudar a proteger, restaurar y celebrar a los [&hellip;]<\/p>\n","protected":false},"author":1,"featured_media":0,"parent":53345,"menu_order":0,"comment_status":"closed","ping_status":"closed","template":"page-pfp-nine.php","meta":{"_acf_changed":false,"footnotes":""},"class_list":["post-53329","page","type-page","status-publish","hentry"],"acf":[],"yoast_head":"<!-- This site is optimized with the Yoast SEO Premium plugin v27.0 (Yoast SEO v27.0) - https:\/\/yoast.com\/product\/yoast-seo-premium-wordpress\/ -->\n<title>Por los polinizadores<\/title>\n<meta name=\"description\" content=\"9 maneras sencillas y f\u00e1ciles de ayudar a los polinizadores Los polinizadores est\u00e1n en peligro y se enfrentan a muchas amenazas, como la p\u00e9rdida de\" \/>\n<meta name=\"robots\" content=\"index, follow, max-snippet:-1, max-image-preview:large, max-video-preview:-1\" \/>\n<link rel=\"canonical\" href=\"https:\/\/www.cec.org\/es\/por-los-polinizadores\/nine-steps\/\" \/>\n<meta property=\"og:locale\" content=\"es_ES\" \/>\n<meta property=\"og:type\" content=\"article\" \/>\n<meta property=\"og:title\" content=\"Por los polinizadores\" \/>\n<meta property=\"og:description\" content=\"9 maneras sencillas y f\u00e1ciles de ayudar a los polinizadores Los polinizadores est\u00e1n en peligro y se enfrentan a muchas amenazas, como la p\u00e9rdida de\" \/>\n<meta property=\"og:url\" content=\"https:\/\/www.cec.org\/es\/por-los-polinizadores\/nine-steps\/\" \/>\n<meta property=\"og:site_name\" content=\"Comisi\u00f3n para la Cooperaci\u00f3n Ambiental\" \/>\n<meta property=\"article:publisher\" content=\"https:\/\/www.facebook.com\/CECconnect\" \/>\n<meta property=\"article:modified_time\" content=\"2024-07-11T17:33:10+00:00\" \/>\n<meta property=\"og:image\" content=\"http:\/\/www.cec.org\/wp-content\/uploads\/Digi-Postcard-SP-770x550.webp\" \/>\n<meta name=\"twitter:card\" content=\"summary_large_image\" \/>\n<meta name=\"twitter:site\" content=\"@CECweb\" \/>\n<script type=\"application\/ld+json\" class=\"yoast-schema-graph\">{\"@context\":\"https:\/\/schema.org\",\"@graph\":[{\"@type\":\"WebPage\",\"@id\":\"https:\/\/www.cec.org\/es\/por-los-polinizadores\/nine-steps\/\",\"url\":\"https:\/\/www.cec.org\/es\/por-los-polinizadores\/nine-steps\/\",\"name\":\"Por los polinizadores\",\"isPartOf\":{\"@id\":\"https:\/\/www.cec.org\/es\/#website\"},\"primaryImageOfPage\":{\"@id\":\"https:\/\/www.cec.org\/es\/por-los-polinizadores\/nine-steps\/#primaryimage\"},\"image\":{\"@id\":\"https:\/\/www.cec.org\/es\/por-los-polinizadores\/nine-steps\/#primaryimage\"},\"thumbnailUrl\":\"http:\/\/www.cec.org\/wp-content\/uploads\/Digi-Postcard-SP-770x550.webp\",\"datePublished\":\"2023-10-10T20:48:44+00:00\",\"dateModified\":\"2024-07-11T17:33:10+00:00\",\"description\":\"9 maneras sencillas y f\u00e1ciles de ayudar a los polinizadores Los polinizadores est\u00e1n en peligro y se enfrentan a muchas amenazas, como la p\u00e9rdida de\",\"breadcrumb\":{\"@id\":\"https:\/\/www.cec.org\/es\/por-los-polinizadores\/nine-steps\/#breadcrumb\"},\"inLanguage\":\"es\",\"potentialAction\":[{\"@type\":\"ReadAction\",\"target\":[\"https:\/\/www.cec.org\/es\/por-los-polinizadores\/nine-steps\/\"]}]},{\"@type\":\"ImageObject\",\"inLanguage\":\"es\",\"@id\":\"https:\/\/www.cec.org\/es\/por-los-polinizadores\/nine-steps\/#primaryimage\",\"url\":\"http:\/\/www.cec.org\/wp-content\/uploads\/Digi-Postcard-SP-770x550.webp\",\"contentUrl\":\"http:\/\/www.cec.org\/wp-content\/uploads\/Digi-Postcard-SP-770x550.webp\"},{\"@type\":\"BreadcrumbList\",\"@id\":\"https:\/\/www.cec.org\/es\/por-los-polinizadores\/nine-steps\/#breadcrumb\",\"itemListElement\":[{\"@type\":\"ListItem\",\"position\":1,\"name\":\"Inicio\",\"item\":\"https:\/\/www.cec.org\/es\/\"},{\"@type\":\"ListItem\",\"position\":2,\"name\":\"Por los polinizadores\",\"item\":\"https:\/\/www.cec.org\/es\/people-for-pollinators\/\"},{\"@type\":\"ListItem\",\"position\":3,\"name\":\"Por los polinizadores\"}]},{\"@type\":\"WebSite\",\"@id\":\"https:\/\/www.cec.org\/es\/#website\",\"url\":\"https:\/\/www.cec.org\/es\/\",\"name\":\"Commission for Environmental Cooperation\",\"description\":\"Three countries working together to protect our shared environment\",\"alternateName\":\"CEC - CCA -CCE\",\"potentialAction\":[{\"@type\":\"SearchAction\",\"target\":{\"@type\":\"EntryPoint\",\"urlTemplate\":\"https:\/\/www.cec.org\/es\/?s={search_term_string}\"},\"query-input\":{\"@type\":\"PropertyValueSpecification\",\"valueRequired\":true,\"valueName\":\"search_term_string\"}}],\"inLanguage\":\"es\"}]}<\/script>\n<!-- \/ Yoast SEO Premium plugin. -->","yoast_head_json":{"title":"Por los polinizadores","description":"9 maneras sencillas y f\u00e1ciles de ayudar a los polinizadores Los polinizadores est\u00e1n en peligro y se enfrentan a muchas amenazas, como la p\u00e9rdida de","robots":{"index":"index","follow":"follow","max-snippet":"max-snippet:-1","max-image-preview":"max-image-preview:large","max-video-preview":"max-video-preview:-1"},"canonical":"https:\/\/www.cec.org\/es\/por-los-polinizadores\/nine-steps\/","og_locale":"es_ES","og_type":"article","og_title":"Por los polinizadores","og_description":"9 maneras sencillas y f\u00e1ciles de ayudar a los polinizadores Los polinizadores est\u00e1n en peligro y se enfrentan a muchas amenazas, como la p\u00e9rdida de","og_url":"https:\/\/www.cec.org\/es\/por-los-polinizadores\/nine-steps\/","og_site_name":"Comisi\u00f3n para la Cooperaci\u00f3n Ambiental","article_publisher":"https:\/\/www.facebook.com\/CECconnect","article_modified_time":"2024-07-11T17:33:10+00:00","og_image":[{"url":"http:\/\/www.cec.org\/wp-content\/uploads\/Digi-Postcard-SP-770x550.webp","type":"","width":"","height":""}],"twitter_card":"summary_large_image","twitter_site":"@CECweb","schema":{"@context":"https:\/\/schema.org","@graph":[{"@type":"WebPage","@id":"https:\/\/www.cec.org\/es\/por-los-polinizadores\/nine-steps\/","url":"https:\/\/www.cec.org\/es\/por-los-polinizadores\/nine-steps\/","name":"Por los polinizadores","isPartOf":{"@id":"https:\/\/www.cec.org\/es\/#website"},"primaryImageOfPage":{"@id":"https:\/\/www.cec.org\/es\/por-los-polinizadores\/nine-steps\/#primaryimage"},"image":{"@id":"https:\/\/www.cec.org\/es\/por-los-polinizadores\/nine-steps\/#primaryimage"},"thumbnailUrl":"http:\/\/www.cec.org\/wp-content\/uploads\/Digi-Postcard-SP-770x550.webp","datePublished":"2023-10-10T20:48:44+00:00","dateModified":"2024-07-11T17:33:10+00:00","description":"9 maneras sencillas y f\u00e1ciles de ayudar a los polinizadores Los polinizadores est\u00e1n en peligro y se enfrentan a muchas amenazas, como la p\u00e9rdida de","breadcrumb":{"@id":"https:\/\/www.cec.org\/es\/por-los-polinizadores\/nine-steps\/#breadcrumb"},"inLanguage":"es","potentialAction":[{"@type":"ReadAction","target":["https:\/\/www.cec.org\/es\/por-los-polinizadores\/nine-steps\/"]}]},{"@type":"ImageObject","inLanguage":"es","@id":"https:\/\/www.cec.org\/es\/por-los-polinizadores\/nine-steps\/#primaryimage","url":"http:\/\/www.cec.org\/wp-content\/uploads\/Digi-Postcard-SP-770x550.webp","contentUrl":"http:\/\/www.cec.org\/wp-content\/uploads\/Digi-Postcard-SP-770x550.webp"},{"@type":"BreadcrumbList","@id":"https:\/\/www.cec.org\/es\/por-los-polinizadores\/nine-steps\/#breadcrumb","itemListElement":[{"@type":"ListItem","position":1,"name":"Inicio","item":"https:\/\/www.cec.org\/es\/"},{"@type":"ListItem","position":2,"name":"Por los polinizadores","item":"https:\/\/www.cec.org\/es\/people-for-pollinators\/"},{"@type":"ListItem","position":3,"name":"Por los polinizadores"}]},{"@type":"WebSite","@id":"https:\/\/www.cec.org\/es\/#website","url":"https:\/\/www.cec.org\/es\/","name":"Commission for Environmental Cooperation","description":"Three countries working together to protect our shared environment","alternateName":"CEC - CCA -CCE","potentialAction":[{"@type":"SearchAction","target":{"@type":"EntryPoint","urlTemplate":"https:\/\/www.cec.org\/es\/?s={search_term_string}"},"query-input":{"@type":"PropertyValueSpecification","valueRequired":true,"valueName":"search_term_string"}}],"inLanguage":"es"}]}},"_links":{"self":[{"href":"https:\/\/www.cec.org\/es\/wp-json\/wp\/v2\/pages\/53329","targetHints":{"allow":["GET"]}}],"collection":[{"href":"https:\/\/www.cec.org\/es\/wp-json\/wp\/v2\/pages"}],"about":[{"href":"https:\/\/www.cec.org\/es\/wp-json\/wp\/v2\/types\/page"}],"author":[{"embeddable":true,"href":"https:\/\/www.cec.org\/es\/wp-json\/wp\/v2\/users\/1"}],"replies":[{"embeddable":true,"href":"https:\/\/www.cec.org\/es\/wp-json\/wp\/v2\/comments?post=53329"}],"version-history":[{"count":6,"href":"https:\/\/www.cec.org\/es\/wp-json\/wp\/v2\/pages\/53329\/revisions"}],"predecessor-version":[{"id":55100,"href":"https:\/\/www.cec.org\/es\/wp-json\/wp\/v2\/pages\/53329\/revisions\/55100"}],"up":[{"embeddable":true,"href":"https:\/\/www.cec.org\/es\/wp-json\/wp\/v2\/pages\/53345"}],"wp:attachment":[{"href":"https:\/\/www.cec.org\/es\/wp-json\/wp\/v2\/media?parent=53329"}],"curies":[{"name":"wp","href":"https:\/\/api.w.org\/{rel}","templated":true}]}}