{"id":53166,"date":"2023-09-28T16:11:40","date_gmt":"2023-09-28T20:11:40","guid":{"rendered":"http:\/\/www.cec.org\/articulos-atlas\/"},"modified":"2024-10-08T12:21:23","modified_gmt":"2024-10-08T16:21:23","slug":"atlas-articulos","status":"publish","type":"page","link":"https:\/\/www.cec.org\/es\/atlas-articulos\/","title":{"rendered":"\u00bfQui\u00e9n utiliza el Atlas?"},"content":{"rendered":"<p>Muchos de los productos del <a href=\"https:\/\/www.cec.org\/es\/atlas-ambiental-de-america-del-norte\/\"><em>Atlas ambiental de Am\u00e9rica del Norte<\/em><\/a> (conjuntos de datos, mapas y publicaciones, etc\u00e9tera) han sido utilizados a lo largo de los a\u00f1os por una gran cantidad de investigadores y organizaciones como base para el quehacer cient\u00edfico y la formulaci\u00f3n e implementaci\u00f3n de pol\u00edticas y acciones en la regi\u00f3n.<\/p>\n<p>Le invitamos a explorar los m\u00e1s de mil estudios y art\u00edculos utilizando datos del <em>Atlas ambiental de Am\u00e9rica del Norte<\/em> que se han publicado en art\u00edculos cient\u00edficos, tesis, informes, libros, ponencias y otros documentos.<\/p>\n","protected":false},"excerpt":{"rendered":"<p>Muchos de los productos del Atlas ambiental de Am\u00e9rica del Norte (conjuntos de datos, mapas y publicaciones, etc\u00e9tera) han sido utilizados a lo largo de los a\u00f1os por una gran cantidad de investigadores y organizaciones como base para el quehacer cient\u00edfico y la formulaci\u00f3n e implementaci\u00f3n de pol\u00edticas y acciones en la regi\u00f3n. Le invitamos [&hellip;]<\/p>\n","protected":false},"author":1,"featured_media":0,"parent":0,"menu_order":0,"comment_status":"closed","ping_status":"closed","template":"","meta":{"_acf_changed":false,"footnotes":""},"class_list":["post-53166","page","type-page","status-publish","hentry"],"acf":[],"yoast_head":"<!-- This site is optimized with the Yoast SEO Premium plugin v27.0 (Yoast SEO v27.0) - https:\/\/yoast.com\/product\/yoast-seo-premium-wordpress\/ -->\n<title>Using the Atlas to Explore North America&#039;s Ecology<\/title>\n<meta name=\"description\" content=\"Learn how you can use the North American Environmental Atlas to research science, policy and action in its various forms, using the Atlas.\" \/>\n<meta name=\"robots\" content=\"index, follow, max-snippet:-1, max-image-preview:large, max-video-preview:-1\" \/>\n<link rel=\"canonical\" href=\"https:\/\/www.cec.org\/es\/atlas-articulos\/\" \/>\n<meta property=\"og:locale\" content=\"es_ES\" \/>\n<meta property=\"og:type\" content=\"article\" \/>\n<meta property=\"og:title\" content=\"Utilizing North American Environmental Atlas Data for Reports and Journals\" \/>\n<meta property=\"og:description\" content=\"Find out more about the North American Environmental Atlas &amp; its utilization to drive science, policy &amp; action with the Atlas on Facebook!\" \/>\n<meta property=\"og:url\" content=\"https:\/\/www.cec.org\/es\/atlas-articulos\/\" \/>\n<meta property=\"og:site_name\" content=\"Comisi\u00f3n para la Cooperaci\u00f3n Ambiental\" \/>\n<meta property=\"article:publisher\" content=\"https:\/\/www.facebook.com\/CECconnect\" \/>\n<meta property=\"article:modified_time\" content=\"2024-10-08T16:21:23+00:00\" \/>\n<meta property=\"og:image\" content=\"https:\/\/www.cec.org\/wp-content\/uploads\/cec-cover2023.webp\" \/>\n\t<meta property=\"og:image:width\" content=\"1200\" \/>\n\t<meta property=\"og:image:height\" content=\"630\" \/>\n\t<meta property=\"og:image:type\" content=\"image\/webp\" \/>\n<meta name=\"twitter:card\" content=\"summary_large_image\" \/>\n<meta name=\"twitter:title\" content=\"\u00bfQui\u00e9n utiliza el Atlas?\" \/>\n<meta name=\"twitter:description\" content=\"Muchos de los productos del Atlas ambiental de Am\u00e9rica del Norte (conjuntos de datos, mapas y publicaciones, etc\u00e9tera) han sido utilizados a lo largo de\" \/>\n<meta name=\"twitter:site\" content=\"@CECweb\" \/>\n<script type=\"application\/ld+json\" class=\"yoast-schema-graph\">{\"@context\":\"https:\/\/schema.org\",\"@graph\":[{\"@type\":\"WebPage\",\"@id\":\"https:\/\/www.cec.org\/es\/atlas-articulos\/\",\"url\":\"https:\/\/www.cec.org\/es\/atlas-articulos\/\",\"name\":\"Using the Atlas to Explore North America's Ecology\",\"isPartOf\":{\"@id\":\"https:\/\/www.cec.org\/es\/#website\"},\"datePublished\":\"2023-09-28T20:11:40+00:00\",\"dateModified\":\"2024-10-08T16:21:23+00:00\",\"description\":\"Learn how you can use the North American Environmental Atlas to research science, policy and action in its various forms, using the Atlas.\",\"breadcrumb\":{\"@id\":\"https:\/\/www.cec.org\/es\/atlas-articulos\/#breadcrumb\"},\"inLanguage\":\"es\",\"potentialAction\":[{\"@type\":\"ReadAction\",\"target\":[\"https:\/\/www.cec.org\/es\/atlas-articulos\/\"]}]},{\"@type\":\"BreadcrumbList\",\"@id\":\"https:\/\/www.cec.org\/es\/atlas-articulos\/#breadcrumb\",\"itemListElement\":[{\"@type\":\"ListItem\",\"position\":1,\"name\":\"Inicio\",\"item\":\"https:\/\/www.cec.org\/es\/\"},{\"@type\":\"ListItem\",\"position\":2,\"name\":\"\u00bfQui\u00e9n utiliza el Atlas?\"}]},{\"@type\":\"WebSite\",\"@id\":\"https:\/\/www.cec.org\/es\/#website\",\"url\":\"https:\/\/www.cec.org\/es\/\",\"name\":\"Commission for Environmental Cooperation\",\"description\":\"Three countries working together to protect our shared environment\",\"alternateName\":\"CEC - CCA -CCE\",\"potentialAction\":[{\"@type\":\"SearchAction\",\"target\":{\"@type\":\"EntryPoint\",\"urlTemplate\":\"https:\/\/www.cec.org\/es\/?s={search_term_string}\"},\"query-input\":{\"@type\":\"PropertyValueSpecification\",\"valueRequired\":true,\"valueName\":\"search_term_string\"}}],\"inLanguage\":\"es\"}]}<\/script>\n<!-- \/ Yoast SEO Premium plugin. -->","yoast_head_json":{"title":"Using the Atlas to Explore North America's Ecology","description":"Learn how you can use the North American Environmental Atlas to research science, policy and action in its various forms, using the Atlas.","robots":{"index":"index","follow":"follow","max-snippet":"max-snippet:-1","max-image-preview":"max-image-preview:large","max-video-preview":"max-video-preview:-1"},"canonical":"https:\/\/www.cec.org\/es\/atlas-articulos\/","og_locale":"es_ES","og_type":"article","og_title":"Utilizing North American Environmental Atlas Data for Reports and Journals","og_description":"Find out more about the North American Environmental Atlas & its utilization to drive science, policy & action with the Atlas on Facebook!","og_url":"https:\/\/www.cec.org\/es\/atlas-articulos\/","og_site_name":"Comisi\u00f3n para la Cooperaci\u00f3n Ambiental","article_publisher":"https:\/\/www.facebook.com\/CECconnect","article_modified_time":"2024-10-08T16:21:23+00:00","og_image":[{"width":1200,"height":630,"url":"https:\/\/www.cec.org\/wp-content\/uploads\/cec-cover2023.webp","type":"image\/webp"}],"twitter_card":"summary_large_image","twitter_title":"\u00bfQui\u00e9n utiliza el Atlas?","twitter_description":"Muchos de los productos del Atlas ambiental de Am\u00e9rica del Norte (conjuntos de datos, mapas y publicaciones, etc\u00e9tera) han sido utilizados a lo largo de","twitter_site":"@CECweb","schema":{"@context":"https:\/\/schema.org","@graph":[{"@type":"WebPage","@id":"https:\/\/www.cec.org\/es\/atlas-articulos\/","url":"https:\/\/www.cec.org\/es\/atlas-articulos\/","name":"Using the Atlas to Explore North America's Ecology","isPartOf":{"@id":"https:\/\/www.cec.org\/es\/#website"},"datePublished":"2023-09-28T20:11:40+00:00","dateModified":"2024-10-08T16:21:23+00:00","description":"Learn how you can use the North American Environmental Atlas to research science, policy and action in its various forms, using the Atlas.","breadcrumb":{"@id":"https:\/\/www.cec.org\/es\/atlas-articulos\/#breadcrumb"},"inLanguage":"es","potentialAction":[{"@type":"ReadAction","target":["https:\/\/www.cec.org\/es\/atlas-articulos\/"]}]},{"@type":"BreadcrumbList","@id":"https:\/\/www.cec.org\/es\/atlas-articulos\/#breadcrumb","itemListElement":[{"@type":"ListItem","position":1,"name":"Inicio","item":"https:\/\/www.cec.org\/es\/"},{"@type":"ListItem","position":2,"name":"\u00bfQui\u00e9n utiliza el Atlas?"}]},{"@type":"WebSite","@id":"https:\/\/www.cec.org\/es\/#website","url":"https:\/\/www.cec.org\/es\/","name":"Commission for Environmental Cooperation","description":"Three countries working together to protect our shared environment","alternateName":"CEC - CCA -CCE","potentialAction":[{"@type":"SearchAction","target":{"@type":"EntryPoint","urlTemplate":"https:\/\/www.cec.org\/es\/?s={search_term_string}"},"query-input":{"@type":"PropertyValueSpecification","valueRequired":true,"valueName":"search_term_string"}}],"inLanguage":"es"}]}},"_links":{"self":[{"href":"https:\/\/www.cec.org\/es\/wp-json\/wp\/v2\/pages\/53166","targetHints":{"allow":["GET"]}}],"collection":[{"href":"https:\/\/www.cec.org\/es\/wp-json\/wp\/v2\/pages"}],"about":[{"href":"https:\/\/www.cec.org\/es\/wp-json\/wp\/v2\/types\/page"}],"author":[{"embeddable":true,"href":"https:\/\/www.cec.org\/es\/wp-json\/wp\/v2\/users\/1"}],"replies":[{"embeddable":true,"href":"https:\/\/www.cec.org\/es\/wp-json\/wp\/v2\/comments?post=53166"}],"version-history":[{"count":1,"href":"https:\/\/www.cec.org\/es\/wp-json\/wp\/v2\/pages\/53166\/revisions"}],"predecessor-version":[{"id":53168,"href":"https:\/\/www.cec.org\/es\/wp-json\/wp\/v2\/pages\/53166\/revisions\/53168"}],"wp:attachment":[{"href":"https:\/\/www.cec.org\/es\/wp-json\/wp\/v2\/media?parent=53166"}],"curies":[{"name":"wp","href":"https:\/\/api.w.org\/{rel}","templated":true}]}}