{"id":51500,"date":"2022-11-18T12:47:42","date_gmt":"2022-11-18T17:47:42","guid":{"rendered":"http:\/\/www.cec.org\/peticion-enviada\/"},"modified":"2024-07-11T13:33:02","modified_gmt":"2024-07-11T17:33:02","slug":"peticion-enviada","status":"publish","type":"page","link":"https:\/\/www.cec.org\/es\/peticion-enviada\/","title":{"rendered":"Petici\u00f3n enviada"},"content":{"rendered":"<div class=\"green-textbox\">\n<h3 style=\"text-align: center;\">Su petici\u00f3n ha sido enviada con \u00e9xito. \u00a1Gracias!<\/h3>\n<\/div>\n<h4><strong>\u00bfCu\u00e1l es el siguiente paso?<\/strong><\/h4>\n<p>El Secretariado analizar\u00e1 la petici\u00f3n presentada y determinar\u00e1 si \u00e9sta cumple con los requisitos de admisibilidad establecidos en el art\u00edculo 24.27(2) del Tratado.<\/p>\n<p>Si el Secretariado determina que su petici\u00f3n no cumple con los requisitos previstos en dicho art\u00edculo, as\u00ed\u00a0se lo informaremos por escrito y explicaremos las razones que motivan tal determinaci\u00f3n, en cuyo caso podr\u00e1 usted presentar una petici\u00f3n revisada.<\/p>\n<p>El Secretariado podr\u00e1, en cualquier momento, notificarle acerca de errores menores de forma en la petici\u00f3n con el fin de que se rectifiquen. Un error menor en la forma no es elemento que se considere decisivo en una determinaci\u00f3n respecto de la admisibilidad de su petici\u00f3n, pero s\u00ed se le recomienda rectificar cualquier posible error a la mayor brevedad, a fin de que el Secretariado pueda concluir el proceso inicial de examen de la petici\u00f3n.<\/p>\n<p>Si el Secretariado concluye que la petici\u00f3n cumple con los criterios de admisibilidad planteados en el art\u00edculo 24.27(2) del Tratado, entonces proceder\u00e1 directamente a considerar si la petici\u00f3n amerita una respuesta de la Parte en cuesti\u00f3n con apego al art\u00edculo 24.27(3). Ambos pasos de este proceso de revisi\u00f3n de una petici\u00f3n suelen tomar (en conjunto y en condiciones normales) 30 d\u00edas h\u00e1biles a partir de la fecha de presentaci\u00f3n de la petici\u00f3n.<\/p>\n<h4><strong>\u00bfTiene alguna pregunta sobre c\u00f3mo presentar una petici\u00f3n?<\/strong><\/h4>\n<p>Comun\u00edquese con la Unidad SEM, en <a href=\"mailto:sem@cec.org\">sem@cec.org<\/a> o llam\u00e1ndonos al (514) 350-4300. Le\u00a0invitamos\u00a0tambi\u00e9n a visitar nuestro sitio web y explorar un <a href=\"https:\/\/youtu.be\/gF3Y_hkU6-I\"><strong>video<\/strong><\/a> sobre el proceso SEM, o\u00a0bien\u00a0consultar <a href=\"https:\/\/www.cec.org\/es\/peticiones-sobre-aplicacion-de-la-legislacion-ambiental\/registro-publico-de-peticiones\/\"><strong>peticiones previas<\/strong><\/a> presentadas ante la CCA.<\/p>\n","protected":false},"excerpt":{"rendered":"<p>Su petici\u00f3n ha sido enviada con \u00e9xito. \u00a1Gracias! \u00bfCu\u00e1l es el siguiente paso? El Secretariado analizar\u00e1 la petici\u00f3n presentada y determinar\u00e1 si \u00e9sta cumple con los requisitos de admisibilidad establecidos en el art\u00edculo 24.27(2) del Tratado. Si el Secretariado determina que su petici\u00f3n no cumple con los requisitos previstos en dicho art\u00edculo, as\u00ed\u00a0se lo informaremos [&hellip;]<\/p>\n","protected":false},"author":1,"featured_media":0,"parent":0,"menu_order":0,"comment_status":"closed","ping_status":"closed","template":"","meta":{"_acf_changed":false,"footnotes":""},"class_list":["post-51500","page","type-page","status-publish","hentry"],"acf":[],"yoast_head":"<!-- This site is optimized with the Yoast SEO Premium plugin v27.4 (Yoast SEO v27.4) - https:\/\/yoast.com\/product\/yoast-seo-premium-wordpress\/ -->\n<title>Petici\u00f3n enviada<\/title>\n<meta name=\"description\" content=\"Su petici\u00f3n ha sido enviada con \u00e9xito. \u00a1Gracias! \u00bfCu\u00e1l es el siguiente paso? El Secretariado analizar\u00e1 la petici\u00f3n presentada y determinar\u00e1 si \u00e9sta cumple\" \/>\n<meta name=\"robots\" content=\"index, follow, max-snippet:-1, max-image-preview:large, max-video-preview:-1\" \/>\n<link rel=\"canonical\" href=\"https:\/\/www.cec.org\/es\/peticion-enviada\/\" \/>\n<meta property=\"og:locale\" content=\"es_ES\" \/>\n<meta property=\"og:type\" content=\"article\" \/>\n<meta property=\"og:title\" content=\"Petici\u00f3n enviada\" \/>\n<meta property=\"og:description\" content=\"Su petici\u00f3n ha sido enviada con \u00e9xito. \u00a1Gracias! \u00bfCu\u00e1l es el siguiente paso? El Secretariado analizar\u00e1 la petici\u00f3n presentada y determinar\u00e1 si \u00e9sta cumple\" \/>\n<meta property=\"og:url\" content=\"https:\/\/www.cec.org\/es\/peticion-enviada\/\" \/>\n<meta property=\"og:site_name\" content=\"Comisi\u00f3n para la Cooperaci\u00f3n Ambiental\" \/>\n<meta property=\"article:publisher\" content=\"https:\/\/www.facebook.com\/CECconnect\" \/>\n<meta property=\"article:modified_time\" content=\"2024-07-11T17:33:02+00:00\" \/>\n<meta property=\"og:image\" content=\"https:\/\/www.cec.org\/wp-content\/uploads\/cec-cover2023.webp\" \/>\n\t<meta property=\"og:image:width\" content=\"1200\" \/>\n\t<meta property=\"og:image:height\" content=\"630\" \/>\n\t<meta property=\"og:image:type\" content=\"image\/webp\" \/>\n<meta name=\"twitter:card\" content=\"summary_large_image\" \/>\n<meta name=\"twitter:site\" content=\"@CECweb\" \/>\n<script type=\"application\/ld+json\" class=\"yoast-schema-graph\">{\"@context\":\"https:\\\/\\\/schema.org\",\"@graph\":[{\"@type\":\"WebPage\",\"@id\":\"https:\\\/\\\/www.cec.org\\\/es\\\/peticion-enviada\\\/\",\"url\":\"https:\\\/\\\/www.cec.org\\\/es\\\/peticion-enviada\\\/\",\"name\":\"Petici\u00f3n enviada\",\"isPartOf\":{\"@id\":\"https:\\\/\\\/www.cec.org\\\/es\\\/#website\"},\"datePublished\":\"2022-11-18T17:47:42+00:00\",\"dateModified\":\"2024-07-11T17:33:02+00:00\",\"description\":\"Su petici\u00f3n ha sido enviada con \u00e9xito. \u00a1Gracias! \u00bfCu\u00e1l es el siguiente paso? El Secretariado analizar\u00e1 la petici\u00f3n presentada y determinar\u00e1 si \u00e9sta cumple\",\"breadcrumb\":{\"@id\":\"https:\\\/\\\/www.cec.org\\\/es\\\/peticion-enviada\\\/#breadcrumb\"},\"inLanguage\":\"es\",\"potentialAction\":[{\"@type\":\"ReadAction\",\"target\":[\"https:\\\/\\\/www.cec.org\\\/es\\\/peticion-enviada\\\/\"]}]},{\"@type\":\"BreadcrumbList\",\"@id\":\"https:\\\/\\\/www.cec.org\\\/es\\\/peticion-enviada\\\/#breadcrumb\",\"itemListElement\":[{\"@type\":\"ListItem\",\"position\":1,\"name\":\"Inicio\",\"item\":\"https:\\\/\\\/www.cec.org\\\/es\\\/\"},{\"@type\":\"ListItem\",\"position\":2,\"name\":\"Petici\u00f3n enviada\"}]},{\"@type\":\"WebSite\",\"@id\":\"https:\\\/\\\/www.cec.org\\\/es\\\/#website\",\"url\":\"https:\\\/\\\/www.cec.org\\\/es\\\/\",\"name\":\"Commission for Environmental Cooperation\",\"description\":\"Three countries working together to protect our shared environment\",\"alternateName\":\"CEC - CCA -CCE\",\"potentialAction\":[{\"@type\":\"SearchAction\",\"target\":{\"@type\":\"EntryPoint\",\"urlTemplate\":\"https:\\\/\\\/www.cec.org\\\/es\\\/?s={search_term_string}\"},\"query-input\":{\"@type\":\"PropertyValueSpecification\",\"valueRequired\":true,\"valueName\":\"search_term_string\"}}],\"inLanguage\":\"es\"}]}<\/script>\n<!-- \/ Yoast SEO Premium plugin. -->","yoast_head_json":{"title":"Petici\u00f3n enviada","description":"Su petici\u00f3n ha sido enviada con \u00e9xito. \u00a1Gracias! \u00bfCu\u00e1l es el siguiente paso? El Secretariado analizar\u00e1 la petici\u00f3n presentada y determinar\u00e1 si \u00e9sta cumple","robots":{"index":"index","follow":"follow","max-snippet":"max-snippet:-1","max-image-preview":"max-image-preview:large","max-video-preview":"max-video-preview:-1"},"canonical":"https:\/\/www.cec.org\/es\/peticion-enviada\/","og_locale":"es_ES","og_type":"article","og_title":"Petici\u00f3n enviada","og_description":"Su petici\u00f3n ha sido enviada con \u00e9xito. \u00a1Gracias! \u00bfCu\u00e1l es el siguiente paso? El Secretariado analizar\u00e1 la petici\u00f3n presentada y determinar\u00e1 si \u00e9sta cumple","og_url":"https:\/\/www.cec.org\/es\/peticion-enviada\/","og_site_name":"Comisi\u00f3n para la Cooperaci\u00f3n Ambiental","article_publisher":"https:\/\/www.facebook.com\/CECconnect","article_modified_time":"2024-07-11T17:33:02+00:00","og_image":[{"width":1200,"height":630,"url":"https:\/\/www.cec.org\/wp-content\/uploads\/cec-cover2023.webp","type":"image\/webp"}],"twitter_card":"summary_large_image","twitter_site":"@CECweb","schema":{"@context":"https:\/\/schema.org","@graph":[{"@type":"WebPage","@id":"https:\/\/www.cec.org\/es\/peticion-enviada\/","url":"https:\/\/www.cec.org\/es\/peticion-enviada\/","name":"Petici\u00f3n enviada","isPartOf":{"@id":"https:\/\/www.cec.org\/es\/#website"},"datePublished":"2022-11-18T17:47:42+00:00","dateModified":"2024-07-11T17:33:02+00:00","description":"Su petici\u00f3n ha sido enviada con \u00e9xito. \u00a1Gracias! \u00bfCu\u00e1l es el siguiente paso? El Secretariado analizar\u00e1 la petici\u00f3n presentada y determinar\u00e1 si \u00e9sta cumple","breadcrumb":{"@id":"https:\/\/www.cec.org\/es\/peticion-enviada\/#breadcrumb"},"inLanguage":"es","potentialAction":[{"@type":"ReadAction","target":["https:\/\/www.cec.org\/es\/peticion-enviada\/"]}]},{"@type":"BreadcrumbList","@id":"https:\/\/www.cec.org\/es\/peticion-enviada\/#breadcrumb","itemListElement":[{"@type":"ListItem","position":1,"name":"Inicio","item":"https:\/\/www.cec.org\/es\/"},{"@type":"ListItem","position":2,"name":"Petici\u00f3n enviada"}]},{"@type":"WebSite","@id":"https:\/\/www.cec.org\/es\/#website","url":"https:\/\/www.cec.org\/es\/","name":"Commission for Environmental Cooperation","description":"Three countries working together to protect our shared environment","alternateName":"CEC - CCA -CCE","potentialAction":[{"@type":"SearchAction","target":{"@type":"EntryPoint","urlTemplate":"https:\/\/www.cec.org\/es\/?s={search_term_string}"},"query-input":{"@type":"PropertyValueSpecification","valueRequired":true,"valueName":"search_term_string"}}],"inLanguage":"es"}]}},"_links":{"self":[{"href":"https:\/\/www.cec.org\/es\/wp-json\/wp\/v2\/pages\/51500","targetHints":{"allow":["GET"]}}],"collection":[{"href":"https:\/\/www.cec.org\/es\/wp-json\/wp\/v2\/pages"}],"about":[{"href":"https:\/\/www.cec.org\/es\/wp-json\/wp\/v2\/types\/page"}],"author":[{"embeddable":true,"href":"https:\/\/www.cec.org\/es\/wp-json\/wp\/v2\/users\/1"}],"replies":[{"embeddable":true,"href":"https:\/\/www.cec.org\/es\/wp-json\/wp\/v2\/comments?post=51500"}],"version-history":[{"count":1,"href":"https:\/\/www.cec.org\/es\/wp-json\/wp\/v2\/pages\/51500\/revisions"}],"predecessor-version":[{"id":51559,"href":"https:\/\/www.cec.org\/es\/wp-json\/wp\/v2\/pages\/51500\/revisions\/51559"}],"wp:attachment":[{"href":"https:\/\/www.cec.org\/es\/wp-json\/wp\/v2\/media?parent=51500"}],"curies":[{"name":"wp","href":"https:\/\/api.w.org\/{rel}","templated":true}]}}