{"id":51400,"date":"2022-10-26T09:42:53","date_gmt":"2022-10-26T13:42:53","guid":{"rendered":"http:\/\/www.cec.org\/formulario-para-presentar-una-peticion\/"},"modified":"2024-07-11T13:32:45","modified_gmt":"2024-07-11T17:32:45","slug":"formulario-para-presentar-una-peticion","status":"publish","type":"page","link":"https:\/\/www.cec.org\/es\/formulario-para-presentar-una-peticion\/","title":{"rendered":"Formulario para presentar una petici\u00f3n"},"content":{"rendered":"<p>Le invitamos a utilizar este formulario para elaborar y presentar una petici\u00f3n sobre aplicaci\u00f3n efectiva de la legislaci\u00f3n ambiental en t\u00e9rminos del art\u00edculo 24.27 del nuevo tratado comercial de Am\u00e9rica del Norte (<a href=\"http:\/\/www.cec.org\/files\/documents\/sem\/cec-sem-related-provisions_plus-eca.pdf\">T-MEC<\/a> o \u201cel Tratado\u201d), en vigor a partir del 1\u00a0de\u00a0julio de 2020.<\/p>\n<p>Creado originalmente por el Acuerdo de Cooperaci\u00f3n Ambiental de Am\u00e9rica del Norte (ACAAN), el mecanismo de peticiones sobre aplicaci\u00f3n efectiva de la legislaci\u00f3n ambiental (proceso SEM, por sus siglas en ingl\u00e9s) ahora forma parte del cap\u00edtulo 24 del T-MEC, con algunos cambios menores.<\/p>\n","protected":false},"excerpt":{"rendered":"<p>Le invitamos a utilizar este formulario para elaborar y presentar una petici\u00f3n sobre aplicaci\u00f3n efectiva de la legislaci\u00f3n ambiental en t\u00e9rminos del art\u00edculo 24.27 del nuevo tratado comercial de Am\u00e9rica del Norte (T-MEC o \u201cel Tratado\u201d), en vigor a partir del 1\u00a0de\u00a0julio de 2020. Creado originalmente por el Acuerdo de Cooperaci\u00f3n Ambiental de Am\u00e9rica del [&hellip;]<\/p>\n","protected":false},"author":1,"featured_media":0,"parent":0,"menu_order":0,"comment_status":"closed","ping_status":"closed","template":"","meta":{"_acf_changed":false,"footnotes":""},"class_list":["post-51400","page","type-page","status-publish","hentry"],"acf":[],"yoast_head":"<!-- This site is optimized with the Yoast SEO Premium plugin v27.0 (Yoast SEO v27.0) - https:\/\/yoast.com\/product\/yoast-seo-premium-wordpress\/ -->\n<title>Formulario para presentar una petici\u00f3n<\/title>\n<meta name=\"description\" content=\"Le invitamos a utilizar este formulario para elaborar y presentar una petici\u00f3n sobre aplicaci\u00f3n efectiva de la legislaci\u00f3n ambiental\" \/>\n<meta name=\"robots\" content=\"index, follow, max-snippet:-1, max-image-preview:large, max-video-preview:-1\" \/>\n<link rel=\"canonical\" href=\"https:\/\/www.cec.org\/es\/formulario-para-presentar-una-peticion\/\" \/>\n<meta property=\"og:locale\" content=\"es_ES\" \/>\n<meta property=\"og:type\" content=\"article\" \/>\n<meta property=\"og:title\" content=\"Formulario para presentar una petici\u00f3n\" \/>\n<meta property=\"og:description\" content=\"Le invitamos a utilizar este formulario para elaborar y presentar una petici\u00f3n sobre aplicaci\u00f3n efectiva de la legislaci\u00f3n ambiental en t\u00e9rminos del\" \/>\n<meta property=\"og:url\" content=\"https:\/\/www.cec.org\/es\/formulario-para-presentar-una-peticion\/\" \/>\n<meta property=\"og:site_name\" content=\"Comisi\u00f3n para la Cooperaci\u00f3n Ambiental\" \/>\n<meta property=\"article:publisher\" content=\"https:\/\/www.facebook.com\/CECconnect\" \/>\n<meta property=\"article:modified_time\" content=\"2024-07-11T17:32:45+00:00\" \/>\n<meta property=\"og:image\" content=\"https:\/\/www.cec.org\/wp-content\/uploads\/cec-cover2023.webp\" \/>\n\t<meta property=\"og:image:width\" content=\"1200\" \/>\n\t<meta property=\"og:image:height\" content=\"630\" \/>\n\t<meta property=\"og:image:type\" content=\"image\/webp\" \/>\n<meta name=\"twitter:card\" content=\"summary_large_image\" \/>\n<meta name=\"twitter:site\" content=\"@CECweb\" \/>\n<script type=\"application\/ld+json\" class=\"yoast-schema-graph\">{\"@context\":\"https:\/\/schema.org\",\"@graph\":[{\"@type\":\"WebPage\",\"@id\":\"https:\/\/www.cec.org\/es\/formulario-para-presentar-una-peticion\/\",\"url\":\"https:\/\/www.cec.org\/es\/formulario-para-presentar-una-peticion\/\",\"name\":\"Formulario para presentar una petici\u00f3n\",\"isPartOf\":{\"@id\":\"https:\/\/www.cec.org\/es\/#website\"},\"datePublished\":\"2022-10-26T13:42:53+00:00\",\"dateModified\":\"2024-07-11T17:32:45+00:00\",\"description\":\"Le invitamos a utilizar este formulario para elaborar y presentar una petici\u00f3n sobre aplicaci\u00f3n efectiva de la legislaci\u00f3n ambiental\",\"breadcrumb\":{\"@id\":\"https:\/\/www.cec.org\/es\/formulario-para-presentar-una-peticion\/#breadcrumb\"},\"inLanguage\":\"es\",\"potentialAction\":[{\"@type\":\"ReadAction\",\"target\":[\"https:\/\/www.cec.org\/es\/formulario-para-presentar-una-peticion\/\"]}]},{\"@type\":\"BreadcrumbList\",\"@id\":\"https:\/\/www.cec.org\/es\/formulario-para-presentar-una-peticion\/#breadcrumb\",\"itemListElement\":[{\"@type\":\"ListItem\",\"position\":1,\"name\":\"Inicio\",\"item\":\"https:\/\/www.cec.org\/es\/\"},{\"@type\":\"ListItem\",\"position\":2,\"name\":\"Formulario para presentar una petici\u00f3n\"}]},{\"@type\":\"WebSite\",\"@id\":\"https:\/\/www.cec.org\/es\/#website\",\"url\":\"https:\/\/www.cec.org\/es\/\",\"name\":\"Commission for Environmental Cooperation\",\"description\":\"Three countries working together to protect our shared environment\",\"alternateName\":\"CEC - CCA -CCE\",\"potentialAction\":[{\"@type\":\"SearchAction\",\"target\":{\"@type\":\"EntryPoint\",\"urlTemplate\":\"https:\/\/www.cec.org\/es\/?s={search_term_string}\"},\"query-input\":{\"@type\":\"PropertyValueSpecification\",\"valueRequired\":true,\"valueName\":\"search_term_string\"}}],\"inLanguage\":\"es\"}]}<\/script>\n<!-- \/ Yoast SEO Premium plugin. -->","yoast_head_json":{"title":"Formulario para presentar una petici\u00f3n","description":"Le invitamos a utilizar este formulario para elaborar y presentar una petici\u00f3n sobre aplicaci\u00f3n efectiva de la legislaci\u00f3n ambiental","robots":{"index":"index","follow":"follow","max-snippet":"max-snippet:-1","max-image-preview":"max-image-preview:large","max-video-preview":"max-video-preview:-1"},"canonical":"https:\/\/www.cec.org\/es\/formulario-para-presentar-una-peticion\/","og_locale":"es_ES","og_type":"article","og_title":"Formulario para presentar una petici\u00f3n","og_description":"Le invitamos a utilizar este formulario para elaborar y presentar una petici\u00f3n sobre aplicaci\u00f3n efectiva de la legislaci\u00f3n ambiental en t\u00e9rminos del","og_url":"https:\/\/www.cec.org\/es\/formulario-para-presentar-una-peticion\/","og_site_name":"Comisi\u00f3n para la Cooperaci\u00f3n Ambiental","article_publisher":"https:\/\/www.facebook.com\/CECconnect","article_modified_time":"2024-07-11T17:32:45+00:00","og_image":[{"width":1200,"height":630,"url":"https:\/\/www.cec.org\/wp-content\/uploads\/cec-cover2023.webp","type":"image\/webp"}],"twitter_card":"summary_large_image","twitter_site":"@CECweb","schema":{"@context":"https:\/\/schema.org","@graph":[{"@type":"WebPage","@id":"https:\/\/www.cec.org\/es\/formulario-para-presentar-una-peticion\/","url":"https:\/\/www.cec.org\/es\/formulario-para-presentar-una-peticion\/","name":"Formulario para presentar una petici\u00f3n","isPartOf":{"@id":"https:\/\/www.cec.org\/es\/#website"},"datePublished":"2022-10-26T13:42:53+00:00","dateModified":"2024-07-11T17:32:45+00:00","description":"Le invitamos a utilizar este formulario para elaborar y presentar una petici\u00f3n sobre aplicaci\u00f3n efectiva de la legislaci\u00f3n ambiental","breadcrumb":{"@id":"https:\/\/www.cec.org\/es\/formulario-para-presentar-una-peticion\/#breadcrumb"},"inLanguage":"es","potentialAction":[{"@type":"ReadAction","target":["https:\/\/www.cec.org\/es\/formulario-para-presentar-una-peticion\/"]}]},{"@type":"BreadcrumbList","@id":"https:\/\/www.cec.org\/es\/formulario-para-presentar-una-peticion\/#breadcrumb","itemListElement":[{"@type":"ListItem","position":1,"name":"Inicio","item":"https:\/\/www.cec.org\/es\/"},{"@type":"ListItem","position":2,"name":"Formulario para presentar una petici\u00f3n"}]},{"@type":"WebSite","@id":"https:\/\/www.cec.org\/es\/#website","url":"https:\/\/www.cec.org\/es\/","name":"Commission for Environmental Cooperation","description":"Three countries working together to protect our shared environment","alternateName":"CEC - CCA -CCE","potentialAction":[{"@type":"SearchAction","target":{"@type":"EntryPoint","urlTemplate":"https:\/\/www.cec.org\/es\/?s={search_term_string}"},"query-input":{"@type":"PropertyValueSpecification","valueRequired":true,"valueName":"search_term_string"}}],"inLanguage":"es"}]}},"_links":{"self":[{"href":"https:\/\/www.cec.org\/es\/wp-json\/wp\/v2\/pages\/51400","targetHints":{"allow":["GET"]}}],"collection":[{"href":"https:\/\/www.cec.org\/es\/wp-json\/wp\/v2\/pages"}],"about":[{"href":"https:\/\/www.cec.org\/es\/wp-json\/wp\/v2\/types\/page"}],"author":[{"embeddable":true,"href":"https:\/\/www.cec.org\/es\/wp-json\/wp\/v2\/users\/1"}],"replies":[{"embeddable":true,"href":"https:\/\/www.cec.org\/es\/wp-json\/wp\/v2\/comments?post=51400"}],"version-history":[{"count":4,"href":"https:\/\/www.cec.org\/es\/wp-json\/wp\/v2\/pages\/51400\/revisions"}],"predecessor-version":[{"id":52192,"href":"https:\/\/www.cec.org\/es\/wp-json\/wp\/v2\/pages\/51400\/revisions\/52192"}],"wp:attachment":[{"href":"https:\/\/www.cec.org\/es\/wp-json\/wp\/v2\/media?parent=51400"}],"curies":[{"name":"wp","href":"https:\/\/api.w.org\/{rel}","templated":true}]}}