{"id":50844,"date":"2022-11-04T14:00:22","date_gmt":"2022-11-04T18:00:22","guid":{"rendered":"http:\/\/www.cec.org\/canada-estados-unidos-y-mexico-unidos-colaboran-en-la-implementacion-de-soluciones-de-adaptacion-al-cambio-climatico-para-america-del-norte\/"},"modified":"2024-07-11T13:32:42","modified_gmt":"2024-07-11T17:32:42","slug":"cop27","status":"publish","type":"page","link":"https:\/\/www.cec.org\/es\/cop27\/","title":{"rendered":"Canad\u00e1, Estados Unidos y M\u00e9xico Unidos colaboran en la implementaci\u00f3n de soluciones de adaptaci\u00f3n al cambio clim\u00e1tico para Am\u00e9rica del Norte"},"content":{"rendered":"<p>Creada en 1994 por Canad\u00e1, Estados Unidos y M\u00e9xico para facilitar la cooperaci\u00f3n efectiva y la participaci\u00f3n p\u00fablica en los esfuerzos de conservaci\u00f3n, protecci\u00f3n y mejoramiento del medio ambiente de Am\u00e9rica del Norte, la Comisi\u00f3n para la Cooperaci\u00f3n Ambiental (CCA) tiene una larga trayectoria y vasta experiencia en la promoci\u00f3n de la colaboraci\u00f3n regional para hacer frente a los impactos relacionados con el cambio clim\u00e1tico. En este evento, se presentar\u00e1n casos de \u00e9xito en el dise\u00f1o e implementaci\u00f3n de proyectos clave que fomentan la colaboraci\u00f3n y la adaptaci\u00f3n para promover el bienestar social y ambiental.<\/p>\n<p>El objetivo general del evento consiste en proporcionar a los delegados, representantes de comunidades ind\u00edgenas y otros pa\u00edses participantes informaci\u00f3n de utilidad para dise\u00f1ar e implementar proyectos de mitigaci\u00f3n y adaptaci\u00f3n regionales, colaborativos y con base cient\u00edfica. El Consejo de la CCA, su director ejecutivo y una l\u00edder ind\u00edgena presentar\u00e1n el amplio trabajo de colaboraci\u00f3n llevado a cabo por la organizaci\u00f3n, al igual que sus numerosos \u00e9xitos no s\u00f3lo a escala regional, sino tambi\u00e9n local.<\/p>\n","protected":false},"excerpt":{"rendered":"<p>Creada en 1994 por Canad\u00e1, Estados Unidos y M\u00e9xico para facilitar la cooperaci\u00f3n efectiva y la participaci\u00f3n p\u00fablica en los esfuerzos de conservaci\u00f3n, protecci\u00f3n y mejoramiento del medio ambiente de Am\u00e9rica del Norte, la Comisi\u00f3n para la Cooperaci\u00f3n Ambiental (CCA) tiene una larga trayectoria y vasta experiencia en la promoci\u00f3n de la colaboraci\u00f3n regional para [&hellip;]<\/p>\n","protected":false},"author":1,"featured_media":50843,"parent":0,"menu_order":0,"comment_status":"closed","ping_status":"closed","template":"page-cop27.php","meta":{"_acf_changed":false,"footnotes":""},"class_list":["post-50844","page","type-page","status-publish","has-post-thumbnail","hentry"],"acf":[],"yoast_head":"<!-- This site is optimized with the Yoast SEO Premium plugin v27.0 (Yoast SEO v27.0) - https:\/\/yoast.com\/product\/yoast-seo-premium-wordpress\/ -->\n<title>Canad\u00e1, Estados Unidos y M\u00e9xico Unidos colaboran en la implementaci\u00f3n de soluciones de adaptaci\u00f3n al cambio clim\u00e1tico para Am\u00e9rica del Norte<\/title>\n<meta name=\"description\" content=\"Creada en 1994 por Canad\u00e1, Estados Unidos y M\u00e9xico para facilitar la cooperaci\u00f3n efectiva y la participaci\u00f3n p\u00fablica en los esfuerzos de conservaci\u00f3n,\" \/>\n<meta name=\"robots\" content=\"index, follow, max-snippet:-1, max-image-preview:large, max-video-preview:-1\" \/>\n<link rel=\"canonical\" href=\"https:\/\/www.cec.org\/es\/cop27\/\" \/>\n<meta property=\"og:locale\" content=\"es_ES\" \/>\n<meta property=\"og:type\" content=\"article\" \/>\n<meta property=\"og:title\" content=\"Canad\u00e1, Estados Unidos y M\u00e9xico Unidos colaboran en la implementaci\u00f3n de soluciones de adaptaci\u00f3n al cambio clim\u00e1tico para Am\u00e9rica del Norte\" \/>\n<meta property=\"og:description\" content=\"Creada en 1994 por Canad\u00e1, Estados Unidos y M\u00e9xico para facilitar la cooperaci\u00f3n efectiva y la participaci\u00f3n p\u00fablica en los esfuerzos de conservaci\u00f3n,\" \/>\n<meta property=\"og:url\" content=\"https:\/\/www.cec.org\/es\/cop27\/\" \/>\n<meta property=\"og:site_name\" content=\"Comisi\u00f3n para la Cooperaci\u00f3n Ambiental\" \/>\n<meta property=\"article:publisher\" content=\"https:\/\/www.facebook.com\/CECconnect\" \/>\n<meta property=\"article:modified_time\" content=\"2024-07-11T17:32:42+00:00\" \/>\n<meta property=\"og:image\" content=\"https:\/\/www.cec.org\/wp-content\/uploads\/Canada-Mexico-and-the-United-States-Working-Together-on-Climate-Adaptation-Solutions-for-North-America.jpg\" \/>\n\t<meta property=\"og:image:width\" content=\"600\" \/>\n\t<meta property=\"og:image:height\" content=\"342\" \/>\n\t<meta property=\"og:image:type\" content=\"image\/jpeg\" \/>\n<meta name=\"twitter:card\" content=\"summary_large_image\" \/>\n<meta name=\"twitter:site\" content=\"@CECweb\" \/>\n<script type=\"application\/ld+json\" class=\"yoast-schema-graph\">{\"@context\":\"https:\/\/schema.org\",\"@graph\":[{\"@type\":\"WebPage\",\"@id\":\"https:\/\/www.cec.org\/es\/cop27\/\",\"url\":\"https:\/\/www.cec.org\/es\/cop27\/\",\"name\":\"Canad\u00e1, Estados Unidos y M\u00e9xico Unidos colaboran en la implementaci\u00f3n de soluciones de adaptaci\u00f3n al cambio clim\u00e1tico para Am\u00e9rica del Norte\",\"isPartOf\":{\"@id\":\"https:\/\/www.cec.org\/es\/#website\"},\"primaryImageOfPage\":{\"@id\":\"https:\/\/www.cec.org\/es\/cop27\/#primaryimage\"},\"image\":{\"@id\":\"https:\/\/www.cec.org\/es\/cop27\/#primaryimage\"},\"thumbnailUrl\":\"https:\/\/www.cec.org\/wp-content\/uploads\/Canada-Mexico-and-the-United-States-Working-Together-on-Climate-Adaptation-Solutions-for-North-America.jpg\",\"datePublished\":\"2022-11-04T18:00:22+00:00\",\"dateModified\":\"2024-07-11T17:32:42+00:00\",\"description\":\"Creada en 1994 por Canad\u00e1, Estados Unidos y M\u00e9xico para facilitar la cooperaci\u00f3n efectiva y la participaci\u00f3n p\u00fablica en los esfuerzos de conservaci\u00f3n,\",\"breadcrumb\":{\"@id\":\"https:\/\/www.cec.org\/es\/cop27\/#breadcrumb\"},\"inLanguage\":\"es\",\"potentialAction\":[{\"@type\":\"ReadAction\",\"target\":[\"https:\/\/www.cec.org\/es\/cop27\/\"]}]},{\"@type\":\"ImageObject\",\"inLanguage\":\"es\",\"@id\":\"https:\/\/www.cec.org\/es\/cop27\/#primaryimage\",\"url\":\"https:\/\/www.cec.org\/wp-content\/uploads\/Canada-Mexico-and-the-United-States-Working-Together-on-Climate-Adaptation-Solutions-for-North-America.jpg\",\"contentUrl\":\"https:\/\/www.cec.org\/wp-content\/uploads\/Canada-Mexico-and-the-United-States-Working-Together-on-Climate-Adaptation-Solutions-for-North-America.jpg\",\"width\":600,\"height\":342,\"caption\":\"COP27\"},{\"@type\":\"BreadcrumbList\",\"@id\":\"https:\/\/www.cec.org\/es\/cop27\/#breadcrumb\",\"itemListElement\":[{\"@type\":\"ListItem\",\"position\":1,\"name\":\"Inicio\",\"item\":\"https:\/\/www.cec.org\/es\/\"},{\"@type\":\"ListItem\",\"position\":2,\"name\":\"Canad\u00e1, Estados Unidos y M\u00e9xico Unidos colaboran en la implementaci\u00f3n de soluciones de adaptaci\u00f3n al cambio clim\u00e1tico para Am\u00e9rica del Norte\"}]},{\"@type\":\"WebSite\",\"@id\":\"https:\/\/www.cec.org\/es\/#website\",\"url\":\"https:\/\/www.cec.org\/es\/\",\"name\":\"Commission for Environmental Cooperation\",\"description\":\"Three countries working together to protect our shared environment\",\"alternateName\":\"CEC - CCA -CCE\",\"potentialAction\":[{\"@type\":\"SearchAction\",\"target\":{\"@type\":\"EntryPoint\",\"urlTemplate\":\"https:\/\/www.cec.org\/es\/?s={search_term_string}\"},\"query-input\":{\"@type\":\"PropertyValueSpecification\",\"valueRequired\":true,\"valueName\":\"search_term_string\"}}],\"inLanguage\":\"es\"}]}<\/script>\n<!-- \/ Yoast SEO Premium plugin. -->","yoast_head_json":{"title":"Canad\u00e1, Estados Unidos y M\u00e9xico Unidos colaboran en la implementaci\u00f3n de soluciones de adaptaci\u00f3n al cambio clim\u00e1tico para Am\u00e9rica del Norte","description":"Creada en 1994 por Canad\u00e1, Estados Unidos y M\u00e9xico para facilitar la cooperaci\u00f3n efectiva y la participaci\u00f3n p\u00fablica en los esfuerzos de conservaci\u00f3n,","robots":{"index":"index","follow":"follow","max-snippet":"max-snippet:-1","max-image-preview":"max-image-preview:large","max-video-preview":"max-video-preview:-1"},"canonical":"https:\/\/www.cec.org\/es\/cop27\/","og_locale":"es_ES","og_type":"article","og_title":"Canad\u00e1, Estados Unidos y M\u00e9xico Unidos colaboran en la implementaci\u00f3n de soluciones de adaptaci\u00f3n al cambio clim\u00e1tico para Am\u00e9rica del Norte","og_description":"Creada en 1994 por Canad\u00e1, Estados Unidos y M\u00e9xico para facilitar la cooperaci\u00f3n efectiva y la participaci\u00f3n p\u00fablica en los esfuerzos de conservaci\u00f3n,","og_url":"https:\/\/www.cec.org\/es\/cop27\/","og_site_name":"Comisi\u00f3n para la Cooperaci\u00f3n Ambiental","article_publisher":"https:\/\/www.facebook.com\/CECconnect","article_modified_time":"2024-07-11T17:32:42+00:00","og_image":[{"width":600,"height":342,"url":"https:\/\/www.cec.org\/wp-content\/uploads\/Canada-Mexico-and-the-United-States-Working-Together-on-Climate-Adaptation-Solutions-for-North-America.jpg","type":"image\/jpeg"}],"twitter_card":"summary_large_image","twitter_site":"@CECweb","schema":{"@context":"https:\/\/schema.org","@graph":[{"@type":"WebPage","@id":"https:\/\/www.cec.org\/es\/cop27\/","url":"https:\/\/www.cec.org\/es\/cop27\/","name":"Canad\u00e1, Estados Unidos y M\u00e9xico Unidos colaboran en la implementaci\u00f3n de soluciones de adaptaci\u00f3n al cambio clim\u00e1tico para Am\u00e9rica del Norte","isPartOf":{"@id":"https:\/\/www.cec.org\/es\/#website"},"primaryImageOfPage":{"@id":"https:\/\/www.cec.org\/es\/cop27\/#primaryimage"},"image":{"@id":"https:\/\/www.cec.org\/es\/cop27\/#primaryimage"},"thumbnailUrl":"https:\/\/www.cec.org\/wp-content\/uploads\/Canada-Mexico-and-the-United-States-Working-Together-on-Climate-Adaptation-Solutions-for-North-America.jpg","datePublished":"2022-11-04T18:00:22+00:00","dateModified":"2024-07-11T17:32:42+00:00","description":"Creada en 1994 por Canad\u00e1, Estados Unidos y M\u00e9xico para facilitar la cooperaci\u00f3n efectiva y la participaci\u00f3n p\u00fablica en los esfuerzos de conservaci\u00f3n,","breadcrumb":{"@id":"https:\/\/www.cec.org\/es\/cop27\/#breadcrumb"},"inLanguage":"es","potentialAction":[{"@type":"ReadAction","target":["https:\/\/www.cec.org\/es\/cop27\/"]}]},{"@type":"ImageObject","inLanguage":"es","@id":"https:\/\/www.cec.org\/es\/cop27\/#primaryimage","url":"https:\/\/www.cec.org\/wp-content\/uploads\/Canada-Mexico-and-the-United-States-Working-Together-on-Climate-Adaptation-Solutions-for-North-America.jpg","contentUrl":"https:\/\/www.cec.org\/wp-content\/uploads\/Canada-Mexico-and-the-United-States-Working-Together-on-Climate-Adaptation-Solutions-for-North-America.jpg","width":600,"height":342,"caption":"COP27"},{"@type":"BreadcrumbList","@id":"https:\/\/www.cec.org\/es\/cop27\/#breadcrumb","itemListElement":[{"@type":"ListItem","position":1,"name":"Inicio","item":"https:\/\/www.cec.org\/es\/"},{"@type":"ListItem","position":2,"name":"Canad\u00e1, Estados Unidos y M\u00e9xico Unidos colaboran en la implementaci\u00f3n de soluciones de adaptaci\u00f3n al cambio clim\u00e1tico para Am\u00e9rica del Norte"}]},{"@type":"WebSite","@id":"https:\/\/www.cec.org\/es\/#website","url":"https:\/\/www.cec.org\/es\/","name":"Commission for Environmental Cooperation","description":"Three countries working together to protect our shared environment","alternateName":"CEC - CCA -CCE","potentialAction":[{"@type":"SearchAction","target":{"@type":"EntryPoint","urlTemplate":"https:\/\/www.cec.org\/es\/?s={search_term_string}"},"query-input":{"@type":"PropertyValueSpecification","valueRequired":true,"valueName":"search_term_string"}}],"inLanguage":"es"}]}},"_links":{"self":[{"href":"https:\/\/www.cec.org\/es\/wp-json\/wp\/v2\/pages\/50844","targetHints":{"allow":["GET"]}}],"collection":[{"href":"https:\/\/www.cec.org\/es\/wp-json\/wp\/v2\/pages"}],"about":[{"href":"https:\/\/www.cec.org\/es\/wp-json\/wp\/v2\/types\/page"}],"author":[{"embeddable":true,"href":"https:\/\/www.cec.org\/es\/wp-json\/wp\/v2\/users\/1"}],"replies":[{"embeddable":true,"href":"https:\/\/www.cec.org\/es\/wp-json\/wp\/v2\/comments?post=50844"}],"version-history":[{"count":1,"href":"https:\/\/www.cec.org\/es\/wp-json\/wp\/v2\/pages\/50844\/revisions"}],"predecessor-version":[{"id":50845,"href":"https:\/\/www.cec.org\/es\/wp-json\/wp\/v2\/pages\/50844\/revisions\/50845"}],"wp:featuredmedia":[{"embeddable":true,"href":"https:\/\/www.cec.org\/es\/wp-json\/wp\/v2\/media\/50843"}],"wp:attachment":[{"href":"https:\/\/www.cec.org\/es\/wp-json\/wp\/v2\/media?parent=50844"}],"curies":[{"name":"wp","href":"https:\/\/api.w.org\/{rel}","templated":true}]}}