{"id":49727,"date":"2022-07-04T13:16:16","date_gmt":"2022-07-04T17:16:16","guid":{"rendered":"http:\/\/www.cec.org\/iniciativa-internacional-de-monitoreo-blitz-monarca\/"},"modified":"2026-03-24T18:11:25","modified_gmt":"2026-03-24T22:11:25","slug":"iniciativa-internacional-de-monitoreo-blitz-monarca","status":"publish","type":"page","link":"https:\/\/www.cec.org\/es\/iniciativa-internacional-de-monitoreo-blitz-monarca\/","title":{"rendered":"Iniciativa internacional de monitoreo \u201cBlitz Monarca\u201d"},"content":{"rendered":"<p>La iniciativa internacional de monitoreo \u201coperaci\u00f3n rel\u00e1mpago Blitz Monarca\u201d constituye un llamado a la acci\u00f3n, dirigido a personas y organizaciones que participan en iniciativas de ciencia participativa de toda Am\u00e9rica del Norte, para sumar esfuerzos en favor de la conservaci\u00f3n de la mariposa monarca (Danaus plexippus) y el h\u00e1bitat del que esta especie depende.<\/p>\n<p>Cada a\u00f1o, la iniciativa Blitz Monarca se lleva a cabo durante un per\u00edodo de 10 d\u00edas, comenzando el \u00faltimo viernes de julio y finalizando el domingo de la semana siguiente.<\/p>\n<p>La iniciativa Blitz Monarca del a\u00f1o pasado se llev\u00f3 a cabo del 25 de julio al 3 de agosto de 2025. Consulta los resultados obtenidos de este esfuerzo colaborativo\u00a0<a href=\"https:\/\/www.cec.org\/es\/medios\/comunicados-de-prensa\/conservacion-de-la-mariposa-monarca-en-america-del-norte\">aqu\u00ed<\/a>.<\/p>\n","protected":false},"excerpt":{"rendered":"<p>La iniciativa internacional de monitoreo \u201coperaci\u00f3n rel\u00e1mpago Blitz Monarca\u201d constituye un llamado a la acci\u00f3n, dirigido a personas y organizaciones que participan en iniciativas de ciencia participativa de toda Am\u00e9rica del Norte, para sumar esfuerzos en favor de la conservaci\u00f3n de la mariposa monarca (Danaus plexippus) y el h\u00e1bitat del que esta especie depende. Cada [&hellip;]<\/p>\n","protected":false},"author":1,"featured_media":60137,"parent":0,"menu_order":0,"comment_status":"closed","ping_status":"closed","template":"page-blitz.php","meta":{"_acf_changed":false,"footnotes":""},"class_list":["post-49727","page","type-page","status-publish","has-post-thumbnail","hentry"],"acf":[],"yoast_head":"<!-- This site is optimized with the Yoast SEO Premium plugin v27.0 (Yoast SEO v27.0) - https:\/\/yoast.com\/product\/yoast-seo-premium-wordpress\/ -->\n<title>La iniciativa Blitz Monarca de este a\u00f1o se llev\u00f3 a cabo del 26 de julio al 4 de agosto de 2024.<\/title>\n<meta name=\"description\" content=\"Iniciativa internacional de monitoreo \u201cBlitz Monarca\u201d\" \/>\n<meta name=\"robots\" content=\"index, follow, max-snippet:-1, max-image-preview:large, max-video-preview:-1\" \/>\n<link rel=\"canonical\" href=\"https:\/\/www.cec.org\/es\/iniciativa-internacional-de-monitoreo-blitz-monarca\/\" \/>\n<meta property=\"og:locale\" content=\"es_ES\" \/>\n<meta property=\"og:type\" content=\"article\" \/>\n<meta property=\"og:title\" content=\"Iniciativa internacional de monitoreo \u201cBlitz Monarca\u201d\" \/>\n<meta property=\"og:description\" content=\"La iniciativa internacional de monitoreo \u201coperaci\u00f3n rel\u00e1mpago Blitz Monarca\u201d constituye un llamado a la acci\u00f3n, dirigido a personas y organizaciones que\" \/>\n<meta property=\"og:url\" content=\"https:\/\/www.cec.org\/es\/iniciativa-internacional-de-monitoreo-blitz-monarca\/\" \/>\n<meta property=\"og:site_name\" content=\"Comisi\u00f3n para la Cooperaci\u00f3n Ambiental\" \/>\n<meta property=\"article:publisher\" content=\"https:\/\/www.facebook.com\/CECconnect\" \/>\n<meta property=\"article:modified_time\" content=\"2026-03-24T22:11:25+00:00\" \/>\n<meta property=\"og:image\" content=\"https:\/\/www.cec.org\/wp-content\/uploads\/cec-monarch-results-2025-es.webp\" \/>\n\t<meta property=\"og:image:width\" content=\"1200\" \/>\n\t<meta property=\"og:image:height\" content=\"684\" \/>\n\t<meta property=\"og:image:type\" content=\"image\/webp\" \/>\n<meta name=\"twitter:card\" content=\"summary_large_image\" \/>\n<meta name=\"twitter:site\" content=\"@CECweb\" \/>\n<script type=\"application\/ld+json\" class=\"yoast-schema-graph\">{\"@context\":\"https:\/\/schema.org\",\"@graph\":[{\"@type\":\"WebPage\",\"@id\":\"https:\/\/www.cec.org\/es\/iniciativa-internacional-de-monitoreo-blitz-monarca\/\",\"url\":\"https:\/\/www.cec.org\/es\/iniciativa-internacional-de-monitoreo-blitz-monarca\/\",\"name\":\"La iniciativa Blitz Monarca de este a\u00f1o se llev\u00f3 a cabo del 26 de julio al 4 de agosto de 2024.\",\"isPartOf\":{\"@id\":\"https:\/\/www.cec.org\/es\/#website\"},\"primaryImageOfPage\":{\"@id\":\"https:\/\/www.cec.org\/es\/iniciativa-internacional-de-monitoreo-blitz-monarca\/#primaryimage\"},\"image\":{\"@id\":\"https:\/\/www.cec.org\/es\/iniciativa-internacional-de-monitoreo-blitz-monarca\/#primaryimage\"},\"thumbnailUrl\":\"https:\/\/www.cec.org\/wp-content\/uploads\/cec-monarch-results-2025-es.webp\",\"datePublished\":\"2022-07-04T17:16:16+00:00\",\"dateModified\":\"2026-03-24T22:11:25+00:00\",\"description\":\"Iniciativa internacional de monitoreo \u201cBlitz Monarca\u201d\",\"breadcrumb\":{\"@id\":\"https:\/\/www.cec.org\/es\/iniciativa-internacional-de-monitoreo-blitz-monarca\/#breadcrumb\"},\"inLanguage\":\"es\",\"potentialAction\":[{\"@type\":\"ReadAction\",\"target\":[\"https:\/\/www.cec.org\/es\/iniciativa-internacional-de-monitoreo-blitz-monarca\/\"]}]},{\"@type\":\"ImageObject\",\"inLanguage\":\"es\",\"@id\":\"https:\/\/www.cec.org\/es\/iniciativa-internacional-de-monitoreo-blitz-monarca\/#primaryimage\",\"url\":\"https:\/\/www.cec.org\/wp-content\/uploads\/cec-monarch-results-2025-es.webp\",\"contentUrl\":\"https:\/\/www.cec.org\/wp-content\/uploads\/cec-monarch-results-2025-es.webp\",\"width\":1200,\"height\":684,\"caption\":\"Blitz monarca\"},{\"@type\":\"BreadcrumbList\",\"@id\":\"https:\/\/www.cec.org\/es\/iniciativa-internacional-de-monitoreo-blitz-monarca\/#breadcrumb\",\"itemListElement\":[{\"@type\":\"ListItem\",\"position\":1,\"name\":\"Inicio\",\"item\":\"https:\/\/www.cec.org\/es\/\"},{\"@type\":\"ListItem\",\"position\":2,\"name\":\"Iniciativa internacional de monitoreo \u201cBlitz Monarca\u201d\"}]},{\"@type\":\"WebSite\",\"@id\":\"https:\/\/www.cec.org\/es\/#website\",\"url\":\"https:\/\/www.cec.org\/es\/\",\"name\":\"Commission for Environmental Cooperation\",\"description\":\"Three countries working together to protect our shared environment\",\"alternateName\":\"CEC - CCA -CCE\",\"potentialAction\":[{\"@type\":\"SearchAction\",\"target\":{\"@type\":\"EntryPoint\",\"urlTemplate\":\"https:\/\/www.cec.org\/es\/?s={search_term_string}\"},\"query-input\":{\"@type\":\"PropertyValueSpecification\",\"valueRequired\":true,\"valueName\":\"search_term_string\"}}],\"inLanguage\":\"es\"}]}<\/script>\n<!-- \/ Yoast SEO Premium plugin. -->","yoast_head_json":{"title":"La iniciativa Blitz Monarca de este a\u00f1o se llev\u00f3 a cabo del 26 de julio al 4 de agosto de 2024.","description":"Iniciativa internacional de monitoreo \u201cBlitz Monarca\u201d","robots":{"index":"index","follow":"follow","max-snippet":"max-snippet:-1","max-image-preview":"max-image-preview:large","max-video-preview":"max-video-preview:-1"},"canonical":"https:\/\/www.cec.org\/es\/iniciativa-internacional-de-monitoreo-blitz-monarca\/","og_locale":"es_ES","og_type":"article","og_title":"Iniciativa internacional de monitoreo \u201cBlitz Monarca\u201d","og_description":"La iniciativa internacional de monitoreo \u201coperaci\u00f3n rel\u00e1mpago Blitz Monarca\u201d constituye un llamado a la acci\u00f3n, dirigido a personas y organizaciones que","og_url":"https:\/\/www.cec.org\/es\/iniciativa-internacional-de-monitoreo-blitz-monarca\/","og_site_name":"Comisi\u00f3n para la Cooperaci\u00f3n Ambiental","article_publisher":"https:\/\/www.facebook.com\/CECconnect","article_modified_time":"2026-03-24T22:11:25+00:00","og_image":[{"width":1200,"height":684,"url":"https:\/\/www.cec.org\/wp-content\/uploads\/cec-monarch-results-2025-es.webp","type":"image\/webp"}],"twitter_card":"summary_large_image","twitter_site":"@CECweb","schema":{"@context":"https:\/\/schema.org","@graph":[{"@type":"WebPage","@id":"https:\/\/www.cec.org\/es\/iniciativa-internacional-de-monitoreo-blitz-monarca\/","url":"https:\/\/www.cec.org\/es\/iniciativa-internacional-de-monitoreo-blitz-monarca\/","name":"La iniciativa Blitz Monarca de este a\u00f1o se llev\u00f3 a cabo del 26 de julio al 4 de agosto de 2024.","isPartOf":{"@id":"https:\/\/www.cec.org\/es\/#website"},"primaryImageOfPage":{"@id":"https:\/\/www.cec.org\/es\/iniciativa-internacional-de-monitoreo-blitz-monarca\/#primaryimage"},"image":{"@id":"https:\/\/www.cec.org\/es\/iniciativa-internacional-de-monitoreo-blitz-monarca\/#primaryimage"},"thumbnailUrl":"https:\/\/www.cec.org\/wp-content\/uploads\/cec-monarch-results-2025-es.webp","datePublished":"2022-07-04T17:16:16+00:00","dateModified":"2026-03-24T22:11:25+00:00","description":"Iniciativa internacional de monitoreo \u201cBlitz Monarca\u201d","breadcrumb":{"@id":"https:\/\/www.cec.org\/es\/iniciativa-internacional-de-monitoreo-blitz-monarca\/#breadcrumb"},"inLanguage":"es","potentialAction":[{"@type":"ReadAction","target":["https:\/\/www.cec.org\/es\/iniciativa-internacional-de-monitoreo-blitz-monarca\/"]}]},{"@type":"ImageObject","inLanguage":"es","@id":"https:\/\/www.cec.org\/es\/iniciativa-internacional-de-monitoreo-blitz-monarca\/#primaryimage","url":"https:\/\/www.cec.org\/wp-content\/uploads\/cec-monarch-results-2025-es.webp","contentUrl":"https:\/\/www.cec.org\/wp-content\/uploads\/cec-monarch-results-2025-es.webp","width":1200,"height":684,"caption":"Blitz monarca"},{"@type":"BreadcrumbList","@id":"https:\/\/www.cec.org\/es\/iniciativa-internacional-de-monitoreo-blitz-monarca\/#breadcrumb","itemListElement":[{"@type":"ListItem","position":1,"name":"Inicio","item":"https:\/\/www.cec.org\/es\/"},{"@type":"ListItem","position":2,"name":"Iniciativa internacional de monitoreo \u201cBlitz Monarca\u201d"}]},{"@type":"WebSite","@id":"https:\/\/www.cec.org\/es\/#website","url":"https:\/\/www.cec.org\/es\/","name":"Commission for Environmental Cooperation","description":"Three countries working together to protect our shared environment","alternateName":"CEC - CCA -CCE","potentialAction":[{"@type":"SearchAction","target":{"@type":"EntryPoint","urlTemplate":"https:\/\/www.cec.org\/es\/?s={search_term_string}"},"query-input":{"@type":"PropertyValueSpecification","valueRequired":true,"valueName":"search_term_string"}}],"inLanguage":"es"}]}},"_links":{"self":[{"href":"https:\/\/www.cec.org\/es\/wp-json\/wp\/v2\/pages\/49727","targetHints":{"allow":["GET"]}}],"collection":[{"href":"https:\/\/www.cec.org\/es\/wp-json\/wp\/v2\/pages"}],"about":[{"href":"https:\/\/www.cec.org\/es\/wp-json\/wp\/v2\/types\/page"}],"author":[{"embeddable":true,"href":"https:\/\/www.cec.org\/es\/wp-json\/wp\/v2\/users\/1"}],"replies":[{"embeddable":true,"href":"https:\/\/www.cec.org\/es\/wp-json\/wp\/v2\/comments?post=49727"}],"version-history":[{"count":26,"href":"https:\/\/www.cec.org\/es\/wp-json\/wp\/v2\/pages\/49727\/revisions"}],"predecessor-version":[{"id":62088,"href":"https:\/\/www.cec.org\/es\/wp-json\/wp\/v2\/pages\/49727\/revisions\/62088"}],"wp:featuredmedia":[{"embeddable":true,"href":"https:\/\/www.cec.org\/es\/wp-json\/wp\/v2\/media\/60137"}],"wp:attachment":[{"href":"https:\/\/www.cec.org\/es\/wp-json\/wp\/v2\/media?parent=49727"}],"curies":[{"name":"wp","href":"https:\/\/api.w.org\/{rel}","templated":true}]}}