{"id":48990,"date":"2024-05-25T09:51:51","date_gmt":"2024-05-25T13:51:51","guid":{"rendered":"http:\/\/www.cec.org\/iniciativas-para-la-juventud\/"},"modified":"2025-09-15T20:11:39","modified_gmt":"2025-09-16T00:11:39","slug":"participacion-juvenil","status":"publish","type":"page","link":"https:\/\/www.cec.org\/es\/temas\/participacion-juvenil\/","title":{"rendered":"Participaci\u00f3n Juvenil"},"content":{"rendered":"<p>A lo largo de los a\u00f1os, la CCA ha estado comprometida con la participaci\u00f3n juvenil. Los esfuerzos emprendidos al respecto han brindado a la juventud oportunidades para sensibilizar a otras personas; aportar soluciones tangibles, sustentables e innovadoras para los problemas ambientales en sus comunidades, e influir en las estrategias, proyectos e iniciativas de la CCA.<\/p>\n","protected":false},"excerpt":{"rendered":"<p>A lo largo de los a\u00f1os, la CCA ha estado comprometida con la participaci\u00f3n juvenil. Los esfuerzos emprendidos al respecto han brindado a la juventud oportunidades para sensibilizar a otras personas; aportar soluciones tangibles, sustentables e innovadoras para los problemas ambientales en sus comunidades, e influir en las estrategias, proyectos e iniciativas de la CCA.<\/p>\n","protected":false},"author":1,"featured_media":56269,"parent":27171,"menu_order":7,"comment_status":"closed","ping_status":"closed","template":"page-youth.php","meta":{"_acf_changed":false,"footnotes":""},"class_list":["post-48990","page","type-page","status-publish","has-post-thumbnail","hentry"],"acf":[],"yoast_head":"<!-- This site is optimized with the Yoast SEO Premium plugin v27.0 (Yoast SEO v27.0) - https:\/\/yoast.com\/product\/yoast-seo-premium-wordpress\/ -->\n<title>Participaci\u00f3n Juvenil<\/title>\n<meta name=\"description\" content=\"Whether through competitions, public engagement, grant programs, internships, or by providing expert advice, we invite interested...\" \/>\n<meta name=\"robots\" content=\"index, follow, max-snippet:-1, max-image-preview:large, max-video-preview:-1\" \/>\n<link rel=\"canonical\" href=\"https:\/\/www.cec.org\/es\/temas\/participacion-juvenil\/\" \/>\n<meta property=\"og:locale\" content=\"es_ES\" \/>\n<meta property=\"og:type\" content=\"article\" \/>\n<meta property=\"og:title\" content=\"Participaci\u00f3n Juvenil\" \/>\n<meta property=\"og:description\" content=\"A lo largo de los a\u00f1os, la CCA ha estado comprometida con la participaci\u00f3n juvenil. Los esfuerzos emprendidos al respecto han brindado a la juventud\" \/>\n<meta property=\"og:url\" content=\"https:\/\/www.cec.org\/es\/temas\/participacion-juvenil\/\" \/>\n<meta property=\"og:site_name\" content=\"Comisi\u00f3n para la Cooperaci\u00f3n Ambiental\" \/>\n<meta property=\"article:publisher\" content=\"https:\/\/www.facebook.com\/CECconnect\" \/>\n<meta property=\"article:modified_time\" content=\"2025-09-16T00:11:39+00:00\" \/>\n<meta property=\"og:image\" content=\"https:\/\/www.cec.org\/wp-content\/uploads\/youth-thumbnail.webp\" \/>\n\t<meta property=\"og:image:width\" content=\"1200\" \/>\n\t<meta property=\"og:image:height\" content=\"684\" \/>\n\t<meta property=\"og:image:type\" content=\"image\/webp\" \/>\n<meta name=\"twitter:card\" content=\"summary_large_image\" \/>\n<meta name=\"twitter:site\" content=\"@CECweb\" \/>\n<script type=\"application\/ld+json\" class=\"yoast-schema-graph\">{\"@context\":\"https:\/\/schema.org\",\"@graph\":[{\"@type\":\"WebPage\",\"@id\":\"https:\/\/www.cec.org\/es\/temas\/participacion-juvenil\/\",\"url\":\"https:\/\/www.cec.org\/es\/temas\/participacion-juvenil\/\",\"name\":\"Participaci\u00f3n Juvenil\",\"isPartOf\":{\"@id\":\"https:\/\/www.cec.org\/es\/#website\"},\"primaryImageOfPage\":{\"@id\":\"https:\/\/www.cec.org\/es\/temas\/participacion-juvenil\/#primaryimage\"},\"image\":{\"@id\":\"https:\/\/www.cec.org\/es\/temas\/participacion-juvenil\/#primaryimage\"},\"thumbnailUrl\":\"https:\/\/www.cec.org\/wp-content\/uploads\/youth-thumbnail.webp\",\"datePublished\":\"2024-05-25T13:51:51+00:00\",\"dateModified\":\"2025-09-16T00:11:39+00:00\",\"description\":\"Whether through competitions, public engagement, grant programs, internships, or by providing expert advice, we invite interested...\",\"breadcrumb\":{\"@id\":\"https:\/\/www.cec.org\/es\/temas\/participacion-juvenil\/#breadcrumb\"},\"inLanguage\":\"es\",\"potentialAction\":[{\"@type\":\"ReadAction\",\"target\":[\"https:\/\/www.cec.org\/es\/temas\/participacion-juvenil\/\"]}]},{\"@type\":\"ImageObject\",\"inLanguage\":\"es\",\"@id\":\"https:\/\/www.cec.org\/es\/temas\/participacion-juvenil\/#primaryimage\",\"url\":\"https:\/\/www.cec.org\/wp-content\/uploads\/youth-thumbnail.webp\",\"contentUrl\":\"https:\/\/www.cec.org\/wp-content\/uploads\/youth-thumbnail.webp\",\"width\":1200,\"height\":684,\"caption\":\"Youth Engagement\"},{\"@type\":\"BreadcrumbList\",\"@id\":\"https:\/\/www.cec.org\/es\/temas\/participacion-juvenil\/#breadcrumb\",\"itemListElement\":[{\"@type\":\"ListItem\",\"position\":1,\"name\":\"Inicio\",\"item\":\"https:\/\/www.cec.org\/es\/\"},{\"@type\":\"ListItem\",\"position\":2,\"name\":\"Temas\",\"item\":\"https:\/\/www.cec.org\/es\/temas\/\"},{\"@type\":\"ListItem\",\"position\":3,\"name\":\"Participaci\u00f3n Juvenil\"}]},{\"@type\":\"WebSite\",\"@id\":\"https:\/\/www.cec.org\/es\/#website\",\"url\":\"https:\/\/www.cec.org\/es\/\",\"name\":\"Commission for Environmental Cooperation\",\"description\":\"Three countries working together to protect our shared environment\",\"alternateName\":\"CEC - CCA -CCE\",\"potentialAction\":[{\"@type\":\"SearchAction\",\"target\":{\"@type\":\"EntryPoint\",\"urlTemplate\":\"https:\/\/www.cec.org\/es\/?s={search_term_string}\"},\"query-input\":{\"@type\":\"PropertyValueSpecification\",\"valueRequired\":true,\"valueName\":\"search_term_string\"}}],\"inLanguage\":\"es\"}]}<\/script>\n<!-- \/ Yoast SEO Premium plugin. -->","yoast_head_json":{"title":"Participaci\u00f3n Juvenil","description":"Whether through competitions, public engagement, grant programs, internships, or by providing expert advice, we invite interested...","robots":{"index":"index","follow":"follow","max-snippet":"max-snippet:-1","max-image-preview":"max-image-preview:large","max-video-preview":"max-video-preview:-1"},"canonical":"https:\/\/www.cec.org\/es\/temas\/participacion-juvenil\/","og_locale":"es_ES","og_type":"article","og_title":"Participaci\u00f3n Juvenil","og_description":"A lo largo de los a\u00f1os, la CCA ha estado comprometida con la participaci\u00f3n juvenil. Los esfuerzos emprendidos al respecto han brindado a la juventud","og_url":"https:\/\/www.cec.org\/es\/temas\/participacion-juvenil\/","og_site_name":"Comisi\u00f3n para la Cooperaci\u00f3n Ambiental","article_publisher":"https:\/\/www.facebook.com\/CECconnect","article_modified_time":"2025-09-16T00:11:39+00:00","og_image":[{"width":1200,"height":684,"url":"https:\/\/www.cec.org\/wp-content\/uploads\/youth-thumbnail.webp","type":"image\/webp"}],"twitter_card":"summary_large_image","twitter_site":"@CECweb","schema":{"@context":"https:\/\/schema.org","@graph":[{"@type":"WebPage","@id":"https:\/\/www.cec.org\/es\/temas\/participacion-juvenil\/","url":"https:\/\/www.cec.org\/es\/temas\/participacion-juvenil\/","name":"Participaci\u00f3n Juvenil","isPartOf":{"@id":"https:\/\/www.cec.org\/es\/#website"},"primaryImageOfPage":{"@id":"https:\/\/www.cec.org\/es\/temas\/participacion-juvenil\/#primaryimage"},"image":{"@id":"https:\/\/www.cec.org\/es\/temas\/participacion-juvenil\/#primaryimage"},"thumbnailUrl":"https:\/\/www.cec.org\/wp-content\/uploads\/youth-thumbnail.webp","datePublished":"2024-05-25T13:51:51+00:00","dateModified":"2025-09-16T00:11:39+00:00","description":"Whether through competitions, public engagement, grant programs, internships, or by providing expert advice, we invite interested...","breadcrumb":{"@id":"https:\/\/www.cec.org\/es\/temas\/participacion-juvenil\/#breadcrumb"},"inLanguage":"es","potentialAction":[{"@type":"ReadAction","target":["https:\/\/www.cec.org\/es\/temas\/participacion-juvenil\/"]}]},{"@type":"ImageObject","inLanguage":"es","@id":"https:\/\/www.cec.org\/es\/temas\/participacion-juvenil\/#primaryimage","url":"https:\/\/www.cec.org\/wp-content\/uploads\/youth-thumbnail.webp","contentUrl":"https:\/\/www.cec.org\/wp-content\/uploads\/youth-thumbnail.webp","width":1200,"height":684,"caption":"Youth Engagement"},{"@type":"BreadcrumbList","@id":"https:\/\/www.cec.org\/es\/temas\/participacion-juvenil\/#breadcrumb","itemListElement":[{"@type":"ListItem","position":1,"name":"Inicio","item":"https:\/\/www.cec.org\/es\/"},{"@type":"ListItem","position":2,"name":"Temas","item":"https:\/\/www.cec.org\/es\/temas\/"},{"@type":"ListItem","position":3,"name":"Participaci\u00f3n Juvenil"}]},{"@type":"WebSite","@id":"https:\/\/www.cec.org\/es\/#website","url":"https:\/\/www.cec.org\/es\/","name":"Commission for Environmental Cooperation","description":"Three countries working together to protect our shared environment","alternateName":"CEC - CCA -CCE","potentialAction":[{"@type":"SearchAction","target":{"@type":"EntryPoint","urlTemplate":"https:\/\/www.cec.org\/es\/?s={search_term_string}"},"query-input":{"@type":"PropertyValueSpecification","valueRequired":true,"valueName":"search_term_string"}}],"inLanguage":"es"}]}},"_links":{"self":[{"href":"https:\/\/www.cec.org\/es\/wp-json\/wp\/v2\/pages\/48990","targetHints":{"allow":["GET"]}}],"collection":[{"href":"https:\/\/www.cec.org\/es\/wp-json\/wp\/v2\/pages"}],"about":[{"href":"https:\/\/www.cec.org\/es\/wp-json\/wp\/v2\/types\/page"}],"author":[{"embeddable":true,"href":"https:\/\/www.cec.org\/es\/wp-json\/wp\/v2\/users\/1"}],"replies":[{"embeddable":true,"href":"https:\/\/www.cec.org\/es\/wp-json\/wp\/v2\/comments?post=48990"}],"version-history":[{"count":10,"href":"https:\/\/www.cec.org\/es\/wp-json\/wp\/v2\/pages\/48990\/revisions"}],"predecessor-version":[{"id":58789,"href":"https:\/\/www.cec.org\/es\/wp-json\/wp\/v2\/pages\/48990\/revisions\/58789"}],"up":[{"embeddable":true,"href":"https:\/\/www.cec.org\/es\/wp-json\/wp\/v2\/pages\/27171"}],"wp:featuredmedia":[{"embeddable":true,"href":"https:\/\/www.cec.org\/es\/wp-json\/wp\/v2\/media\/56269"}],"wp:attachment":[{"href":"https:\/\/www.cec.org\/es\/wp-json\/wp\/v2\/media?parent=48990"}],"curies":[{"name":"wp","href":"https:\/\/api.w.org\/{rel}","templated":true}]}}