{"id":48656,"date":"2022-04-25T17:38:41","date_gmt":"2022-04-25T21:38:41","guid":{"rendered":"http:\/\/www.cec.org\/mapmonday\/"},"modified":"2024-07-11T13:32:53","modified_gmt":"2024-07-11T17:32:53","slug":"mapmonday","status":"publish","type":"page","link":"https:\/\/www.cec.org\/es\/mapmonday\/","title":{"rendered":"MapMonday"},"content":{"rendered":"<p>Puede que no siempre lo parezca, pero los\u00a0<a class=\" xil3i\" tabindex=\"0\" href=\"https:\/\/www.instagram.com\/explore\/tags\/mapas\/\">#mapas<\/a> desempe\u00f1an un gran papel en las vidas que llevamos hoy en d\u00eda. Desde el rastreo de viajes de Uber en Montreal hasta comprender los impactos de las actividades agr\u00edcolas costeras en Sinaloa, M\u00e9xico, los mapas nos ayudan a explorar y entender el mundo que nos rodea.\u2800<br \/>\n\u2800<br \/>\n\u00a1S\u00edguenos cada\u00a0<a class=\" xil3i\" tabindex=\"0\" href=\"https:\/\/www.instagram.com\/explore\/tags\/mapmonday\/\">#MapMonday<\/a> y conoce m\u00e1s sobre las historias y datos que los mapas informativos nos cuentan!<\/p>\n","protected":false},"excerpt":{"rendered":"<p>Puede que no siempre lo parezca, pero los\u00a0#mapas desempe\u00f1an un gran papel en las vidas que llevamos hoy en d\u00eda. Desde el rastreo de viajes de Uber en Montreal hasta comprender los impactos de las actividades agr\u00edcolas costeras en Sinaloa, M\u00e9xico, los mapas nos ayudan a explorar y entender el mundo que nos rodea.\u2800 \u2800 [&hellip;]<\/p>\n","protected":false},"author":1,"featured_media":48449,"parent":0,"menu_order":0,"comment_status":"closed","ping_status":"closed","template":"page-mapmonday.php","meta":{"_acf_changed":false,"footnotes":""},"class_list":["post-48656","page","type-page","status-publish","has-post-thumbnail","hentry"],"acf":[],"yoast_head":"<!-- This site is optimized with the Yoast SEO Premium plugin v27.4 (Yoast SEO v27.4) - https:\/\/yoast.com\/product\/yoast-seo-premium-wordpress\/ -->\n<title>MapMonday<\/title>\n<meta name=\"description\" content=\"Puede que no siempre lo parezca, pero los\u00a0#mapas desempe\u00f1an un gran papel en las vidas que llevamos hoy en d\u00eda.\" \/>\n<meta name=\"robots\" content=\"index, follow, max-snippet:-1, max-image-preview:large, max-video-preview:-1\" \/>\n<link rel=\"canonical\" href=\"https:\/\/www.cec.org\/es\/mapmonday\/\" \/>\n<meta property=\"og:locale\" content=\"es_ES\" \/>\n<meta property=\"og:type\" content=\"article\" \/>\n<meta property=\"og:title\" content=\"MapMonday\" \/>\n<meta property=\"og:description\" content=\"Puede que no siempre lo parezca, pero los\u00a0#mapas desempe\u00f1an un gran papel en las vidas que llevamos hoy en d\u00eda. Desde el rastreo de viajes de Uber en\" \/>\n<meta property=\"og:url\" content=\"https:\/\/www.cec.org\/es\/mapmonday\/\" \/>\n<meta property=\"og:site_name\" content=\"Comisi\u00f3n para la Cooperaci\u00f3n Ambiental\" \/>\n<meta property=\"article:publisher\" content=\"https:\/\/www.facebook.com\/CECconnect\" \/>\n<meta property=\"article:modified_time\" content=\"2024-07-11T17:32:53+00:00\" \/>\n<meta property=\"og:image\" content=\"https:\/\/www.cec.org\/wp-content\/uploads\/MapMonday_FB_ES.jpg\" \/>\n\t<meta property=\"og:image:width\" content=\"1200\" \/>\n\t<meta property=\"og:image:height\" content=\"628\" \/>\n\t<meta property=\"og:image:type\" content=\"image\/jpeg\" \/>\n<meta name=\"twitter:card\" content=\"summary_large_image\" \/>\n<meta name=\"twitter:site\" content=\"@CECweb\" \/>\n<script type=\"application\/ld+json\" class=\"yoast-schema-graph\">{\"@context\":\"https:\\\/\\\/schema.org\",\"@graph\":[{\"@type\":\"WebPage\",\"@id\":\"https:\\\/\\\/www.cec.org\\\/es\\\/mapmonday\\\/\",\"url\":\"https:\\\/\\\/www.cec.org\\\/es\\\/mapmonday\\\/\",\"name\":\"MapMonday\",\"isPartOf\":{\"@id\":\"https:\\\/\\\/www.cec.org\\\/es\\\/#website\"},\"primaryImageOfPage\":{\"@id\":\"https:\\\/\\\/www.cec.org\\\/es\\\/mapmonday\\\/#primaryimage\"},\"image\":{\"@id\":\"https:\\\/\\\/www.cec.org\\\/es\\\/mapmonday\\\/#primaryimage\"},\"thumbnailUrl\":\"https:\\\/\\\/www.cec.org\\\/wp-content\\\/uploads\\\/MapMonday_FB_ES.jpg\",\"datePublished\":\"2022-04-25T21:38:41+00:00\",\"dateModified\":\"2024-07-11T17:32:53+00:00\",\"description\":\"Puede que no siempre lo parezca, pero los\u00a0#mapas desempe\u00f1an un gran papel en las vidas que llevamos hoy en d\u00eda.\",\"breadcrumb\":{\"@id\":\"https:\\\/\\\/www.cec.org\\\/es\\\/mapmonday\\\/#breadcrumb\"},\"inLanguage\":\"es\",\"potentialAction\":[{\"@type\":\"ReadAction\",\"target\":[\"https:\\\/\\\/www.cec.org\\\/es\\\/mapmonday\\\/\"]}]},{\"@type\":\"ImageObject\",\"inLanguage\":\"es\",\"@id\":\"https:\\\/\\\/www.cec.org\\\/es\\\/mapmonday\\\/#primaryimage\",\"url\":\"https:\\\/\\\/www.cec.org\\\/wp-content\\\/uploads\\\/MapMonday_FB_ES.jpg\",\"contentUrl\":\"https:\\\/\\\/www.cec.org\\\/wp-content\\\/uploads\\\/MapMonday_FB_ES.jpg\",\"width\":1200,\"height\":628,\"caption\":\"Main Banner for MapMonday\"},{\"@type\":\"BreadcrumbList\",\"@id\":\"https:\\\/\\\/www.cec.org\\\/es\\\/mapmonday\\\/#breadcrumb\",\"itemListElement\":[{\"@type\":\"ListItem\",\"position\":1,\"name\":\"Inicio\",\"item\":\"https:\\\/\\\/www.cec.org\\\/es\\\/\"},{\"@type\":\"ListItem\",\"position\":2,\"name\":\"MapMonday\"}]},{\"@type\":\"WebSite\",\"@id\":\"https:\\\/\\\/www.cec.org\\\/es\\\/#website\",\"url\":\"https:\\\/\\\/www.cec.org\\\/es\\\/\",\"name\":\"Commission for Environmental Cooperation\",\"description\":\"Three countries working together to protect our shared environment\",\"alternateName\":\"CEC - CCA -CCE\",\"potentialAction\":[{\"@type\":\"SearchAction\",\"target\":{\"@type\":\"EntryPoint\",\"urlTemplate\":\"https:\\\/\\\/www.cec.org\\\/es\\\/?s={search_term_string}\"},\"query-input\":{\"@type\":\"PropertyValueSpecification\",\"valueRequired\":true,\"valueName\":\"search_term_string\"}}],\"inLanguage\":\"es\"}]}<\/script>\n<!-- \/ Yoast SEO Premium plugin. -->","yoast_head_json":{"title":"MapMonday","description":"Puede que no siempre lo parezca, pero los\u00a0#mapas desempe\u00f1an un gran papel en las vidas que llevamos hoy en d\u00eda.","robots":{"index":"index","follow":"follow","max-snippet":"max-snippet:-1","max-image-preview":"max-image-preview:large","max-video-preview":"max-video-preview:-1"},"canonical":"https:\/\/www.cec.org\/es\/mapmonday\/","og_locale":"es_ES","og_type":"article","og_title":"MapMonday","og_description":"Puede que no siempre lo parezca, pero los\u00a0#mapas desempe\u00f1an un gran papel en las vidas que llevamos hoy en d\u00eda. Desde el rastreo de viajes de Uber en","og_url":"https:\/\/www.cec.org\/es\/mapmonday\/","og_site_name":"Comisi\u00f3n para la Cooperaci\u00f3n Ambiental","article_publisher":"https:\/\/www.facebook.com\/CECconnect","article_modified_time":"2024-07-11T17:32:53+00:00","og_image":[{"width":1200,"height":628,"url":"https:\/\/www.cec.org\/wp-content\/uploads\/MapMonday_FB_ES.jpg","type":"image\/jpeg"}],"twitter_card":"summary_large_image","twitter_site":"@CECweb","schema":{"@context":"https:\/\/schema.org","@graph":[{"@type":"WebPage","@id":"https:\/\/www.cec.org\/es\/mapmonday\/","url":"https:\/\/www.cec.org\/es\/mapmonday\/","name":"MapMonday","isPartOf":{"@id":"https:\/\/www.cec.org\/es\/#website"},"primaryImageOfPage":{"@id":"https:\/\/www.cec.org\/es\/mapmonday\/#primaryimage"},"image":{"@id":"https:\/\/www.cec.org\/es\/mapmonday\/#primaryimage"},"thumbnailUrl":"https:\/\/www.cec.org\/wp-content\/uploads\/MapMonday_FB_ES.jpg","datePublished":"2022-04-25T21:38:41+00:00","dateModified":"2024-07-11T17:32:53+00:00","description":"Puede que no siempre lo parezca, pero los\u00a0#mapas desempe\u00f1an un gran papel en las vidas que llevamos hoy en d\u00eda.","breadcrumb":{"@id":"https:\/\/www.cec.org\/es\/mapmonday\/#breadcrumb"},"inLanguage":"es","potentialAction":[{"@type":"ReadAction","target":["https:\/\/www.cec.org\/es\/mapmonday\/"]}]},{"@type":"ImageObject","inLanguage":"es","@id":"https:\/\/www.cec.org\/es\/mapmonday\/#primaryimage","url":"https:\/\/www.cec.org\/wp-content\/uploads\/MapMonday_FB_ES.jpg","contentUrl":"https:\/\/www.cec.org\/wp-content\/uploads\/MapMonday_FB_ES.jpg","width":1200,"height":628,"caption":"Main Banner for MapMonday"},{"@type":"BreadcrumbList","@id":"https:\/\/www.cec.org\/es\/mapmonday\/#breadcrumb","itemListElement":[{"@type":"ListItem","position":1,"name":"Inicio","item":"https:\/\/www.cec.org\/es\/"},{"@type":"ListItem","position":2,"name":"MapMonday"}]},{"@type":"WebSite","@id":"https:\/\/www.cec.org\/es\/#website","url":"https:\/\/www.cec.org\/es\/","name":"Commission for Environmental Cooperation","description":"Three countries working together to protect our shared environment","alternateName":"CEC - CCA -CCE","potentialAction":[{"@type":"SearchAction","target":{"@type":"EntryPoint","urlTemplate":"https:\/\/www.cec.org\/es\/?s={search_term_string}"},"query-input":{"@type":"PropertyValueSpecification","valueRequired":true,"valueName":"search_term_string"}}],"inLanguage":"es"}]}},"_links":{"self":[{"href":"https:\/\/www.cec.org\/es\/wp-json\/wp\/v2\/pages\/48656","targetHints":{"allow":["GET"]}}],"collection":[{"href":"https:\/\/www.cec.org\/es\/wp-json\/wp\/v2\/pages"}],"about":[{"href":"https:\/\/www.cec.org\/es\/wp-json\/wp\/v2\/types\/page"}],"author":[{"embeddable":true,"href":"https:\/\/www.cec.org\/es\/wp-json\/wp\/v2\/users\/1"}],"replies":[{"embeddable":true,"href":"https:\/\/www.cec.org\/es\/wp-json\/wp\/v2\/comments?post=48656"}],"version-history":[{"count":1,"href":"https:\/\/www.cec.org\/es\/wp-json\/wp\/v2\/pages\/48656\/revisions"}],"predecessor-version":[{"id":48680,"href":"https:\/\/www.cec.org\/es\/wp-json\/wp\/v2\/pages\/48656\/revisions\/48680"}],"wp:featuredmedia":[{"embeddable":true,"href":"https:\/\/www.cec.org\/es\/wp-json\/wp\/v2\/media\/48449"}],"wp:attachment":[{"href":"https:\/\/www.cec.org\/es\/wp-json\/wp\/v2\/media?parent=48656"}],"curies":[{"name":"wp","href":"https:\/\/api.w.org\/{rel}","templated":true}]}}