{"id":47254,"date":"2022-01-21T10:03:27","date_gmt":"2022-01-21T15:03:27","guid":{"rendered":"http:\/\/www.cec.org\/alianzas-externas-y-colaboraciones\/"},"modified":"2025-08-28T14:23:40","modified_gmt":"2025-08-28T18:23:40","slug":"alianzas-externas-y-colaboraciones","status":"publish","type":"page","link":"https:\/\/www.cec.org\/es\/participe\/alianzas-externas-y-colaboraciones\/","title":{"rendered":"Alianzas externas y colaboraciones"},"content":{"rendered":"<p>Colaboramos con individuos, comunidades, negocios y organizaciones a fin de fortalecer nuestras iniciativas. Ello contribuye a garantizar la capacidad de la CCA para modernizar, facilitar y enriquecer prioridades ambientales trinacionales. Reconocemos el valor de trabajar con miras a alcanzar visiones compartidas y metas comunes con organizaciones y comunidades de todos los sectores de la sociedad, mediante estrategias que van desde el apalancamiento de recursos hasta la participaci\u00f3n en acciones conjuntas.<\/p>\n","protected":false},"excerpt":{"rendered":"<p>Colaboramos con individuos, comunidades, negocios y organizaciones a fin de fortalecer nuestras iniciativas. Ello contribuye a garantizar la capacidad de la CCA para modernizar, facilitar y enriquecer prioridades ambientales trinacionales. Reconocemos el valor de trabajar con miras a alcanzar visiones compartidas y metas comunes con organizaciones y comunidades de todos los sectores de la sociedad, [&hellip;]<\/p>\n","protected":false},"author":1,"featured_media":47485,"parent":28358,"menu_order":0,"comment_status":"closed","ping_status":"closed","template":"page-partnerships.php","meta":{"_acf_changed":false,"footnotes":""},"class_list":["post-47254","page","type-page","status-publish","has-post-thumbnail","hentry"],"acf":[],"yoast_head":"<!-- This site is optimized with the Yoast SEO Premium plugin v27.0 (Yoast SEO v27.0) - https:\/\/yoast.com\/product\/yoast-seo-premium-wordpress\/ -->\n<title>Personas de muy distintas procedencias y contextos comparten sus puntos de vista sobre el significado de la colaboraci\u00f3n y c\u00f3mo \u00e9sta alimenta la confianza...<\/title>\n<meta name=\"description\" content=\"We collaborate with individuals, communities, businesses and organizations to strengthen our efforts. This ensures our capacity to...\" \/>\n<meta name=\"robots\" content=\"index, follow, max-snippet:-1, max-image-preview:large, max-video-preview:-1\" \/>\n<link rel=\"canonical\" href=\"https:\/\/www.cec.org\/es\/participe\/alianzas-externas-y-colaboraciones\/\" \/>\n<meta property=\"og:locale\" content=\"es_ES\" \/>\n<meta property=\"og:type\" content=\"article\" \/>\n<meta property=\"og:title\" content=\"Alianzas externas y colaboraciones\" \/>\n<meta property=\"og:description\" content=\"Colaboramos con individuos, comunidades, negocios y organizaciones a fin de fortalecer nuestras iniciativas. Ello contribuye a garantizar la capacidad de\" \/>\n<meta property=\"og:url\" content=\"https:\/\/www.cec.org\/es\/participe\/alianzas-externas-y-colaboraciones\/\" \/>\n<meta property=\"og:site_name\" content=\"Comisi\u00f3n para la Cooperaci\u00f3n Ambiental\" \/>\n<meta property=\"article:publisher\" content=\"https:\/\/www.facebook.com\/CECconnect\" \/>\n<meta property=\"article:modified_time\" content=\"2025-08-28T18:23:40+00:00\" \/>\n<meta property=\"og:image\" content=\"https:\/\/www.cec.org\/wp-content\/uploads\/PartnersThumbnail.jpg\" \/>\n\t<meta property=\"og:image:width\" content=\"600\" \/>\n\t<meta property=\"og:image:height\" content=\"342\" \/>\n\t<meta property=\"og:image:type\" content=\"image\/jpeg\" \/>\n<meta name=\"twitter:card\" content=\"summary_large_image\" \/>\n<meta name=\"twitter:site\" content=\"@CECweb\" \/>\n<script type=\"application\/ld+json\" class=\"yoast-schema-graph\">{\"@context\":\"https:\/\/schema.org\",\"@graph\":[{\"@type\":\"WebPage\",\"@id\":\"https:\/\/www.cec.org\/es\/participe\/alianzas-externas-y-colaboraciones\/\",\"url\":\"https:\/\/www.cec.org\/es\/participe\/alianzas-externas-y-colaboraciones\/\",\"name\":\"Personas de muy distintas procedencias y contextos comparten sus puntos de vista sobre el significado de la colaboraci\u00f3n y c\u00f3mo \u00e9sta alimenta la confianza...\",\"isPartOf\":{\"@id\":\"https:\/\/www.cec.org\/es\/#website\"},\"primaryImageOfPage\":{\"@id\":\"https:\/\/www.cec.org\/es\/participe\/alianzas-externas-y-colaboraciones\/#primaryimage\"},\"image\":{\"@id\":\"https:\/\/www.cec.org\/es\/participe\/alianzas-externas-y-colaboraciones\/#primaryimage\"},\"thumbnailUrl\":\"https:\/\/www.cec.org\/wp-content\/uploads\/PartnersThumbnail.jpg\",\"datePublished\":\"2022-01-21T15:03:27+00:00\",\"dateModified\":\"2025-08-28T18:23:40+00:00\",\"description\":\"We collaborate with individuals, communities, businesses and organizations to strengthen our efforts. This ensures our capacity to...\",\"breadcrumb\":{\"@id\":\"https:\/\/www.cec.org\/es\/participe\/alianzas-externas-y-colaboraciones\/#breadcrumb\"},\"inLanguage\":\"es\",\"potentialAction\":[{\"@type\":\"ReadAction\",\"target\":[\"https:\/\/www.cec.org\/es\/participe\/alianzas-externas-y-colaboraciones\/\"]}]},{\"@type\":\"ImageObject\",\"inLanguage\":\"es\",\"@id\":\"https:\/\/www.cec.org\/es\/participe\/alianzas-externas-y-colaboraciones\/#primaryimage\",\"url\":\"https:\/\/www.cec.org\/wp-content\/uploads\/PartnersThumbnail.jpg\",\"contentUrl\":\"https:\/\/www.cec.org\/wp-content\/uploads\/PartnersThumbnail.jpg\",\"width\":600,\"height\":342,\"caption\":\"Cover for Partnerships & Collaboration: Teamwork putting hands together\"},{\"@type\":\"BreadcrumbList\",\"@id\":\"https:\/\/www.cec.org\/es\/participe\/alianzas-externas-y-colaboraciones\/#breadcrumb\",\"itemListElement\":[{\"@type\":\"ListItem\",\"position\":1,\"name\":\"Inicio\",\"item\":\"https:\/\/www.cec.org\/es\/\"},{\"@type\":\"ListItem\",\"position\":2,\"name\":\"Participe\",\"item\":\"https:\/\/www.cec.org\/es\/participe\/\"},{\"@type\":\"ListItem\",\"position\":3,\"name\":\"Alianzas externas y colaboraciones\"}]},{\"@type\":\"WebSite\",\"@id\":\"https:\/\/www.cec.org\/es\/#website\",\"url\":\"https:\/\/www.cec.org\/es\/\",\"name\":\"Commission for Environmental Cooperation\",\"description\":\"Three countries working together to protect our shared environment\",\"alternateName\":\"CEC - CCA -CCE\",\"potentialAction\":[{\"@type\":\"SearchAction\",\"target\":{\"@type\":\"EntryPoint\",\"urlTemplate\":\"https:\/\/www.cec.org\/es\/?s={search_term_string}\"},\"query-input\":{\"@type\":\"PropertyValueSpecification\",\"valueRequired\":true,\"valueName\":\"search_term_string\"}}],\"inLanguage\":\"es\"}]}<\/script>\n<!-- \/ Yoast SEO Premium plugin. -->","yoast_head_json":{"title":"Personas de muy distintas procedencias y contextos comparten sus puntos de vista sobre el significado de la colaboraci\u00f3n y c\u00f3mo \u00e9sta alimenta la confianza...","description":"We collaborate with individuals, communities, businesses and organizations to strengthen our efforts. This ensures our capacity to...","robots":{"index":"index","follow":"follow","max-snippet":"max-snippet:-1","max-image-preview":"max-image-preview:large","max-video-preview":"max-video-preview:-1"},"canonical":"https:\/\/www.cec.org\/es\/participe\/alianzas-externas-y-colaboraciones\/","og_locale":"es_ES","og_type":"article","og_title":"Alianzas externas y colaboraciones","og_description":"Colaboramos con individuos, comunidades, negocios y organizaciones a fin de fortalecer nuestras iniciativas. Ello contribuye a garantizar la capacidad de","og_url":"https:\/\/www.cec.org\/es\/participe\/alianzas-externas-y-colaboraciones\/","og_site_name":"Comisi\u00f3n para la Cooperaci\u00f3n Ambiental","article_publisher":"https:\/\/www.facebook.com\/CECconnect","article_modified_time":"2025-08-28T18:23:40+00:00","og_image":[{"width":600,"height":342,"url":"https:\/\/www.cec.org\/wp-content\/uploads\/PartnersThumbnail.jpg","type":"image\/jpeg"}],"twitter_card":"summary_large_image","twitter_site":"@CECweb","schema":{"@context":"https:\/\/schema.org","@graph":[{"@type":"WebPage","@id":"https:\/\/www.cec.org\/es\/participe\/alianzas-externas-y-colaboraciones\/","url":"https:\/\/www.cec.org\/es\/participe\/alianzas-externas-y-colaboraciones\/","name":"Personas de muy distintas procedencias y contextos comparten sus puntos de vista sobre el significado de la colaboraci\u00f3n y c\u00f3mo \u00e9sta alimenta la confianza...","isPartOf":{"@id":"https:\/\/www.cec.org\/es\/#website"},"primaryImageOfPage":{"@id":"https:\/\/www.cec.org\/es\/participe\/alianzas-externas-y-colaboraciones\/#primaryimage"},"image":{"@id":"https:\/\/www.cec.org\/es\/participe\/alianzas-externas-y-colaboraciones\/#primaryimage"},"thumbnailUrl":"https:\/\/www.cec.org\/wp-content\/uploads\/PartnersThumbnail.jpg","datePublished":"2022-01-21T15:03:27+00:00","dateModified":"2025-08-28T18:23:40+00:00","description":"We collaborate with individuals, communities, businesses and organizations to strengthen our efforts. This ensures our capacity to...","breadcrumb":{"@id":"https:\/\/www.cec.org\/es\/participe\/alianzas-externas-y-colaboraciones\/#breadcrumb"},"inLanguage":"es","potentialAction":[{"@type":"ReadAction","target":["https:\/\/www.cec.org\/es\/participe\/alianzas-externas-y-colaboraciones\/"]}]},{"@type":"ImageObject","inLanguage":"es","@id":"https:\/\/www.cec.org\/es\/participe\/alianzas-externas-y-colaboraciones\/#primaryimage","url":"https:\/\/www.cec.org\/wp-content\/uploads\/PartnersThumbnail.jpg","contentUrl":"https:\/\/www.cec.org\/wp-content\/uploads\/PartnersThumbnail.jpg","width":600,"height":342,"caption":"Cover for Partnerships & Collaboration: Teamwork putting hands together"},{"@type":"BreadcrumbList","@id":"https:\/\/www.cec.org\/es\/participe\/alianzas-externas-y-colaboraciones\/#breadcrumb","itemListElement":[{"@type":"ListItem","position":1,"name":"Inicio","item":"https:\/\/www.cec.org\/es\/"},{"@type":"ListItem","position":2,"name":"Participe","item":"https:\/\/www.cec.org\/es\/participe\/"},{"@type":"ListItem","position":3,"name":"Alianzas externas y colaboraciones"}]},{"@type":"WebSite","@id":"https:\/\/www.cec.org\/es\/#website","url":"https:\/\/www.cec.org\/es\/","name":"Commission for Environmental Cooperation","description":"Three countries working together to protect our shared environment","alternateName":"CEC - CCA -CCE","potentialAction":[{"@type":"SearchAction","target":{"@type":"EntryPoint","urlTemplate":"https:\/\/www.cec.org\/es\/?s={search_term_string}"},"query-input":{"@type":"PropertyValueSpecification","valueRequired":true,"valueName":"search_term_string"}}],"inLanguage":"es"}]}},"_links":{"self":[{"href":"https:\/\/www.cec.org\/es\/wp-json\/wp\/v2\/pages\/47254","targetHints":{"allow":["GET"]}}],"collection":[{"href":"https:\/\/www.cec.org\/es\/wp-json\/wp\/v2\/pages"}],"about":[{"href":"https:\/\/www.cec.org\/es\/wp-json\/wp\/v2\/types\/page"}],"author":[{"embeddable":true,"href":"https:\/\/www.cec.org\/es\/wp-json\/wp\/v2\/users\/1"}],"replies":[{"embeddable":true,"href":"https:\/\/www.cec.org\/es\/wp-json\/wp\/v2\/comments?post=47254"}],"version-history":[{"count":14,"href":"https:\/\/www.cec.org\/es\/wp-json\/wp\/v2\/pages\/47254\/revisions"}],"predecessor-version":[{"id":59861,"href":"https:\/\/www.cec.org\/es\/wp-json\/wp\/v2\/pages\/47254\/revisions\/59861"}],"up":[{"embeddable":true,"href":"https:\/\/www.cec.org\/es\/wp-json\/wp\/v2\/pages\/28358"}],"wp:featuredmedia":[{"embeddable":true,"href":"https:\/\/www.cec.org\/es\/wp-json\/wp\/v2\/media\/47485"}],"wp:attachment":[{"href":"https:\/\/www.cec.org\/es\/wp-json\/wp\/v2\/media?parent=47254"}],"curies":[{"name":"wp","href":"https:\/\/api.w.org\/{rel}","templated":true}]}}