{"id":45517,"date":"2021-09-03T12:12:55","date_gmt":"2021-09-03T16:12:55","guid":{"rendered":"http:\/\/www.cec.org\/?page_id=45517"},"modified":"2026-03-23T18:10:10","modified_gmt":"2026-03-23T22:10:10","slug":"ej4climate","status":"publish","type":"page","link":"https:\/\/www.cec.org\/es\/subvenciones\/ej4climate\/","title":{"rendered":"EJ4Climate: Equidad ambiental y resiliencia clim\u00e1tica"},"content":{"rendered":"<p>La CCA estableci\u00f3 este programa de subvenciones en 2021 para financiar proyectos dirigidos a comunidades vulnerables y menos favorecidas, y comunidades ind\u00edgenas, en Canad\u00e1, Estados Unidos y M\u00e9xico, para prepararlas para los desaf\u00edos e impactos relacionados con el cambio clim\u00e1tico.<\/p>\n<p>El cuarto ciclo de financiamiento de EJ4Climate marc\u00f3 la conclusi\u00f3n del programa de subvenciones en 2025. Expresamos nuestro m\u00e1s sincero agradecimiento a todas las personas y entidades solicitantes que respondieron a las distintas convocatorias para la presentaci\u00f3n de propuestas, y felicitamos a los 54 proyectos seleccionados a lo largo de los cuatro a\u00f1os del programa.<\/p>\n<p>El programa de subvenciones EJ4Climate aport\u00f3 financiamiento directo a organizaciones de base comunitaria con el fin de impulsar la justicia ambiental. De esta manera, se apoy\u00f3 la participaci\u00f3n activa y el empoderamiento de las comunidades en la formulaci\u00f3n e implementaci\u00f3n de soluciones, as\u00ed como la creaci\u00f3n de alianzas para abordar sus vulnerabilidades en materia ambiental y de salud, incluidas las derivadas de los efectos del cambio clim\u00e1tico.<\/p>\n","protected":false},"excerpt":{"rendered":"<p>La CCA estableci\u00f3 este programa de subvenciones en 2021 para financiar proyectos dirigidos a comunidades vulnerables y menos favorecidas, y comunidades ind\u00edgenas, en Canad\u00e1, Estados Unidos y M\u00e9xico, para prepararlas para los desaf\u00edos e impactos relacionados con el cambio clim\u00e1tico. El cuarto ciclo de financiamiento de EJ4Climate marc\u00f3 la conclusi\u00f3n del programa de subvenciones en [&hellip;]<\/p>\n","protected":false},"author":1,"featured_media":55425,"parent":46587,"menu_order":3,"comment_status":"closed","ping_status":"closed","template":"page-napeca.php","meta":{"_acf_changed":false,"footnotes":""},"class_list":["post-45517","page","type-page","status-publish","has-post-thumbnail","hentry"],"acf":[],"yoast_head":"<!-- This site is optimized with the Yoast SEO Premium plugin v27.4 (Yoast SEO v27.4) - https:\/\/yoast.com\/product\/yoast-seo-premium-wordpress\/ -->\n<title>EJ4Climate: Equidad ambiental y resiliencia clim\u00e1tica<\/title>\n<meta name=\"description\" content=\"El programa de subvenciones EJ4Climate aporta financiamiento directo a organizaciones de base comunitaria y propone impulsar la justicia ambiental\" \/>\n<meta name=\"robots\" content=\"index, follow, max-snippet:-1, max-image-preview:large, max-video-preview:-1\" \/>\n<link rel=\"canonical\" href=\"https:\/\/www.cec.org\/es\/subvenciones\/ej4climate\/\" \/>\n<meta property=\"og:locale\" content=\"es_ES\" \/>\n<meta property=\"og:type\" content=\"article\" \/>\n<meta property=\"og:title\" content=\"EJ4Climate: Equidad ambiental y resiliencia clim\u00e1tica\" \/>\n<meta property=\"og:description\" content=\"La CCA estableci\u00f3 este programa de subvenciones en 2021 para financiar proyectos dirigidos a comunidades vulnerables y menos favorecidas, y comunidades\" \/>\n<meta property=\"og:url\" content=\"https:\/\/www.cec.org\/es\/subvenciones\/ej4climate\/\" \/>\n<meta property=\"og:site_name\" content=\"Comisi\u00f3n para la Cooperaci\u00f3n Ambiental\" \/>\n<meta property=\"article:publisher\" content=\"https:\/\/www.facebook.com\/CECconnect\" \/>\n<meta property=\"article:modified_time\" content=\"2026-03-23T22:10:10+00:00\" \/>\n<meta property=\"og:image\" content=\"https:\/\/www.cec.org\/wp-content\/uploads\/EJ4Climate_Social-1920px-x-1080px.png\" \/>\n\t<meta property=\"og:image:width\" content=\"4000\" \/>\n\t<meta property=\"og:image:height\" content=\"2251\" \/>\n\t<meta property=\"og:image:type\" content=\"image\/png\" \/>\n<meta name=\"twitter:card\" content=\"summary_large_image\" \/>\n<meta name=\"twitter:site\" content=\"@CECweb\" \/>\n<script type=\"application\/ld+json\" class=\"yoast-schema-graph\">{\"@context\":\"https:\\\/\\\/schema.org\",\"@graph\":[{\"@type\":\"WebPage\",\"@id\":\"https:\\\/\\\/www.cec.org\\\/es\\\/subvenciones\\\/ej4climate\\\/\",\"url\":\"https:\\\/\\\/www.cec.org\\\/es\\\/subvenciones\\\/ej4climate\\\/\",\"name\":\"EJ4Climate: Equidad ambiental y resiliencia clim\u00e1tica\",\"isPartOf\":{\"@id\":\"https:\\\/\\\/www.cec.org\\\/es\\\/#website\"},\"primaryImageOfPage\":{\"@id\":\"https:\\\/\\\/www.cec.org\\\/es\\\/subvenciones\\\/ej4climate\\\/#primaryimage\"},\"image\":{\"@id\":\"https:\\\/\\\/www.cec.org\\\/es\\\/subvenciones\\\/ej4climate\\\/#primaryimage\"},\"thumbnailUrl\":\"https:\\\/\\\/www.cec.org\\\/wp-content\\\/uploads\\\/EJ4Climate_Social-1920px-x-1080px.png\",\"datePublished\":\"2021-09-03T16:12:55+00:00\",\"dateModified\":\"2026-03-23T22:10:10+00:00\",\"description\":\"El programa de subvenciones EJ4Climate aporta financiamiento directo a organizaciones de base comunitaria y propone impulsar la justicia ambiental\",\"breadcrumb\":{\"@id\":\"https:\\\/\\\/www.cec.org\\\/es\\\/subvenciones\\\/ej4climate\\\/#breadcrumb\"},\"inLanguage\":\"es\",\"potentialAction\":[{\"@type\":\"ReadAction\",\"target\":[\"https:\\\/\\\/www.cec.org\\\/es\\\/subvenciones\\\/ej4climate\\\/\"]}]},{\"@type\":\"ImageObject\",\"inLanguage\":\"es\",\"@id\":\"https:\\\/\\\/www.cec.org\\\/es\\\/subvenciones\\\/ej4climate\\\/#primaryimage\",\"url\":\"https:\\\/\\\/www.cec.org\\\/wp-content\\\/uploads\\\/EJ4Climate_Social-1920px-x-1080px.png\",\"contentUrl\":\"https:\\\/\\\/www.cec.org\\\/wp-content\\\/uploads\\\/EJ4Climate_Social-1920px-x-1080px.png\",\"width\":4000,\"height\":2251},{\"@type\":\"BreadcrumbList\",\"@id\":\"https:\\\/\\\/www.cec.org\\\/es\\\/subvenciones\\\/ej4climate\\\/#breadcrumb\",\"itemListElement\":[{\"@type\":\"ListItem\",\"position\":1,\"name\":\"Inicio\",\"item\":\"https:\\\/\\\/www.cec.org\\\/es\\\/\"},{\"@type\":\"ListItem\",\"position\":2,\"name\":\"Subvenciones\",\"item\":\"https:\\\/\\\/www.cec.org\\\/es\\\/subvenciones\\\/\"},{\"@type\":\"ListItem\",\"position\":3,\"name\":\"EJ4Climate: Equidad ambiental y resiliencia clim\u00e1tica\"}]},{\"@type\":\"WebSite\",\"@id\":\"https:\\\/\\\/www.cec.org\\\/es\\\/#website\",\"url\":\"https:\\\/\\\/www.cec.org\\\/es\\\/\",\"name\":\"Commission for Environmental Cooperation\",\"description\":\"Three countries working together to protect our shared environment\",\"alternateName\":\"CEC - CCA -CCE\",\"potentialAction\":[{\"@type\":\"SearchAction\",\"target\":{\"@type\":\"EntryPoint\",\"urlTemplate\":\"https:\\\/\\\/www.cec.org\\\/es\\\/?s={search_term_string}\"},\"query-input\":{\"@type\":\"PropertyValueSpecification\",\"valueRequired\":true,\"valueName\":\"search_term_string\"}}],\"inLanguage\":\"es\"}]}<\/script>\n<!-- \/ Yoast SEO Premium plugin. -->","yoast_head_json":{"title":"EJ4Climate: Equidad ambiental y resiliencia clim\u00e1tica","description":"El programa de subvenciones EJ4Climate aporta financiamiento directo a organizaciones de base comunitaria y propone impulsar la justicia ambiental","robots":{"index":"index","follow":"follow","max-snippet":"max-snippet:-1","max-image-preview":"max-image-preview:large","max-video-preview":"max-video-preview:-1"},"canonical":"https:\/\/www.cec.org\/es\/subvenciones\/ej4climate\/","og_locale":"es_ES","og_type":"article","og_title":"EJ4Climate: Equidad ambiental y resiliencia clim\u00e1tica","og_description":"La CCA estableci\u00f3 este programa de subvenciones en 2021 para financiar proyectos dirigidos a comunidades vulnerables y menos favorecidas, y comunidades","og_url":"https:\/\/www.cec.org\/es\/subvenciones\/ej4climate\/","og_site_name":"Comisi\u00f3n para la Cooperaci\u00f3n Ambiental","article_publisher":"https:\/\/www.facebook.com\/CECconnect","article_modified_time":"2026-03-23T22:10:10+00:00","og_image":[{"width":4000,"height":2251,"url":"https:\/\/www.cec.org\/wp-content\/uploads\/EJ4Climate_Social-1920px-x-1080px.png","type":"image\/png"}],"twitter_card":"summary_large_image","twitter_site":"@CECweb","schema":{"@context":"https:\/\/schema.org","@graph":[{"@type":"WebPage","@id":"https:\/\/www.cec.org\/es\/subvenciones\/ej4climate\/","url":"https:\/\/www.cec.org\/es\/subvenciones\/ej4climate\/","name":"EJ4Climate: Equidad ambiental y resiliencia clim\u00e1tica","isPartOf":{"@id":"https:\/\/www.cec.org\/es\/#website"},"primaryImageOfPage":{"@id":"https:\/\/www.cec.org\/es\/subvenciones\/ej4climate\/#primaryimage"},"image":{"@id":"https:\/\/www.cec.org\/es\/subvenciones\/ej4climate\/#primaryimage"},"thumbnailUrl":"https:\/\/www.cec.org\/wp-content\/uploads\/EJ4Climate_Social-1920px-x-1080px.png","datePublished":"2021-09-03T16:12:55+00:00","dateModified":"2026-03-23T22:10:10+00:00","description":"El programa de subvenciones EJ4Climate aporta financiamiento directo a organizaciones de base comunitaria y propone impulsar la justicia ambiental","breadcrumb":{"@id":"https:\/\/www.cec.org\/es\/subvenciones\/ej4climate\/#breadcrumb"},"inLanguage":"es","potentialAction":[{"@type":"ReadAction","target":["https:\/\/www.cec.org\/es\/subvenciones\/ej4climate\/"]}]},{"@type":"ImageObject","inLanguage":"es","@id":"https:\/\/www.cec.org\/es\/subvenciones\/ej4climate\/#primaryimage","url":"https:\/\/www.cec.org\/wp-content\/uploads\/EJ4Climate_Social-1920px-x-1080px.png","contentUrl":"https:\/\/www.cec.org\/wp-content\/uploads\/EJ4Climate_Social-1920px-x-1080px.png","width":4000,"height":2251},{"@type":"BreadcrumbList","@id":"https:\/\/www.cec.org\/es\/subvenciones\/ej4climate\/#breadcrumb","itemListElement":[{"@type":"ListItem","position":1,"name":"Inicio","item":"https:\/\/www.cec.org\/es\/"},{"@type":"ListItem","position":2,"name":"Subvenciones","item":"https:\/\/www.cec.org\/es\/subvenciones\/"},{"@type":"ListItem","position":3,"name":"EJ4Climate: Equidad ambiental y resiliencia clim\u00e1tica"}]},{"@type":"WebSite","@id":"https:\/\/www.cec.org\/es\/#website","url":"https:\/\/www.cec.org\/es\/","name":"Commission for Environmental Cooperation","description":"Three countries working together to protect our shared environment","alternateName":"CEC - CCA -CCE","potentialAction":[{"@type":"SearchAction","target":{"@type":"EntryPoint","urlTemplate":"https:\/\/www.cec.org\/es\/?s={search_term_string}"},"query-input":{"@type":"PropertyValueSpecification","valueRequired":true,"valueName":"search_term_string"}}],"inLanguage":"es"}]}},"_links":{"self":[{"href":"https:\/\/www.cec.org\/es\/wp-json\/wp\/v2\/pages\/45517","targetHints":{"allow":["GET"]}}],"collection":[{"href":"https:\/\/www.cec.org\/es\/wp-json\/wp\/v2\/pages"}],"about":[{"href":"https:\/\/www.cec.org\/es\/wp-json\/wp\/v2\/types\/page"}],"author":[{"embeddable":true,"href":"https:\/\/www.cec.org\/es\/wp-json\/wp\/v2\/users\/1"}],"replies":[{"embeddable":true,"href":"https:\/\/www.cec.org\/es\/wp-json\/wp\/v2\/comments?post=45517"}],"version-history":[{"count":21,"href":"https:\/\/www.cec.org\/es\/wp-json\/wp\/v2\/pages\/45517\/revisions"}],"predecessor-version":[{"id":62075,"href":"https:\/\/www.cec.org\/es\/wp-json\/wp\/v2\/pages\/45517\/revisions\/62075"}],"up":[{"embeddable":true,"href":"https:\/\/www.cec.org\/es\/wp-json\/wp\/v2\/pages\/46587"}],"wp:featuredmedia":[{"embeddable":true,"href":"https:\/\/www.cec.org\/es\/wp-json\/wp\/v2\/media\/55425"}],"wp:attachment":[{"href":"https:\/\/www.cec.org\/es\/wp-json\/wp\/v2\/media?parent=45517"}],"curies":[{"name":"wp","href":"https:\/\/api.w.org\/{rel}","templated":true}]}}