{"id":32888,"date":"2020-10-26T13:30:56","date_gmt":"2020-10-26T17:30:56","guid":{"rendered":"http:\/\/www.cec.org\/sig-gracias\/"},"modified":"2024-07-11T13:32:47","modified_gmt":"2024-07-11T17:32:47","slug":"sig-gracias","status":"publish","type":"page","link":"https:\/\/www.cec.org\/es\/sig-gracias\/","title":{"rendered":"Gracias"},"content":{"rendered":"<h2>\u00a1Gracias por registrarse en el sistema de notificaciones sobre novedades SIG!<\/h2>\n<p>Le enviaremos una notificaci\u00f3n en cuanto haya nuevos conjuntos de datos, capas cartogr\u00e1ficas y datos SIG disponibles. Tiene nuestra promesa de que recibir\u00e1 \u00fanicamente el contenido m\u00e1s relevante, sin <em>spam<\/em>.<\/p>\n<p>*Si desea recibir noticias y art\u00edculos acerca de nosotros, le invitamos a <a href=\"https:\/\/cec.us7.list-manage.com\/subscribe?u=5fa638f92a1d9b74d1d595b81&amp;id=0d8cfa641d\">suscribirse en nuestro bolet\u00edn electr\u00f3nico aqu\u00ed<\/a>.<\/p>\n","protected":false},"excerpt":{"rendered":"<p>\u00a1Gracias por registrarse en el sistema de notificaciones sobre novedades SIG! Le enviaremos una notificaci\u00f3n en cuanto haya nuevos conjuntos de datos, capas cartogr\u00e1ficas y datos SIG disponibles. Tiene nuestra promesa de que recibir\u00e1 \u00fanicamente el contenido m\u00e1s relevante, sin spam. *Si desea recibir noticias y art\u00edculos acerca de nosotros, le invitamos a suscribirse en [&hellip;]<\/p>\n","protected":false},"author":1,"featured_media":0,"parent":0,"menu_order":0,"comment_status":"closed","ping_status":"closed","template":"page-thankyou.php","meta":{"_acf_changed":false,"footnotes":""},"class_list":["post-32888","page","type-page","status-publish","hentry"],"acf":[],"yoast_head":"<!-- This site is optimized with the Yoast SEO Premium plugin v27.4 (Yoast SEO v27.4) - https:\/\/yoast.com\/product\/yoast-seo-premium-wordpress\/ -->\n<title>Gracias<\/title>\n<meta name=\"description\" content=\"\u00a1Gracias por registrarse en el sistema de notificaciones sobre novedades SIG! Le enviaremos una notificaci\u00f3n en cuanto haya nuevos conjuntos de datos,\" \/>\n<meta name=\"robots\" content=\"index, follow, max-snippet:-1, max-image-preview:large, max-video-preview:-1\" \/>\n<link rel=\"canonical\" href=\"https:\/\/www.cec.org\/es\/sig-gracias\/\" \/>\n<meta property=\"og:locale\" content=\"es_ES\" \/>\n<meta property=\"og:type\" content=\"article\" \/>\n<meta property=\"og:title\" content=\"Gracias\" \/>\n<meta property=\"og:description\" content=\"\u00a1Gracias por registrarse en el sistema de notificaciones sobre novedades SIG! Le enviaremos una notificaci\u00f3n en cuanto haya nuevos conjuntos de datos,\" \/>\n<meta property=\"og:url\" content=\"https:\/\/www.cec.org\/es\/sig-gracias\/\" \/>\n<meta property=\"og:site_name\" content=\"Comisi\u00f3n para la Cooperaci\u00f3n Ambiental\" \/>\n<meta property=\"article:publisher\" content=\"https:\/\/www.facebook.com\/CECconnect\" \/>\n<meta property=\"article:modified_time\" content=\"2024-07-11T17:32:47+00:00\" \/>\n<meta property=\"og:image\" content=\"https:\/\/www.cec.org\/wp-content\/uploads\/cec-cover2023.webp\" \/>\n\t<meta property=\"og:image:width\" content=\"1200\" \/>\n\t<meta property=\"og:image:height\" content=\"630\" \/>\n\t<meta property=\"og:image:type\" content=\"image\/webp\" \/>\n<meta name=\"twitter:card\" content=\"summary_large_image\" \/>\n<meta name=\"twitter:site\" content=\"@CECweb\" \/>\n<script type=\"application\/ld+json\" class=\"yoast-schema-graph\">{\"@context\":\"https:\\\/\\\/schema.org\",\"@graph\":[{\"@type\":\"WebPage\",\"@id\":\"https:\\\/\\\/www.cec.org\\\/es\\\/sig-gracias\\\/\",\"url\":\"https:\\\/\\\/www.cec.org\\\/es\\\/sig-gracias\\\/\",\"name\":\"Gracias\",\"isPartOf\":{\"@id\":\"https:\\\/\\\/www.cec.org\\\/es\\\/#website\"},\"datePublished\":\"2020-10-26T17:30:56+00:00\",\"dateModified\":\"2024-07-11T17:32:47+00:00\",\"description\":\"\u00a1Gracias por registrarse en el sistema de notificaciones sobre novedades SIG! Le enviaremos una notificaci\u00f3n en cuanto haya nuevos conjuntos de datos,\",\"breadcrumb\":{\"@id\":\"https:\\\/\\\/www.cec.org\\\/es\\\/sig-gracias\\\/#breadcrumb\"},\"inLanguage\":\"es\",\"potentialAction\":[{\"@type\":\"ReadAction\",\"target\":[\"https:\\\/\\\/www.cec.org\\\/es\\\/sig-gracias\\\/\"]}]},{\"@type\":\"BreadcrumbList\",\"@id\":\"https:\\\/\\\/www.cec.org\\\/es\\\/sig-gracias\\\/#breadcrumb\",\"itemListElement\":[{\"@type\":\"ListItem\",\"position\":1,\"name\":\"Inicio\",\"item\":\"https:\\\/\\\/www.cec.org\\\/es\\\/\"},{\"@type\":\"ListItem\",\"position\":2,\"name\":\"Gracias\"}]},{\"@type\":\"WebSite\",\"@id\":\"https:\\\/\\\/www.cec.org\\\/es\\\/#website\",\"url\":\"https:\\\/\\\/www.cec.org\\\/es\\\/\",\"name\":\"Commission for Environmental Cooperation\",\"description\":\"Three countries working together to protect our shared environment\",\"alternateName\":\"CEC - CCA -CCE\",\"potentialAction\":[{\"@type\":\"SearchAction\",\"target\":{\"@type\":\"EntryPoint\",\"urlTemplate\":\"https:\\\/\\\/www.cec.org\\\/es\\\/?s={search_term_string}\"},\"query-input\":{\"@type\":\"PropertyValueSpecification\",\"valueRequired\":true,\"valueName\":\"search_term_string\"}}],\"inLanguage\":\"es\"}]}<\/script>\n<!-- \/ Yoast SEO Premium plugin. -->","yoast_head_json":{"title":"Gracias","description":"\u00a1Gracias por registrarse en el sistema de notificaciones sobre novedades SIG! Le enviaremos una notificaci\u00f3n en cuanto haya nuevos conjuntos de datos,","robots":{"index":"index","follow":"follow","max-snippet":"max-snippet:-1","max-image-preview":"max-image-preview:large","max-video-preview":"max-video-preview:-1"},"canonical":"https:\/\/www.cec.org\/es\/sig-gracias\/","og_locale":"es_ES","og_type":"article","og_title":"Gracias","og_description":"\u00a1Gracias por registrarse en el sistema de notificaciones sobre novedades SIG! Le enviaremos una notificaci\u00f3n en cuanto haya nuevos conjuntos de datos,","og_url":"https:\/\/www.cec.org\/es\/sig-gracias\/","og_site_name":"Comisi\u00f3n para la Cooperaci\u00f3n Ambiental","article_publisher":"https:\/\/www.facebook.com\/CECconnect","article_modified_time":"2024-07-11T17:32:47+00:00","og_image":[{"width":1200,"height":630,"url":"https:\/\/www.cec.org\/wp-content\/uploads\/cec-cover2023.webp","type":"image\/webp"}],"twitter_card":"summary_large_image","twitter_site":"@CECweb","schema":{"@context":"https:\/\/schema.org","@graph":[{"@type":"WebPage","@id":"https:\/\/www.cec.org\/es\/sig-gracias\/","url":"https:\/\/www.cec.org\/es\/sig-gracias\/","name":"Gracias","isPartOf":{"@id":"https:\/\/www.cec.org\/es\/#website"},"datePublished":"2020-10-26T17:30:56+00:00","dateModified":"2024-07-11T17:32:47+00:00","description":"\u00a1Gracias por registrarse en el sistema de notificaciones sobre novedades SIG! Le enviaremos una notificaci\u00f3n en cuanto haya nuevos conjuntos de datos,","breadcrumb":{"@id":"https:\/\/www.cec.org\/es\/sig-gracias\/#breadcrumb"},"inLanguage":"es","potentialAction":[{"@type":"ReadAction","target":["https:\/\/www.cec.org\/es\/sig-gracias\/"]}]},{"@type":"BreadcrumbList","@id":"https:\/\/www.cec.org\/es\/sig-gracias\/#breadcrumb","itemListElement":[{"@type":"ListItem","position":1,"name":"Inicio","item":"https:\/\/www.cec.org\/es\/"},{"@type":"ListItem","position":2,"name":"Gracias"}]},{"@type":"WebSite","@id":"https:\/\/www.cec.org\/es\/#website","url":"https:\/\/www.cec.org\/es\/","name":"Commission for Environmental Cooperation","description":"Three countries working together to protect our shared environment","alternateName":"CEC - CCA -CCE","potentialAction":[{"@type":"SearchAction","target":{"@type":"EntryPoint","urlTemplate":"https:\/\/www.cec.org\/es\/?s={search_term_string}"},"query-input":{"@type":"PropertyValueSpecification","valueRequired":true,"valueName":"search_term_string"}}],"inLanguage":"es"}]}},"_links":{"self":[{"href":"https:\/\/www.cec.org\/es\/wp-json\/wp\/v2\/pages\/32888","targetHints":{"allow":["GET"]}}],"collection":[{"href":"https:\/\/www.cec.org\/es\/wp-json\/wp\/v2\/pages"}],"about":[{"href":"https:\/\/www.cec.org\/es\/wp-json\/wp\/v2\/types\/page"}],"author":[{"embeddable":true,"href":"https:\/\/www.cec.org\/es\/wp-json\/wp\/v2\/users\/1"}],"replies":[{"embeddable":true,"href":"https:\/\/www.cec.org\/es\/wp-json\/wp\/v2\/comments?post=32888"}],"version-history":[{"count":1,"href":"https:\/\/www.cec.org\/es\/wp-json\/wp\/v2\/pages\/32888\/revisions"}],"predecessor-version":[{"id":43861,"href":"https:\/\/www.cec.org\/es\/wp-json\/wp\/v2\/pages\/32888\/revisions\/43861"}],"wp:attachment":[{"href":"https:\/\/www.cec.org\/es\/wp-json\/wp\/v2\/media?parent=32888"}],"curies":[{"name":"wp","href":"https:\/\/api.w.org\/{rel}","templated":true}]}}