{"id":28899,"date":"2019-11-20T12:34:36","date_gmt":"2019-11-20T17:34:36","guid":{"rendered":"http:\/\/www.cec.org\/atlas-ambiental-de-america-del-norte\/"},"modified":"2025-10-17T12:54:09","modified_gmt":"2025-10-17T16:54:09","slug":"atlas-ambiental-de-america-del-norte","status":"publish","type":"page","link":"https:\/\/www.cec.org\/es\/atlas-ambiental-de-america-del-norte\/","title":{"rendered":"Atlas ambiental de Am\u00e9rica del Norte"},"content":{"rendered":"","protected":false},"excerpt":{"rendered":"","protected":false},"author":1,"featured_media":53881,"parent":0,"menu_order":0,"comment_status":"closed","ping_status":"closed","template":"page-atlas.php","meta":{"_acf_changed":false,"footnotes":""},"class_list":["post-28899","page","type-page","status-publish","has-post-thumbnail","hentry"],"acf":[],"yoast_head":"<!-- This site is optimized with the Yoast SEO Premium plugin v27.4 (Yoast SEO v27.4) - https:\/\/yoast.com\/product\/yoast-seo-premium-wordpress\/ -->\n<title>Atlas ambiental de Am\u00e9rica del Norte<\/title>\n<meta name=\"description\" content=\"El Atlas ambiental de Am\u00e9rica del Norte combina datos geoespaciales armonizados de Canad\u00e1, Estados Unidos y M\u00e9xico para ofrecer una perspectiva subcontinental.\" \/>\n<meta name=\"robots\" content=\"index, follow, max-snippet:-1, max-image-preview:large, max-video-preview:-1\" \/>\n<link rel=\"canonical\" href=\"https:\/\/www.cec.org\/es\/atlas-ambiental-de-america-del-norte\/\" \/>\n<meta property=\"og:locale\" content=\"es_ES\" \/>\n<meta property=\"og:type\" content=\"article\" \/>\n<meta property=\"og:title\" content=\"Atlas ambiental de Am\u00e9rica del Norte\" \/>\n<meta property=\"og:url\" content=\"https:\/\/www.cec.org\/es\/atlas-ambiental-de-america-del-norte\/\" \/>\n<meta property=\"og:site_name\" content=\"Comisi\u00f3n para la Cooperaci\u00f3n Ambiental\" \/>\n<meta property=\"article:publisher\" content=\"https:\/\/www.facebook.com\/CECconnect\" \/>\n<meta property=\"article:modified_time\" content=\"2025-10-17T16:54:09+00:00\" \/>\n<meta property=\"og:image\" content=\"https:\/\/www.cec.org\/wp-content\/uploads\/AtlasMap-sq.png\" \/>\n\t<meta property=\"og:image:width\" content=\"900\" \/>\n\t<meta property=\"og:image:height\" content=\"960\" \/>\n\t<meta property=\"og:image:type\" content=\"image\/png\" \/>\n<meta name=\"twitter:card\" content=\"summary_large_image\" \/>\n<meta name=\"twitter:site\" content=\"@CECweb\" \/>\n<script type=\"application\/ld+json\" class=\"yoast-schema-graph\">{\"@context\":\"https:\\\/\\\/schema.org\",\"@graph\":[{\"@type\":\"WebPage\",\"@id\":\"https:\\\/\\\/www.cec.org\\\/es\\\/atlas-ambiental-de-america-del-norte\\\/\",\"url\":\"https:\\\/\\\/www.cec.org\\\/es\\\/atlas-ambiental-de-america-del-norte\\\/\",\"name\":\"Atlas ambiental de Am\u00e9rica del Norte\",\"isPartOf\":{\"@id\":\"https:\\\/\\\/www.cec.org\\\/es\\\/#website\"},\"primaryImageOfPage\":{\"@id\":\"https:\\\/\\\/www.cec.org\\\/es\\\/atlas-ambiental-de-america-del-norte\\\/#primaryimage\"},\"image\":{\"@id\":\"https:\\\/\\\/www.cec.org\\\/es\\\/atlas-ambiental-de-america-del-norte\\\/#primaryimage\"},\"thumbnailUrl\":\"https:\\\/\\\/www.cec.org\\\/wp-content\\\/uploads\\\/AtlasMap-sq.png\",\"datePublished\":\"2019-11-20T17:34:36+00:00\",\"dateModified\":\"2025-10-17T16:54:09+00:00\",\"description\":\"El Atlas ambiental de Am\u00e9rica del Norte combina datos geoespaciales armonizados de Canad\u00e1, Estados Unidos y M\u00e9xico para ofrecer una perspectiva subcontinental.\",\"breadcrumb\":{\"@id\":\"https:\\\/\\\/www.cec.org\\\/es\\\/atlas-ambiental-de-america-del-norte\\\/#breadcrumb\"},\"inLanguage\":\"es\",\"potentialAction\":[{\"@type\":\"ReadAction\",\"target\":[\"https:\\\/\\\/www.cec.org\\\/es\\\/atlas-ambiental-de-america-del-norte\\\/\"]}]},{\"@type\":\"ImageObject\",\"inLanguage\":\"es\",\"@id\":\"https:\\\/\\\/www.cec.org\\\/es\\\/atlas-ambiental-de-america-del-norte\\\/#primaryimage\",\"url\":\"https:\\\/\\\/www.cec.org\\\/wp-content\\\/uploads\\\/AtlasMap-sq.png\",\"contentUrl\":\"https:\\\/\\\/www.cec.org\\\/wp-content\\\/uploads\\\/AtlasMap-sq.png\",\"width\":900,\"height\":960,\"caption\":\"Atlas\"},{\"@type\":\"BreadcrumbList\",\"@id\":\"https:\\\/\\\/www.cec.org\\\/es\\\/atlas-ambiental-de-america-del-norte\\\/#breadcrumb\",\"itemListElement\":[{\"@type\":\"ListItem\",\"position\":1,\"name\":\"Inicio\",\"item\":\"https:\\\/\\\/www.cec.org\\\/es\\\/\"},{\"@type\":\"ListItem\",\"position\":2,\"name\":\"Atlas ambiental de Am\u00e9rica del Norte\"}]},{\"@type\":\"WebSite\",\"@id\":\"https:\\\/\\\/www.cec.org\\\/es\\\/#website\",\"url\":\"https:\\\/\\\/www.cec.org\\\/es\\\/\",\"name\":\"Commission for Environmental Cooperation\",\"description\":\"Three countries working together to protect our shared environment\",\"alternateName\":\"CEC - CCA -CCE\",\"potentialAction\":[{\"@type\":\"SearchAction\",\"target\":{\"@type\":\"EntryPoint\",\"urlTemplate\":\"https:\\\/\\\/www.cec.org\\\/es\\\/?s={search_term_string}\"},\"query-input\":{\"@type\":\"PropertyValueSpecification\",\"valueRequired\":true,\"valueName\":\"search_term_string\"}}],\"inLanguage\":\"es\"}]}<\/script>\n<!-- \/ Yoast SEO Premium plugin. -->","yoast_head_json":{"title":"Atlas ambiental de Am\u00e9rica del Norte","description":"El Atlas ambiental de Am\u00e9rica del Norte combina datos geoespaciales armonizados de Canad\u00e1, Estados Unidos y M\u00e9xico para ofrecer una perspectiva subcontinental.","robots":{"index":"index","follow":"follow","max-snippet":"max-snippet:-1","max-image-preview":"max-image-preview:large","max-video-preview":"max-video-preview:-1"},"canonical":"https:\/\/www.cec.org\/es\/atlas-ambiental-de-america-del-norte\/","og_locale":"es_ES","og_type":"article","og_title":"Atlas ambiental de Am\u00e9rica del Norte","og_url":"https:\/\/www.cec.org\/es\/atlas-ambiental-de-america-del-norte\/","og_site_name":"Comisi\u00f3n para la Cooperaci\u00f3n Ambiental","article_publisher":"https:\/\/www.facebook.com\/CECconnect","article_modified_time":"2025-10-17T16:54:09+00:00","og_image":[{"width":900,"height":960,"url":"https:\/\/www.cec.org\/wp-content\/uploads\/AtlasMap-sq.png","type":"image\/png"}],"twitter_card":"summary_large_image","twitter_site":"@CECweb","schema":{"@context":"https:\/\/schema.org","@graph":[{"@type":"WebPage","@id":"https:\/\/www.cec.org\/es\/atlas-ambiental-de-america-del-norte\/","url":"https:\/\/www.cec.org\/es\/atlas-ambiental-de-america-del-norte\/","name":"Atlas ambiental de Am\u00e9rica del Norte","isPartOf":{"@id":"https:\/\/www.cec.org\/es\/#website"},"primaryImageOfPage":{"@id":"https:\/\/www.cec.org\/es\/atlas-ambiental-de-america-del-norte\/#primaryimage"},"image":{"@id":"https:\/\/www.cec.org\/es\/atlas-ambiental-de-america-del-norte\/#primaryimage"},"thumbnailUrl":"https:\/\/www.cec.org\/wp-content\/uploads\/AtlasMap-sq.png","datePublished":"2019-11-20T17:34:36+00:00","dateModified":"2025-10-17T16:54:09+00:00","description":"El Atlas ambiental de Am\u00e9rica del Norte combina datos geoespaciales armonizados de Canad\u00e1, Estados Unidos y M\u00e9xico para ofrecer una perspectiva subcontinental.","breadcrumb":{"@id":"https:\/\/www.cec.org\/es\/atlas-ambiental-de-america-del-norte\/#breadcrumb"},"inLanguage":"es","potentialAction":[{"@type":"ReadAction","target":["https:\/\/www.cec.org\/es\/atlas-ambiental-de-america-del-norte\/"]}]},{"@type":"ImageObject","inLanguage":"es","@id":"https:\/\/www.cec.org\/es\/atlas-ambiental-de-america-del-norte\/#primaryimage","url":"https:\/\/www.cec.org\/wp-content\/uploads\/AtlasMap-sq.png","contentUrl":"https:\/\/www.cec.org\/wp-content\/uploads\/AtlasMap-sq.png","width":900,"height":960,"caption":"Atlas"},{"@type":"BreadcrumbList","@id":"https:\/\/www.cec.org\/es\/atlas-ambiental-de-america-del-norte\/#breadcrumb","itemListElement":[{"@type":"ListItem","position":1,"name":"Inicio","item":"https:\/\/www.cec.org\/es\/"},{"@type":"ListItem","position":2,"name":"Atlas ambiental de Am\u00e9rica del Norte"}]},{"@type":"WebSite","@id":"https:\/\/www.cec.org\/es\/#website","url":"https:\/\/www.cec.org\/es\/","name":"Commission for Environmental Cooperation","description":"Three countries working together to protect our shared environment","alternateName":"CEC - CCA -CCE","potentialAction":[{"@type":"SearchAction","target":{"@type":"EntryPoint","urlTemplate":"https:\/\/www.cec.org\/es\/?s={search_term_string}"},"query-input":{"@type":"PropertyValueSpecification","valueRequired":true,"valueName":"search_term_string"}}],"inLanguage":"es"}]}},"_links":{"self":[{"href":"https:\/\/www.cec.org\/es\/wp-json\/wp\/v2\/pages\/28899","targetHints":{"allow":["GET"]}}],"collection":[{"href":"https:\/\/www.cec.org\/es\/wp-json\/wp\/v2\/pages"}],"about":[{"href":"https:\/\/www.cec.org\/es\/wp-json\/wp\/v2\/types\/page"}],"author":[{"embeddable":true,"href":"https:\/\/www.cec.org\/es\/wp-json\/wp\/v2\/users\/1"}],"replies":[{"embeddable":true,"href":"https:\/\/www.cec.org\/es\/wp-json\/wp\/v2\/comments?post=28899"}],"version-history":[{"count":1,"href":"https:\/\/www.cec.org\/es\/wp-json\/wp\/v2\/pages\/28899\/revisions"}],"predecessor-version":[{"id":36380,"href":"https:\/\/www.cec.org\/es\/wp-json\/wp\/v2\/pages\/28899\/revisions\/36380"}],"wp:featuredmedia":[{"embeddable":true,"href":"https:\/\/www.cec.org\/es\/wp-json\/wp\/v2\/media\/53881"}],"wp:attachment":[{"href":"https:\/\/www.cec.org\/es\/wp-json\/wp\/v2\/media?parent=28899"}],"curies":[{"name":"wp","href":"https:\/\/api.w.org\/{rel}","templated":true}]}}