{"id":28897,"date":"2019-11-20T16:30:11","date_gmt":"2019-11-20T21:30:11","guid":{"rendered":"http:\/\/www.cec.org\/sistema-de-monitoreo-del-cambio-en-la-cobertura-del-suelo-de-america-del-norte\/"},"modified":"2025-05-21T14:36:02","modified_gmt":"2025-05-21T18:36:02","slug":"sistema-de-monitoreo-del-cambio-en-la-cobertura-del-suelo-de-america-del-norte","status":"publish","type":"page","link":"https:\/\/www.cec.org\/es\/sistema-de-monitoreo-del-cambio-en-la-cobertura-del-suelo-de-america-del-norte\/","title":{"rendered":"Sistema de Monitoreo del Cambio en la Cobertura del Suelo de Am\u00e9rica del Norte"},"content":{"rendered":"<p>El NALCMS de la CCA es una iniciativa de colaboraci\u00f3n que monitorea la cobertura del suelo en Am\u00e9rica del Norte y sus cambios con el paso del tiempo. La informaci\u00f3n sobre cobertura del suelo \u2014es decir, la clasificaci\u00f3n de caracter\u00edsticas de la cubierta superficial como bosques, infraestructura urbana, cuerpos de agua o tierras agr\u00edcolas, entre muchas otras\u2014 desempe\u00f1a una funci\u00f3n decisiva en el conocimiento y la gesti\u00f3n de nuestro medio ambiente. Los datos de cobertura y uso del suelo diferencian las coberturas naturales de las que son resultado de la intervenci\u00f3n humana, y sirven de apoyo a la planeaci\u00f3n y gesti\u00f3n de los recursos, as\u00ed como a esfuerzos e iniciativas de monitoreo a escalas mundial, regional y local.<\/p>\n<p>Obtenga informaci\u00f3n m\u00e1s detallada acerca de la iniciativa NALCMS <a href=\"https:\/\/www.cec.org\/es\/publications\/nalcms\/\">en esta publicaci\u00f3n <\/a>que conmemora casi 20 a\u00f1os de colaboraci\u00f3n trinacional.<\/p>\n","protected":false},"excerpt":{"rendered":"<p>El NALCMS de la CCA es una iniciativa de colaboraci\u00f3n que monitorea la cobertura del suelo en Am\u00e9rica del Norte y sus cambios con el paso del tiempo. La informaci\u00f3n sobre cobertura del suelo \u2014es decir, la clasificaci\u00f3n de caracter\u00edsticas de la cubierta superficial como bosques, infraestructura urbana, cuerpos de agua o tierras agr\u00edcolas, entre [&hellip;]<\/p>\n","protected":false},"author":1,"featured_media":58678,"parent":0,"menu_order":0,"comment_status":"closed","ping_status":"closed","template":"page-nalcms.php","meta":{"_acf_changed":false,"footnotes":""},"class_list":["post-28897","page","type-page","status-publish","has-post-thumbnail","hentry"],"acf":[],"yoast_head":"<!-- This site is optimized with the Yoast SEO Premium plugin v27.0 (Yoast SEO v27.0) - https:\/\/yoast.com\/product\/yoast-seo-premium-wordpress\/ -->\n<title>Sistema de Monitoreo del Cambio en la Cobertura del Suelo de Am\u00e9rica del Norte - CEC<\/title>\n<meta name=\"description\" content=\"Los productos del NALCMS tienen una gran variedad de aplicaciones, entre las que figuran: an\u00e1lisis sobre captaci\u00f3n de carbono, cartograf\u00eda de h\u00e1bitat de especies silvestres...\" \/>\n<meta name=\"robots\" content=\"index, follow, max-snippet:-1, max-image-preview:large, max-video-preview:-1\" \/>\n<link rel=\"canonical\" href=\"https:\/\/www.cec.org\/es\/sistema-de-monitoreo-del-cambio-en-la-cobertura-del-suelo-de-america-del-norte\/\" \/>\n<meta property=\"og:locale\" content=\"es_ES\" \/>\n<meta property=\"og:type\" content=\"article\" \/>\n<meta property=\"og:title\" content=\"Sistema de Monitoreo del Cambio en la Cobertura del Suelo de Am\u00e9rica del Norte\" \/>\n<meta property=\"og:description\" content=\"El NALCMS de la CCA es una iniciativa de colaboraci\u00f3n que monitorea la cobertura del suelo en Am\u00e9rica del Norte y sus cambios con el paso del tiempo. La\" \/>\n<meta property=\"og:url\" content=\"https:\/\/www.cec.org\/es\/sistema-de-monitoreo-del-cambio-en-la-cobertura-del-suelo-de-america-del-norte\/\" \/>\n<meta property=\"og:site_name\" content=\"Comisi\u00f3n para la Cooperaci\u00f3n Ambiental\" \/>\n<meta property=\"article:publisher\" content=\"https:\/\/www.facebook.com\/CECconnect\" \/>\n<meta property=\"article:modified_time\" content=\"2025-05-21T18:36:02+00:00\" \/>\n<meta property=\"og:image\" content=\"https:\/\/www.cec.org\/wp-content\/uploads\/CEC_NALCMS-Covers-1200x684-ES-1.webp\" \/>\n\t<meta property=\"og:image:width\" content=\"1200\" \/>\n\t<meta property=\"og:image:height\" content=\"684\" \/>\n\t<meta property=\"og:image:type\" content=\"image\/webp\" \/>\n<meta name=\"twitter:card\" content=\"summary_large_image\" \/>\n<meta name=\"twitter:site\" content=\"@CECweb\" \/>\n<script type=\"application\/ld+json\" class=\"yoast-schema-graph\">{\"@context\":\"https:\/\/schema.org\",\"@graph\":[{\"@type\":\"WebPage\",\"@id\":\"https:\/\/www.cec.org\/es\/sistema-de-monitoreo-del-cambio-en-la-cobertura-del-suelo-de-america-del-norte\/\",\"url\":\"https:\/\/www.cec.org\/es\/sistema-de-monitoreo-del-cambio-en-la-cobertura-del-suelo-de-america-del-norte\/\",\"name\":\"Sistema de Monitoreo del Cambio en la Cobertura del Suelo de Am\u00e9rica del Norte - CEC\",\"isPartOf\":{\"@id\":\"https:\/\/www.cec.org\/es\/#website\"},\"primaryImageOfPage\":{\"@id\":\"https:\/\/www.cec.org\/es\/sistema-de-monitoreo-del-cambio-en-la-cobertura-del-suelo-de-america-del-norte\/#primaryimage\"},\"image\":{\"@id\":\"https:\/\/www.cec.org\/es\/sistema-de-monitoreo-del-cambio-en-la-cobertura-del-suelo-de-america-del-norte\/#primaryimage\"},\"thumbnailUrl\":\"https:\/\/www.cec.org\/wp-content\/uploads\/CEC_NALCMS-Covers-1200x684-ES-1.webp\",\"datePublished\":\"2019-11-20T21:30:11+00:00\",\"dateModified\":\"2025-05-21T18:36:02+00:00\",\"description\":\"Los productos del NALCMS tienen una gran variedad de aplicaciones, entre las que figuran: an\u00e1lisis sobre captaci\u00f3n de carbono, cartograf\u00eda de h\u00e1bitat de especies silvestres...\",\"breadcrumb\":{\"@id\":\"https:\/\/www.cec.org\/es\/sistema-de-monitoreo-del-cambio-en-la-cobertura-del-suelo-de-america-del-norte\/#breadcrumb\"},\"inLanguage\":\"es\",\"potentialAction\":[{\"@type\":\"ReadAction\",\"target\":[\"https:\/\/www.cec.org\/es\/sistema-de-monitoreo-del-cambio-en-la-cobertura-del-suelo-de-america-del-norte\/\"]}]},{\"@type\":\"ImageObject\",\"inLanguage\":\"es\",\"@id\":\"https:\/\/www.cec.org\/es\/sistema-de-monitoreo-del-cambio-en-la-cobertura-del-suelo-de-america-del-norte\/#primaryimage\",\"url\":\"https:\/\/www.cec.org\/wp-content\/uploads\/CEC_NALCMS-Covers-1200x684-ES-1.webp\",\"contentUrl\":\"https:\/\/www.cec.org\/wp-content\/uploads\/CEC_NALCMS-Covers-1200x684-ES-1.webp\",\"width\":1200,\"height\":684,\"caption\":\"CEC Webinar - NALCMS\"},{\"@type\":\"BreadcrumbList\",\"@id\":\"https:\/\/www.cec.org\/es\/sistema-de-monitoreo-del-cambio-en-la-cobertura-del-suelo-de-america-del-norte\/#breadcrumb\",\"itemListElement\":[{\"@type\":\"ListItem\",\"position\":1,\"name\":\"Inicio\",\"item\":\"https:\/\/www.cec.org\/es\/\"},{\"@type\":\"ListItem\",\"position\":2,\"name\":\"Sistema de Monitoreo del Cambio en la Cobertura del Suelo de Am\u00e9rica del Norte\"}]},{\"@type\":\"WebSite\",\"@id\":\"https:\/\/www.cec.org\/es\/#website\",\"url\":\"https:\/\/www.cec.org\/es\/\",\"name\":\"Commission for Environmental Cooperation\",\"description\":\"Three countries working together to protect our shared environment\",\"alternateName\":\"CEC - CCA -CCE\",\"potentialAction\":[{\"@type\":\"SearchAction\",\"target\":{\"@type\":\"EntryPoint\",\"urlTemplate\":\"https:\/\/www.cec.org\/es\/?s={search_term_string}\"},\"query-input\":{\"@type\":\"PropertyValueSpecification\",\"valueRequired\":true,\"valueName\":\"search_term_string\"}}],\"inLanguage\":\"es\"}]}<\/script>\n<!-- \/ Yoast SEO Premium plugin. -->","yoast_head_json":{"title":"Sistema de Monitoreo del Cambio en la Cobertura del Suelo de Am\u00e9rica del Norte - CEC","description":"Los productos del NALCMS tienen una gran variedad de aplicaciones, entre las que figuran: an\u00e1lisis sobre captaci\u00f3n de carbono, cartograf\u00eda de h\u00e1bitat de especies silvestres...","robots":{"index":"index","follow":"follow","max-snippet":"max-snippet:-1","max-image-preview":"max-image-preview:large","max-video-preview":"max-video-preview:-1"},"canonical":"https:\/\/www.cec.org\/es\/sistema-de-monitoreo-del-cambio-en-la-cobertura-del-suelo-de-america-del-norte\/","og_locale":"es_ES","og_type":"article","og_title":"Sistema de Monitoreo del Cambio en la Cobertura del Suelo de Am\u00e9rica del Norte","og_description":"El NALCMS de la CCA es una iniciativa de colaboraci\u00f3n que monitorea la cobertura del suelo en Am\u00e9rica del Norte y sus cambios con el paso del tiempo. La","og_url":"https:\/\/www.cec.org\/es\/sistema-de-monitoreo-del-cambio-en-la-cobertura-del-suelo-de-america-del-norte\/","og_site_name":"Comisi\u00f3n para la Cooperaci\u00f3n Ambiental","article_publisher":"https:\/\/www.facebook.com\/CECconnect","article_modified_time":"2025-05-21T18:36:02+00:00","og_image":[{"width":1200,"height":684,"url":"https:\/\/www.cec.org\/wp-content\/uploads\/CEC_NALCMS-Covers-1200x684-ES-1.webp","type":"image\/webp"}],"twitter_card":"summary_large_image","twitter_site":"@CECweb","schema":{"@context":"https:\/\/schema.org","@graph":[{"@type":"WebPage","@id":"https:\/\/www.cec.org\/es\/sistema-de-monitoreo-del-cambio-en-la-cobertura-del-suelo-de-america-del-norte\/","url":"https:\/\/www.cec.org\/es\/sistema-de-monitoreo-del-cambio-en-la-cobertura-del-suelo-de-america-del-norte\/","name":"Sistema de Monitoreo del Cambio en la Cobertura del Suelo de Am\u00e9rica del Norte - CEC","isPartOf":{"@id":"https:\/\/www.cec.org\/es\/#website"},"primaryImageOfPage":{"@id":"https:\/\/www.cec.org\/es\/sistema-de-monitoreo-del-cambio-en-la-cobertura-del-suelo-de-america-del-norte\/#primaryimage"},"image":{"@id":"https:\/\/www.cec.org\/es\/sistema-de-monitoreo-del-cambio-en-la-cobertura-del-suelo-de-america-del-norte\/#primaryimage"},"thumbnailUrl":"https:\/\/www.cec.org\/wp-content\/uploads\/CEC_NALCMS-Covers-1200x684-ES-1.webp","datePublished":"2019-11-20T21:30:11+00:00","dateModified":"2025-05-21T18:36:02+00:00","description":"Los productos del NALCMS tienen una gran variedad de aplicaciones, entre las que figuran: an\u00e1lisis sobre captaci\u00f3n de carbono, cartograf\u00eda de h\u00e1bitat de especies silvestres...","breadcrumb":{"@id":"https:\/\/www.cec.org\/es\/sistema-de-monitoreo-del-cambio-en-la-cobertura-del-suelo-de-america-del-norte\/#breadcrumb"},"inLanguage":"es","potentialAction":[{"@type":"ReadAction","target":["https:\/\/www.cec.org\/es\/sistema-de-monitoreo-del-cambio-en-la-cobertura-del-suelo-de-america-del-norte\/"]}]},{"@type":"ImageObject","inLanguage":"es","@id":"https:\/\/www.cec.org\/es\/sistema-de-monitoreo-del-cambio-en-la-cobertura-del-suelo-de-america-del-norte\/#primaryimage","url":"https:\/\/www.cec.org\/wp-content\/uploads\/CEC_NALCMS-Covers-1200x684-ES-1.webp","contentUrl":"https:\/\/www.cec.org\/wp-content\/uploads\/CEC_NALCMS-Covers-1200x684-ES-1.webp","width":1200,"height":684,"caption":"CEC Webinar - NALCMS"},{"@type":"BreadcrumbList","@id":"https:\/\/www.cec.org\/es\/sistema-de-monitoreo-del-cambio-en-la-cobertura-del-suelo-de-america-del-norte\/#breadcrumb","itemListElement":[{"@type":"ListItem","position":1,"name":"Inicio","item":"https:\/\/www.cec.org\/es\/"},{"@type":"ListItem","position":2,"name":"Sistema de Monitoreo del Cambio en la Cobertura del Suelo de Am\u00e9rica del Norte"}]},{"@type":"WebSite","@id":"https:\/\/www.cec.org\/es\/#website","url":"https:\/\/www.cec.org\/es\/","name":"Commission for Environmental Cooperation","description":"Three countries working together to protect our shared environment","alternateName":"CEC - CCA -CCE","potentialAction":[{"@type":"SearchAction","target":{"@type":"EntryPoint","urlTemplate":"https:\/\/www.cec.org\/es\/?s={search_term_string}"},"query-input":{"@type":"PropertyValueSpecification","valueRequired":true,"valueName":"search_term_string"}}],"inLanguage":"es"}]}},"_links":{"self":[{"href":"https:\/\/www.cec.org\/es\/wp-json\/wp\/v2\/pages\/28897","targetHints":{"allow":["GET"]}}],"collection":[{"href":"https:\/\/www.cec.org\/es\/wp-json\/wp\/v2\/pages"}],"about":[{"href":"https:\/\/www.cec.org\/es\/wp-json\/wp\/v2\/types\/page"}],"author":[{"embeddable":true,"href":"https:\/\/www.cec.org\/es\/wp-json\/wp\/v2\/users\/1"}],"replies":[{"embeddable":true,"href":"https:\/\/www.cec.org\/es\/wp-json\/wp\/v2\/comments?post=28897"}],"version-history":[{"count":4,"href":"https:\/\/www.cec.org\/es\/wp-json\/wp\/v2\/pages\/28897\/revisions"}],"predecessor-version":[{"id":58907,"href":"https:\/\/www.cec.org\/es\/wp-json\/wp\/v2\/pages\/28897\/revisions\/58907"}],"wp:featuredmedia":[{"embeddable":true,"href":"https:\/\/www.cec.org\/es\/wp-json\/wp\/v2\/media\/58678"}],"wp:attachment":[{"href":"https:\/\/www.cec.org\/es\/wp-json\/wp\/v2\/media?parent=28897"}],"curies":[{"name":"wp","href":"https:\/\/api.w.org\/{rel}","templated":true}]}}