{"id":28895,"date":"2019-08-20T16:57:42","date_gmt":"2019-08-20T20:57:42","guid":{"rendered":"http:\/\/www.cec.org\/submissions-on-enforcement\/"},"modified":"2024-07-11T13:33:03","modified_gmt":"2024-07-11T17:33:03","slug":"peticiones","status":"publish","type":"page","link":"https:\/\/www.cec.org\/es\/peticiones\/","title":{"rendered":"Peticiones sobre aplicaci\u00f3n efectiva de la legislaci\u00f3n ambiental"},"content":{"rendered":"<p>Una petici\u00f3n es un documento presentado por escrito ante el <a href=\"https:\/\/www.cec.org\/es\/acerca-de-la-cca\/secretariado\/\">Secretariado<\/a> de la CCA, en el que se asevera que Canad\u00e1, M\u00e9xico o Estados Unidos est\u00e1n incurriendo en omisiones en la aplicaci\u00f3n efectiva de su legislaci\u00f3n ambiental.<\/p>\n<p>Una petici\u00f3n es el primer paso en el proceso de peticiones relativas a la aplicaci\u00f3n efectiva de la legislaci\u00f3n ambiental (SEM, por sus siglas en ingl\u00e9s) y puede culminar en la elaboraci\u00f3n de un expediente de hechos. De car\u00e1cter investigativo, los expedientes de hechos son informes que contienen informaci\u00f3n t\u00e9cnica, cient\u00edfica y jur\u00eddica, as\u00ed como derivada de entrevistas con funcionarios de gobierno y an\u00e1lisis de expertos independientes. Un expediente de hechos documenta los aspectos ambientales, legales o de salud p\u00fablica inherentes a la situaci\u00f3n de inter\u00e9s.<\/p>\n<p>Si desea m\u00e1s detalles al respecto, le invitamos a ver este video corto que muestra los logros alcanzados por una comunidad al recurrir al mecanismo SEM.<\/p>\n","protected":false},"excerpt":{"rendered":"<p>Una petici\u00f3n es un documento presentado por escrito ante el Secretariado de la CCA, en el que se asevera que Canad\u00e1, M\u00e9xico o Estados Unidos est\u00e1n incurriendo en omisiones en la aplicaci\u00f3n efectiva de su legislaci\u00f3n ambiental. Una petici\u00f3n es el primer paso en el proceso de peticiones relativas a la aplicaci\u00f3n efectiva de la [&hellip;]<\/p>\n","protected":false},"author":1,"featured_media":0,"parent":0,"menu_order":0,"comment_status":"closed","ping_status":"closed","template":"page-submissions-on-enforcement.php","meta":{"_acf_changed":false,"footnotes":""},"class_list":["post-28895","page","type-page","status-publish","hentry"],"acf":[],"yoast_head":"<!-- This site is optimized with the Yoast SEO Premium plugin v27.0 (Yoast SEO v27.0) - https:\/\/yoast.com\/product\/yoast-seo-premium-wordpress\/ -->\n<title>Peticiones sobre aplicaci\u00f3n efectiva de la legislaci\u00f3n ambiental (SEM)- CCA<\/title>\n<meta name=\"description\" content=\"\u00bfTiene motivos para creer que Canad\u00e1, Estados Unidos o M\u00e9xico no est\u00e1n aplicando en forma efectiva su legislaci\u00f3n ambiental? Presente una petici\u00f3n al respecto\" \/>\n<meta name=\"robots\" content=\"index, follow, max-snippet:-1, max-image-preview:large, max-video-preview:-1\" \/>\n<link rel=\"canonical\" href=\"https:\/\/www.cec.org\/es\/peticiones\/\" \/>\n<meta property=\"og:locale\" content=\"es_ES\" \/>\n<meta property=\"og:type\" content=\"article\" \/>\n<meta property=\"og:title\" content=\"Peticiones sobre aplicaci\u00f3n efectiva de la legislaci\u00f3n ambiental\" \/>\n<meta property=\"og:description\" content=\"Una petici\u00f3n es un documento presentado por escrito ante el Secretariado de la CCA, en el que se asevera que Canad\u00e1, M\u00e9xico o Estados Unidos est\u00e1n\" \/>\n<meta property=\"og:url\" content=\"https:\/\/www.cec.org\/es\/peticiones\/\" \/>\n<meta property=\"og:site_name\" content=\"Comisi\u00f3n para la Cooperaci\u00f3n Ambiental\" \/>\n<meta property=\"article:publisher\" content=\"https:\/\/www.facebook.com\/CECconnect\" \/>\n<meta property=\"article:modified_time\" content=\"2024-07-11T17:33:03+00:00\" \/>\n<meta property=\"og:image\" content=\"https:\/\/www.cec.org\/wp-content\/uploads\/cec-cover2023.webp\" \/>\n\t<meta property=\"og:image:width\" content=\"1200\" \/>\n\t<meta property=\"og:image:height\" content=\"630\" \/>\n\t<meta property=\"og:image:type\" content=\"image\/webp\" \/>\n<meta name=\"twitter:card\" content=\"summary_large_image\" \/>\n<meta name=\"twitter:site\" content=\"@CECweb\" \/>\n<script type=\"application\/ld+json\" class=\"yoast-schema-graph\">{\"@context\":\"https:\/\/schema.org\",\"@graph\":[{\"@type\":\"WebPage\",\"@id\":\"https:\/\/www.cec.org\/es\/peticiones\/\",\"url\":\"https:\/\/www.cec.org\/es\/peticiones\/\",\"name\":\"Peticiones sobre aplicaci\u00f3n efectiva de la legislaci\u00f3n ambiental (SEM)- CCA\",\"isPartOf\":{\"@id\":\"https:\/\/www.cec.org\/es\/#website\"},\"datePublished\":\"2019-08-20T20:57:42+00:00\",\"dateModified\":\"2024-07-11T17:33:03+00:00\",\"description\":\"\u00bfTiene motivos para creer que Canad\u00e1, Estados Unidos o M\u00e9xico no est\u00e1n aplicando en forma efectiva su legislaci\u00f3n ambiental? Presente una petici\u00f3n al respecto\",\"breadcrumb\":{\"@id\":\"https:\/\/www.cec.org\/es\/peticiones\/#breadcrumb\"},\"inLanguage\":\"es\",\"potentialAction\":[{\"@type\":\"ReadAction\",\"target\":[\"https:\/\/www.cec.org\/es\/peticiones\/\"]}]},{\"@type\":\"BreadcrumbList\",\"@id\":\"https:\/\/www.cec.org\/es\/peticiones\/#breadcrumb\",\"itemListElement\":[{\"@type\":\"ListItem\",\"position\":1,\"name\":\"Inicio\",\"item\":\"https:\/\/www.cec.org\/es\/\"},{\"@type\":\"ListItem\",\"position\":2,\"name\":\"Peticiones sobre aplicaci\u00f3n efectiva de la legislaci\u00f3n ambiental\"}]},{\"@type\":\"WebSite\",\"@id\":\"https:\/\/www.cec.org\/es\/#website\",\"url\":\"https:\/\/www.cec.org\/es\/\",\"name\":\"Commission for Environmental Cooperation\",\"description\":\"Three countries working together to protect our shared environment\",\"alternateName\":\"CEC - CCA -CCE\",\"potentialAction\":[{\"@type\":\"SearchAction\",\"target\":{\"@type\":\"EntryPoint\",\"urlTemplate\":\"https:\/\/www.cec.org\/es\/?s={search_term_string}\"},\"query-input\":{\"@type\":\"PropertyValueSpecification\",\"valueRequired\":true,\"valueName\":\"search_term_string\"}}],\"inLanguage\":\"es\"}]}<\/script>\n<!-- \/ Yoast SEO Premium plugin. -->","yoast_head_json":{"title":"Peticiones sobre aplicaci\u00f3n efectiva de la legislaci\u00f3n ambiental (SEM)- CCA","description":"\u00bfTiene motivos para creer que Canad\u00e1, Estados Unidos o M\u00e9xico no est\u00e1n aplicando en forma efectiva su legislaci\u00f3n ambiental? Presente una petici\u00f3n al respecto","robots":{"index":"index","follow":"follow","max-snippet":"max-snippet:-1","max-image-preview":"max-image-preview:large","max-video-preview":"max-video-preview:-1"},"canonical":"https:\/\/www.cec.org\/es\/peticiones\/","og_locale":"es_ES","og_type":"article","og_title":"Peticiones sobre aplicaci\u00f3n efectiva de la legislaci\u00f3n ambiental","og_description":"Una petici\u00f3n es un documento presentado por escrito ante el Secretariado de la CCA, en el que se asevera que Canad\u00e1, M\u00e9xico o Estados Unidos est\u00e1n","og_url":"https:\/\/www.cec.org\/es\/peticiones\/","og_site_name":"Comisi\u00f3n para la Cooperaci\u00f3n Ambiental","article_publisher":"https:\/\/www.facebook.com\/CECconnect","article_modified_time":"2024-07-11T17:33:03+00:00","og_image":[{"width":1200,"height":630,"url":"https:\/\/www.cec.org\/wp-content\/uploads\/cec-cover2023.webp","type":"image\/webp"}],"twitter_card":"summary_large_image","twitter_site":"@CECweb","schema":{"@context":"https:\/\/schema.org","@graph":[{"@type":"WebPage","@id":"https:\/\/www.cec.org\/es\/peticiones\/","url":"https:\/\/www.cec.org\/es\/peticiones\/","name":"Peticiones sobre aplicaci\u00f3n efectiva de la legislaci\u00f3n ambiental (SEM)- CCA","isPartOf":{"@id":"https:\/\/www.cec.org\/es\/#website"},"datePublished":"2019-08-20T20:57:42+00:00","dateModified":"2024-07-11T17:33:03+00:00","description":"\u00bfTiene motivos para creer que Canad\u00e1, Estados Unidos o M\u00e9xico no est\u00e1n aplicando en forma efectiva su legislaci\u00f3n ambiental? Presente una petici\u00f3n al respecto","breadcrumb":{"@id":"https:\/\/www.cec.org\/es\/peticiones\/#breadcrumb"},"inLanguage":"es","potentialAction":[{"@type":"ReadAction","target":["https:\/\/www.cec.org\/es\/peticiones\/"]}]},{"@type":"BreadcrumbList","@id":"https:\/\/www.cec.org\/es\/peticiones\/#breadcrumb","itemListElement":[{"@type":"ListItem","position":1,"name":"Inicio","item":"https:\/\/www.cec.org\/es\/"},{"@type":"ListItem","position":2,"name":"Peticiones sobre aplicaci\u00f3n efectiva de la legislaci\u00f3n ambiental"}]},{"@type":"WebSite","@id":"https:\/\/www.cec.org\/es\/#website","url":"https:\/\/www.cec.org\/es\/","name":"Commission for Environmental Cooperation","description":"Three countries working together to protect our shared environment","alternateName":"CEC - CCA -CCE","potentialAction":[{"@type":"SearchAction","target":{"@type":"EntryPoint","urlTemplate":"https:\/\/www.cec.org\/es\/?s={search_term_string}"},"query-input":{"@type":"PropertyValueSpecification","valueRequired":true,"valueName":"search_term_string"}}],"inLanguage":"es"}]}},"_links":{"self":[{"href":"https:\/\/www.cec.org\/es\/wp-json\/wp\/v2\/pages\/28895","targetHints":{"allow":["GET"]}}],"collection":[{"href":"https:\/\/www.cec.org\/es\/wp-json\/wp\/v2\/pages"}],"about":[{"href":"https:\/\/www.cec.org\/es\/wp-json\/wp\/v2\/types\/page"}],"author":[{"embeddable":true,"href":"https:\/\/www.cec.org\/es\/wp-json\/wp\/v2\/users\/1"}],"replies":[{"embeddable":true,"href":"https:\/\/www.cec.org\/es\/wp-json\/wp\/v2\/comments?post=28895"}],"version-history":[{"count":2,"href":"https:\/\/www.cec.org\/es\/wp-json\/wp\/v2\/pages\/28895\/revisions"}],"predecessor-version":[{"id":47464,"href":"https:\/\/www.cec.org\/es\/wp-json\/wp\/v2\/pages\/28895\/revisions\/47464"}],"wp:attachment":[{"href":"https:\/\/www.cec.org\/es\/wp-json\/wp\/v2\/media?parent=28895"}],"curies":[{"name":"wp","href":"https:\/\/api.w.org\/{rel}","templated":true}]}}