{"id":28890,"date":"2019-11-29T15:33:01","date_gmt":"2019-11-29T20:33:01","guid":{"rendered":"http:\/\/www.cec.org\/registro-publico-de-peticiones\/"},"modified":"2024-07-11T13:33:06","modified_gmt":"2024-07-11T17:33:06","slug":"registro-publico-de-peticiones","status":"publish","type":"page","link":"https:\/\/www.cec.org\/es\/peticiones\/registro-publico-de-peticiones\/","title":{"rendered":"Registro p\u00fablico de peticiones"},"content":{"rendered":"<p>Para obtener informaci\u00f3n sobre cualquier petici\u00f3n relativa a la aplicaci\u00f3n efectiva de la legislaci\u00f3n ambiental y conocer el estado que guarda, basta consultar el registro p\u00fablico de peticiones.<\/p>\n<p>La CCA dispone tambi\u00e9n de una herramienta que permite seguir los avances en el cumplimiento de los plazos establecidos para cada etapa del proceso SEM.<\/p>\n","protected":false},"excerpt":{"rendered":"<p>Para obtener informaci\u00f3n sobre cualquier petici\u00f3n relativa a la aplicaci\u00f3n efectiva de la legislaci\u00f3n ambiental y conocer el estado que guarda, basta consultar el registro p\u00fablico de peticiones. La CCA dispone tambi\u00e9n de una herramienta que permite seguir los avances en el cumplimiento de los plazos establecidos para cada etapa del proceso SEM.<\/p>\n","protected":false},"author":1,"featured_media":0,"parent":28895,"menu_order":0,"comment_status":"closed","ping_status":"closed","template":"page-registry-of-submissions.php","meta":{"_acf_changed":false,"footnotes":""},"class_list":["post-28890","page","type-page","status-publish","hentry"],"acf":[],"yoast_head":"<!-- This site is optimized with the Yoast SEO Premium plugin v27.0 (Yoast SEO v27.0) - https:\/\/yoast.com\/product\/yoast-seo-premium-wordpress\/ -->\n<title>Registro p\u00fablico de peticiones &#8211; Comisi\u00f3n para la Cooperaci\u00f3n Ambiental<\/title>\n<meta name=\"description\" content=\"Para obtener informaci\u00f3n sobre cualquier petici\u00f3n relativa a la aplicaci\u00f3n efectiva de la legislaci\u00f3n ambiental y conocer el estado que guarda...\" \/>\n<meta name=\"robots\" content=\"index, follow, max-snippet:-1, max-image-preview:large, max-video-preview:-1\" \/>\n<link rel=\"canonical\" href=\"https:\/\/www.cec.org\/es\/peticiones\/registro-publico-de-peticiones\/\" \/>\n<meta property=\"og:locale\" content=\"es_ES\" \/>\n<meta property=\"og:type\" content=\"article\" \/>\n<meta property=\"og:title\" content=\"Registro p\u00fablico de peticiones\" \/>\n<meta property=\"og:description\" content=\"Para obtener informaci\u00f3n sobre cualquier petici\u00f3n relativa a la aplicaci\u00f3n efectiva de la legislaci\u00f3n ambiental y conocer el estado que guarda, basta\" \/>\n<meta property=\"og:url\" content=\"https:\/\/www.cec.org\/es\/peticiones\/registro-publico-de-peticiones\/\" \/>\n<meta property=\"og:site_name\" content=\"Comisi\u00f3n para la Cooperaci\u00f3n Ambiental\" \/>\n<meta property=\"article:publisher\" content=\"https:\/\/www.facebook.com\/CECconnect\" \/>\n<meta property=\"article:modified_time\" content=\"2024-07-11T17:33:06+00:00\" \/>\n<meta property=\"og:image\" content=\"https:\/\/www.cec.org\/wp-content\/uploads\/cec-cover2023.webp\" \/>\n\t<meta property=\"og:image:width\" content=\"1200\" \/>\n\t<meta property=\"og:image:height\" content=\"630\" \/>\n\t<meta property=\"og:image:type\" content=\"image\/webp\" \/>\n<meta name=\"twitter:card\" content=\"summary_large_image\" \/>\n<meta name=\"twitter:site\" content=\"@CECweb\" \/>\n<script type=\"application\/ld+json\" class=\"yoast-schema-graph\">{\"@context\":\"https:\/\/schema.org\",\"@graph\":[{\"@type\":\"WebPage\",\"@id\":\"https:\/\/www.cec.org\/es\/peticiones\/registro-publico-de-peticiones\/\",\"url\":\"https:\/\/www.cec.org\/es\/peticiones\/registro-publico-de-peticiones\/\",\"name\":\"Registro p\u00fablico de peticiones &#8211; Comisi\u00f3n para la Cooperaci\u00f3n Ambiental\",\"isPartOf\":{\"@id\":\"https:\/\/www.cec.org\/es\/#website\"},\"datePublished\":\"2019-11-29T20:33:01+00:00\",\"dateModified\":\"2024-07-11T17:33:06+00:00\",\"description\":\"Para obtener informaci\u00f3n sobre cualquier petici\u00f3n relativa a la aplicaci\u00f3n efectiva de la legislaci\u00f3n ambiental y conocer el estado que guarda...\",\"breadcrumb\":{\"@id\":\"https:\/\/www.cec.org\/es\/peticiones\/registro-publico-de-peticiones\/#breadcrumb\"},\"inLanguage\":\"es\",\"potentialAction\":[{\"@type\":\"ReadAction\",\"target\":[\"https:\/\/www.cec.org\/es\/peticiones\/registro-publico-de-peticiones\/\"]}]},{\"@type\":\"BreadcrumbList\",\"@id\":\"https:\/\/www.cec.org\/es\/peticiones\/registro-publico-de-peticiones\/#breadcrumb\",\"itemListElement\":[{\"@type\":\"ListItem\",\"position\":1,\"name\":\"Inicio\",\"item\":\"https:\/\/www.cec.org\/es\/\"},{\"@type\":\"ListItem\",\"position\":2,\"name\":\"Peticiones sobre aplicaci\u00f3n efectiva de la legislaci\u00f3n ambiental\",\"item\":\"https:\/\/www.cec.org\/es\/peticiones\/\"},{\"@type\":\"ListItem\",\"position\":3,\"name\":\"Registro p\u00fablico de peticiones\"}]},{\"@type\":\"WebSite\",\"@id\":\"https:\/\/www.cec.org\/es\/#website\",\"url\":\"https:\/\/www.cec.org\/es\/\",\"name\":\"Commission for Environmental Cooperation\",\"description\":\"Three countries working together to protect our shared environment\",\"alternateName\":\"CEC - CCA -CCE\",\"potentialAction\":[{\"@type\":\"SearchAction\",\"target\":{\"@type\":\"EntryPoint\",\"urlTemplate\":\"https:\/\/www.cec.org\/es\/?s={search_term_string}\"},\"query-input\":{\"@type\":\"PropertyValueSpecification\",\"valueRequired\":true,\"valueName\":\"search_term_string\"}}],\"inLanguage\":\"es\"}]}<\/script>\n<!-- \/ Yoast SEO Premium plugin. -->","yoast_head_json":{"title":"Registro p\u00fablico de peticiones &#8211; Comisi\u00f3n para la Cooperaci\u00f3n Ambiental","description":"Para obtener informaci\u00f3n sobre cualquier petici\u00f3n relativa a la aplicaci\u00f3n efectiva de la legislaci\u00f3n ambiental y conocer el estado que guarda...","robots":{"index":"index","follow":"follow","max-snippet":"max-snippet:-1","max-image-preview":"max-image-preview:large","max-video-preview":"max-video-preview:-1"},"canonical":"https:\/\/www.cec.org\/es\/peticiones\/registro-publico-de-peticiones\/","og_locale":"es_ES","og_type":"article","og_title":"Registro p\u00fablico de peticiones","og_description":"Para obtener informaci\u00f3n sobre cualquier petici\u00f3n relativa a la aplicaci\u00f3n efectiva de la legislaci\u00f3n ambiental y conocer el estado que guarda, basta","og_url":"https:\/\/www.cec.org\/es\/peticiones\/registro-publico-de-peticiones\/","og_site_name":"Comisi\u00f3n para la Cooperaci\u00f3n Ambiental","article_publisher":"https:\/\/www.facebook.com\/CECconnect","article_modified_time":"2024-07-11T17:33:06+00:00","og_image":[{"width":1200,"height":630,"url":"https:\/\/www.cec.org\/wp-content\/uploads\/cec-cover2023.webp","type":"image\/webp"}],"twitter_card":"summary_large_image","twitter_site":"@CECweb","schema":{"@context":"https:\/\/schema.org","@graph":[{"@type":"WebPage","@id":"https:\/\/www.cec.org\/es\/peticiones\/registro-publico-de-peticiones\/","url":"https:\/\/www.cec.org\/es\/peticiones\/registro-publico-de-peticiones\/","name":"Registro p\u00fablico de peticiones &#8211; Comisi\u00f3n para la Cooperaci\u00f3n Ambiental","isPartOf":{"@id":"https:\/\/www.cec.org\/es\/#website"},"datePublished":"2019-11-29T20:33:01+00:00","dateModified":"2024-07-11T17:33:06+00:00","description":"Para obtener informaci\u00f3n sobre cualquier petici\u00f3n relativa a la aplicaci\u00f3n efectiva de la legislaci\u00f3n ambiental y conocer el estado que guarda...","breadcrumb":{"@id":"https:\/\/www.cec.org\/es\/peticiones\/registro-publico-de-peticiones\/#breadcrumb"},"inLanguage":"es","potentialAction":[{"@type":"ReadAction","target":["https:\/\/www.cec.org\/es\/peticiones\/registro-publico-de-peticiones\/"]}]},{"@type":"BreadcrumbList","@id":"https:\/\/www.cec.org\/es\/peticiones\/registro-publico-de-peticiones\/#breadcrumb","itemListElement":[{"@type":"ListItem","position":1,"name":"Inicio","item":"https:\/\/www.cec.org\/es\/"},{"@type":"ListItem","position":2,"name":"Peticiones sobre aplicaci\u00f3n efectiva de la legislaci\u00f3n ambiental","item":"https:\/\/www.cec.org\/es\/peticiones\/"},{"@type":"ListItem","position":3,"name":"Registro p\u00fablico de peticiones"}]},{"@type":"WebSite","@id":"https:\/\/www.cec.org\/es\/#website","url":"https:\/\/www.cec.org\/es\/","name":"Commission for Environmental Cooperation","description":"Three countries working together to protect our shared environment","alternateName":"CEC - CCA -CCE","potentialAction":[{"@type":"SearchAction","target":{"@type":"EntryPoint","urlTemplate":"https:\/\/www.cec.org\/es\/?s={search_term_string}"},"query-input":{"@type":"PropertyValueSpecification","valueRequired":true,"valueName":"search_term_string"}}],"inLanguage":"es"}]}},"_links":{"self":[{"href":"https:\/\/www.cec.org\/es\/wp-json\/wp\/v2\/pages\/28890","targetHints":{"allow":["GET"]}}],"collection":[{"href":"https:\/\/www.cec.org\/es\/wp-json\/wp\/v2\/pages"}],"about":[{"href":"https:\/\/www.cec.org\/es\/wp-json\/wp\/v2\/types\/page"}],"author":[{"embeddable":true,"href":"https:\/\/www.cec.org\/es\/wp-json\/wp\/v2\/users\/1"}],"replies":[{"embeddable":true,"href":"https:\/\/www.cec.org\/es\/wp-json\/wp\/v2\/comments?post=28890"}],"version-history":[{"count":1,"href":"https:\/\/www.cec.org\/es\/wp-json\/wp\/v2\/pages\/28890\/revisions"}],"predecessor-version":[{"id":43869,"href":"https:\/\/www.cec.org\/es\/wp-json\/wp\/v2\/pages\/28890\/revisions\/43869"}],"up":[{"embeddable":true,"href":"https:\/\/www.cec.org\/es\/wp-json\/wp\/v2\/pages\/28895"}],"wp:attachment":[{"href":"https:\/\/www.cec.org\/es\/wp-json\/wp\/v2\/media?parent=28890"}],"curies":[{"name":"wp","href":"https:\/\/api.w.org\/{rel}","templated":true}]}}