{"id":28886,"date":"2020-02-18T16:28:34","date_gmt":"2020-02-18T21:28:34","guid":{"rendered":"http:\/\/www.cec.org\/herramienta-para-el-seguimiento-de-peticiones\/"},"modified":"2024-07-11T13:33:06","modified_gmt":"2024-07-11T17:33:06","slug":"herramienta-para-el-seguimiento-de-peticiones","status":"publish","type":"page","link":"https:\/\/www.cec.org\/es\/peticiones\/herramienta-para-el-seguimiento-de-peticiones\/","title":{"rendered":"Herramienta para el seguimiento de peticiones"},"content":{"rendered":"<p>El prop\u00f3sito de esta herramienta es brindar a la ciudadan\u00eda un recurso para seguir los avances respecto al cumplimiento de los plazos establecidos para cada etapa del proceso de peticiones relativas a la aplicaci\u00f3n efectiva de la legislaci\u00f3n ambiental (SEM, por sus siglas en ingl\u00e9s), en t\u00e9rminos del\u00a0<a href=\"https:\/\/www.cec.org\/es\/acerca-de-la-cca\/acuerdo-de-cooperacion-ambiental-de-america-del-norte\/\" target=\"_blank\" rel=\"noopener noreferrer\">Acuerdo de Cooperaci\u00f3n Ambiental de Am\u00e9rica del Norte<\/a>,\u00a0las\u00a0<em><a href=\"http:\/\/www3.cec.org\/islandora\/es\/item\/10838-guidelines-submissions-enforcement-matters-under-articles-14-and-15-north\" target=\"_blank\" rel=\"noopener noreferrer\">Directrices para la presentaci\u00f3n de peticiones<\/a><\/em> y los art\u00edculos 24.27 y 24.28 del cap\u00edtulo sobre medio ambiente del tratado comercial entre los tres pa\u00edses de Am\u00e9rica del Norte (CUSMA, USMCA o T-MEC, seg\u00fan sus siglas en cada pa\u00eds).<\/p>\n","protected":false},"excerpt":{"rendered":"<p>El prop\u00f3sito de esta herramienta es brindar a la ciudadan\u00eda un recurso para seguir los avances respecto al cumplimiento de los plazos establecidos para cada etapa del proceso de peticiones relativas a la aplicaci\u00f3n efectiva de la legislaci\u00f3n ambiental (SEM, por sus siglas en ingl\u00e9s), en t\u00e9rminos del\u00a0Acuerdo de Cooperaci\u00f3n Ambiental de Am\u00e9rica del Norte,\u00a0las\u00a0Directrices [&hellip;]<\/p>\n","protected":false},"author":1,"featured_media":0,"parent":28895,"menu_order":0,"comment_status":"closed","ping_status":"closed","template":"page-sem-tracker.php","meta":{"_acf_changed":false,"footnotes":""},"class_list":["post-28886","page","type-page","status-publish","hentry"],"acf":[],"yoast_head":"<!-- This site is optimized with the Yoast SEO Premium plugin v27.4 (Yoast SEO v27.4) - https:\/\/yoast.com\/product\/yoast-seo-premium-wordpress\/ -->\n<title>Herramienta para el seguimiento de peticiones<\/title>\n<meta name=\"description\" content=\"El prop\u00f3sito de esta herramienta es brindar a la ciudadan\u00eda un recurso para seguir los avances respecto al cumplimiento de los plazos establecidos para cada etapa del proceso...\" \/>\n<meta name=\"robots\" content=\"index, follow, max-snippet:-1, max-image-preview:large, max-video-preview:-1\" \/>\n<link rel=\"canonical\" href=\"https:\/\/www.cec.org\/es\/peticiones\/herramienta-para-el-seguimiento-de-peticiones\/\" \/>\n<meta property=\"og:locale\" content=\"es_ES\" \/>\n<meta property=\"og:type\" content=\"article\" \/>\n<meta property=\"og:title\" content=\"Herramienta para el seguimiento de peticiones\" \/>\n<meta property=\"og:description\" content=\"El prop\u00f3sito de esta herramienta es brindar a la ciudadan\u00eda un recurso para seguir los avances respecto al cumplimiento de los plazos establecidos para\" \/>\n<meta property=\"og:url\" content=\"https:\/\/www.cec.org\/es\/peticiones\/herramienta-para-el-seguimiento-de-peticiones\/\" \/>\n<meta property=\"og:site_name\" content=\"Comisi\u00f3n para la Cooperaci\u00f3n Ambiental\" \/>\n<meta property=\"article:publisher\" content=\"https:\/\/www.facebook.com\/CECconnect\" \/>\n<meta property=\"article:modified_time\" content=\"2024-07-11T17:33:06+00:00\" \/>\n<meta property=\"og:image\" content=\"https:\/\/www.cec.org\/wp-content\/uploads\/cec-cover2023.webp\" \/>\n\t<meta property=\"og:image:width\" content=\"1200\" \/>\n\t<meta property=\"og:image:height\" content=\"630\" \/>\n\t<meta property=\"og:image:type\" content=\"image\/webp\" \/>\n<meta name=\"twitter:card\" content=\"summary_large_image\" \/>\n<meta name=\"twitter:site\" content=\"@CECweb\" \/>\n<script type=\"application\/ld+json\" class=\"yoast-schema-graph\">{\"@context\":\"https:\\\/\\\/schema.org\",\"@graph\":[{\"@type\":\"WebPage\",\"@id\":\"https:\\\/\\\/www.cec.org\\\/es\\\/peticiones\\\/herramienta-para-el-seguimiento-de-peticiones\\\/\",\"url\":\"https:\\\/\\\/www.cec.org\\\/es\\\/peticiones\\\/herramienta-para-el-seguimiento-de-peticiones\\\/\",\"name\":\"Herramienta para el seguimiento de peticiones\",\"isPartOf\":{\"@id\":\"https:\\\/\\\/www.cec.org\\\/es\\\/#website\"},\"datePublished\":\"2020-02-18T21:28:34+00:00\",\"dateModified\":\"2024-07-11T17:33:06+00:00\",\"description\":\"El prop\u00f3sito de esta herramienta es brindar a la ciudadan\u00eda un recurso para seguir los avances respecto al cumplimiento de los plazos establecidos para cada etapa del proceso...\",\"breadcrumb\":{\"@id\":\"https:\\\/\\\/www.cec.org\\\/es\\\/peticiones\\\/herramienta-para-el-seguimiento-de-peticiones\\\/#breadcrumb\"},\"inLanguage\":\"es\",\"potentialAction\":[{\"@type\":\"ReadAction\",\"target\":[\"https:\\\/\\\/www.cec.org\\\/es\\\/peticiones\\\/herramienta-para-el-seguimiento-de-peticiones\\\/\"]}]},{\"@type\":\"BreadcrumbList\",\"@id\":\"https:\\\/\\\/www.cec.org\\\/es\\\/peticiones\\\/herramienta-para-el-seguimiento-de-peticiones\\\/#breadcrumb\",\"itemListElement\":[{\"@type\":\"ListItem\",\"position\":1,\"name\":\"Inicio\",\"item\":\"https:\\\/\\\/www.cec.org\\\/es\\\/\"},{\"@type\":\"ListItem\",\"position\":2,\"name\":\"Peticiones sobre aplicaci\u00f3n efectiva de la legislaci\u00f3n ambiental\",\"item\":\"https:\\\/\\\/www.cec.org\\\/es\\\/peticiones\\\/\"},{\"@type\":\"ListItem\",\"position\":3,\"name\":\"Herramienta para el seguimiento de peticiones\"}]},{\"@type\":\"WebSite\",\"@id\":\"https:\\\/\\\/www.cec.org\\\/es\\\/#website\",\"url\":\"https:\\\/\\\/www.cec.org\\\/es\\\/\",\"name\":\"Commission for Environmental Cooperation\",\"description\":\"Three countries working together to protect our shared environment\",\"alternateName\":\"CEC - CCA -CCE\",\"potentialAction\":[{\"@type\":\"SearchAction\",\"target\":{\"@type\":\"EntryPoint\",\"urlTemplate\":\"https:\\\/\\\/www.cec.org\\\/es\\\/?s={search_term_string}\"},\"query-input\":{\"@type\":\"PropertyValueSpecification\",\"valueRequired\":true,\"valueName\":\"search_term_string\"}}],\"inLanguage\":\"es\"}]}<\/script>\n<!-- \/ Yoast SEO Premium plugin. -->","yoast_head_json":{"title":"Herramienta para el seguimiento de peticiones","description":"El prop\u00f3sito de esta herramienta es brindar a la ciudadan\u00eda un recurso para seguir los avances respecto al cumplimiento de los plazos establecidos para cada etapa del proceso...","robots":{"index":"index","follow":"follow","max-snippet":"max-snippet:-1","max-image-preview":"max-image-preview:large","max-video-preview":"max-video-preview:-1"},"canonical":"https:\/\/www.cec.org\/es\/peticiones\/herramienta-para-el-seguimiento-de-peticiones\/","og_locale":"es_ES","og_type":"article","og_title":"Herramienta para el seguimiento de peticiones","og_description":"El prop\u00f3sito de esta herramienta es brindar a la ciudadan\u00eda un recurso para seguir los avances respecto al cumplimiento de los plazos establecidos para","og_url":"https:\/\/www.cec.org\/es\/peticiones\/herramienta-para-el-seguimiento-de-peticiones\/","og_site_name":"Comisi\u00f3n para la Cooperaci\u00f3n Ambiental","article_publisher":"https:\/\/www.facebook.com\/CECconnect","article_modified_time":"2024-07-11T17:33:06+00:00","og_image":[{"width":1200,"height":630,"url":"https:\/\/www.cec.org\/wp-content\/uploads\/cec-cover2023.webp","type":"image\/webp"}],"twitter_card":"summary_large_image","twitter_site":"@CECweb","schema":{"@context":"https:\/\/schema.org","@graph":[{"@type":"WebPage","@id":"https:\/\/www.cec.org\/es\/peticiones\/herramienta-para-el-seguimiento-de-peticiones\/","url":"https:\/\/www.cec.org\/es\/peticiones\/herramienta-para-el-seguimiento-de-peticiones\/","name":"Herramienta para el seguimiento de peticiones","isPartOf":{"@id":"https:\/\/www.cec.org\/es\/#website"},"datePublished":"2020-02-18T21:28:34+00:00","dateModified":"2024-07-11T17:33:06+00:00","description":"El prop\u00f3sito de esta herramienta es brindar a la ciudadan\u00eda un recurso para seguir los avances respecto al cumplimiento de los plazos establecidos para cada etapa del proceso...","breadcrumb":{"@id":"https:\/\/www.cec.org\/es\/peticiones\/herramienta-para-el-seguimiento-de-peticiones\/#breadcrumb"},"inLanguage":"es","potentialAction":[{"@type":"ReadAction","target":["https:\/\/www.cec.org\/es\/peticiones\/herramienta-para-el-seguimiento-de-peticiones\/"]}]},{"@type":"BreadcrumbList","@id":"https:\/\/www.cec.org\/es\/peticiones\/herramienta-para-el-seguimiento-de-peticiones\/#breadcrumb","itemListElement":[{"@type":"ListItem","position":1,"name":"Inicio","item":"https:\/\/www.cec.org\/es\/"},{"@type":"ListItem","position":2,"name":"Peticiones sobre aplicaci\u00f3n efectiva de la legislaci\u00f3n ambiental","item":"https:\/\/www.cec.org\/es\/peticiones\/"},{"@type":"ListItem","position":3,"name":"Herramienta para el seguimiento de peticiones"}]},{"@type":"WebSite","@id":"https:\/\/www.cec.org\/es\/#website","url":"https:\/\/www.cec.org\/es\/","name":"Commission for Environmental Cooperation","description":"Three countries working together to protect our shared environment","alternateName":"CEC - CCA -CCE","potentialAction":[{"@type":"SearchAction","target":{"@type":"EntryPoint","urlTemplate":"https:\/\/www.cec.org\/es\/?s={search_term_string}"},"query-input":{"@type":"PropertyValueSpecification","valueRequired":true,"valueName":"search_term_string"}}],"inLanguage":"es"}]}},"_links":{"self":[{"href":"https:\/\/www.cec.org\/es\/wp-json\/wp\/v2\/pages\/28886","targetHints":{"allow":["GET"]}}],"collection":[{"href":"https:\/\/www.cec.org\/es\/wp-json\/wp\/v2\/pages"}],"about":[{"href":"https:\/\/www.cec.org\/es\/wp-json\/wp\/v2\/types\/page"}],"author":[{"embeddable":true,"href":"https:\/\/www.cec.org\/es\/wp-json\/wp\/v2\/users\/1"}],"replies":[{"embeddable":true,"href":"https:\/\/www.cec.org\/es\/wp-json\/wp\/v2\/comments?post=28886"}],"version-history":[{"count":2,"href":"https:\/\/www.cec.org\/es\/wp-json\/wp\/v2\/pages\/28886\/revisions"}],"predecessor-version":[{"id":51163,"href":"https:\/\/www.cec.org\/es\/wp-json\/wp\/v2\/pages\/28886\/revisions\/51163"}],"up":[{"embeddable":true,"href":"https:\/\/www.cec.org\/es\/wp-json\/wp\/v2\/pages\/28895"}],"wp:attachment":[{"href":"https:\/\/www.cec.org\/es\/wp-json\/wp\/v2\/media?parent=28886"}],"curies":[{"name":"wp","href":"https:\/\/api.w.org\/{rel}","templated":true}]}}