{"id":28876,"date":"2019-08-21T14:31:03","date_gmt":"2019-08-21T18:31:03","guid":{"rendered":"http:\/\/www.cec.org\/politica-de-enlace\/"},"modified":"2024-07-11T13:33:07","modified_gmt":"2024-07-11T17:33:07","slug":"politica-de-enlace","status":"publish","type":"page","link":"https:\/\/www.cec.org\/es\/politica-de-enlace\/","title":{"rendered":"Pol\u00edtica de enlace"},"content":{"rendered":"&#13;\n<p>La CCA provee enlaces \u00fanicamente a organizaciones con las que mantiene una relaci\u00f3n de trabajo.<\/p>&#13;\n&#13;\n<p>La CCA se deslinda de toda responsabilidad respecto del contenido de los sitios externos o de los enlaces que estos sitios contengan, as\u00ed como de los cambios o actualizaciones a los mismos. La inclusi\u00f3n de un enlace de ninguna manera implica que la CCA o las Partes avalen dicho sitio ni su informaci\u00f3n o servicios. La CCA no garantiza la privacidad ni la seguridad de la informaci\u00f3n que usted proporcione a dichos sitios externos.<\/p>&#13;\n","protected":false},"excerpt":{"rendered":"<p>&#13; La CCA provee enlaces \u00fanicamente a organizaciones con las que mantiene una relaci\u00f3n de trabajo. &#13; &#13; La CCA se deslinda de toda responsabilidad respecto del contenido de los sitios externos o de los enlaces que estos sitios contengan, as\u00ed como de los cambios o actualizaciones a los mismos. La inclusi\u00f3n de un enlace [&hellip;]<\/p>\n","protected":false},"author":1,"featured_media":52763,"parent":0,"menu_order":0,"comment_status":"closed","ping_status":"closed","template":"","meta":{"_acf_changed":false,"footnotes":""},"class_list":["post-28876","page","type-page","status-publish","has-post-thumbnail","hentry"],"acf":[],"yoast_head":"<!-- This site is optimized with the Yoast SEO Premium plugin v27.0 (Yoast SEO v27.0) - https:\/\/yoast.com\/product\/yoast-seo-premium-wordpress\/ -->\n<title>Pol\u00edtica de enlace<\/title>\n<meta name=\"description\" content=\"&#013; La CCA provee enlaces \u00fanicamente a organizaciones con las que mantiene una relaci\u00f3n de trabajo.&#013; &#013; La CCA se deslinda de toda\" \/>\n<meta name=\"robots\" content=\"index, follow, max-snippet:-1, max-image-preview:large, max-video-preview:-1\" \/>\n<link rel=\"canonical\" href=\"https:\/\/www.cec.org\/es\/politica-de-enlace\/\" \/>\n<meta property=\"og:locale\" content=\"es_ES\" \/>\n<meta property=\"og:type\" content=\"article\" \/>\n<meta property=\"og:title\" content=\"Pol\u00edtica de enlace\" \/>\n<meta property=\"og:description\" content=\"&#013; La CCA provee enlaces \u00fanicamente a organizaciones con las que mantiene una relaci\u00f3n de trabajo.&#013; &#013; La CCA se deslinda de toda\" \/>\n<meta property=\"og:url\" content=\"https:\/\/www.cec.org\/es\/politica-de-enlace\/\" \/>\n<meta property=\"og:site_name\" content=\"Comisi\u00f3n para la Cooperaci\u00f3n Ambiental\" \/>\n<meta property=\"article:publisher\" content=\"https:\/\/www.facebook.com\/CECconnect\" \/>\n<meta property=\"article:modified_time\" content=\"2024-07-11T17:33:07+00:00\" \/>\n<meta property=\"og:image\" content=\"https:\/\/www.cec.org\/wp-content\/uploads\/cec-cover2023.webp\" \/>\n\t<meta property=\"og:image:width\" content=\"1200\" \/>\n\t<meta property=\"og:image:height\" content=\"630\" \/>\n\t<meta property=\"og:image:type\" content=\"image\/webp\" \/>\n<meta name=\"twitter:card\" content=\"summary_large_image\" \/>\n<meta name=\"twitter:site\" content=\"@CECweb\" \/>\n<script type=\"application\/ld+json\" class=\"yoast-schema-graph\">{\"@context\":\"https:\/\/schema.org\",\"@graph\":[{\"@type\":\"WebPage\",\"@id\":\"https:\/\/www.cec.org\/es\/politica-de-enlace\/\",\"url\":\"https:\/\/www.cec.org\/es\/politica-de-enlace\/\",\"name\":\"Pol\u00edtica de enlace\",\"isPartOf\":{\"@id\":\"https:\/\/www.cec.org\/es\/#website\"},\"primaryImageOfPage\":{\"@id\":\"https:\/\/www.cec.org\/es\/politica-de-enlace\/#primaryimage\"},\"image\":{\"@id\":\"https:\/\/www.cec.org\/es\/politica-de-enlace\/#primaryimage\"},\"thumbnailUrl\":\"https:\/\/www.cec.org\/wp-content\/uploads\/cec-cover2023.webp\",\"datePublished\":\"2019-08-21T18:31:03+00:00\",\"dateModified\":\"2024-07-11T17:33:07+00:00\",\"description\":\"&#13; La CCA provee enlaces \u00fanicamente a organizaciones con las que mantiene una relaci\u00f3n de trabajo.&#13; &#13; La CCA se deslinda de toda\",\"breadcrumb\":{\"@id\":\"https:\/\/www.cec.org\/es\/politica-de-enlace\/#breadcrumb\"},\"inLanguage\":\"es\",\"potentialAction\":[{\"@type\":\"ReadAction\",\"target\":[\"https:\/\/www.cec.org\/es\/politica-de-enlace\/\"]}]},{\"@type\":\"ImageObject\",\"inLanguage\":\"es\",\"@id\":\"https:\/\/www.cec.org\/es\/politica-de-enlace\/#primaryimage\",\"url\":\"https:\/\/www.cec.org\/wp-content\/uploads\/cec-cover2023.webp\",\"contentUrl\":\"https:\/\/www.cec.org\/wp-content\/uploads\/cec-cover2023.webp\",\"width\":1200,\"height\":630,\"caption\":\"cec cover 2023\"},{\"@type\":\"BreadcrumbList\",\"@id\":\"https:\/\/www.cec.org\/es\/politica-de-enlace\/#breadcrumb\",\"itemListElement\":[{\"@type\":\"ListItem\",\"position\":1,\"name\":\"Inicio\",\"item\":\"https:\/\/www.cec.org\/es\/\"},{\"@type\":\"ListItem\",\"position\":2,\"name\":\"Pol\u00edtica de enlace\"}]},{\"@type\":\"WebSite\",\"@id\":\"https:\/\/www.cec.org\/es\/#website\",\"url\":\"https:\/\/www.cec.org\/es\/\",\"name\":\"Commission for Environmental Cooperation\",\"description\":\"Three countries working together to protect our shared environment\",\"alternateName\":\"CEC - CCA -CCE\",\"potentialAction\":[{\"@type\":\"SearchAction\",\"target\":{\"@type\":\"EntryPoint\",\"urlTemplate\":\"https:\/\/www.cec.org\/es\/?s={search_term_string}\"},\"query-input\":{\"@type\":\"PropertyValueSpecification\",\"valueRequired\":true,\"valueName\":\"search_term_string\"}}],\"inLanguage\":\"es\"}]}<\/script>\n<!-- \/ Yoast SEO Premium plugin. -->","yoast_head_json":{"title":"Pol\u00edtica de enlace","description":"&#13; La CCA provee enlaces \u00fanicamente a organizaciones con las que mantiene una relaci\u00f3n de trabajo.&#13; &#13; La CCA se deslinda de toda","robots":{"index":"index","follow":"follow","max-snippet":"max-snippet:-1","max-image-preview":"max-image-preview:large","max-video-preview":"max-video-preview:-1"},"canonical":"https:\/\/www.cec.org\/es\/politica-de-enlace\/","og_locale":"es_ES","og_type":"article","og_title":"Pol\u00edtica de enlace","og_description":"&#13; La CCA provee enlaces \u00fanicamente a organizaciones con las que mantiene una relaci\u00f3n de trabajo.&#13; &#13; La CCA se deslinda de toda","og_url":"https:\/\/www.cec.org\/es\/politica-de-enlace\/","og_site_name":"Comisi\u00f3n para la Cooperaci\u00f3n Ambiental","article_publisher":"https:\/\/www.facebook.com\/CECconnect","article_modified_time":"2024-07-11T17:33:07+00:00","og_image":[{"width":1200,"height":630,"url":"https:\/\/www.cec.org\/wp-content\/uploads\/cec-cover2023.webp","type":"image\/webp"}],"twitter_card":"summary_large_image","twitter_site":"@CECweb","schema":{"@context":"https:\/\/schema.org","@graph":[{"@type":"WebPage","@id":"https:\/\/www.cec.org\/es\/politica-de-enlace\/","url":"https:\/\/www.cec.org\/es\/politica-de-enlace\/","name":"Pol\u00edtica de enlace","isPartOf":{"@id":"https:\/\/www.cec.org\/es\/#website"},"primaryImageOfPage":{"@id":"https:\/\/www.cec.org\/es\/politica-de-enlace\/#primaryimage"},"image":{"@id":"https:\/\/www.cec.org\/es\/politica-de-enlace\/#primaryimage"},"thumbnailUrl":"https:\/\/www.cec.org\/wp-content\/uploads\/cec-cover2023.webp","datePublished":"2019-08-21T18:31:03+00:00","dateModified":"2024-07-11T17:33:07+00:00","description":"&#13; La CCA provee enlaces \u00fanicamente a organizaciones con las que mantiene una relaci\u00f3n de trabajo.&#13; &#13; La CCA se deslinda de toda","breadcrumb":{"@id":"https:\/\/www.cec.org\/es\/politica-de-enlace\/#breadcrumb"},"inLanguage":"es","potentialAction":[{"@type":"ReadAction","target":["https:\/\/www.cec.org\/es\/politica-de-enlace\/"]}]},{"@type":"ImageObject","inLanguage":"es","@id":"https:\/\/www.cec.org\/es\/politica-de-enlace\/#primaryimage","url":"https:\/\/www.cec.org\/wp-content\/uploads\/cec-cover2023.webp","contentUrl":"https:\/\/www.cec.org\/wp-content\/uploads\/cec-cover2023.webp","width":1200,"height":630,"caption":"cec cover 2023"},{"@type":"BreadcrumbList","@id":"https:\/\/www.cec.org\/es\/politica-de-enlace\/#breadcrumb","itemListElement":[{"@type":"ListItem","position":1,"name":"Inicio","item":"https:\/\/www.cec.org\/es\/"},{"@type":"ListItem","position":2,"name":"Pol\u00edtica de enlace"}]},{"@type":"WebSite","@id":"https:\/\/www.cec.org\/es\/#website","url":"https:\/\/www.cec.org\/es\/","name":"Commission for Environmental Cooperation","description":"Three countries working together to protect our shared environment","alternateName":"CEC - CCA -CCE","potentialAction":[{"@type":"SearchAction","target":{"@type":"EntryPoint","urlTemplate":"https:\/\/www.cec.org\/es\/?s={search_term_string}"},"query-input":{"@type":"PropertyValueSpecification","valueRequired":true,"valueName":"search_term_string"}}],"inLanguage":"es"}]}},"_links":{"self":[{"href":"https:\/\/www.cec.org\/es\/wp-json\/wp\/v2\/pages\/28876","targetHints":{"allow":["GET"]}}],"collection":[{"href":"https:\/\/www.cec.org\/es\/wp-json\/wp\/v2\/pages"}],"about":[{"href":"https:\/\/www.cec.org\/es\/wp-json\/wp\/v2\/types\/page"}],"author":[{"embeddable":true,"href":"https:\/\/www.cec.org\/es\/wp-json\/wp\/v2\/users\/1"}],"replies":[{"embeddable":true,"href":"https:\/\/www.cec.org\/es\/wp-json\/wp\/v2\/comments?post=28876"}],"version-history":[{"count":1,"href":"https:\/\/www.cec.org\/es\/wp-json\/wp\/v2\/pages\/28876\/revisions"}],"predecessor-version":[{"id":43870,"href":"https:\/\/www.cec.org\/es\/wp-json\/wp\/v2\/pages\/28876\/revisions\/43870"}],"wp:featuredmedia":[{"embeddable":true,"href":"https:\/\/www.cec.org\/es\/wp-json\/wp\/v2\/media\/52763"}],"wp:attachment":[{"href":"https:\/\/www.cec.org\/es\/wp-json\/wp\/v2\/media?parent=28876"}],"curies":[{"name":"wp","href":"https:\/\/api.w.org\/{rel}","templated":true}]}}