{"id":28871,"date":"2019-09-21T16:54:50","date_gmt":"2019-09-21T20:54:50","guid":{"rendered":"http:\/\/www.cec.org\/acerca-de-la-cca\/grupo-de-expertos-en-conocimiento-ecologico-tradicional\/"},"modified":"2026-03-23T18:02:40","modified_gmt":"2026-03-23T22:02:40","slug":"grupo-de-especialistas-en-conocimiento-ecologico-tradicional","status":"publish","type":"page","link":"https:\/\/www.cec.org\/es\/acerca-de-la-cca\/grupo-de-especialistas-en-conocimiento-ecologico-tradicional\/","title":{"rendered":"Grupo de Especialistas en Conocimiento Ecol\u00f3gico Tradicional (GECET)"},"content":{"rendered":"<p>La colaboraci\u00f3n y el trabajo conjunto con especialistas en pr\u00e1cticas ambientales tradicionales de todos los rincones de Am\u00e9rica del Norte tienen un valor incalculable en nuestra labor. En combinaci\u00f3n con la ciencia, el conocimiento ecol\u00f3gico tradicional (CET) conduce a un entendimiento m\u00e1s claro acerca de los procesos ecol\u00f3gicos y, en \u00faltima instancia, redunda en mejores resultados para el medio ambiente.<\/p>\n<p>Esta iniciativa reconoce la importancia de preservar el conocimiento y las pr\u00e1cticas tradicionales de comunidades locales e ind\u00edgenas para hacer frente a los efectos del cambio clim\u00e1tico. El CET contribuye tambi\u00e9n a la conservaci\u00f3n, el uso sustentable de los recursos naturales y la protecci\u00f3n de la diversidad biol\u00f3gica.<\/p>\n<p>El Grupo de Especialistas CET es el primer panel en conocimiento ecol\u00f3gico tradicional en colaborar con una organizaci\u00f3n intergubernamental como la nuestra. Los nombramientos de sus integrantes se derivan de un compromiso asumido por el Consejo en el marco de la sesi\u00f3n de Consejo 2014, en Yellowknife, Canad\u00e1. La intenci\u00f3n es trabajar en forma eficaz con comunidades locales e ind\u00edgenas de toda Am\u00e9rica del Norte para alcanzar un mejor entendimiento compartido del medio ambiente, que nos ayude a tomar decisiones ambientales m\u00e1s eficaces.<\/p>\n","protected":false},"excerpt":{"rendered":"<p>La colaboraci\u00f3n y el trabajo conjunto con especialistas en pr\u00e1cticas ambientales tradicionales de todos los rincones de Am\u00e9rica del Norte tienen un valor incalculable en nuestra labor. En combinaci\u00f3n con la ciencia, el conocimiento ecol\u00f3gico tradicional (CET) conduce a un entendimiento m\u00e1s claro acerca de los procesos ecol\u00f3gicos y, en \u00faltima instancia, redunda en mejores [&hellip;]<\/p>\n","protected":false},"author":1,"featured_media":0,"parent":28356,"menu_order":0,"comment_status":"closed","ping_status":"closed","template":"page-tek.php","meta":{"_acf_changed":false,"footnotes":""},"class_list":["post-28871","page","type-page","status-publish","hentry"],"acf":[],"yoast_head":"<!-- This site is optimized with the Yoast SEO Premium plugin v27.0 (Yoast SEO v27.0) - https:\/\/yoast.com\/product\/yoast-seo-premium-wordpress\/ -->\n<title>Grupo de Especialistas en Conocimiento Ecol\u00f3gico Tradicional (GECET) - CEC<\/title>\n<meta name=\"description\" content=\"Integramos el conocimiento ecol\u00f3gico tradicional en nuestro trabajo, con miras a proteger y conservar mejor nuestro medio ambiente compartido\" \/>\n<meta name=\"robots\" content=\"index, follow, max-snippet:-1, max-image-preview:large, max-video-preview:-1\" \/>\n<link rel=\"canonical\" href=\"https:\/\/www.cec.org\/es\/acerca-de-la-cca\/grupo-de-especialistas-en-conocimiento-ecologico-tradicional\/\" \/>\n<meta property=\"og:locale\" content=\"es_ES\" \/>\n<meta property=\"og:type\" content=\"article\" \/>\n<meta property=\"og:title\" content=\"Grupo de Especialistas en Conocimiento Ecol\u00f3gico Tradicional (GECET)\" \/>\n<meta property=\"og:description\" content=\"La colaboraci\u00f3n y el trabajo conjunto con especialistas en pr\u00e1cticas ambientales tradicionales de todos los rincones de Am\u00e9rica del Norte tienen un valor\" \/>\n<meta property=\"og:url\" content=\"https:\/\/www.cec.org\/es\/acerca-de-la-cca\/grupo-de-especialistas-en-conocimiento-ecologico-tradicional\/\" \/>\n<meta property=\"og:site_name\" content=\"Comisi\u00f3n para la Cooperaci\u00f3n Ambiental\" \/>\n<meta property=\"article:publisher\" content=\"https:\/\/www.facebook.com\/CECconnect\" \/>\n<meta property=\"article:modified_time\" content=\"2026-03-23T22:02:40+00:00\" \/>\n<meta property=\"og:image\" content=\"https:\/\/www.cec.org\/wp-content\/uploads\/cec-cover2023.webp\" \/>\n\t<meta property=\"og:image:width\" content=\"1200\" \/>\n\t<meta property=\"og:image:height\" content=\"630\" \/>\n\t<meta property=\"og:image:type\" content=\"image\/webp\" \/>\n<meta name=\"twitter:card\" content=\"summary_large_image\" \/>\n<meta name=\"twitter:site\" content=\"@CECweb\" \/>\n<script type=\"application\/ld+json\" class=\"yoast-schema-graph\">{\"@context\":\"https:\/\/schema.org\",\"@graph\":[{\"@type\":\"WebPage\",\"@id\":\"https:\/\/www.cec.org\/es\/acerca-de-la-cca\/grupo-de-especialistas-en-conocimiento-ecologico-tradicional\/\",\"url\":\"https:\/\/www.cec.org\/es\/acerca-de-la-cca\/grupo-de-especialistas-en-conocimiento-ecologico-tradicional\/\",\"name\":\"Grupo de Especialistas en Conocimiento Ecol\u00f3gico Tradicional (GECET) - CEC\",\"isPartOf\":{\"@id\":\"https:\/\/www.cec.org\/es\/#website\"},\"datePublished\":\"2019-09-21T20:54:50+00:00\",\"dateModified\":\"2026-03-23T22:02:40+00:00\",\"description\":\"Integramos el conocimiento ecol\u00f3gico tradicional en nuestro trabajo, con miras a proteger y conservar mejor nuestro medio ambiente compartido\",\"breadcrumb\":{\"@id\":\"https:\/\/www.cec.org\/es\/acerca-de-la-cca\/grupo-de-especialistas-en-conocimiento-ecologico-tradicional\/#breadcrumb\"},\"inLanguage\":\"es\",\"potentialAction\":[{\"@type\":\"ReadAction\",\"target\":[\"https:\/\/www.cec.org\/es\/acerca-de-la-cca\/grupo-de-especialistas-en-conocimiento-ecologico-tradicional\/\"]}]},{\"@type\":\"BreadcrumbList\",\"@id\":\"https:\/\/www.cec.org\/es\/acerca-de-la-cca\/grupo-de-especialistas-en-conocimiento-ecologico-tradicional\/#breadcrumb\",\"itemListElement\":[{\"@type\":\"ListItem\",\"position\":1,\"name\":\"Inicio\",\"item\":\"https:\/\/www.cec.org\/es\/\"},{\"@type\":\"ListItem\",\"position\":2,\"name\":\"Acerca de la CCA\",\"item\":\"https:\/\/www.cec.org\/es\/about\/\"},{\"@type\":\"ListItem\",\"position\":3,\"name\":\"Grupo de Especialistas en Conocimiento Ecol\u00f3gico Tradicional (GECET)\"}]},{\"@type\":\"WebSite\",\"@id\":\"https:\/\/www.cec.org\/es\/#website\",\"url\":\"https:\/\/www.cec.org\/es\/\",\"name\":\"Commission for Environmental Cooperation\",\"description\":\"Three countries working together to protect our shared environment\",\"alternateName\":\"CEC - CCA -CCE\",\"potentialAction\":[{\"@type\":\"SearchAction\",\"target\":{\"@type\":\"EntryPoint\",\"urlTemplate\":\"https:\/\/www.cec.org\/es\/?s={search_term_string}\"},\"query-input\":{\"@type\":\"PropertyValueSpecification\",\"valueRequired\":true,\"valueName\":\"search_term_string\"}}],\"inLanguage\":\"es\"}]}<\/script>\n<!-- \/ Yoast SEO Premium plugin. -->","yoast_head_json":{"title":"Grupo de Especialistas en Conocimiento Ecol\u00f3gico Tradicional (GECET) - CEC","description":"Integramos el conocimiento ecol\u00f3gico tradicional en nuestro trabajo, con miras a proteger y conservar mejor nuestro medio ambiente compartido","robots":{"index":"index","follow":"follow","max-snippet":"max-snippet:-1","max-image-preview":"max-image-preview:large","max-video-preview":"max-video-preview:-1"},"canonical":"https:\/\/www.cec.org\/es\/acerca-de-la-cca\/grupo-de-especialistas-en-conocimiento-ecologico-tradicional\/","og_locale":"es_ES","og_type":"article","og_title":"Grupo de Especialistas en Conocimiento Ecol\u00f3gico Tradicional (GECET)","og_description":"La colaboraci\u00f3n y el trabajo conjunto con especialistas en pr\u00e1cticas ambientales tradicionales de todos los rincones de Am\u00e9rica del Norte tienen un valor","og_url":"https:\/\/www.cec.org\/es\/acerca-de-la-cca\/grupo-de-especialistas-en-conocimiento-ecologico-tradicional\/","og_site_name":"Comisi\u00f3n para la Cooperaci\u00f3n Ambiental","article_publisher":"https:\/\/www.facebook.com\/CECconnect","article_modified_time":"2026-03-23T22:02:40+00:00","og_image":[{"width":1200,"height":630,"url":"https:\/\/www.cec.org\/wp-content\/uploads\/cec-cover2023.webp","type":"image\/webp"}],"twitter_card":"summary_large_image","twitter_site":"@CECweb","schema":{"@context":"https:\/\/schema.org","@graph":[{"@type":"WebPage","@id":"https:\/\/www.cec.org\/es\/acerca-de-la-cca\/grupo-de-especialistas-en-conocimiento-ecologico-tradicional\/","url":"https:\/\/www.cec.org\/es\/acerca-de-la-cca\/grupo-de-especialistas-en-conocimiento-ecologico-tradicional\/","name":"Grupo de Especialistas en Conocimiento Ecol\u00f3gico Tradicional (GECET) - CEC","isPartOf":{"@id":"https:\/\/www.cec.org\/es\/#website"},"datePublished":"2019-09-21T20:54:50+00:00","dateModified":"2026-03-23T22:02:40+00:00","description":"Integramos el conocimiento ecol\u00f3gico tradicional en nuestro trabajo, con miras a proteger y conservar mejor nuestro medio ambiente compartido","breadcrumb":{"@id":"https:\/\/www.cec.org\/es\/acerca-de-la-cca\/grupo-de-especialistas-en-conocimiento-ecologico-tradicional\/#breadcrumb"},"inLanguage":"es","potentialAction":[{"@type":"ReadAction","target":["https:\/\/www.cec.org\/es\/acerca-de-la-cca\/grupo-de-especialistas-en-conocimiento-ecologico-tradicional\/"]}]},{"@type":"BreadcrumbList","@id":"https:\/\/www.cec.org\/es\/acerca-de-la-cca\/grupo-de-especialistas-en-conocimiento-ecologico-tradicional\/#breadcrumb","itemListElement":[{"@type":"ListItem","position":1,"name":"Inicio","item":"https:\/\/www.cec.org\/es\/"},{"@type":"ListItem","position":2,"name":"Acerca de la CCA","item":"https:\/\/www.cec.org\/es\/about\/"},{"@type":"ListItem","position":3,"name":"Grupo de Especialistas en Conocimiento Ecol\u00f3gico Tradicional (GECET)"}]},{"@type":"WebSite","@id":"https:\/\/www.cec.org\/es\/#website","url":"https:\/\/www.cec.org\/es\/","name":"Commission for Environmental Cooperation","description":"Three countries working together to protect our shared environment","alternateName":"CEC - CCA -CCE","potentialAction":[{"@type":"SearchAction","target":{"@type":"EntryPoint","urlTemplate":"https:\/\/www.cec.org\/es\/?s={search_term_string}"},"query-input":{"@type":"PropertyValueSpecification","valueRequired":true,"valueName":"search_term_string"}}],"inLanguage":"es"}]}},"_links":{"self":[{"href":"https:\/\/www.cec.org\/es\/wp-json\/wp\/v2\/pages\/28871","targetHints":{"allow":["GET"]}}],"collection":[{"href":"https:\/\/www.cec.org\/es\/wp-json\/wp\/v2\/pages"}],"about":[{"href":"https:\/\/www.cec.org\/es\/wp-json\/wp\/v2\/types\/page"}],"author":[{"embeddable":true,"href":"https:\/\/www.cec.org\/es\/wp-json\/wp\/v2\/users\/1"}],"replies":[{"embeddable":true,"href":"https:\/\/www.cec.org\/es\/wp-json\/wp\/v2\/comments?post=28871"}],"version-history":[{"count":4,"href":"https:\/\/www.cec.org\/es\/wp-json\/wp\/v2\/pages\/28871\/revisions"}],"predecessor-version":[{"id":57772,"href":"https:\/\/www.cec.org\/es\/wp-json\/wp\/v2\/pages\/28871\/revisions\/57772"}],"up":[{"embeddable":true,"href":"https:\/\/www.cec.org\/es\/wp-json\/wp\/v2\/pages\/28356"}],"wp:attachment":[{"href":"https:\/\/www.cec.org\/es\/wp-json\/wp\/v2\/media?parent=28871"}],"curies":[{"name":"wp","href":"https:\/\/api.w.org\/{rel}","templated":true}]}}