{"id":28868,"date":"2019-11-29T11:56:17","date_gmt":"2019-11-29T16:56:17","guid":{"rendered":"http:\/\/www.cec.org\/acerca-de-la-cca\/secretariado\/work-with-us\/"},"modified":"2024-07-11T13:32:40","modified_gmt":"2024-07-11T17:32:40","slug":"trabaje-con-nosotros","status":"publish","type":"page","link":"https:\/\/www.cec.org\/es\/acerca-de-la-cca\/secretariado\/trabaje-con-nosotros\/","title":{"rendered":"Trabaje con nosotros"},"content":{"rendered":"<p>A trav\u00e9s de este programa ayudamos a las personas seleccionadas a desarrollar capacidades, brind\u00e1ndoles la oportunidad de avanzar en su carrera y apuntalar su desarrollo profesional mediante la experiencia de trabajo adquirida, as\u00ed como la creaci\u00f3n y ampliaci\u00f3n de sus redes.<\/p>\n<p>Invitamos a estudiantes y personas que vivan o estudien en Am\u00e9rica del Norte (Canad\u00e1, Estados Unidos y M\u00e9xico) y est\u00e9n interesadas en carreras relacionadas con el medio ambiente, el derecho, la diplomacia internacional u otro campo de conocimientos pertinente para la labor de la CCA, a presentar su solicitud de ingreso a nuestro programa de pasant\u00edas. Quienes provengan de otros pa\u00edses deber\u00e1n demostrar marcado inter\u00e9s en los asuntos ambientales o las relaciones comerciales de Am\u00e9rica del Norte.<\/p>\n<p>Para las pasant\u00edas presenciales es requisito indispensable que la persona interesada tenga permitido trabajar legalmente en Canad\u00e1 como ciudadana canadiense o estudiante con visa de estudios en Canad\u00e1. Otra posibilidad es que la persona interesada obtenga por s\u00ed misma, con apoyo del Secretariado de la CCA, un permiso temporal de trabajo en Canad\u00e1.<\/p>\n<p>Los pasantes pueden participar en diferentes modalidades y formatos de pasant\u00edas, a saber:<\/p>\n<ul>\n<li>Presencial, virtual o h\u00edbrida<\/li>\n<li>De corto plazo (de una a doce semanas) o de largo plazo (de tres a doce meses)<\/li>\n<li>Remunerada o no remunerada<\/li>\n<li>De tiempo completo o tiempo parcial<\/li>\n<\/ul>\n<p>Si est\u00e1s interesado(a) en ingresar al programa de pasant\u00edas de la CCA pero no encuentras convocatorias abiertas publicadas en nuestro sitio web, env\u00eda tu curr\u00edculum y una carta de presentaci\u00f3n a <a href=\"mailto:internships@cec.org\">internships@cec.org<\/a>. Con gusto revisaremos tu solicitud y evaluaremos si tenemos una oportunidad para ti.<\/p>\n","protected":false},"excerpt":{"rendered":"<p>A trav\u00e9s de este programa ayudamos a las personas seleccionadas a desarrollar capacidades, brind\u00e1ndoles la oportunidad de avanzar en su carrera y apuntalar su desarrollo profesional mediante la experiencia de trabajo adquirida, as\u00ed como la creaci\u00f3n y ampliaci\u00f3n de sus redes. Invitamos a estudiantes y personas que vivan o estudien en Am\u00e9rica del Norte (Canad\u00e1, [&hellip;]<\/p>\n","protected":false},"author":1,"featured_media":0,"parent":28867,"menu_order":0,"comment_status":"closed","ping_status":"closed","template":"page-work-with-us.php","meta":{"_acf_changed":false,"footnotes":""},"class_list":["post-28868","page","type-page","status-publish","hentry"],"acf":[],"yoast_head":"<!-- This site is optimized with the Yoast SEO Premium plugin v27.0 (Yoast SEO v27.0) - https:\/\/yoast.com\/product\/yoast-seo-premium-wordpress\/ -->\n<title>Trabaje con nosotros &#8211; Comisi\u00f3n para la Cooperaci\u00f3n Ambiental<\/title>\n<meta name=\"description\" content=\"Diversas oportunidades para unirse a nuestro equipo o colaborar con nosotros en la conservaci\u00f3n, protecci\u00f3n y mejoramiento del medio ambiente de Am\u00e9rica del Norte\" \/>\n<meta name=\"robots\" content=\"index, follow, max-snippet:-1, max-image-preview:large, max-video-preview:-1\" \/>\n<link rel=\"canonical\" href=\"https:\/\/www.cec.org\/es\/acerca-de-la-cca\/secretariado\/trabaje-con-nosotros\/\" \/>\n<meta property=\"og:locale\" content=\"es_ES\" \/>\n<meta property=\"og:type\" content=\"article\" \/>\n<meta property=\"og:title\" content=\"Trabaje con nosotros\" \/>\n<meta property=\"og:description\" content=\"A trav\u00e9s de este programa ayudamos a las personas seleccionadas a desarrollar capacidades, brind\u00e1ndoles la oportunidad de avanzar en su carrera y\" \/>\n<meta property=\"og:url\" content=\"https:\/\/www.cec.org\/es\/acerca-de-la-cca\/secretariado\/trabaje-con-nosotros\/\" \/>\n<meta property=\"og:site_name\" content=\"Comisi\u00f3n para la Cooperaci\u00f3n Ambiental\" \/>\n<meta property=\"article:publisher\" content=\"https:\/\/www.facebook.com\/CECconnect\" \/>\n<meta property=\"article:modified_time\" content=\"2024-07-11T17:32:40+00:00\" \/>\n<meta property=\"og:image\" content=\"http:\/\/www.cec.org\/wp-content\/uploads\/work-with-us1-1.jpg\" \/>\n<meta name=\"twitter:card\" content=\"summary_large_image\" \/>\n<meta name=\"twitter:site\" content=\"@CECweb\" \/>\n<script type=\"application\/ld+json\" class=\"yoast-schema-graph\">{\"@context\":\"https:\/\/schema.org\",\"@graph\":[{\"@type\":\"WebPage\",\"@id\":\"https:\/\/www.cec.org\/es\/acerca-de-la-cca\/secretariado\/trabaje-con-nosotros\/\",\"url\":\"https:\/\/www.cec.org\/es\/acerca-de-la-cca\/secretariado\/trabaje-con-nosotros\/\",\"name\":\"Trabaje con nosotros &#8211; Comisi\u00f3n para la Cooperaci\u00f3n Ambiental\",\"isPartOf\":{\"@id\":\"https:\/\/www.cec.org\/es\/#website\"},\"datePublished\":\"2019-11-29T16:56:17+00:00\",\"dateModified\":\"2024-07-11T17:32:40+00:00\",\"description\":\"Diversas oportunidades para unirse a nuestro equipo o colaborar con nosotros en la conservaci\u00f3n, protecci\u00f3n y mejoramiento del medio ambiente de Am\u00e9rica del Norte\",\"breadcrumb\":{\"@id\":\"https:\/\/www.cec.org\/es\/acerca-de-la-cca\/secretariado\/trabaje-con-nosotros\/#breadcrumb\"},\"inLanguage\":\"es\",\"potentialAction\":[{\"@type\":\"ReadAction\",\"target\":[\"https:\/\/www.cec.org\/es\/acerca-de-la-cca\/secretariado\/trabaje-con-nosotros\/\"]}]},{\"@type\":\"BreadcrumbList\",\"@id\":\"https:\/\/www.cec.org\/es\/acerca-de-la-cca\/secretariado\/trabaje-con-nosotros\/#breadcrumb\",\"itemListElement\":[{\"@type\":\"ListItem\",\"position\":1,\"name\":\"Inicio\",\"item\":\"https:\/\/www.cec.org\/es\/\"},{\"@type\":\"ListItem\",\"position\":2,\"name\":\"Acerca de la CCA\",\"item\":\"https:\/\/www.cec.org\/es\/about\/\"},{\"@type\":\"ListItem\",\"position\":3,\"name\":\"Secretariado\",\"item\":\"https:\/\/www.cec.org\/es\/about\/secretariat\/\"},{\"@type\":\"ListItem\",\"position\":4,\"name\":\"Trabaje con nosotros\"}]},{\"@type\":\"WebSite\",\"@id\":\"https:\/\/www.cec.org\/es\/#website\",\"url\":\"https:\/\/www.cec.org\/es\/\",\"name\":\"Commission for Environmental Cooperation\",\"description\":\"Three countries working together to protect our shared environment\",\"alternateName\":\"CEC - CCA -CCE\",\"potentialAction\":[{\"@type\":\"SearchAction\",\"target\":{\"@type\":\"EntryPoint\",\"urlTemplate\":\"https:\/\/www.cec.org\/es\/?s={search_term_string}\"},\"query-input\":{\"@type\":\"PropertyValueSpecification\",\"valueRequired\":true,\"valueName\":\"search_term_string\"}}],\"inLanguage\":\"es\"}]}<\/script>\n<!-- \/ Yoast SEO Premium plugin. -->","yoast_head_json":{"title":"Trabaje con nosotros &#8211; Comisi\u00f3n para la Cooperaci\u00f3n Ambiental","description":"Diversas oportunidades para unirse a nuestro equipo o colaborar con nosotros en la conservaci\u00f3n, protecci\u00f3n y mejoramiento del medio ambiente de Am\u00e9rica del Norte","robots":{"index":"index","follow":"follow","max-snippet":"max-snippet:-1","max-image-preview":"max-image-preview:large","max-video-preview":"max-video-preview:-1"},"canonical":"https:\/\/www.cec.org\/es\/acerca-de-la-cca\/secretariado\/trabaje-con-nosotros\/","og_locale":"es_ES","og_type":"article","og_title":"Trabaje con nosotros","og_description":"A trav\u00e9s de este programa ayudamos a las personas seleccionadas a desarrollar capacidades, brind\u00e1ndoles la oportunidad de avanzar en su carrera y","og_url":"https:\/\/www.cec.org\/es\/acerca-de-la-cca\/secretariado\/trabaje-con-nosotros\/","og_site_name":"Comisi\u00f3n para la Cooperaci\u00f3n Ambiental","article_publisher":"https:\/\/www.facebook.com\/CECconnect","article_modified_time":"2024-07-11T17:32:40+00:00","og_image":[{"url":"http:\/\/www.cec.org\/wp-content\/uploads\/work-with-us1-1.jpg","type":"","width":"","height":""}],"twitter_card":"summary_large_image","twitter_site":"@CECweb","schema":{"@context":"https:\/\/schema.org","@graph":[{"@type":"WebPage","@id":"https:\/\/www.cec.org\/es\/acerca-de-la-cca\/secretariado\/trabaje-con-nosotros\/","url":"https:\/\/www.cec.org\/es\/acerca-de-la-cca\/secretariado\/trabaje-con-nosotros\/","name":"Trabaje con nosotros &#8211; Comisi\u00f3n para la Cooperaci\u00f3n Ambiental","isPartOf":{"@id":"https:\/\/www.cec.org\/es\/#website"},"datePublished":"2019-11-29T16:56:17+00:00","dateModified":"2024-07-11T17:32:40+00:00","description":"Diversas oportunidades para unirse a nuestro equipo o colaborar con nosotros en la conservaci\u00f3n, protecci\u00f3n y mejoramiento del medio ambiente de Am\u00e9rica del Norte","breadcrumb":{"@id":"https:\/\/www.cec.org\/es\/acerca-de-la-cca\/secretariado\/trabaje-con-nosotros\/#breadcrumb"},"inLanguage":"es","potentialAction":[{"@type":"ReadAction","target":["https:\/\/www.cec.org\/es\/acerca-de-la-cca\/secretariado\/trabaje-con-nosotros\/"]}]},{"@type":"BreadcrumbList","@id":"https:\/\/www.cec.org\/es\/acerca-de-la-cca\/secretariado\/trabaje-con-nosotros\/#breadcrumb","itemListElement":[{"@type":"ListItem","position":1,"name":"Inicio","item":"https:\/\/www.cec.org\/es\/"},{"@type":"ListItem","position":2,"name":"Acerca de la CCA","item":"https:\/\/www.cec.org\/es\/about\/"},{"@type":"ListItem","position":3,"name":"Secretariado","item":"https:\/\/www.cec.org\/es\/about\/secretariat\/"},{"@type":"ListItem","position":4,"name":"Trabaje con nosotros"}]},{"@type":"WebSite","@id":"https:\/\/www.cec.org\/es\/#website","url":"https:\/\/www.cec.org\/es\/","name":"Commission for Environmental Cooperation","description":"Three countries working together to protect our shared environment","alternateName":"CEC - CCA -CCE","potentialAction":[{"@type":"SearchAction","target":{"@type":"EntryPoint","urlTemplate":"https:\/\/www.cec.org\/es\/?s={search_term_string}"},"query-input":{"@type":"PropertyValueSpecification","valueRequired":true,"valueName":"search_term_string"}}],"inLanguage":"es"}]}},"_links":{"self":[{"href":"https:\/\/www.cec.org\/es\/wp-json\/wp\/v2\/pages\/28868","targetHints":{"allow":["GET"]}}],"collection":[{"href":"https:\/\/www.cec.org\/es\/wp-json\/wp\/v2\/pages"}],"about":[{"href":"https:\/\/www.cec.org\/es\/wp-json\/wp\/v2\/types\/page"}],"author":[{"embeddable":true,"href":"https:\/\/www.cec.org\/es\/wp-json\/wp\/v2\/users\/1"}],"replies":[{"embeddable":true,"href":"https:\/\/www.cec.org\/es\/wp-json\/wp\/v2\/comments?post=28868"}],"version-history":[{"count":2,"href":"https:\/\/www.cec.org\/es\/wp-json\/wp\/v2\/pages\/28868\/revisions"}],"predecessor-version":[{"id":51694,"href":"https:\/\/www.cec.org\/es\/wp-json\/wp\/v2\/pages\/28868\/revisions\/51694"}],"up":[{"embeddable":true,"href":"https:\/\/www.cec.org\/es\/wp-json\/wp\/v2\/pages\/28867"}],"wp:attachment":[{"href":"https:\/\/www.cec.org\/es\/wp-json\/wp\/v2\/media?parent=28868"}],"curies":[{"name":"wp","href":"https:\/\/api.w.org\/{rel}","templated":true}]}}