{"id":28867,"date":"2019-10-30T12:20:14","date_gmt":"2019-10-30T16:20:14","guid":{"rendered":"http:\/\/www.cec.org\/acerca-de-la-cca\/secretariado\/"},"modified":"2024-07-11T13:32:39","modified_gmt":"2024-07-11T17:32:39","slug":"secretariado","status":"publish","type":"page","link":"https:\/\/www.cec.org\/es\/acerca-de-la-cca\/secretariado\/","title":{"rendered":"Secretariado"},"content":{"rendered":"<p>Encabezado por un director ejecutivo, el Secretariado cuenta con personal profesional de Canad\u00e1, Estados Unidos y M\u00e9xico para la realizaci\u00f3n de sus actividades. Cada a\u00f1o, somete a la aprobaci\u00f3n del Consejo el programa de trabajo y el presupuesto de la Comisi\u00f3n. Adem\u00e1s, tiene la responsabilidad especial de analizar las peticiones presentadas por cualquier ciudadano u organizaci\u00f3n no gubernamental sobre omisiones de alguna de las Partes en la aplicaci\u00f3n efectiva de su legislaci\u00f3n ambiental.<\/p>\n","protected":false},"excerpt":{"rendered":"<p>Encabezado por un director ejecutivo, el Secretariado cuenta con personal profesional de Canad\u00e1, Estados Unidos y M\u00e9xico para la realizaci\u00f3n de sus actividades. Cada a\u00f1o, somete a la aprobaci\u00f3n del Consejo el programa de trabajo y el presupuesto de la Comisi\u00f3n. Adem\u00e1s, tiene la responsabilidad especial de analizar las peticiones presentadas por cualquier ciudadano u [&hellip;]<\/p>\n","protected":false},"author":1,"featured_media":0,"parent":28356,"menu_order":0,"comment_status":"closed","ping_status":"closed","template":"page-secretariat.php","meta":{"_acf_changed":false,"footnotes":""},"class_list":["post-28867","page","type-page","status-publish","hentry"],"acf":[],"yoast_head":"<!-- This site is optimized with the Yoast SEO Premium plugin v27.0 (Yoast SEO v27.0) - https:\/\/yoast.com\/product\/yoast-seo-premium-wordpress\/ -->\n<title>Secretariado &#8211; Comisi\u00f3n para la Cooperaci\u00f3n Ambiental<\/title>\n<meta name=\"description\" content=\"The Secretariat is headed by an Executive Director and its activities are carried out by professional staff from Canada, Mexico and the United States.\" \/>\n<meta name=\"robots\" content=\"index, follow, max-snippet:-1, max-image-preview:large, max-video-preview:-1\" \/>\n<link rel=\"canonical\" href=\"https:\/\/www.cec.org\/es\/acerca-de-la-cca\/secretariado\/\" \/>\n<meta property=\"og:locale\" content=\"es_ES\" \/>\n<meta property=\"og:type\" content=\"article\" \/>\n<meta property=\"og:title\" content=\"Secretariado\" \/>\n<meta property=\"og:description\" content=\"Encabezado por un director ejecutivo, el Secretariado cuenta con personal profesional de Canad\u00e1, Estados Unidos y M\u00e9xico para la realizaci\u00f3n de sus\" \/>\n<meta property=\"og:url\" content=\"https:\/\/www.cec.org\/es\/acerca-de-la-cca\/secretariado\/\" \/>\n<meta property=\"og:site_name\" content=\"Comisi\u00f3n para la Cooperaci\u00f3n Ambiental\" \/>\n<meta property=\"article:publisher\" content=\"https:\/\/www.facebook.com\/CECconnect\" \/>\n<meta property=\"article:modified_time\" content=\"2024-07-11T17:32:39+00:00\" \/>\n<meta property=\"og:image\" content=\"https:\/\/www.cec.org\/wp-content\/uploads\/cec-cover2023.webp\" \/>\n\t<meta property=\"og:image:width\" content=\"1200\" \/>\n\t<meta property=\"og:image:height\" content=\"630\" \/>\n\t<meta property=\"og:image:type\" content=\"image\/webp\" \/>\n<meta name=\"twitter:card\" content=\"summary_large_image\" \/>\n<meta name=\"twitter:site\" content=\"@CECweb\" \/>\n<script type=\"application\/ld+json\" class=\"yoast-schema-graph\">{\"@context\":\"https:\/\/schema.org\",\"@graph\":[{\"@type\":\"WebPage\",\"@id\":\"https:\/\/www.cec.org\/es\/acerca-de-la-cca\/secretariado\/\",\"url\":\"https:\/\/www.cec.org\/es\/acerca-de-la-cca\/secretariado\/\",\"name\":\"Secretariado &#8211; Comisi\u00f3n para la Cooperaci\u00f3n Ambiental\",\"isPartOf\":{\"@id\":\"https:\/\/www.cec.org\/es\/#website\"},\"datePublished\":\"2019-10-30T16:20:14+00:00\",\"dateModified\":\"2024-07-11T17:32:39+00:00\",\"description\":\"The Secretariat is headed by an Executive Director and its activities are carried out by professional staff from Canada, Mexico and the United States.\",\"breadcrumb\":{\"@id\":\"https:\/\/www.cec.org\/es\/acerca-de-la-cca\/secretariado\/#breadcrumb\"},\"inLanguage\":\"es\",\"potentialAction\":[{\"@type\":\"ReadAction\",\"target\":[\"https:\/\/www.cec.org\/es\/acerca-de-la-cca\/secretariado\/\"]}]},{\"@type\":\"BreadcrumbList\",\"@id\":\"https:\/\/www.cec.org\/es\/acerca-de-la-cca\/secretariado\/#breadcrumb\",\"itemListElement\":[{\"@type\":\"ListItem\",\"position\":1,\"name\":\"Inicio\",\"item\":\"https:\/\/www.cec.org\/es\/\"},{\"@type\":\"ListItem\",\"position\":2,\"name\":\"Acerca de la CCA\",\"item\":\"https:\/\/www.cec.org\/es\/about\/\"},{\"@type\":\"ListItem\",\"position\":3,\"name\":\"Secretariado\"}]},{\"@type\":\"WebSite\",\"@id\":\"https:\/\/www.cec.org\/es\/#website\",\"url\":\"https:\/\/www.cec.org\/es\/\",\"name\":\"Commission for Environmental Cooperation\",\"description\":\"Three countries working together to protect our shared environment\",\"alternateName\":\"CEC - CCA -CCE\",\"potentialAction\":[{\"@type\":\"SearchAction\",\"target\":{\"@type\":\"EntryPoint\",\"urlTemplate\":\"https:\/\/www.cec.org\/es\/?s={search_term_string}\"},\"query-input\":{\"@type\":\"PropertyValueSpecification\",\"valueRequired\":true,\"valueName\":\"search_term_string\"}}],\"inLanguage\":\"es\"}]}<\/script>\n<!-- \/ Yoast SEO Premium plugin. -->","yoast_head_json":{"title":"Secretariado &#8211; Comisi\u00f3n para la Cooperaci\u00f3n Ambiental","description":"The Secretariat is headed by an Executive Director and its activities are carried out by professional staff from Canada, Mexico and the United States.","robots":{"index":"index","follow":"follow","max-snippet":"max-snippet:-1","max-image-preview":"max-image-preview:large","max-video-preview":"max-video-preview:-1"},"canonical":"https:\/\/www.cec.org\/es\/acerca-de-la-cca\/secretariado\/","og_locale":"es_ES","og_type":"article","og_title":"Secretariado","og_description":"Encabezado por un director ejecutivo, el Secretariado cuenta con personal profesional de Canad\u00e1, Estados Unidos y M\u00e9xico para la realizaci\u00f3n de sus","og_url":"https:\/\/www.cec.org\/es\/acerca-de-la-cca\/secretariado\/","og_site_name":"Comisi\u00f3n para la Cooperaci\u00f3n Ambiental","article_publisher":"https:\/\/www.facebook.com\/CECconnect","article_modified_time":"2024-07-11T17:32:39+00:00","og_image":[{"width":1200,"height":630,"url":"https:\/\/www.cec.org\/wp-content\/uploads\/cec-cover2023.webp","type":"image\/webp"}],"twitter_card":"summary_large_image","twitter_site":"@CECweb","schema":{"@context":"https:\/\/schema.org","@graph":[{"@type":"WebPage","@id":"https:\/\/www.cec.org\/es\/acerca-de-la-cca\/secretariado\/","url":"https:\/\/www.cec.org\/es\/acerca-de-la-cca\/secretariado\/","name":"Secretariado &#8211; Comisi\u00f3n para la Cooperaci\u00f3n Ambiental","isPartOf":{"@id":"https:\/\/www.cec.org\/es\/#website"},"datePublished":"2019-10-30T16:20:14+00:00","dateModified":"2024-07-11T17:32:39+00:00","description":"The Secretariat is headed by an Executive Director and its activities are carried out by professional staff from Canada, Mexico and the United States.","breadcrumb":{"@id":"https:\/\/www.cec.org\/es\/acerca-de-la-cca\/secretariado\/#breadcrumb"},"inLanguage":"es","potentialAction":[{"@type":"ReadAction","target":["https:\/\/www.cec.org\/es\/acerca-de-la-cca\/secretariado\/"]}]},{"@type":"BreadcrumbList","@id":"https:\/\/www.cec.org\/es\/acerca-de-la-cca\/secretariado\/#breadcrumb","itemListElement":[{"@type":"ListItem","position":1,"name":"Inicio","item":"https:\/\/www.cec.org\/es\/"},{"@type":"ListItem","position":2,"name":"Acerca de la CCA","item":"https:\/\/www.cec.org\/es\/about\/"},{"@type":"ListItem","position":3,"name":"Secretariado"}]},{"@type":"WebSite","@id":"https:\/\/www.cec.org\/es\/#website","url":"https:\/\/www.cec.org\/es\/","name":"Commission for Environmental Cooperation","description":"Three countries working together to protect our shared environment","alternateName":"CEC - CCA -CCE","potentialAction":[{"@type":"SearchAction","target":{"@type":"EntryPoint","urlTemplate":"https:\/\/www.cec.org\/es\/?s={search_term_string}"},"query-input":{"@type":"PropertyValueSpecification","valueRequired":true,"valueName":"search_term_string"}}],"inLanguage":"es"}]}},"_links":{"self":[{"href":"https:\/\/www.cec.org\/es\/wp-json\/wp\/v2\/pages\/28867","targetHints":{"allow":["GET"]}}],"collection":[{"href":"https:\/\/www.cec.org\/es\/wp-json\/wp\/v2\/pages"}],"about":[{"href":"https:\/\/www.cec.org\/es\/wp-json\/wp\/v2\/types\/page"}],"author":[{"embeddable":true,"href":"https:\/\/www.cec.org\/es\/wp-json\/wp\/v2\/users\/1"}],"replies":[{"embeddable":true,"href":"https:\/\/www.cec.org\/es\/wp-json\/wp\/v2\/comments?post=28867"}],"version-history":[{"count":1,"href":"https:\/\/www.cec.org\/es\/wp-json\/wp\/v2\/pages\/28867\/revisions"}],"predecessor-version":[{"id":35290,"href":"https:\/\/www.cec.org\/es\/wp-json\/wp\/v2\/pages\/28867\/revisions\/35290"}],"up":[{"embeddable":true,"href":"https:\/\/www.cec.org\/es\/wp-json\/wp\/v2\/pages\/28356"}],"wp:attachment":[{"href":"https:\/\/www.cec.org\/es\/wp-json\/wp\/v2\/media?parent=28867"}],"curies":[{"name":"wp","href":"https:\/\/api.w.org\/{rel}","templated":true}]}}