{"id":28865,"date":"2019-11-26T17:00:23","date_gmt":"2019-11-26T22:00:23","guid":{"rendered":"http:\/\/www.cec.org\/acerca-de-la-cca\/our-impact\/"},"modified":"2026-01-22T13:35:37","modified_gmt":"2026-01-22T18:35:37","slug":"our-impact","status":"publish","type":"page","link":"https:\/\/www.cec.org\/es\/acerca-de-la-cca\/our-impact\/","title":{"rendered":"Nuestro impacto"},"content":{"rendered":"<p>Le invitamos a explorar en qu\u00e9 forma el trabajo de la CCA a lo largo de los a\u00f1os ha generado resultados ambientales y sociales tangibles en toda Am\u00e9rica del Norte: desde estudios cient\u00edficos que han servido de base para el establecimiento de est\u00e1ndares, normas y pol\u00edticas ambientales en Canad\u00e1, Estados Unidos y M\u00e9xico, hasta estrategias de conservaci\u00f3n trinacionales, subvenciones comunitarias y proyectos de cartograf\u00eda geoespacial. Si usted es responsable de la formulaci\u00f3n de pol\u00edticas o especialista en conservaci\u00f3n, se dedica a la investigaci\u00f3n o simplemente tiene inter\u00e9s en la cooperaci\u00f3n ambiental a escala regional, en esta p\u00e1gina encontrar\u00e1 una visi\u00f3n de conjunto no s\u00f3lo de los logros de la CCA, sino tambi\u00e9n de c\u00f3mo y por qu\u00e9 se han llevado a cabo las iniciativas y esfuerzos realizados.<\/p>\n","protected":false},"excerpt":{"rendered":"<p>Le invitamos a explorar en qu\u00e9 forma el trabajo de la CCA a lo largo de los a\u00f1os ha generado resultados ambientales y sociales tangibles en toda Am\u00e9rica del Norte: desde estudios cient\u00edficos que han servido de base para el establecimiento de est\u00e1ndares, normas y pol\u00edticas ambientales en Canad\u00e1, Estados Unidos y M\u00e9xico, hasta estrategias [&hellip;]<\/p>\n","protected":false},"author":1,"featured_media":0,"parent":28356,"menu_order":0,"comment_status":"closed","ping_status":"closed","template":"archive-accomplishments.php","meta":{"_acf_changed":false,"footnotes":""},"class_list":["post-28865","page","type-page","status-publish","hentry"],"acf":[],"yoast_head":"<!-- This site is optimized with the Yoast SEO Premium plugin v27.0 (Yoast SEO v27.0) - https:\/\/yoast.com\/product\/yoast-seo-premium-wordpress\/ -->\n<title>Nuestro impacto<\/title>\n<meta name=\"description\" content=\"Explore nuestros logros para ver el impacto del trabajo que hemos llevado a cabo desde la creaci\u00f3n de la Comisi\u00f3n en 1994\" \/>\n<meta name=\"robots\" content=\"index, follow, max-snippet:-1, max-image-preview:large, max-video-preview:-1\" \/>\n<link rel=\"canonical\" href=\"https:\/\/www.cec.org\/es\/acerca-de-la-cca\/our-impact\/\" \/>\n<meta property=\"og:locale\" content=\"es_ES\" \/>\n<meta property=\"og:type\" content=\"article\" \/>\n<meta property=\"og:title\" content=\"Nuestro impacto\" \/>\n<meta property=\"og:description\" content=\"Le invitamos a explorar en qu\u00e9 forma el trabajo de la CCA a lo largo de los a\u00f1os ha generado resultados ambientales y sociales tangibles en toda Am\u00e9rica\" \/>\n<meta property=\"og:url\" content=\"https:\/\/www.cec.org\/es\/acerca-de-la-cca\/our-impact\/\" \/>\n<meta property=\"og:site_name\" content=\"Comisi\u00f3n para la Cooperaci\u00f3n Ambiental\" \/>\n<meta property=\"article:publisher\" content=\"https:\/\/www.facebook.com\/CECconnect\" \/>\n<meta property=\"article:modified_time\" content=\"2026-01-22T18:35:37+00:00\" \/>\n<meta property=\"og:image\" content=\"https:\/\/www.cec.org\/wp-content\/uploads\/cec-cover2023.webp\" \/>\n\t<meta property=\"og:image:width\" content=\"1200\" \/>\n\t<meta property=\"og:image:height\" content=\"630\" \/>\n\t<meta property=\"og:image:type\" content=\"image\/webp\" \/>\n<meta name=\"twitter:card\" content=\"summary_large_image\" \/>\n<meta name=\"twitter:site\" content=\"@CECweb\" \/>\n<script type=\"application\/ld+json\" class=\"yoast-schema-graph\">{\"@context\":\"https:\/\/schema.org\",\"@graph\":[{\"@type\":\"WebPage\",\"@id\":\"https:\/\/www.cec.org\/es\/acerca-de-la-cca\/our-impact\/\",\"url\":\"https:\/\/www.cec.org\/es\/acerca-de-la-cca\/our-impact\/\",\"name\":\"Nuestro impacto\",\"isPartOf\":{\"@id\":\"https:\/\/www.cec.org\/es\/#website\"},\"datePublished\":\"2019-11-26T22:00:23+00:00\",\"dateModified\":\"2026-01-22T18:35:37+00:00\",\"description\":\"Explore nuestros logros para ver el impacto del trabajo que hemos llevado a cabo desde la creaci\u00f3n de la Comisi\u00f3n en 1994\",\"breadcrumb\":{\"@id\":\"https:\/\/www.cec.org\/es\/acerca-de-la-cca\/our-impact\/#breadcrumb\"},\"inLanguage\":\"es\",\"potentialAction\":[{\"@type\":\"ReadAction\",\"target\":[\"https:\/\/www.cec.org\/es\/acerca-de-la-cca\/our-impact\/\"]}]},{\"@type\":\"BreadcrumbList\",\"@id\":\"https:\/\/www.cec.org\/es\/acerca-de-la-cca\/our-impact\/#breadcrumb\",\"itemListElement\":[{\"@type\":\"ListItem\",\"position\":1,\"name\":\"Inicio\",\"item\":\"https:\/\/www.cec.org\/es\/\"},{\"@type\":\"ListItem\",\"position\":2,\"name\":\"Acerca de la CCA\",\"item\":\"https:\/\/www.cec.org\/es\/about\/\"},{\"@type\":\"ListItem\",\"position\":3,\"name\":\"Nuestro impacto\"}]},{\"@type\":\"WebSite\",\"@id\":\"https:\/\/www.cec.org\/es\/#website\",\"url\":\"https:\/\/www.cec.org\/es\/\",\"name\":\"Commission for Environmental Cooperation\",\"description\":\"Three countries working together to protect our shared environment\",\"alternateName\":\"CEC - CCA -CCE\",\"potentialAction\":[{\"@type\":\"SearchAction\",\"target\":{\"@type\":\"EntryPoint\",\"urlTemplate\":\"https:\/\/www.cec.org\/es\/?s={search_term_string}\"},\"query-input\":{\"@type\":\"PropertyValueSpecification\",\"valueRequired\":true,\"valueName\":\"search_term_string\"}}],\"inLanguage\":\"es\"}]}<\/script>\n<!-- \/ Yoast SEO Premium plugin. -->","yoast_head_json":{"title":"Nuestro impacto","description":"Explore nuestros logros para ver el impacto del trabajo que hemos llevado a cabo desde la creaci\u00f3n de la Comisi\u00f3n en 1994","robots":{"index":"index","follow":"follow","max-snippet":"max-snippet:-1","max-image-preview":"max-image-preview:large","max-video-preview":"max-video-preview:-1"},"canonical":"https:\/\/www.cec.org\/es\/acerca-de-la-cca\/our-impact\/","og_locale":"es_ES","og_type":"article","og_title":"Nuestro impacto","og_description":"Le invitamos a explorar en qu\u00e9 forma el trabajo de la CCA a lo largo de los a\u00f1os ha generado resultados ambientales y sociales tangibles en toda Am\u00e9rica","og_url":"https:\/\/www.cec.org\/es\/acerca-de-la-cca\/our-impact\/","og_site_name":"Comisi\u00f3n para la Cooperaci\u00f3n Ambiental","article_publisher":"https:\/\/www.facebook.com\/CECconnect","article_modified_time":"2026-01-22T18:35:37+00:00","og_image":[{"width":1200,"height":630,"url":"https:\/\/www.cec.org\/wp-content\/uploads\/cec-cover2023.webp","type":"image\/webp"}],"twitter_card":"summary_large_image","twitter_site":"@CECweb","schema":{"@context":"https:\/\/schema.org","@graph":[{"@type":"WebPage","@id":"https:\/\/www.cec.org\/es\/acerca-de-la-cca\/our-impact\/","url":"https:\/\/www.cec.org\/es\/acerca-de-la-cca\/our-impact\/","name":"Nuestro impacto","isPartOf":{"@id":"https:\/\/www.cec.org\/es\/#website"},"datePublished":"2019-11-26T22:00:23+00:00","dateModified":"2026-01-22T18:35:37+00:00","description":"Explore nuestros logros para ver el impacto del trabajo que hemos llevado a cabo desde la creaci\u00f3n de la Comisi\u00f3n en 1994","breadcrumb":{"@id":"https:\/\/www.cec.org\/es\/acerca-de-la-cca\/our-impact\/#breadcrumb"},"inLanguage":"es","potentialAction":[{"@type":"ReadAction","target":["https:\/\/www.cec.org\/es\/acerca-de-la-cca\/our-impact\/"]}]},{"@type":"BreadcrumbList","@id":"https:\/\/www.cec.org\/es\/acerca-de-la-cca\/our-impact\/#breadcrumb","itemListElement":[{"@type":"ListItem","position":1,"name":"Inicio","item":"https:\/\/www.cec.org\/es\/"},{"@type":"ListItem","position":2,"name":"Acerca de la CCA","item":"https:\/\/www.cec.org\/es\/about\/"},{"@type":"ListItem","position":3,"name":"Nuestro impacto"}]},{"@type":"WebSite","@id":"https:\/\/www.cec.org\/es\/#website","url":"https:\/\/www.cec.org\/es\/","name":"Commission for Environmental Cooperation","description":"Three countries working together to protect our shared environment","alternateName":"CEC - CCA -CCE","potentialAction":[{"@type":"SearchAction","target":{"@type":"EntryPoint","urlTemplate":"https:\/\/www.cec.org\/es\/?s={search_term_string}"},"query-input":{"@type":"PropertyValueSpecification","valueRequired":true,"valueName":"search_term_string"}}],"inLanguage":"es"}]}},"_links":{"self":[{"href":"https:\/\/www.cec.org\/es\/wp-json\/wp\/v2\/pages\/28865","targetHints":{"allow":["GET"]}}],"collection":[{"href":"https:\/\/www.cec.org\/es\/wp-json\/wp\/v2\/pages"}],"about":[{"href":"https:\/\/www.cec.org\/es\/wp-json\/wp\/v2\/types\/page"}],"author":[{"embeddable":true,"href":"https:\/\/www.cec.org\/es\/wp-json\/wp\/v2\/users\/1"}],"replies":[{"embeddable":true,"href":"https:\/\/www.cec.org\/es\/wp-json\/wp\/v2\/comments?post=28865"}],"version-history":[{"count":11,"href":"https:\/\/www.cec.org\/es\/wp-json\/wp\/v2\/pages\/28865\/revisions"}],"predecessor-version":[{"id":61431,"href":"https:\/\/www.cec.org\/es\/wp-json\/wp\/v2\/pages\/28865\/revisions\/61431"}],"up":[{"embeddable":true,"href":"https:\/\/www.cec.org\/es\/wp-json\/wp\/v2\/pages\/28356"}],"wp:attachment":[{"href":"https:\/\/www.cec.org\/es\/wp-json\/wp\/v2\/media?parent=28865"}],"curies":[{"name":"wp","href":"https:\/\/api.w.org\/{rel}","templated":true}]}}