{"id":28863,"date":"2019-09-24T14:50:13","date_gmt":"2019-09-24T18:50:13","guid":{"rendered":"http:\/\/www.cec.org\/acerca-de-la-cca\/alianza-de-america-del-norte-para-la-accion-comunitaria-ambiental\/"},"modified":"2025-12-12T14:10:46","modified_gmt":"2025-12-12T19:10:46","slug":"alianza-de-america-del-norte-para-la-accion-comunitaria-ambiental","status":"publish","type":"page","link":"https:\/\/www.cec.org\/es\/subvenciones\/alianza-de-america-del-norte-para-la-accion-comunitaria-ambiental\/","title":{"rendered":"Alianza de Am\u00e9rica del Norte para la Acci\u00f3n Comunitaria Ambiental"},"content":{"rendered":"<p>Desde 2010, la Alianza de Am\u00e9rica del Norte para la Acci\u00f3n Comunitaria Ambiental (NAPECA, por sus siglas en ingl\u00e9s) ha desempe\u00f1ado un papel decisivo en el impulso de iniciativas de colaboraci\u00f3n destinadas a abordar asuntos ambientales apremiantes en Am\u00e9rica del Norte y, al mismo tiempo, fomentar el desarrollo sustentable y fortalecer la cooperaci\u00f3n transfronteriza.<\/p>\n<p>La CCA estableci\u00f3 el programa NAPECA con el objetivo de incentivar un sentido de responsabilidad compartida en la protecci\u00f3n y gesti\u00f3n del medio ambiente a trav\u00e9s de la colaboraci\u00f3n y participaci\u00f3n comprometida de comunidades locales y pueblos ind\u00edgenas, organizaciones no gubernamentales registradas y el sector acad\u00e9mico de Canad\u00e1, Estados Unidos y M\u00e9xico.<\/p>\n<p>Por medio de la alianza NAPECA, la CCA ha apoyado 100 proyectos que han contribuido a forjar relaciones de colaboraci\u00f3n a largo plazo para mejorar las condiciones ambientales a nivel comunitario y apoyar las prioridades locales. Este a\u00f1o, \u00a1reconocemos y celebramos estas 100 historias singulares e inspiradoras!<\/p>\n","protected":false},"excerpt":{"rendered":"<p>Desde 2010, la Alianza de Am\u00e9rica del Norte para la Acci\u00f3n Comunitaria Ambiental (NAPECA, por sus siglas en ingl\u00e9s) ha desempe\u00f1ado un papel decisivo en el impulso de iniciativas de colaboraci\u00f3n destinadas a abordar asuntos ambientales apremiantes en Am\u00e9rica del Norte y, al mismo tiempo, fomentar el desarrollo sustentable y fortalecer la cooperaci\u00f3n transfronteriza. La [&hellip;]<\/p>\n","protected":false},"author":1,"featured_media":61130,"parent":46587,"menu_order":0,"comment_status":"closed","ping_status":"closed","template":"page-napeca.php","meta":{"_acf_changed":false,"footnotes":""},"class_list":["post-28863","page","type-page","status-publish","has-post-thumbnail","hentry"],"acf":[],"yoast_head":"<!-- This site is optimized with the Yoast SEO Premium plugin v27.4 (Yoast SEO v27.4) - https:\/\/yoast.com\/product\/yoast-seo-premium-wordpress\/ -->\n<title>Community Response to the NAPECA Grant Program<\/title>\n<meta name=\"description\" content=\"The seventh cycle of the NAPECA grant program concluded with the selection of 10 grant recipients representing a range of communities...\" \/>\n<meta name=\"robots\" content=\"index, follow, max-snippet:-1, max-image-preview:large, max-video-preview:-1\" \/>\n<link rel=\"canonical\" href=\"https:\/\/www.cec.org\/es\/subvenciones\/alianza-de-america-del-norte-para-la-accion-comunitaria-ambiental\/\" \/>\n<meta property=\"og:locale\" content=\"es_ES\" \/>\n<meta property=\"og:type\" content=\"article\" \/>\n<meta property=\"og:title\" content=\"Alianza de Am\u00e9rica del Norte para la Acci\u00f3n Comunitaria Ambiental\" \/>\n<meta property=\"og:description\" content=\"Desde 2010, la Alianza de Am\u00e9rica del Norte para la Acci\u00f3n Comunitaria Ambiental (NAPECA, por sus siglas en ingl\u00e9s) ha desempe\u00f1ado un papel decisivo en el\" \/>\n<meta property=\"og:url\" content=\"https:\/\/www.cec.org\/es\/subvenciones\/alianza-de-america-del-norte-para-la-accion-comunitaria-ambiental\/\" \/>\n<meta property=\"og:site_name\" content=\"Comisi\u00f3n para la Cooperaci\u00f3n Ambiental\" \/>\n<meta property=\"article:publisher\" content=\"https:\/\/www.facebook.com\/CECconnect\" \/>\n<meta property=\"article:modified_time\" content=\"2025-12-12T19:10:46+00:00\" \/>\n<meta property=\"og:image\" content=\"https:\/\/www.cec.org\/wp-content\/uploads\/CEC_NAPECA-Graphic-A2-1200x684-ES.png\" \/>\n\t<meta property=\"og:image:width\" content=\"1200\" \/>\n\t<meta property=\"og:image:height\" content=\"684\" \/>\n\t<meta property=\"og:image:type\" content=\"image\/png\" \/>\n<meta name=\"twitter:card\" content=\"summary_large_image\" \/>\n<meta name=\"twitter:site\" content=\"@CECweb\" \/>\n<script type=\"application\/ld+json\" class=\"yoast-schema-graph\">{\"@context\":\"https:\\\/\\\/schema.org\",\"@graph\":[{\"@type\":\"WebPage\",\"@id\":\"https:\\\/\\\/www.cec.org\\\/es\\\/subvenciones\\\/alianza-de-america-del-norte-para-la-accion-comunitaria-ambiental\\\/\",\"url\":\"https:\\\/\\\/www.cec.org\\\/es\\\/subvenciones\\\/alianza-de-america-del-norte-para-la-accion-comunitaria-ambiental\\\/\",\"name\":\"Community Response to the NAPECA Grant Program\",\"isPartOf\":{\"@id\":\"https:\\\/\\\/www.cec.org\\\/es\\\/#website\"},\"primaryImageOfPage\":{\"@id\":\"https:\\\/\\\/www.cec.org\\\/es\\\/subvenciones\\\/alianza-de-america-del-norte-para-la-accion-comunitaria-ambiental\\\/#primaryimage\"},\"image\":{\"@id\":\"https:\\\/\\\/www.cec.org\\\/es\\\/subvenciones\\\/alianza-de-america-del-norte-para-la-accion-comunitaria-ambiental\\\/#primaryimage\"},\"thumbnailUrl\":\"https:\\\/\\\/www.cec.org\\\/wp-content\\\/uploads\\\/CEC_NAPECA-Graphic-A2-1200x684-ES.png\",\"datePublished\":\"2019-09-24T18:50:13+00:00\",\"dateModified\":\"2025-12-12T19:10:46+00:00\",\"description\":\"The seventh cycle of the NAPECA grant program concluded with the selection of 10 grant recipients representing a range of communities...\",\"breadcrumb\":{\"@id\":\"https:\\\/\\\/www.cec.org\\\/es\\\/subvenciones\\\/alianza-de-america-del-norte-para-la-accion-comunitaria-ambiental\\\/#breadcrumb\"},\"inLanguage\":\"es\",\"potentialAction\":[{\"@type\":\"ReadAction\",\"target\":[\"https:\\\/\\\/www.cec.org\\\/es\\\/subvenciones\\\/alianza-de-america-del-norte-para-la-accion-comunitaria-ambiental\\\/\"]}]},{\"@type\":\"ImageObject\",\"inLanguage\":\"es\",\"@id\":\"https:\\\/\\\/www.cec.org\\\/es\\\/subvenciones\\\/alianza-de-america-del-norte-para-la-accion-comunitaria-ambiental\\\/#primaryimage\",\"url\":\"https:\\\/\\\/www.cec.org\\\/wp-content\\\/uploads\\\/CEC_NAPECA-Graphic-A2-1200x684-ES.png\",\"contentUrl\":\"https:\\\/\\\/www.cec.org\\\/wp-content\\\/uploads\\\/CEC_NAPECA-Graphic-A2-1200x684-ES.png\",\"width\":1200,\"height\":684},{\"@type\":\"BreadcrumbList\",\"@id\":\"https:\\\/\\\/www.cec.org\\\/es\\\/subvenciones\\\/alianza-de-america-del-norte-para-la-accion-comunitaria-ambiental\\\/#breadcrumb\",\"itemListElement\":[{\"@type\":\"ListItem\",\"position\":1,\"name\":\"Inicio\",\"item\":\"https:\\\/\\\/www.cec.org\\\/es\\\/\"},{\"@type\":\"ListItem\",\"position\":2,\"name\":\"Subvenciones\",\"item\":\"https:\\\/\\\/www.cec.org\\\/es\\\/subvenciones\\\/\"},{\"@type\":\"ListItem\",\"position\":3,\"name\":\"Alianza de Am\u00e9rica del Norte para la Acci\u00f3n Comunitaria Ambiental\"}]},{\"@type\":\"WebSite\",\"@id\":\"https:\\\/\\\/www.cec.org\\\/es\\\/#website\",\"url\":\"https:\\\/\\\/www.cec.org\\\/es\\\/\",\"name\":\"Commission for Environmental Cooperation\",\"description\":\"Three countries working together to protect our shared environment\",\"alternateName\":\"CEC - CCA -CCE\",\"potentialAction\":[{\"@type\":\"SearchAction\",\"target\":{\"@type\":\"EntryPoint\",\"urlTemplate\":\"https:\\\/\\\/www.cec.org\\\/es\\\/?s={search_term_string}\"},\"query-input\":{\"@type\":\"PropertyValueSpecification\",\"valueRequired\":true,\"valueName\":\"search_term_string\"}}],\"inLanguage\":\"es\"}]}<\/script>\n<!-- \/ Yoast SEO Premium plugin. -->","yoast_head_json":{"title":"Community Response to the NAPECA Grant Program","description":"The seventh cycle of the NAPECA grant program concluded with the selection of 10 grant recipients representing a range of communities...","robots":{"index":"index","follow":"follow","max-snippet":"max-snippet:-1","max-image-preview":"max-image-preview:large","max-video-preview":"max-video-preview:-1"},"canonical":"https:\/\/www.cec.org\/es\/subvenciones\/alianza-de-america-del-norte-para-la-accion-comunitaria-ambiental\/","og_locale":"es_ES","og_type":"article","og_title":"Alianza de Am\u00e9rica del Norte para la Acci\u00f3n Comunitaria Ambiental","og_description":"Desde 2010, la Alianza de Am\u00e9rica del Norte para la Acci\u00f3n Comunitaria Ambiental (NAPECA, por sus siglas en ingl\u00e9s) ha desempe\u00f1ado un papel decisivo en el","og_url":"https:\/\/www.cec.org\/es\/subvenciones\/alianza-de-america-del-norte-para-la-accion-comunitaria-ambiental\/","og_site_name":"Comisi\u00f3n para la Cooperaci\u00f3n Ambiental","article_publisher":"https:\/\/www.facebook.com\/CECconnect","article_modified_time":"2025-12-12T19:10:46+00:00","og_image":[{"width":1200,"height":684,"url":"https:\/\/www.cec.org\/wp-content\/uploads\/CEC_NAPECA-Graphic-A2-1200x684-ES.png","type":"image\/png"}],"twitter_card":"summary_large_image","twitter_site":"@CECweb","schema":{"@context":"https:\/\/schema.org","@graph":[{"@type":"WebPage","@id":"https:\/\/www.cec.org\/es\/subvenciones\/alianza-de-america-del-norte-para-la-accion-comunitaria-ambiental\/","url":"https:\/\/www.cec.org\/es\/subvenciones\/alianza-de-america-del-norte-para-la-accion-comunitaria-ambiental\/","name":"Community Response to the NAPECA Grant Program","isPartOf":{"@id":"https:\/\/www.cec.org\/es\/#website"},"primaryImageOfPage":{"@id":"https:\/\/www.cec.org\/es\/subvenciones\/alianza-de-america-del-norte-para-la-accion-comunitaria-ambiental\/#primaryimage"},"image":{"@id":"https:\/\/www.cec.org\/es\/subvenciones\/alianza-de-america-del-norte-para-la-accion-comunitaria-ambiental\/#primaryimage"},"thumbnailUrl":"https:\/\/www.cec.org\/wp-content\/uploads\/CEC_NAPECA-Graphic-A2-1200x684-ES.png","datePublished":"2019-09-24T18:50:13+00:00","dateModified":"2025-12-12T19:10:46+00:00","description":"The seventh cycle of the NAPECA grant program concluded with the selection of 10 grant recipients representing a range of communities...","breadcrumb":{"@id":"https:\/\/www.cec.org\/es\/subvenciones\/alianza-de-america-del-norte-para-la-accion-comunitaria-ambiental\/#breadcrumb"},"inLanguage":"es","potentialAction":[{"@type":"ReadAction","target":["https:\/\/www.cec.org\/es\/subvenciones\/alianza-de-america-del-norte-para-la-accion-comunitaria-ambiental\/"]}]},{"@type":"ImageObject","inLanguage":"es","@id":"https:\/\/www.cec.org\/es\/subvenciones\/alianza-de-america-del-norte-para-la-accion-comunitaria-ambiental\/#primaryimage","url":"https:\/\/www.cec.org\/wp-content\/uploads\/CEC_NAPECA-Graphic-A2-1200x684-ES.png","contentUrl":"https:\/\/www.cec.org\/wp-content\/uploads\/CEC_NAPECA-Graphic-A2-1200x684-ES.png","width":1200,"height":684},{"@type":"BreadcrumbList","@id":"https:\/\/www.cec.org\/es\/subvenciones\/alianza-de-america-del-norte-para-la-accion-comunitaria-ambiental\/#breadcrumb","itemListElement":[{"@type":"ListItem","position":1,"name":"Inicio","item":"https:\/\/www.cec.org\/es\/"},{"@type":"ListItem","position":2,"name":"Subvenciones","item":"https:\/\/www.cec.org\/es\/subvenciones\/"},{"@type":"ListItem","position":3,"name":"Alianza de Am\u00e9rica del Norte para la Acci\u00f3n Comunitaria Ambiental"}]},{"@type":"WebSite","@id":"https:\/\/www.cec.org\/es\/#website","url":"https:\/\/www.cec.org\/es\/","name":"Commission for Environmental Cooperation","description":"Three countries working together to protect our shared environment","alternateName":"CEC - CCA -CCE","potentialAction":[{"@type":"SearchAction","target":{"@type":"EntryPoint","urlTemplate":"https:\/\/www.cec.org\/es\/?s={search_term_string}"},"query-input":{"@type":"PropertyValueSpecification","valueRequired":true,"valueName":"search_term_string"}}],"inLanguage":"es"}]}},"_links":{"self":[{"href":"https:\/\/www.cec.org\/es\/wp-json\/wp\/v2\/pages\/28863","targetHints":{"allow":["GET"]}}],"collection":[{"href":"https:\/\/www.cec.org\/es\/wp-json\/wp\/v2\/pages"}],"about":[{"href":"https:\/\/www.cec.org\/es\/wp-json\/wp\/v2\/types\/page"}],"author":[{"embeddable":true,"href":"https:\/\/www.cec.org\/es\/wp-json\/wp\/v2\/users\/1"}],"replies":[{"embeddable":true,"href":"https:\/\/www.cec.org\/es\/wp-json\/wp\/v2\/comments?post=28863"}],"version-history":[{"count":15,"href":"https:\/\/www.cec.org\/es\/wp-json\/wp\/v2\/pages\/28863\/revisions"}],"predecessor-version":[{"id":61131,"href":"https:\/\/www.cec.org\/es\/wp-json\/wp\/v2\/pages\/28863\/revisions\/61131"}],"up":[{"embeddable":true,"href":"https:\/\/www.cec.org\/es\/wp-json\/wp\/v2\/pages\/46587"}],"wp:featuredmedia":[{"embeddable":true,"href":"https:\/\/www.cec.org\/es\/wp-json\/wp\/v2\/media\/61130"}],"wp:attachment":[{"href":"https:\/\/www.cec.org\/es\/wp-json\/wp\/v2\/media?parent=28863"}],"curies":[{"name":"wp","href":"https:\/\/api.w.org\/{rel}","templated":true}]}}