{"id":28859,"date":"2019-10-15T10:30:52","date_gmt":"2019-10-15T14:30:52","guid":{"rendered":"http:\/\/www.cec.org\/acerca-de-la-cca\/comite-consultivo-publico-conjunto\/"},"modified":"2025-10-26T16:54:47","modified_gmt":"2025-10-26T20:54:47","slug":"comite-consultivo-publico-conjunto","status":"publish","type":"page","link":"https:\/\/www.cec.org\/es\/acerca-de-la-cca\/comite-consultivo-publico-conjunto\/","title":{"rendered":"Comit\u00e9 Consultivo P\u00fablico Conjunto"},"content":{"rendered":"<p>El Comit\u00e9 Consultivo P\u00fablico Conjunto (CCPC), integrado por nueve ciudadanos, tres de cada pa\u00eds (Canad\u00e1, M\u00e9xico y Estados Unidos), hace recomendaciones al Consejo sobre un amplio abanico de asuntos ambientales en la esfera del Acuerdo de Cooperaci\u00f3n Ambiental.<\/p>\n<p>&nbsp;<\/p>\n","protected":false},"excerpt":{"rendered":"<p>El Comit\u00e9 Consultivo P\u00fablico Conjunto (CCPC), integrado por nueve ciudadanos, tres de cada pa\u00eds (Canad\u00e1, M\u00e9xico y Estados Unidos), hace recomendaciones al Consejo sobre un amplio abanico de asuntos ambientales en la esfera del Acuerdo de Cooperaci\u00f3n Ambiental. &nbsp;<\/p>\n","protected":false},"author":1,"featured_media":57659,"parent":28356,"menu_order":0,"comment_status":"closed","ping_status":"closed","template":"page-jpac.php","meta":{"_acf_changed":false,"footnotes":""},"class_list":["post-28859","page","type-page","status-publish","has-post-thumbnail","hentry"],"acf":[],"yoast_head":"<!-- This site is optimized with the Yoast SEO Premium plugin v27.0 (Yoast SEO v27.0) - https:\/\/yoast.com\/product\/yoast-seo-premium-wordpress\/ -->\n<title>Comit\u00e9 Consultivo P\u00fablico Conjunto (CCPM)<\/title>\n<meta name=\"description\" content=\"El Comit\u00e9 Consultivo P\u00fablico Conjunto (CCPC) hace recomendaciones al Consejo sobre un amplio abanico de asuntos ambientales.\" \/>\n<meta name=\"robots\" content=\"index, follow, max-snippet:-1, max-image-preview:large, max-video-preview:-1\" \/>\n<link rel=\"canonical\" href=\"https:\/\/www.cec.org\/es\/acerca-de-la-cca\/comite-consultivo-publico-conjunto\/\" \/>\n<meta property=\"og:locale\" content=\"es_ES\" \/>\n<meta property=\"og:type\" content=\"article\" \/>\n<meta property=\"og:title\" content=\"Comit\u00e9 Consultivo P\u00fablico Conjunto\" \/>\n<meta property=\"og:description\" content=\"El Comit\u00e9 Consultivo P\u00fablico Conjunto (CCPC), integrado por nueve ciudadanos, tres de cada pa\u00eds (Canad\u00e1, M\u00e9xico y Estados Unidos), hace recomendaciones al\" \/>\n<meta property=\"og:url\" content=\"https:\/\/www.cec.org\/es\/acerca-de-la-cca\/comite-consultivo-publico-conjunto\/\" \/>\n<meta property=\"og:site_name\" content=\"Comisi\u00f3n para la Cooperaci\u00f3n Ambiental\" \/>\n<meta property=\"article:publisher\" content=\"https:\/\/www.facebook.com\/CECconnect\" \/>\n<meta property=\"article:modified_time\" content=\"2025-10-26T20:54:47+00:00\" \/>\n<meta property=\"og:image\" content=\"https:\/\/www.cec.org\/wp-content\/uploads\/jpac.webp\" \/>\n\t<meta property=\"og:image:width\" content=\"1200\" \/>\n\t<meta property=\"og:image:height\" content=\"684\" \/>\n\t<meta property=\"og:image:type\" content=\"image\/webp\" \/>\n<meta name=\"twitter:card\" content=\"summary_large_image\" \/>\n<meta name=\"twitter:site\" content=\"@CECweb\" \/>\n<script type=\"application\/ld+json\" class=\"yoast-schema-graph\">{\"@context\":\"https:\/\/schema.org\",\"@graph\":[{\"@type\":\"WebPage\",\"@id\":\"https:\/\/www.cec.org\/es\/acerca-de-la-cca\/comite-consultivo-publico-conjunto\/\",\"url\":\"https:\/\/www.cec.org\/es\/acerca-de-la-cca\/comite-consultivo-publico-conjunto\/\",\"name\":\"Comit\u00e9 Consultivo P\u00fablico Conjunto (CCPM)\",\"isPartOf\":{\"@id\":\"https:\/\/www.cec.org\/es\/#website\"},\"primaryImageOfPage\":{\"@id\":\"https:\/\/www.cec.org\/es\/acerca-de-la-cca\/comite-consultivo-publico-conjunto\/#primaryimage\"},\"image\":{\"@id\":\"https:\/\/www.cec.org\/es\/acerca-de-la-cca\/comite-consultivo-publico-conjunto\/#primaryimage\"},\"thumbnailUrl\":\"https:\/\/www.cec.org\/wp-content\/uploads\/jpac.webp\",\"datePublished\":\"2019-10-15T14:30:52+00:00\",\"dateModified\":\"2025-10-26T20:54:47+00:00\",\"description\":\"El Comit\u00e9 Consultivo P\u00fablico Conjunto (CCPC) hace recomendaciones al Consejo sobre un amplio abanico de asuntos ambientales.\",\"breadcrumb\":{\"@id\":\"https:\/\/www.cec.org\/es\/acerca-de-la-cca\/comite-consultivo-publico-conjunto\/#breadcrumb\"},\"inLanguage\":\"es\",\"potentialAction\":[{\"@type\":\"ReadAction\",\"target\":[\"https:\/\/www.cec.org\/es\/acerca-de-la-cca\/comite-consultivo-publico-conjunto\/\"]}]},{\"@type\":\"ImageObject\",\"inLanguage\":\"es\",\"@id\":\"https:\/\/www.cec.org\/es\/acerca-de-la-cca\/comite-consultivo-publico-conjunto\/#primaryimage\",\"url\":\"https:\/\/www.cec.org\/wp-content\/uploads\/jpac.webp\",\"contentUrl\":\"https:\/\/www.cec.org\/wp-content\/uploads\/jpac.webp\",\"width\":1200,\"height\":684,\"caption\":\"Speakers presenting findings before the Joint Public Advisory Committee\"},{\"@type\":\"BreadcrumbList\",\"@id\":\"https:\/\/www.cec.org\/es\/acerca-de-la-cca\/comite-consultivo-publico-conjunto\/#breadcrumb\",\"itemListElement\":[{\"@type\":\"ListItem\",\"position\":1,\"name\":\"Inicio\",\"item\":\"https:\/\/www.cec.org\/es\/\"},{\"@type\":\"ListItem\",\"position\":2,\"name\":\"Acerca de la CCA\",\"item\":\"https:\/\/www.cec.org\/es\/about\/\"},{\"@type\":\"ListItem\",\"position\":3,\"name\":\"Comit\u00e9 Consultivo P\u00fablico Conjunto\"}]},{\"@type\":\"WebSite\",\"@id\":\"https:\/\/www.cec.org\/es\/#website\",\"url\":\"https:\/\/www.cec.org\/es\/\",\"name\":\"Commission for Environmental Cooperation\",\"description\":\"Three countries working together to protect our shared environment\",\"alternateName\":\"CEC - CCA -CCE\",\"potentialAction\":[{\"@type\":\"SearchAction\",\"target\":{\"@type\":\"EntryPoint\",\"urlTemplate\":\"https:\/\/www.cec.org\/es\/?s={search_term_string}\"},\"query-input\":{\"@type\":\"PropertyValueSpecification\",\"valueRequired\":true,\"valueName\":\"search_term_string\"}}],\"inLanguage\":\"es\"}]}<\/script>\n<!-- \/ Yoast SEO Premium plugin. -->","yoast_head_json":{"title":"Comit\u00e9 Consultivo P\u00fablico Conjunto (CCPM)","description":"El Comit\u00e9 Consultivo P\u00fablico Conjunto (CCPC) hace recomendaciones al Consejo sobre un amplio abanico de asuntos ambientales.","robots":{"index":"index","follow":"follow","max-snippet":"max-snippet:-1","max-image-preview":"max-image-preview:large","max-video-preview":"max-video-preview:-1"},"canonical":"https:\/\/www.cec.org\/es\/acerca-de-la-cca\/comite-consultivo-publico-conjunto\/","og_locale":"es_ES","og_type":"article","og_title":"Comit\u00e9 Consultivo P\u00fablico Conjunto","og_description":"El Comit\u00e9 Consultivo P\u00fablico Conjunto (CCPC), integrado por nueve ciudadanos, tres de cada pa\u00eds (Canad\u00e1, M\u00e9xico y Estados Unidos), hace recomendaciones al","og_url":"https:\/\/www.cec.org\/es\/acerca-de-la-cca\/comite-consultivo-publico-conjunto\/","og_site_name":"Comisi\u00f3n para la Cooperaci\u00f3n Ambiental","article_publisher":"https:\/\/www.facebook.com\/CECconnect","article_modified_time":"2025-10-26T20:54:47+00:00","og_image":[{"width":1200,"height":684,"url":"https:\/\/www.cec.org\/wp-content\/uploads\/jpac.webp","type":"image\/webp"}],"twitter_card":"summary_large_image","twitter_site":"@CECweb","schema":{"@context":"https:\/\/schema.org","@graph":[{"@type":"WebPage","@id":"https:\/\/www.cec.org\/es\/acerca-de-la-cca\/comite-consultivo-publico-conjunto\/","url":"https:\/\/www.cec.org\/es\/acerca-de-la-cca\/comite-consultivo-publico-conjunto\/","name":"Comit\u00e9 Consultivo P\u00fablico Conjunto (CCPM)","isPartOf":{"@id":"https:\/\/www.cec.org\/es\/#website"},"primaryImageOfPage":{"@id":"https:\/\/www.cec.org\/es\/acerca-de-la-cca\/comite-consultivo-publico-conjunto\/#primaryimage"},"image":{"@id":"https:\/\/www.cec.org\/es\/acerca-de-la-cca\/comite-consultivo-publico-conjunto\/#primaryimage"},"thumbnailUrl":"https:\/\/www.cec.org\/wp-content\/uploads\/jpac.webp","datePublished":"2019-10-15T14:30:52+00:00","dateModified":"2025-10-26T20:54:47+00:00","description":"El Comit\u00e9 Consultivo P\u00fablico Conjunto (CCPC) hace recomendaciones al Consejo sobre un amplio abanico de asuntos ambientales.","breadcrumb":{"@id":"https:\/\/www.cec.org\/es\/acerca-de-la-cca\/comite-consultivo-publico-conjunto\/#breadcrumb"},"inLanguage":"es","potentialAction":[{"@type":"ReadAction","target":["https:\/\/www.cec.org\/es\/acerca-de-la-cca\/comite-consultivo-publico-conjunto\/"]}]},{"@type":"ImageObject","inLanguage":"es","@id":"https:\/\/www.cec.org\/es\/acerca-de-la-cca\/comite-consultivo-publico-conjunto\/#primaryimage","url":"https:\/\/www.cec.org\/wp-content\/uploads\/jpac.webp","contentUrl":"https:\/\/www.cec.org\/wp-content\/uploads\/jpac.webp","width":1200,"height":684,"caption":"Speakers presenting findings before the Joint Public Advisory Committee"},{"@type":"BreadcrumbList","@id":"https:\/\/www.cec.org\/es\/acerca-de-la-cca\/comite-consultivo-publico-conjunto\/#breadcrumb","itemListElement":[{"@type":"ListItem","position":1,"name":"Inicio","item":"https:\/\/www.cec.org\/es\/"},{"@type":"ListItem","position":2,"name":"Acerca de la CCA","item":"https:\/\/www.cec.org\/es\/about\/"},{"@type":"ListItem","position":3,"name":"Comit\u00e9 Consultivo P\u00fablico Conjunto"}]},{"@type":"WebSite","@id":"https:\/\/www.cec.org\/es\/#website","url":"https:\/\/www.cec.org\/es\/","name":"Commission for Environmental Cooperation","description":"Three countries working together to protect our shared environment","alternateName":"CEC - CCA -CCE","potentialAction":[{"@type":"SearchAction","target":{"@type":"EntryPoint","urlTemplate":"https:\/\/www.cec.org\/es\/?s={search_term_string}"},"query-input":{"@type":"PropertyValueSpecification","valueRequired":true,"valueName":"search_term_string"}}],"inLanguage":"es"}]}},"_links":{"self":[{"href":"https:\/\/www.cec.org\/es\/wp-json\/wp\/v2\/pages\/28859","targetHints":{"allow":["GET"]}}],"collection":[{"href":"https:\/\/www.cec.org\/es\/wp-json\/wp\/v2\/pages"}],"about":[{"href":"https:\/\/www.cec.org\/es\/wp-json\/wp\/v2\/types\/page"}],"author":[{"embeddable":true,"href":"https:\/\/www.cec.org\/es\/wp-json\/wp\/v2\/users\/1"}],"replies":[{"embeddable":true,"href":"https:\/\/www.cec.org\/es\/wp-json\/wp\/v2\/comments?post=28859"}],"version-history":[{"count":3,"href":"https:\/\/www.cec.org\/es\/wp-json\/wp\/v2\/pages\/28859\/revisions"}],"predecessor-version":[{"id":48808,"href":"https:\/\/www.cec.org\/es\/wp-json\/wp\/v2\/pages\/28859\/revisions\/48808"}],"up":[{"embeddable":true,"href":"https:\/\/www.cec.org\/es\/wp-json\/wp\/v2\/pages\/28356"}],"wp:featuredmedia":[{"embeddable":true,"href":"https:\/\/www.cec.org\/es\/wp-json\/wp\/v2\/media\/57659"}],"wp:attachment":[{"href":"https:\/\/www.cec.org\/es\/wp-json\/wp\/v2\/media?parent=28859"}],"curies":[{"name":"wp","href":"https:\/\/api.w.org\/{rel}","templated":true}]}}