{"id":28499,"date":"2019-11-29T16:05:38","date_gmt":"2019-11-29T21:05:38","guid":{"rendered":"http:\/\/www.cec.org\/acerca-de-la-cca\/iniciativas-para-la-juventud\/"},"modified":"2024-07-11T13:33:00","modified_gmt":"2024-07-11T17:33:00","slug":"desafio-juvenil-para-la-innovacion","status":"publish","type":"page","link":"https:\/\/www.cec.org\/es\/temas\/participacion-juvenil\/desafio-juvenil-para-la-innovacion\/","title":{"rendered":"Desaf\u00edo Juvenil para la Innovaci\u00f3n"},"content":{"rendered":"<p>De 2017 a 2023, la CCA organiz\u00f3 el Desaf\u00edo Juvenil para la Innovaci\u00f3n, concurso anual que invitaba a la juventud de Canad\u00e1, Estados Unidos y M\u00e9xico a proponer ideas y soluciones innovadoras encaminadas a mejorar tanto el medio ambiente como la econom\u00eda en Am\u00e9rica del Norte.<\/p>\n","protected":false},"excerpt":{"rendered":"<p>De 2017 a 2023, la CCA organiz\u00f3 el Desaf\u00edo Juvenil para la Innovaci\u00f3n, concurso anual que invitaba a la juventud de Canad\u00e1, Estados Unidos y M\u00e9xico a proponer ideas y soluciones innovadoras encaminadas a mejorar tanto el medio ambiente como la econom\u00eda en Am\u00e9rica del Norte.<\/p>\n","protected":false},"author":1,"featured_media":46814,"parent":48990,"menu_order":0,"comment_status":"closed","ping_status":"closed","template":"page-yic.php","meta":{"_acf_changed":false,"footnotes":""},"class_list":["post-28499","page","type-page","status-publish","has-post-thumbnail","hentry"],"acf":[],"yoast_head":"<!-- This site is optimized with the Yoast SEO Premium plugin v27.0 (Yoast SEO v27.0) - https:\/\/yoast.com\/product\/yoast-seo-premium-wordpress\/ -->\n<title>Iniciativas para la juventud<\/title>\n<meta name=\"description\" content=\"Iniciativas dirigidas a los j\u00f3venes con el prop\u00f3sito de animar a la siguiente generaci\u00f3n de l\u00edderes a aplicar su conocimiento y creatividad para resolver desaf\u00edos ambientales\" \/>\n<meta name=\"robots\" content=\"index, follow, max-snippet:-1, max-image-preview:large, max-video-preview:-1\" \/>\n<link rel=\"canonical\" href=\"https:\/\/www.cec.org\/es\/temas\/participacion-juvenil\/desafio-juvenil-para-la-innovacion\/\" \/>\n<meta property=\"og:locale\" content=\"es_ES\" \/>\n<meta property=\"og:type\" content=\"article\" \/>\n<meta property=\"og:title\" content=\"Desaf\u00edo Juvenil para la Innovaci\u00f3n\" \/>\n<meta property=\"og:description\" content=\"De 2017 a 2023, la CCA organiz\u00f3 el Desaf\u00edo Juvenil para la Innovaci\u00f3n, concurso anual que invitaba a la juventud de Canad\u00e1, Estados Unidos y M\u00e9xico a\" \/>\n<meta property=\"og:url\" content=\"https:\/\/www.cec.org\/es\/temas\/participacion-juvenil\/desafio-juvenil-para-la-innovacion\/\" \/>\n<meta property=\"og:site_name\" content=\"Comisi\u00f3n para la Cooperaci\u00f3n Ambiental\" \/>\n<meta property=\"article:publisher\" content=\"https:\/\/www.facebook.com\/CECconnect\" \/>\n<meta property=\"article:modified_time\" content=\"2024-07-11T17:33:00+00:00\" \/>\n<meta property=\"og:image\" content=\"https:\/\/www.cec.org\/wp-content\/uploads\/yic-thumbnail-3.jpg\" \/>\n\t<meta property=\"og:image:width\" content=\"600\" \/>\n\t<meta property=\"og:image:height\" content=\"342\" \/>\n\t<meta property=\"og:image:type\" content=\"image\/jpeg\" \/>\n<meta name=\"twitter:card\" content=\"summary_large_image\" \/>\n<meta name=\"twitter:site\" content=\"@CECweb\" \/>\n<script type=\"application\/ld+json\" class=\"yoast-schema-graph\">{\"@context\":\"https:\/\/schema.org\",\"@graph\":[{\"@type\":\"WebPage\",\"@id\":\"https:\/\/www.cec.org\/es\/temas\/participacion-juvenil\/desafio-juvenil-para-la-innovacion\/\",\"url\":\"https:\/\/www.cec.org\/es\/temas\/participacion-juvenil\/desafio-juvenil-para-la-innovacion\/\",\"name\":\"Iniciativas para la juventud\",\"isPartOf\":{\"@id\":\"https:\/\/www.cec.org\/es\/#website\"},\"primaryImageOfPage\":{\"@id\":\"https:\/\/www.cec.org\/es\/temas\/participacion-juvenil\/desafio-juvenil-para-la-innovacion\/#primaryimage\"},\"image\":{\"@id\":\"https:\/\/www.cec.org\/es\/temas\/participacion-juvenil\/desafio-juvenil-para-la-innovacion\/#primaryimage\"},\"thumbnailUrl\":\"https:\/\/www.cec.org\/wp-content\/uploads\/yic-thumbnail-3.jpg\",\"datePublished\":\"2019-11-29T21:05:38+00:00\",\"dateModified\":\"2024-07-11T17:33:00+00:00\",\"description\":\"Iniciativas dirigidas a los j\u00f3venes con el prop\u00f3sito de animar a la siguiente generaci\u00f3n de l\u00edderes a aplicar su conocimiento y creatividad para resolver desaf\u00edos ambientales\",\"breadcrumb\":{\"@id\":\"https:\/\/www.cec.org\/es\/temas\/participacion-juvenil\/desafio-juvenil-para-la-innovacion\/#breadcrumb\"},\"inLanguage\":\"es\",\"potentialAction\":[{\"@type\":\"ReadAction\",\"target\":[\"https:\/\/www.cec.org\/es\/temas\/participacion-juvenil\/desafio-juvenil-para-la-innovacion\/\"]}]},{\"@type\":\"ImageObject\",\"inLanguage\":\"es\",\"@id\":\"https:\/\/www.cec.org\/es\/temas\/participacion-juvenil\/desafio-juvenil-para-la-innovacion\/#primaryimage\",\"url\":\"https:\/\/www.cec.org\/wp-content\/uploads\/yic-thumbnail-3.jpg\",\"contentUrl\":\"https:\/\/www.cec.org\/wp-content\/uploads\/yic-thumbnail-3.jpg\",\"width\":600,\"height\":342,\"caption\":\"Desaf\u00edo Juvenil para la Innovaci\u00f3n\"},{\"@type\":\"BreadcrumbList\",\"@id\":\"https:\/\/www.cec.org\/es\/temas\/participacion-juvenil\/desafio-juvenil-para-la-innovacion\/#breadcrumb\",\"itemListElement\":[{\"@type\":\"ListItem\",\"position\":1,\"name\":\"Inicio\",\"item\":\"https:\/\/www.cec.org\/es\/\"},{\"@type\":\"ListItem\",\"position\":2,\"name\":\"Temas\",\"item\":\"https:\/\/www.cec.org\/es\/temas\/\"},{\"@type\":\"ListItem\",\"position\":3,\"name\":\"Participaci\u00f3n Juvenil\",\"item\":\"https:\/\/www.cec.org\/es\/topics\/youth-engagement\/\"},{\"@type\":\"ListItem\",\"position\":4,\"name\":\"Desaf\u00edo Juvenil para la Innovaci\u00f3n\"}]},{\"@type\":\"WebSite\",\"@id\":\"https:\/\/www.cec.org\/es\/#website\",\"url\":\"https:\/\/www.cec.org\/es\/\",\"name\":\"Commission for Environmental Cooperation\",\"description\":\"Three countries working together to protect our shared environment\",\"alternateName\":\"CEC - CCA -CCE\",\"potentialAction\":[{\"@type\":\"SearchAction\",\"target\":{\"@type\":\"EntryPoint\",\"urlTemplate\":\"https:\/\/www.cec.org\/es\/?s={search_term_string}\"},\"query-input\":{\"@type\":\"PropertyValueSpecification\",\"valueRequired\":true,\"valueName\":\"search_term_string\"}}],\"inLanguage\":\"es\"}]}<\/script>\n<!-- \/ Yoast SEO Premium plugin. -->","yoast_head_json":{"title":"Iniciativas para la juventud","description":"Iniciativas dirigidas a los j\u00f3venes con el prop\u00f3sito de animar a la siguiente generaci\u00f3n de l\u00edderes a aplicar su conocimiento y creatividad para resolver desaf\u00edos ambientales","robots":{"index":"index","follow":"follow","max-snippet":"max-snippet:-1","max-image-preview":"max-image-preview:large","max-video-preview":"max-video-preview:-1"},"canonical":"https:\/\/www.cec.org\/es\/temas\/participacion-juvenil\/desafio-juvenil-para-la-innovacion\/","og_locale":"es_ES","og_type":"article","og_title":"Desaf\u00edo Juvenil para la Innovaci\u00f3n","og_description":"De 2017 a 2023, la CCA organiz\u00f3 el Desaf\u00edo Juvenil para la Innovaci\u00f3n, concurso anual que invitaba a la juventud de Canad\u00e1, Estados Unidos y M\u00e9xico a","og_url":"https:\/\/www.cec.org\/es\/temas\/participacion-juvenil\/desafio-juvenil-para-la-innovacion\/","og_site_name":"Comisi\u00f3n para la Cooperaci\u00f3n Ambiental","article_publisher":"https:\/\/www.facebook.com\/CECconnect","article_modified_time":"2024-07-11T17:33:00+00:00","og_image":[{"width":600,"height":342,"url":"https:\/\/www.cec.org\/wp-content\/uploads\/yic-thumbnail-3.jpg","type":"image\/jpeg"}],"twitter_card":"summary_large_image","twitter_site":"@CECweb","schema":{"@context":"https:\/\/schema.org","@graph":[{"@type":"WebPage","@id":"https:\/\/www.cec.org\/es\/temas\/participacion-juvenil\/desafio-juvenil-para-la-innovacion\/","url":"https:\/\/www.cec.org\/es\/temas\/participacion-juvenil\/desafio-juvenil-para-la-innovacion\/","name":"Iniciativas para la juventud","isPartOf":{"@id":"https:\/\/www.cec.org\/es\/#website"},"primaryImageOfPage":{"@id":"https:\/\/www.cec.org\/es\/temas\/participacion-juvenil\/desafio-juvenil-para-la-innovacion\/#primaryimage"},"image":{"@id":"https:\/\/www.cec.org\/es\/temas\/participacion-juvenil\/desafio-juvenil-para-la-innovacion\/#primaryimage"},"thumbnailUrl":"https:\/\/www.cec.org\/wp-content\/uploads\/yic-thumbnail-3.jpg","datePublished":"2019-11-29T21:05:38+00:00","dateModified":"2024-07-11T17:33:00+00:00","description":"Iniciativas dirigidas a los j\u00f3venes con el prop\u00f3sito de animar a la siguiente generaci\u00f3n de l\u00edderes a aplicar su conocimiento y creatividad para resolver desaf\u00edos ambientales","breadcrumb":{"@id":"https:\/\/www.cec.org\/es\/temas\/participacion-juvenil\/desafio-juvenil-para-la-innovacion\/#breadcrumb"},"inLanguage":"es","potentialAction":[{"@type":"ReadAction","target":["https:\/\/www.cec.org\/es\/temas\/participacion-juvenil\/desafio-juvenil-para-la-innovacion\/"]}]},{"@type":"ImageObject","inLanguage":"es","@id":"https:\/\/www.cec.org\/es\/temas\/participacion-juvenil\/desafio-juvenil-para-la-innovacion\/#primaryimage","url":"https:\/\/www.cec.org\/wp-content\/uploads\/yic-thumbnail-3.jpg","contentUrl":"https:\/\/www.cec.org\/wp-content\/uploads\/yic-thumbnail-3.jpg","width":600,"height":342,"caption":"Desaf\u00edo Juvenil para la Innovaci\u00f3n"},{"@type":"BreadcrumbList","@id":"https:\/\/www.cec.org\/es\/temas\/participacion-juvenil\/desafio-juvenil-para-la-innovacion\/#breadcrumb","itemListElement":[{"@type":"ListItem","position":1,"name":"Inicio","item":"https:\/\/www.cec.org\/es\/"},{"@type":"ListItem","position":2,"name":"Temas","item":"https:\/\/www.cec.org\/es\/temas\/"},{"@type":"ListItem","position":3,"name":"Participaci\u00f3n Juvenil","item":"https:\/\/www.cec.org\/es\/topics\/youth-engagement\/"},{"@type":"ListItem","position":4,"name":"Desaf\u00edo Juvenil para la Innovaci\u00f3n"}]},{"@type":"WebSite","@id":"https:\/\/www.cec.org\/es\/#website","url":"https:\/\/www.cec.org\/es\/","name":"Commission for Environmental Cooperation","description":"Three countries working together to protect our shared environment","alternateName":"CEC - CCA -CCE","potentialAction":[{"@type":"SearchAction","target":{"@type":"EntryPoint","urlTemplate":"https:\/\/www.cec.org\/es\/?s={search_term_string}"},"query-input":{"@type":"PropertyValueSpecification","valueRequired":true,"valueName":"search_term_string"}}],"inLanguage":"es"}]}},"_links":{"self":[{"href":"https:\/\/www.cec.org\/es\/wp-json\/wp\/v2\/pages\/28499","targetHints":{"allow":["GET"]}}],"collection":[{"href":"https:\/\/www.cec.org\/es\/wp-json\/wp\/v2\/pages"}],"about":[{"href":"https:\/\/www.cec.org\/es\/wp-json\/wp\/v2\/types\/page"}],"author":[{"embeddable":true,"href":"https:\/\/www.cec.org\/es\/wp-json\/wp\/v2\/users\/1"}],"replies":[{"embeddable":true,"href":"https:\/\/www.cec.org\/es\/wp-json\/wp\/v2\/comments?post=28499"}],"version-history":[{"count":4,"href":"https:\/\/www.cec.org\/es\/wp-json\/wp\/v2\/pages\/28499\/revisions"}],"predecessor-version":[{"id":54366,"href":"https:\/\/www.cec.org\/es\/wp-json\/wp\/v2\/pages\/28499\/revisions\/54366"}],"up":[{"embeddable":true,"href":"https:\/\/www.cec.org\/es\/wp-json\/wp\/v2\/pages\/48990"}],"wp:featuredmedia":[{"embeddable":true,"href":"https:\/\/www.cec.org\/es\/wp-json\/wp\/v2\/media\/46814"}],"wp:attachment":[{"href":"https:\/\/www.cec.org\/es\/wp-json\/wp\/v2\/media?parent=28499"}],"curies":[{"name":"wp","href":"https:\/\/api.w.org\/{rel}","templated":true}]}}