{"id":28356,"date":"2019-08-20T16:57:03","date_gmt":"2019-08-20T20:57:03","guid":{"rendered":"http:\/\/www.cec.org\/acerca-de-la-cca\/"},"modified":"2026-01-22T11:50:33","modified_gmt":"2026-01-22T16:50:33","slug":"acerca-de-la-cca","status":"publish","type":"page","link":"https:\/\/www.cec.org\/es\/acerca-de-la-cca\/","title":{"rendered":"Acerca de la CCA"},"content":{"rendered":"<p>En el contexto de los v\u00ednculos medioambientales, econ\u00f3micos y sociales entre Canad\u00e1, Estados Unidos y M\u00e9xico, la CCA facilita la cooperaci\u00f3n efectiva y la participaci\u00f3n ciudadana en los esfuerzos de conservaci\u00f3n, protecci\u00f3n y mejoramiento del medio ambiente de Am\u00e9rica del Norte, para apoyar el desarrollo sustentable en beneficio de las generaciones presentes y futuras.<\/p>\n<h3>Financiamiento<\/h3>\n<p>La CCA recibe apoyo financiero de los gobiernos de: Canad\u00e1, a trav\u00e9s de su <a href=\"https:\/\/www.canada.ca\/en\/environment-climate-change.html\">ministerio de Medio Ambiente y Cambio Clim\u00e1tico<\/a>; los Estados Unidos de Am\u00e9rica, por medio de la <a href=\"https:\/\/www.epa.gov\/\">Agencia de Protecci\u00f3n Ambiental<\/a>, y los Estados Unidos Mexicanos, mediante la <a href=\"https:\/\/www.gob.mx\/semarnat\">Secretar\u00eda de Medio Ambiente y Recursos Naturales<\/a>.<\/p>\n","protected":false},"excerpt":{"rendered":"<p>En el contexto de los v\u00ednculos medioambientales, econ\u00f3micos y sociales entre Canad\u00e1, Estados Unidos y M\u00e9xico, la CCA facilita la cooperaci\u00f3n efectiva y la participaci\u00f3n ciudadana en los esfuerzos de conservaci\u00f3n, protecci\u00f3n y mejoramiento del medio ambiente de Am\u00e9rica del Norte, para apoyar el desarrollo sustentable en beneficio de las generaciones presentes y futuras. Financiamiento [&hellip;]<\/p>\n","protected":false},"author":1,"featured_media":0,"parent":0,"menu_order":0,"comment_status":"closed","ping_status":"closed","template":"page-about.php","meta":{"_acf_changed":false,"footnotes":""},"class_list":["post-28356","page","type-page","status-publish","hentry"],"acf":[],"yoast_head":"<!-- This site is optimized with the Yoast SEO Premium plugin v27.4 (Yoast SEO v27.4) - https:\/\/yoast.com\/product\/yoast-seo-premium-wordpress\/ -->\n<title>Acerca de la CCA the CEC &#8211; Comisi\u00f3n para la Cooperaci\u00f3n Ambiental<\/title>\n<meta name=\"description\" content=\"The CEC facilitates effective cooperation and public participation to conserve, protect and enhance the North American environment\" \/>\n<meta name=\"robots\" content=\"index, follow, max-snippet:-1, max-image-preview:large, max-video-preview:-1\" \/>\n<link rel=\"canonical\" href=\"https:\/\/www.cec.org\/es\/acerca-de-la-cca\/\" \/>\n<meta property=\"og:locale\" content=\"es_ES\" \/>\n<meta property=\"og:type\" content=\"article\" \/>\n<meta property=\"og:title\" content=\"Acerca de la CCA\" \/>\n<meta property=\"og:description\" content=\"En el contexto de los v\u00ednculos medioambientales, econ\u00f3micos y sociales entre Canad\u00e1, Estados Unidos y M\u00e9xico, la CCA facilita la cooperaci\u00f3n efectiva y la\" \/>\n<meta property=\"og:url\" content=\"https:\/\/www.cec.org\/es\/acerca-de-la-cca\/\" \/>\n<meta property=\"og:site_name\" content=\"Comisi\u00f3n para la Cooperaci\u00f3n Ambiental\" \/>\n<meta property=\"article:publisher\" content=\"https:\/\/www.facebook.com\/CECconnect\" \/>\n<meta property=\"article:modified_time\" content=\"2026-01-22T16:50:33+00:00\" \/>\n<meta property=\"og:image\" content=\"https:\/\/www.cec.org\/wp-content\/uploads\/cec-cover2023.webp\" \/>\n\t<meta property=\"og:image:width\" content=\"1200\" \/>\n\t<meta property=\"og:image:height\" content=\"630\" \/>\n\t<meta property=\"og:image:type\" content=\"image\/webp\" \/>\n<meta name=\"twitter:card\" content=\"summary_large_image\" \/>\n<meta name=\"twitter:site\" content=\"@CECweb\" \/>\n<script type=\"application\/ld+json\" class=\"yoast-schema-graph\">{\"@context\":\"https:\\\/\\\/schema.org\",\"@graph\":[{\"@type\":\"WebPage\",\"@id\":\"https:\\\/\\\/www.cec.org\\\/es\\\/acerca-de-la-cca\\\/\",\"url\":\"https:\\\/\\\/www.cec.org\\\/es\\\/acerca-de-la-cca\\\/\",\"name\":\"Acerca de la CCA the CEC &#8211; Comisi\u00f3n para la Cooperaci\u00f3n Ambiental\",\"isPartOf\":{\"@id\":\"https:\\\/\\\/www.cec.org\\\/es\\\/#website\"},\"datePublished\":\"2019-08-20T20:57:03+00:00\",\"dateModified\":\"2026-01-22T16:50:33+00:00\",\"description\":\"The CEC facilitates effective cooperation and public participation to conserve, protect and enhance the North American environment\",\"breadcrumb\":{\"@id\":\"https:\\\/\\\/www.cec.org\\\/es\\\/acerca-de-la-cca\\\/#breadcrumb\"},\"inLanguage\":\"es\",\"potentialAction\":[{\"@type\":\"ReadAction\",\"target\":[\"https:\\\/\\\/www.cec.org\\\/es\\\/acerca-de-la-cca\\\/\"]}]},{\"@type\":\"BreadcrumbList\",\"@id\":\"https:\\\/\\\/www.cec.org\\\/es\\\/acerca-de-la-cca\\\/#breadcrumb\",\"itemListElement\":[{\"@type\":\"ListItem\",\"position\":1,\"name\":\"Inicio\",\"item\":\"https:\\\/\\\/www.cec.org\\\/es\\\/\"},{\"@type\":\"ListItem\",\"position\":2,\"name\":\"Acerca de la CCA\"}]},{\"@type\":\"WebSite\",\"@id\":\"https:\\\/\\\/www.cec.org\\\/es\\\/#website\",\"url\":\"https:\\\/\\\/www.cec.org\\\/es\\\/\",\"name\":\"Commission for Environmental Cooperation\",\"description\":\"Three countries working together to protect our shared environment\",\"alternateName\":\"CEC - CCA -CCE\",\"potentialAction\":[{\"@type\":\"SearchAction\",\"target\":{\"@type\":\"EntryPoint\",\"urlTemplate\":\"https:\\\/\\\/www.cec.org\\\/es\\\/?s={search_term_string}\"},\"query-input\":{\"@type\":\"PropertyValueSpecification\",\"valueRequired\":true,\"valueName\":\"search_term_string\"}}],\"inLanguage\":\"es\"}]}<\/script>\n<!-- \/ Yoast SEO Premium plugin. -->","yoast_head_json":{"title":"Acerca de la CCA the CEC &#8211; Comisi\u00f3n para la Cooperaci\u00f3n Ambiental","description":"The CEC facilitates effective cooperation and public participation to conserve, protect and enhance the North American environment","robots":{"index":"index","follow":"follow","max-snippet":"max-snippet:-1","max-image-preview":"max-image-preview:large","max-video-preview":"max-video-preview:-1"},"canonical":"https:\/\/www.cec.org\/es\/acerca-de-la-cca\/","og_locale":"es_ES","og_type":"article","og_title":"Acerca de la CCA","og_description":"En el contexto de los v\u00ednculos medioambientales, econ\u00f3micos y sociales entre Canad\u00e1, Estados Unidos y M\u00e9xico, la CCA facilita la cooperaci\u00f3n efectiva y la","og_url":"https:\/\/www.cec.org\/es\/acerca-de-la-cca\/","og_site_name":"Comisi\u00f3n para la Cooperaci\u00f3n Ambiental","article_publisher":"https:\/\/www.facebook.com\/CECconnect","article_modified_time":"2026-01-22T16:50:33+00:00","og_image":[{"width":1200,"height":630,"url":"https:\/\/www.cec.org\/wp-content\/uploads\/cec-cover2023.webp","type":"image\/webp"}],"twitter_card":"summary_large_image","twitter_site":"@CECweb","schema":{"@context":"https:\/\/schema.org","@graph":[{"@type":"WebPage","@id":"https:\/\/www.cec.org\/es\/acerca-de-la-cca\/","url":"https:\/\/www.cec.org\/es\/acerca-de-la-cca\/","name":"Acerca de la CCA the CEC &#8211; Comisi\u00f3n para la Cooperaci\u00f3n Ambiental","isPartOf":{"@id":"https:\/\/www.cec.org\/es\/#website"},"datePublished":"2019-08-20T20:57:03+00:00","dateModified":"2026-01-22T16:50:33+00:00","description":"The CEC facilitates effective cooperation and public participation to conserve, protect and enhance the North American environment","breadcrumb":{"@id":"https:\/\/www.cec.org\/es\/acerca-de-la-cca\/#breadcrumb"},"inLanguage":"es","potentialAction":[{"@type":"ReadAction","target":["https:\/\/www.cec.org\/es\/acerca-de-la-cca\/"]}]},{"@type":"BreadcrumbList","@id":"https:\/\/www.cec.org\/es\/acerca-de-la-cca\/#breadcrumb","itemListElement":[{"@type":"ListItem","position":1,"name":"Inicio","item":"https:\/\/www.cec.org\/es\/"},{"@type":"ListItem","position":2,"name":"Acerca de la CCA"}]},{"@type":"WebSite","@id":"https:\/\/www.cec.org\/es\/#website","url":"https:\/\/www.cec.org\/es\/","name":"Commission for Environmental Cooperation","description":"Three countries working together to protect our shared environment","alternateName":"CEC - CCA -CCE","potentialAction":[{"@type":"SearchAction","target":{"@type":"EntryPoint","urlTemplate":"https:\/\/www.cec.org\/es\/?s={search_term_string}"},"query-input":{"@type":"PropertyValueSpecification","valueRequired":true,"valueName":"search_term_string"}}],"inLanguage":"es"}]}},"_links":{"self":[{"href":"https:\/\/www.cec.org\/es\/wp-json\/wp\/v2\/pages\/28356","targetHints":{"allow":["GET"]}}],"collection":[{"href":"https:\/\/www.cec.org\/es\/wp-json\/wp\/v2\/pages"}],"about":[{"href":"https:\/\/www.cec.org\/es\/wp-json\/wp\/v2\/types\/page"}],"author":[{"embeddable":true,"href":"https:\/\/www.cec.org\/es\/wp-json\/wp\/v2\/users\/1"}],"replies":[{"embeddable":true,"href":"https:\/\/www.cec.org\/es\/wp-json\/wp\/v2\/comments?post=28356"}],"version-history":[{"count":3,"href":"https:\/\/www.cec.org\/es\/wp-json\/wp\/v2\/pages\/28356\/revisions"}],"predecessor-version":[{"id":46820,"href":"https:\/\/www.cec.org\/es\/wp-json\/wp\/v2\/pages\/28356\/revisions\/46820"}],"wp:attachment":[{"href":"https:\/\/www.cec.org\/es\/wp-json\/wp\/v2\/media?parent=28356"}],"curies":[{"name":"wp","href":"https:\/\/api.w.org\/{rel}","templated":true}]}}