{"id":27580,"date":"2019-08-21T14:30:31","date_gmt":"2019-08-21T18:30:31","guid":{"rendered":"http:\/\/www.cec.org\/politica-de-privacidad\/"},"modified":"2024-07-11T13:33:08","modified_gmt":"2024-07-11T17:33:08","slug":"politica-de-privacidad","status":"publish","type":"page","link":"https:\/\/www.cec.org\/es\/politica-de-privacidad\/","title":{"rendered":"Pol\u00edtica de privacidad"},"content":{"rendered":"&#13;\n<p>La CCA tiene el compromiso de brindar a sus visitantes enlaces a sitios web que respetan la privacidad. A continuaci\u00f3n se resume la pol\u00edtica de privacidad y las pr\u00e1cticas del sitio de la CCA en Internet.<\/p>&#13;\n<h3>Informaci\u00f3n personal<\/h3>\n<ul>\n<li>El sitio web de la CCA no recopila autom\u00e1ticamente ning\u00fan tipo de informaci\u00f3n personal del usuario, como nombre, tel\u00e9fono o direcci\u00f3n de correo electr\u00f3nico. La \u00fanica forma de obtener este tipo de informaci\u00f3n ocurre cuando usted mismo nos la proporciona, ya sea al enviarnos un correo electr\u00f3nico o al presentar una petici\u00f3n ciudadana ante la CCA.<\/li>\n<\/ul>\n<h3>Directorio de la CCA<\/h3>\n<ul>\n<li>Las direcciones de correo electr\u00f3nico no se comparten con ning\u00fan tercero. Cuando un usuario solicita darse de baja, la direcci\u00f3n de correo y la informaci\u00f3n asociada se eliminan de la base de datos del Directorio.<\/li>\n<\/ul>\n<h3>Registros del sitio<\/h3>\n<ul>\n<li>La CCA rastrea la conducta de los usuarios de su sitio web con base en la informaci\u00f3n recogida mediante nuestros programas de c\u00f3mputo anal\u00edticos y registros del servidor. No rastreamos informaci\u00f3n para identificar a usuarios particulares, sino para deducir tendencias generales de uso en el sitio de la CCA.<\/li>\n<\/ul>\n<h3>Uso de cookies<\/h3>\n<ul>\n<li>La CCA emplea cookies para ayudar a que los usuarios transfieran informaci\u00f3n a diversas partes de nuestro sitio web, y tambi\u00e9n para recordar el idioma (espa\u00f1ol, franc\u00e9s o ingl\u00e9s) utilizado en la visita del usuario. Con el uso de cookies, en ning\u00fan momento recogemos o almacenamos informaci\u00f3n alguna que permita la identificaci\u00f3n personal.<\/li>\n<\/ul>\n","protected":false},"excerpt":{"rendered":"<p>&#13; La CCA tiene el compromiso de brindar a sus visitantes enlaces a sitios web que respetan la privacidad. A continuaci\u00f3n se resume la pol\u00edtica de privacidad y las pr\u00e1cticas del sitio de la CCA en Internet. &#13; Informaci\u00f3n personal El sitio web de la CCA no recopila autom\u00e1ticamente ning\u00fan tipo de informaci\u00f3n personal del [&hellip;]<\/p>\n","protected":false},"author":1,"featured_media":0,"parent":0,"menu_order":0,"comment_status":"closed","ping_status":"closed","template":"","meta":{"_acf_changed":false,"footnotes":""},"class_list":["post-27580","page","type-page","status-publish","hentry"],"acf":[],"yoast_head":"<!-- This site is optimized with the Yoast SEO Premium plugin v27.0 (Yoast SEO v27.0) - https:\/\/yoast.com\/product\/yoast-seo-premium-wordpress\/ -->\n<title>Pol\u00edtica de privacidad<\/title>\n<meta name=\"description\" content=\"&#013; La CCA tiene el compromiso de brindar a sus visitantes enlaces a sitios web que respetan la privacidad. A continuaci\u00f3n se resume la pol\u00edtica de\" \/>\n<meta name=\"robots\" content=\"index, follow, max-snippet:-1, max-image-preview:large, max-video-preview:-1\" \/>\n<link rel=\"canonical\" href=\"https:\/\/www.cec.org\/es\/politica-de-privacidad\/\" \/>\n<meta property=\"og:locale\" content=\"es_ES\" \/>\n<meta property=\"og:type\" content=\"article\" \/>\n<meta property=\"og:title\" content=\"Pol\u00edtica de privacidad\" \/>\n<meta property=\"og:description\" content=\"&#013; La CCA tiene el compromiso de brindar a sus visitantes enlaces a sitios web que respetan la privacidad. A continuaci\u00f3n se resume la pol\u00edtica de\" \/>\n<meta property=\"og:url\" content=\"https:\/\/www.cec.org\/es\/politica-de-privacidad\/\" \/>\n<meta property=\"og:site_name\" content=\"Comisi\u00f3n para la Cooperaci\u00f3n Ambiental\" \/>\n<meta property=\"article:publisher\" content=\"https:\/\/www.facebook.com\/CECconnect\" \/>\n<meta property=\"article:modified_time\" content=\"2024-07-11T17:33:08+00:00\" \/>\n<meta property=\"og:image\" content=\"https:\/\/www.cec.org\/wp-content\/uploads\/cec-cover2023.webp\" \/>\n\t<meta property=\"og:image:width\" content=\"1200\" \/>\n\t<meta property=\"og:image:height\" content=\"630\" \/>\n\t<meta property=\"og:image:type\" content=\"image\/webp\" \/>\n<meta name=\"twitter:card\" content=\"summary_large_image\" \/>\n<meta name=\"twitter:site\" content=\"@CECweb\" \/>\n<script type=\"application\/ld+json\" class=\"yoast-schema-graph\">{\"@context\":\"https:\/\/schema.org\",\"@graph\":[{\"@type\":\"WebPage\",\"@id\":\"https:\/\/www.cec.org\/es\/politica-de-privacidad\/\",\"url\":\"https:\/\/www.cec.org\/es\/politica-de-privacidad\/\",\"name\":\"Pol\u00edtica de privacidad\",\"isPartOf\":{\"@id\":\"https:\/\/www.cec.org\/es\/#website\"},\"datePublished\":\"2019-08-21T18:30:31+00:00\",\"dateModified\":\"2024-07-11T17:33:08+00:00\",\"description\":\"&#13; La CCA tiene el compromiso de brindar a sus visitantes enlaces a sitios web que respetan la privacidad. A continuaci\u00f3n se resume la pol\u00edtica de\",\"breadcrumb\":{\"@id\":\"https:\/\/www.cec.org\/es\/politica-de-privacidad\/#breadcrumb\"},\"inLanguage\":\"es\",\"potentialAction\":[{\"@type\":\"ReadAction\",\"target\":[\"https:\/\/www.cec.org\/es\/politica-de-privacidad\/\"]}]},{\"@type\":\"BreadcrumbList\",\"@id\":\"https:\/\/www.cec.org\/es\/politica-de-privacidad\/#breadcrumb\",\"itemListElement\":[{\"@type\":\"ListItem\",\"position\":1,\"name\":\"Inicio\",\"item\":\"https:\/\/www.cec.org\/es\/\"},{\"@type\":\"ListItem\",\"position\":2,\"name\":\"Pol\u00edtica de privacidad\"}]},{\"@type\":\"WebSite\",\"@id\":\"https:\/\/www.cec.org\/es\/#website\",\"url\":\"https:\/\/www.cec.org\/es\/\",\"name\":\"Commission for Environmental Cooperation\",\"description\":\"Three countries working together to protect our shared environment\",\"alternateName\":\"CEC - CCA -CCE\",\"potentialAction\":[{\"@type\":\"SearchAction\",\"target\":{\"@type\":\"EntryPoint\",\"urlTemplate\":\"https:\/\/www.cec.org\/es\/?s={search_term_string}\"},\"query-input\":{\"@type\":\"PropertyValueSpecification\",\"valueRequired\":true,\"valueName\":\"search_term_string\"}}],\"inLanguage\":\"es\"}]}<\/script>\n<!-- \/ Yoast SEO Premium plugin. -->","yoast_head_json":{"title":"Pol\u00edtica de privacidad","description":"&#13; La CCA tiene el compromiso de brindar a sus visitantes enlaces a sitios web que respetan la privacidad. A continuaci\u00f3n se resume la pol\u00edtica de","robots":{"index":"index","follow":"follow","max-snippet":"max-snippet:-1","max-image-preview":"max-image-preview:large","max-video-preview":"max-video-preview:-1"},"canonical":"https:\/\/www.cec.org\/es\/politica-de-privacidad\/","og_locale":"es_ES","og_type":"article","og_title":"Pol\u00edtica de privacidad","og_description":"&#13; La CCA tiene el compromiso de brindar a sus visitantes enlaces a sitios web que respetan la privacidad. A continuaci\u00f3n se resume la pol\u00edtica de","og_url":"https:\/\/www.cec.org\/es\/politica-de-privacidad\/","og_site_name":"Comisi\u00f3n para la Cooperaci\u00f3n Ambiental","article_publisher":"https:\/\/www.facebook.com\/CECconnect","article_modified_time":"2024-07-11T17:33:08+00:00","og_image":[{"width":1200,"height":630,"url":"https:\/\/www.cec.org\/wp-content\/uploads\/cec-cover2023.webp","type":"image\/webp"}],"twitter_card":"summary_large_image","twitter_site":"@CECweb","schema":{"@context":"https:\/\/schema.org","@graph":[{"@type":"WebPage","@id":"https:\/\/www.cec.org\/es\/politica-de-privacidad\/","url":"https:\/\/www.cec.org\/es\/politica-de-privacidad\/","name":"Pol\u00edtica de privacidad","isPartOf":{"@id":"https:\/\/www.cec.org\/es\/#website"},"datePublished":"2019-08-21T18:30:31+00:00","dateModified":"2024-07-11T17:33:08+00:00","description":"&#13; La CCA tiene el compromiso de brindar a sus visitantes enlaces a sitios web que respetan la privacidad. A continuaci\u00f3n se resume la pol\u00edtica de","breadcrumb":{"@id":"https:\/\/www.cec.org\/es\/politica-de-privacidad\/#breadcrumb"},"inLanguage":"es","potentialAction":[{"@type":"ReadAction","target":["https:\/\/www.cec.org\/es\/politica-de-privacidad\/"]}]},{"@type":"BreadcrumbList","@id":"https:\/\/www.cec.org\/es\/politica-de-privacidad\/#breadcrumb","itemListElement":[{"@type":"ListItem","position":1,"name":"Inicio","item":"https:\/\/www.cec.org\/es\/"},{"@type":"ListItem","position":2,"name":"Pol\u00edtica de privacidad"}]},{"@type":"WebSite","@id":"https:\/\/www.cec.org\/es\/#website","url":"https:\/\/www.cec.org\/es\/","name":"Commission for Environmental Cooperation","description":"Three countries working together to protect our shared environment","alternateName":"CEC - CCA -CCE","potentialAction":[{"@type":"SearchAction","target":{"@type":"EntryPoint","urlTemplate":"https:\/\/www.cec.org\/es\/?s={search_term_string}"},"query-input":{"@type":"PropertyValueSpecification","valueRequired":true,"valueName":"search_term_string"}}],"inLanguage":"es"}]}},"_links":{"self":[{"href":"https:\/\/www.cec.org\/es\/wp-json\/wp\/v2\/pages\/27580","targetHints":{"allow":["GET"]}}],"collection":[{"href":"https:\/\/www.cec.org\/es\/wp-json\/wp\/v2\/pages"}],"about":[{"href":"https:\/\/www.cec.org\/es\/wp-json\/wp\/v2\/types\/page"}],"author":[{"embeddable":true,"href":"https:\/\/www.cec.org\/es\/wp-json\/wp\/v2\/users\/1"}],"replies":[{"embeddable":true,"href":"https:\/\/www.cec.org\/es\/wp-json\/wp\/v2\/comments?post=27580"}],"version-history":[{"count":1,"href":"https:\/\/www.cec.org\/es\/wp-json\/wp\/v2\/pages\/27580\/revisions"}],"predecessor-version":[{"id":43871,"href":"https:\/\/www.cec.org\/es\/wp-json\/wp\/v2\/pages\/27580\/revisions\/43871"}],"wp:attachment":[{"href":"https:\/\/www.cec.org\/es\/wp-json\/wp\/v2\/media?parent=27580"}],"curies":[{"name":"wp","href":"https:\/\/api.w.org\/{rel}","templated":true}]}}