{"id":27574,"date":"2020-01-17T14:29:55","date_gmt":"2020-01-17T19:29:55","guid":{"rendered":"http:\/\/www.cec.org\/acuerdo-de-cooperacion-ambiental-de-america-del-norte\/"},"modified":"2025-11-28T15:41:02","modified_gmt":"2025-11-28T20:41:02","slug":"acuerdo-de-cooperacion-ambiental","status":"publish","type":"page","link":"https:\/\/www.cec.org\/es\/acerca-de-la-cca\/acuerdo-de-cooperacion-ambiental\/","title":{"rendered":"Acuerdo de Cooperaci\u00f3n Ambiental"},"content":{"rendered":"<p>El <a href=\"#eca\">Acuerdo de Cooperaci\u00f3n Ambiental<\/a> (ACA) rige a la Comisi\u00f3n para la Cooperaci\u00f3n Ambiental (CCA), y la revisi\u00f3n de su implementaci\u00f3n a cinco a\u00f1os de su entrada en vigor representa un momento clave para la continuidad del mandato de nuestra organizaci\u00f3n. Como sucesor del Acuerdo de Cooperaci\u00f3n Ambiental de Am\u00e9rica del Norte (ACAAN), el ACA reafirma el compromiso de las tres Partes con la protecci\u00f3n del medio ambiente como parte integral del intercambio comercial y el desarrollo sustentable en la regi\u00f3n.<\/p>\n<p>La revisi\u00f3n tiene por objeto formular recomendaciones que sirvan de apoyo al <a href=\"https:\/\/www.cec.org\/es\/acerca-de-la-cca\/consejo\/\">Consejo<\/a> de la CCA para mejorar el funcionamiento y la efectividad de la Comisi\u00f3n en la consecuci\u00f3n de los objetivos del ACA. Asimismo, se identificar\u00e1n mejores pr\u00e1cticas y logros en relaci\u00f3n con la aplicaci\u00f3n efectiva de la legislaci\u00f3n ambiental en los tres pa\u00edses, al igual que deficiencias y vac\u00edos en materia de implementaci\u00f3n, y los desaf\u00edos que a\u00fan persisten al respecto. Adem\u00e1s, se evaluar\u00e1 la capacidad institucional de la CCA para fomentar la participaci\u00f3n ciudadana, aumentar la transparencia y mejorar la rendici\u00f3n de cuentas. La revisi\u00f3n ofrece tambi\u00e9n una oportunidad natural para reflexionar sobre el pasado y considerar el rumbo futuro de la CCA.<\/p>\n","protected":false},"excerpt":{"rendered":"<p>El Acuerdo de Cooperaci\u00f3n Ambiental (ACA) rige a la Comisi\u00f3n para la Cooperaci\u00f3n Ambiental (CCA), y la revisi\u00f3n de su implementaci\u00f3n a cinco a\u00f1os de su entrada en vigor representa un momento clave para la continuidad del mandato de nuestra organizaci\u00f3n. Como sucesor del Acuerdo de Cooperaci\u00f3n Ambiental de Am\u00e9rica del Norte (ACAAN), el ACA [&hellip;]<\/p>\n","protected":false},"author":1,"featured_media":60835,"parent":28356,"menu_order":0,"comment_status":"closed","ping_status":"closed","template":"page-naaec.php","meta":{"_acf_changed":false,"footnotes":""},"class_list":["post-27574","page","type-page","status-publish","has-post-thumbnail","hentry"],"acf":[],"yoast_head":"<!-- This site is optimized with the Yoast SEO Premium plugin v27.4 (Yoast SEO v27.4) - https:\/\/yoast.com\/product\/yoast-seo-premium-wordpress\/ -->\n<title>Acuerdo de Cooperaci\u00f3n Ambiental &#8211; CEC<\/title>\n<meta name=\"description\" content=\"Convenio suscrito entre los gobiernos de Canad\u00e1, los Estados Unidos de Am\u00e9rica y los Estados Unidos Mexicanos\" \/>\n<meta name=\"robots\" content=\"index, follow, max-snippet:-1, max-image-preview:large, max-video-preview:-1\" \/>\n<link rel=\"canonical\" href=\"https:\/\/www.cec.org\/es\/acerca-de-la-cca\/acuerdo-de-cooperacion-ambiental\/\" \/>\n<meta property=\"og:locale\" content=\"es_ES\" \/>\n<meta property=\"og:type\" content=\"article\" \/>\n<meta property=\"og:title\" content=\"Acuerdo de Cooperaci\u00f3n Ambiental\" \/>\n<meta property=\"og:description\" content=\"El Acuerdo de Cooperaci\u00f3n Ambiental (ACA) rige a la Comisi\u00f3n para la Cooperaci\u00f3n Ambiental (CCA), y la revisi\u00f3n de su implementaci\u00f3n a cinco a\u00f1os de su\" \/>\n<meta property=\"og:url\" content=\"https:\/\/www.cec.org\/es\/acerca-de-la-cca\/acuerdo-de-cooperacion-ambiental\/\" \/>\n<meta property=\"og:site_name\" content=\"Comisi\u00f3n para la Cooperaci\u00f3n Ambiental\" \/>\n<meta property=\"article:publisher\" content=\"https:\/\/www.facebook.com\/CECconnect\" \/>\n<meta property=\"article:modified_time\" content=\"2025-11-28T20:41:02+00:00\" \/>\n<meta property=\"og:image\" content=\"https:\/\/www.cec.org\/wp-content\/uploads\/CEC_ECA-Timeline-ES.webp\" \/>\n\t<meta property=\"og:image:width\" content=\"1462\" \/>\n\t<meta property=\"og:image:height\" content=\"970\" \/>\n\t<meta property=\"og:image:type\" content=\"image\/webp\" \/>\n<meta name=\"twitter:card\" content=\"summary_large_image\" \/>\n<meta name=\"twitter:site\" content=\"@CECweb\" \/>\n<script type=\"application\/ld+json\" class=\"yoast-schema-graph\">{\"@context\":\"https:\\\/\\\/schema.org\",\"@graph\":[{\"@type\":\"WebPage\",\"@id\":\"https:\\\/\\\/www.cec.org\\\/es\\\/acerca-de-la-cca\\\/acuerdo-de-cooperacion-ambiental\\\/\",\"url\":\"https:\\\/\\\/www.cec.org\\\/es\\\/acerca-de-la-cca\\\/acuerdo-de-cooperacion-ambiental\\\/\",\"name\":\"Acuerdo de Cooperaci\u00f3n Ambiental &#8211; CEC\",\"isPartOf\":{\"@id\":\"https:\\\/\\\/www.cec.org\\\/es\\\/#website\"},\"primaryImageOfPage\":{\"@id\":\"https:\\\/\\\/www.cec.org\\\/es\\\/acerca-de-la-cca\\\/acuerdo-de-cooperacion-ambiental\\\/#primaryimage\"},\"image\":{\"@id\":\"https:\\\/\\\/www.cec.org\\\/es\\\/acerca-de-la-cca\\\/acuerdo-de-cooperacion-ambiental\\\/#primaryimage\"},\"thumbnailUrl\":\"https:\\\/\\\/www.cec.org\\\/wp-content\\\/uploads\\\/CEC_ECA-Timeline-ES.webp\",\"datePublished\":\"2020-01-17T19:29:55+00:00\",\"dateModified\":\"2025-11-28T20:41:02+00:00\",\"description\":\"Convenio suscrito entre los gobiernos de Canad\u00e1, los Estados Unidos de Am\u00e9rica y los Estados Unidos Mexicanos\",\"breadcrumb\":{\"@id\":\"https:\\\/\\\/www.cec.org\\\/es\\\/acerca-de-la-cca\\\/acuerdo-de-cooperacion-ambiental\\\/#breadcrumb\"},\"inLanguage\":\"es\",\"potentialAction\":[{\"@type\":\"ReadAction\",\"target\":[\"https:\\\/\\\/www.cec.org\\\/es\\\/acerca-de-la-cca\\\/acuerdo-de-cooperacion-ambiental\\\/\"]}]},{\"@type\":\"ImageObject\",\"inLanguage\":\"es\",\"@id\":\"https:\\\/\\\/www.cec.org\\\/es\\\/acerca-de-la-cca\\\/acuerdo-de-cooperacion-ambiental\\\/#primaryimage\",\"url\":\"https:\\\/\\\/www.cec.org\\\/wp-content\\\/uploads\\\/CEC_ECA-Timeline-ES.webp\",\"contentUrl\":\"https:\\\/\\\/www.cec.org\\\/wp-content\\\/uploads\\\/CEC_ECA-Timeline-ES.webp\",\"width\":1462,\"height\":970},{\"@type\":\"BreadcrumbList\",\"@id\":\"https:\\\/\\\/www.cec.org\\\/es\\\/acerca-de-la-cca\\\/acuerdo-de-cooperacion-ambiental\\\/#breadcrumb\",\"itemListElement\":[{\"@type\":\"ListItem\",\"position\":1,\"name\":\"Inicio\",\"item\":\"https:\\\/\\\/www.cec.org\\\/es\\\/\"},{\"@type\":\"ListItem\",\"position\":2,\"name\":\"Acerca de la CCA\",\"item\":\"https:\\\/\\\/www.cec.org\\\/es\\\/about\\\/\"},{\"@type\":\"ListItem\",\"position\":3,\"name\":\"Acuerdo de Cooperaci\u00f3n Ambiental\"}]},{\"@type\":\"WebSite\",\"@id\":\"https:\\\/\\\/www.cec.org\\\/es\\\/#website\",\"url\":\"https:\\\/\\\/www.cec.org\\\/es\\\/\",\"name\":\"Commission for Environmental Cooperation\",\"description\":\"Three countries working together to protect our shared environment\",\"alternateName\":\"CEC - CCA -CCE\",\"potentialAction\":[{\"@type\":\"SearchAction\",\"target\":{\"@type\":\"EntryPoint\",\"urlTemplate\":\"https:\\\/\\\/www.cec.org\\\/es\\\/?s={search_term_string}\"},\"query-input\":{\"@type\":\"PropertyValueSpecification\",\"valueRequired\":true,\"valueName\":\"search_term_string\"}}],\"inLanguage\":\"es\"}]}<\/script>\n<!-- \/ Yoast SEO Premium plugin. -->","yoast_head_json":{"title":"Acuerdo de Cooperaci\u00f3n Ambiental &#8211; CEC","description":"Convenio suscrito entre los gobiernos de Canad\u00e1, los Estados Unidos de Am\u00e9rica y los Estados Unidos Mexicanos","robots":{"index":"index","follow":"follow","max-snippet":"max-snippet:-1","max-image-preview":"max-image-preview:large","max-video-preview":"max-video-preview:-1"},"canonical":"https:\/\/www.cec.org\/es\/acerca-de-la-cca\/acuerdo-de-cooperacion-ambiental\/","og_locale":"es_ES","og_type":"article","og_title":"Acuerdo de Cooperaci\u00f3n Ambiental","og_description":"El Acuerdo de Cooperaci\u00f3n Ambiental (ACA) rige a la Comisi\u00f3n para la Cooperaci\u00f3n Ambiental (CCA), y la revisi\u00f3n de su implementaci\u00f3n a cinco a\u00f1os de su","og_url":"https:\/\/www.cec.org\/es\/acerca-de-la-cca\/acuerdo-de-cooperacion-ambiental\/","og_site_name":"Comisi\u00f3n para la Cooperaci\u00f3n Ambiental","article_publisher":"https:\/\/www.facebook.com\/CECconnect","article_modified_time":"2025-11-28T20:41:02+00:00","og_image":[{"width":1462,"height":970,"url":"https:\/\/www.cec.org\/wp-content\/uploads\/CEC_ECA-Timeline-ES.webp","type":"image\/webp"}],"twitter_card":"summary_large_image","twitter_site":"@CECweb","schema":{"@context":"https:\/\/schema.org","@graph":[{"@type":"WebPage","@id":"https:\/\/www.cec.org\/es\/acerca-de-la-cca\/acuerdo-de-cooperacion-ambiental\/","url":"https:\/\/www.cec.org\/es\/acerca-de-la-cca\/acuerdo-de-cooperacion-ambiental\/","name":"Acuerdo de Cooperaci\u00f3n Ambiental &#8211; CEC","isPartOf":{"@id":"https:\/\/www.cec.org\/es\/#website"},"primaryImageOfPage":{"@id":"https:\/\/www.cec.org\/es\/acerca-de-la-cca\/acuerdo-de-cooperacion-ambiental\/#primaryimage"},"image":{"@id":"https:\/\/www.cec.org\/es\/acerca-de-la-cca\/acuerdo-de-cooperacion-ambiental\/#primaryimage"},"thumbnailUrl":"https:\/\/www.cec.org\/wp-content\/uploads\/CEC_ECA-Timeline-ES.webp","datePublished":"2020-01-17T19:29:55+00:00","dateModified":"2025-11-28T20:41:02+00:00","description":"Convenio suscrito entre los gobiernos de Canad\u00e1, los Estados Unidos de Am\u00e9rica y los Estados Unidos Mexicanos","breadcrumb":{"@id":"https:\/\/www.cec.org\/es\/acerca-de-la-cca\/acuerdo-de-cooperacion-ambiental\/#breadcrumb"},"inLanguage":"es","potentialAction":[{"@type":"ReadAction","target":["https:\/\/www.cec.org\/es\/acerca-de-la-cca\/acuerdo-de-cooperacion-ambiental\/"]}]},{"@type":"ImageObject","inLanguage":"es","@id":"https:\/\/www.cec.org\/es\/acerca-de-la-cca\/acuerdo-de-cooperacion-ambiental\/#primaryimage","url":"https:\/\/www.cec.org\/wp-content\/uploads\/CEC_ECA-Timeline-ES.webp","contentUrl":"https:\/\/www.cec.org\/wp-content\/uploads\/CEC_ECA-Timeline-ES.webp","width":1462,"height":970},{"@type":"BreadcrumbList","@id":"https:\/\/www.cec.org\/es\/acerca-de-la-cca\/acuerdo-de-cooperacion-ambiental\/#breadcrumb","itemListElement":[{"@type":"ListItem","position":1,"name":"Inicio","item":"https:\/\/www.cec.org\/es\/"},{"@type":"ListItem","position":2,"name":"Acerca de la CCA","item":"https:\/\/www.cec.org\/es\/about\/"},{"@type":"ListItem","position":3,"name":"Acuerdo de Cooperaci\u00f3n Ambiental"}]},{"@type":"WebSite","@id":"https:\/\/www.cec.org\/es\/#website","url":"https:\/\/www.cec.org\/es\/","name":"Commission for Environmental Cooperation","description":"Three countries working together to protect our shared environment","alternateName":"CEC - CCA -CCE","potentialAction":[{"@type":"SearchAction","target":{"@type":"EntryPoint","urlTemplate":"https:\/\/www.cec.org\/es\/?s={search_term_string}"},"query-input":{"@type":"PropertyValueSpecification","valueRequired":true,"valueName":"search_term_string"}}],"inLanguage":"es"}]}},"_links":{"self":[{"href":"https:\/\/www.cec.org\/es\/wp-json\/wp\/v2\/pages\/27574","targetHints":{"allow":["GET"]}}],"collection":[{"href":"https:\/\/www.cec.org\/es\/wp-json\/wp\/v2\/pages"}],"about":[{"href":"https:\/\/www.cec.org\/es\/wp-json\/wp\/v2\/types\/page"}],"author":[{"embeddable":true,"href":"https:\/\/www.cec.org\/es\/wp-json\/wp\/v2\/users\/1"}],"replies":[{"embeddable":true,"href":"https:\/\/www.cec.org\/es\/wp-json\/wp\/v2\/comments?post=27574"}],"version-history":[{"count":2,"href":"https:\/\/www.cec.org\/es\/wp-json\/wp\/v2\/pages\/27574\/revisions"}],"predecessor-version":[{"id":60840,"href":"https:\/\/www.cec.org\/es\/wp-json\/wp\/v2\/pages\/27574\/revisions\/60840"}],"up":[{"embeddable":true,"href":"https:\/\/www.cec.org\/es\/wp-json\/wp\/v2\/pages\/28356"}],"wp:featuredmedia":[{"embeddable":true,"href":"https:\/\/www.cec.org\/es\/wp-json\/wp\/v2\/media\/60835"}],"wp:attachment":[{"href":"https:\/\/www.cec.org\/es\/wp-json\/wp\/v2\/media?parent=27574"}],"curies":[{"name":"wp","href":"https:\/\/api.w.org\/{rel}","templated":true}]}}