{"id":27572,"date":"2020-01-31T19:05:48","date_gmt":"2020-02-01T00:05:48","guid":{"rendered":"http:\/\/www.cec.org\/consultas-publicas\/"},"modified":"2024-07-11T13:32:35","modified_gmt":"2024-07-11T17:32:35","slug":"consultas-publicas","status":"publish","type":"page","link":"https:\/\/www.cec.org\/es\/acerca-de-la-cca\/consultas-publicas\/","title":{"rendered":"Consultas p\u00fablicas"},"content":{"rendered":"<p>Por medio de reuniones y foros abiertos, el CCPC invita con frecuencia a los ciudadanos a expresar recomendaciones, opiniones y observaciones en torno a las prioridades ambientales compartidas.<\/p>\n","protected":false},"excerpt":{"rendered":"<p>Por medio de reuniones y foros abiertos, el CCPC invita con frecuencia a los ciudadanos a expresar recomendaciones, opiniones y observaciones en torno a las prioridades ambientales compartidas.<\/p>\n","protected":false},"author":1,"featured_media":46808,"parent":28356,"menu_order":0,"comment_status":"closed","ping_status":"closed","template":"page-consultations.php","meta":{"_acf_changed":false,"footnotes":""},"class_list":["post-27572","page","type-page","status-publish","has-post-thumbnail","hentry"],"acf":[],"yoast_head":"<!-- This site is optimized with the Yoast SEO Premium plugin v27.0 (Yoast SEO v27.0) - https:\/\/yoast.com\/product\/yoast-seo-premium-wordpress\/ -->\n<title>Consultas p\u00fablicas &#8211; Comisi\u00f3n para la Cooperaci\u00f3n Ambiental<\/title>\n<meta name=\"description\" content=\"Ocasionalmente se invita a la ciudadan\u00eda a responder a solicitudes para la presentaci\u00f3n de comentarios en torno al programa de la CCA en su conjunto o sobre cuestiones relacionadas con la instrumentaci\u00f3n del ACA.\" \/>\n<meta name=\"robots\" content=\"index, follow, max-snippet:-1, max-image-preview:large, max-video-preview:-1\" \/>\n<link rel=\"canonical\" href=\"https:\/\/www.cec.org\/es\/acerca-de-la-cca\/consultas-publicas\/\" \/>\n<meta property=\"og:locale\" content=\"es_ES\" \/>\n<meta property=\"og:type\" content=\"article\" \/>\n<meta property=\"og:title\" content=\"Consultas p\u00fablicas\" \/>\n<meta property=\"og:description\" content=\"Por medio de reuniones y foros abiertos, el CCPC invita con frecuencia a los ciudadanos a expresar recomendaciones, opiniones y observaciones en torno a\" \/>\n<meta property=\"og:url\" content=\"https:\/\/www.cec.org\/es\/acerca-de-la-cca\/consultas-publicas\/\" \/>\n<meta property=\"og:site_name\" content=\"Comisi\u00f3n para la Cooperaci\u00f3n Ambiental\" \/>\n<meta property=\"article:publisher\" content=\"https:\/\/www.facebook.com\/CECconnect\" \/>\n<meta property=\"article:modified_time\" content=\"2024-07-11T17:32:35+00:00\" \/>\n<meta property=\"og:image\" content=\"https:\/\/www.cec.org\/wp-content\/uploads\/public-consultations-thumbnail2.jpg\" \/>\n\t<meta property=\"og:image:width\" content=\"600\" \/>\n\t<meta property=\"og:image:height\" content=\"342\" \/>\n\t<meta property=\"og:image:type\" content=\"image\/jpeg\" \/>\n<meta name=\"twitter:card\" content=\"summary_large_image\" \/>\n<meta name=\"twitter:site\" content=\"@CECweb\" \/>\n<script type=\"application\/ld+json\" class=\"yoast-schema-graph\">{\"@context\":\"https:\/\/schema.org\",\"@graph\":[{\"@type\":\"WebPage\",\"@id\":\"https:\/\/www.cec.org\/es\/acerca-de-la-cca\/consultas-publicas\/\",\"url\":\"https:\/\/www.cec.org\/es\/acerca-de-la-cca\/consultas-publicas\/\",\"name\":\"Consultas p\u00fablicas &#8211; Comisi\u00f3n para la Cooperaci\u00f3n Ambiental\",\"isPartOf\":{\"@id\":\"https:\/\/www.cec.org\/es\/#website\"},\"primaryImageOfPage\":{\"@id\":\"https:\/\/www.cec.org\/es\/acerca-de-la-cca\/consultas-publicas\/#primaryimage\"},\"image\":{\"@id\":\"https:\/\/www.cec.org\/es\/acerca-de-la-cca\/consultas-publicas\/#primaryimage\"},\"thumbnailUrl\":\"https:\/\/www.cec.org\/wp-content\/uploads\/public-consultations-thumbnail2.jpg\",\"datePublished\":\"2020-02-01T00:05:48+00:00\",\"dateModified\":\"2024-07-11T17:32:35+00:00\",\"description\":\"Ocasionalmente se invita a la ciudadan\u00eda a responder a solicitudes para la presentaci\u00f3n de comentarios en torno al programa de la CCA en su conjunto o sobre cuestiones relacionadas con la instrumentaci\u00f3n del ACA.\",\"breadcrumb\":{\"@id\":\"https:\/\/www.cec.org\/es\/acerca-de-la-cca\/consultas-publicas\/#breadcrumb\"},\"inLanguage\":\"es\",\"potentialAction\":[{\"@type\":\"ReadAction\",\"target\":[\"https:\/\/www.cec.org\/es\/acerca-de-la-cca\/consultas-publicas\/\"]}]},{\"@type\":\"ImageObject\",\"inLanguage\":\"es\",\"@id\":\"https:\/\/www.cec.org\/es\/acerca-de-la-cca\/consultas-publicas\/#primaryimage\",\"url\":\"https:\/\/www.cec.org\/wp-content\/uploads\/public-consultations-thumbnail2.jpg\",\"contentUrl\":\"https:\/\/www.cec.org\/wp-content\/uploads\/public-consultations-thumbnail2.jpg\",\"width\":600,\"height\":342,\"caption\":\"Consultas del CCPM\"},{\"@type\":\"BreadcrumbList\",\"@id\":\"https:\/\/www.cec.org\/es\/acerca-de-la-cca\/consultas-publicas\/#breadcrumb\",\"itemListElement\":[{\"@type\":\"ListItem\",\"position\":1,\"name\":\"Inicio\",\"item\":\"https:\/\/www.cec.org\/es\/\"},{\"@type\":\"ListItem\",\"position\":2,\"name\":\"Acerca de la CCA\",\"item\":\"https:\/\/www.cec.org\/es\/about\/\"},{\"@type\":\"ListItem\",\"position\":3,\"name\":\"Consultas p\u00fablicas\"}]},{\"@type\":\"WebSite\",\"@id\":\"https:\/\/www.cec.org\/es\/#website\",\"url\":\"https:\/\/www.cec.org\/es\/\",\"name\":\"Commission for Environmental Cooperation\",\"description\":\"Three countries working together to protect our shared environment\",\"alternateName\":\"CEC - CCA -CCE\",\"potentialAction\":[{\"@type\":\"SearchAction\",\"target\":{\"@type\":\"EntryPoint\",\"urlTemplate\":\"https:\/\/www.cec.org\/es\/?s={search_term_string}\"},\"query-input\":{\"@type\":\"PropertyValueSpecification\",\"valueRequired\":true,\"valueName\":\"search_term_string\"}}],\"inLanguage\":\"es\"}]}<\/script>\n<!-- \/ Yoast SEO Premium plugin. -->","yoast_head_json":{"title":"Consultas p\u00fablicas &#8211; Comisi\u00f3n para la Cooperaci\u00f3n Ambiental","description":"Ocasionalmente se invita a la ciudadan\u00eda a responder a solicitudes para la presentaci\u00f3n de comentarios en torno al programa de la CCA en su conjunto o sobre cuestiones relacionadas con la instrumentaci\u00f3n del ACA.","robots":{"index":"index","follow":"follow","max-snippet":"max-snippet:-1","max-image-preview":"max-image-preview:large","max-video-preview":"max-video-preview:-1"},"canonical":"https:\/\/www.cec.org\/es\/acerca-de-la-cca\/consultas-publicas\/","og_locale":"es_ES","og_type":"article","og_title":"Consultas p\u00fablicas","og_description":"Por medio de reuniones y foros abiertos, el CCPC invita con frecuencia a los ciudadanos a expresar recomendaciones, opiniones y observaciones en torno a","og_url":"https:\/\/www.cec.org\/es\/acerca-de-la-cca\/consultas-publicas\/","og_site_name":"Comisi\u00f3n para la Cooperaci\u00f3n Ambiental","article_publisher":"https:\/\/www.facebook.com\/CECconnect","article_modified_time":"2024-07-11T17:32:35+00:00","og_image":[{"width":600,"height":342,"url":"https:\/\/www.cec.org\/wp-content\/uploads\/public-consultations-thumbnail2.jpg","type":"image\/jpeg"}],"twitter_card":"summary_large_image","twitter_site":"@CECweb","schema":{"@context":"https:\/\/schema.org","@graph":[{"@type":"WebPage","@id":"https:\/\/www.cec.org\/es\/acerca-de-la-cca\/consultas-publicas\/","url":"https:\/\/www.cec.org\/es\/acerca-de-la-cca\/consultas-publicas\/","name":"Consultas p\u00fablicas &#8211; Comisi\u00f3n para la Cooperaci\u00f3n Ambiental","isPartOf":{"@id":"https:\/\/www.cec.org\/es\/#website"},"primaryImageOfPage":{"@id":"https:\/\/www.cec.org\/es\/acerca-de-la-cca\/consultas-publicas\/#primaryimage"},"image":{"@id":"https:\/\/www.cec.org\/es\/acerca-de-la-cca\/consultas-publicas\/#primaryimage"},"thumbnailUrl":"https:\/\/www.cec.org\/wp-content\/uploads\/public-consultations-thumbnail2.jpg","datePublished":"2020-02-01T00:05:48+00:00","dateModified":"2024-07-11T17:32:35+00:00","description":"Ocasionalmente se invita a la ciudadan\u00eda a responder a solicitudes para la presentaci\u00f3n de comentarios en torno al programa de la CCA en su conjunto o sobre cuestiones relacionadas con la instrumentaci\u00f3n del ACA.","breadcrumb":{"@id":"https:\/\/www.cec.org\/es\/acerca-de-la-cca\/consultas-publicas\/#breadcrumb"},"inLanguage":"es","potentialAction":[{"@type":"ReadAction","target":["https:\/\/www.cec.org\/es\/acerca-de-la-cca\/consultas-publicas\/"]}]},{"@type":"ImageObject","inLanguage":"es","@id":"https:\/\/www.cec.org\/es\/acerca-de-la-cca\/consultas-publicas\/#primaryimage","url":"https:\/\/www.cec.org\/wp-content\/uploads\/public-consultations-thumbnail2.jpg","contentUrl":"https:\/\/www.cec.org\/wp-content\/uploads\/public-consultations-thumbnail2.jpg","width":600,"height":342,"caption":"Consultas del CCPM"},{"@type":"BreadcrumbList","@id":"https:\/\/www.cec.org\/es\/acerca-de-la-cca\/consultas-publicas\/#breadcrumb","itemListElement":[{"@type":"ListItem","position":1,"name":"Inicio","item":"https:\/\/www.cec.org\/es\/"},{"@type":"ListItem","position":2,"name":"Acerca de la CCA","item":"https:\/\/www.cec.org\/es\/about\/"},{"@type":"ListItem","position":3,"name":"Consultas p\u00fablicas"}]},{"@type":"WebSite","@id":"https:\/\/www.cec.org\/es\/#website","url":"https:\/\/www.cec.org\/es\/","name":"Commission for Environmental Cooperation","description":"Three countries working together to protect our shared environment","alternateName":"CEC - CCA -CCE","potentialAction":[{"@type":"SearchAction","target":{"@type":"EntryPoint","urlTemplate":"https:\/\/www.cec.org\/es\/?s={search_term_string}"},"query-input":{"@type":"PropertyValueSpecification","valueRequired":true,"valueName":"search_term_string"}}],"inLanguage":"es"}]}},"_links":{"self":[{"href":"https:\/\/www.cec.org\/es\/wp-json\/wp\/v2\/pages\/27572","targetHints":{"allow":["GET"]}}],"collection":[{"href":"https:\/\/www.cec.org\/es\/wp-json\/wp\/v2\/pages"}],"about":[{"href":"https:\/\/www.cec.org\/es\/wp-json\/wp\/v2\/types\/page"}],"author":[{"embeddable":true,"href":"https:\/\/www.cec.org\/es\/wp-json\/wp\/v2\/users\/1"}],"replies":[{"embeddable":true,"href":"https:\/\/www.cec.org\/es\/wp-json\/wp\/v2\/comments?post=27572"}],"version-history":[{"count":2,"href":"https:\/\/www.cec.org\/es\/wp-json\/wp\/v2\/pages\/27572\/revisions"}],"predecessor-version":[{"id":46555,"href":"https:\/\/www.cec.org\/es\/wp-json\/wp\/v2\/pages\/27572\/revisions\/46555"}],"up":[{"embeddable":true,"href":"https:\/\/www.cec.org\/es\/wp-json\/wp\/v2\/pages\/28356"}],"wp:featuredmedia":[{"embeddable":true,"href":"https:\/\/www.cec.org\/es\/wp-json\/wp\/v2\/media\/46808"}],"wp:attachment":[{"href":"https:\/\/www.cec.org\/es\/wp-json\/wp\/v2\/media?parent=27572"}],"curies":[{"name":"wp","href":"https:\/\/api.w.org\/{rel}","templated":true}]}}