{"id":27370,"date":"2020-01-27T21:28:01","date_gmt":"2020-01-28T02:28:01","guid":{"rendered":"http:\/\/www.cec.org\/programa-de-gestion-de-energia-para-cadenas-de-abasto-en-america-del-norte\/"},"modified":"2025-02-14T12:53:27","modified_gmt":"2025-02-14T17:53:27","slug":"programa-de-gestion-de-energia-para-cadenas-de-abasto-en-america-del-norte","status":"publish","type":"page","link":"https:\/\/www.cec.org\/es\/programa-de-gestion-de-energia-para-cadenas-de-abasto-en-america-del-norte\/","title":{"rendered":"Programa de gesti\u00f3n de energ\u00eda para cadenas de abasto en Am\u00e9rica del Norte"},"content":{"rendered":"<h3><strong>Objetivo del programa<\/strong><\/h3>\n<p>Este programa brinda adiestramiento, herramientas y recursos tanto a fabricantes de equipo original (OEM) como a sus proveedores, <strong>a fin de que implementen un sistema de gesti\u00f3n de energ\u00eda en cumplimiento con la norma ISO 50001<\/strong>. Adem\u00e1s de fortalecer las competencias internas, el programa servir\u00e1 para crear un modelo de capacitaci\u00f3n que pueda reproducirse en forma sustentable a lo largo de la cadena de suministro de un fabricante de equipo original.<\/p>\n<p><strong>Para los OEM:<\/strong><\/p>\n<ul>\n<li>Adquirir conocimiento y experiencia en cuanto a la implementaci\u00f3n de la norma ISO 50001.<\/li>\n<li>Mejorar la productividad en materia de energ\u00eda a lo largo de su cadena de abasto.<\/li>\n<li>Obtener herramientas y recursos que permitan implementar la norma ISO 50001 con otros proveedores en el futuro.<\/li>\n<\/ul>\n<p><strong>Para los proveedores<\/strong>:<\/p>\n<ul>\n<li>Adquirir conocimientos para implementar la norma ISO 50001 y reducir costos de energ\u00eda, as\u00ed como incrementar las competencias en torno a la aplicaci\u00f3n de un sistema de gesti\u00f3n energ\u00e9tica\u00a0<em>in situ<\/em>.<\/li>\n<\/ul>\n<h3><strong>Descripci\u00f3n de la capacitaci\u00f3n<\/strong><\/h3>\n<p><strong>Duraci\u00f3n:\u00a0<\/strong>12 meses<\/p>\n<p><strong>Horas totales de capacitaci\u00f3n:\u00a0<\/strong>64<\/p>\n<p><strong>Costo<\/strong>: 7,500 d\u00f3lares estadounidenses por instalaci\u00f3n (no incluye gastos de viaje).\u00a0Existen posibilidades de financiamiento para las empresas mediante los respectivos programas nacionales de energ\u00eda y la CCA. Comun\u00edquese con nosotros para m\u00e1s detalles.<\/p>\n<p><strong>Fase 1: Preparaci\u00f3n<\/strong><\/p>\n<ul>\n<li>20 horas<\/li>\n<li>Incluye: curso de preparaci\u00f3n y visita del capacitador a cada planta con el fin de evaluar deficiencias<\/li>\n<\/ul>\n<p><strong>Fase 2: Implementaci\u00f3n de la norma ISO 50001<\/strong><\/p>\n<ul>\n<li>44 horas de capacitaci\u00f3n, m\u00e1s el tiempo dedicado a cubrir los materiales del Navegador 50001 Ready<\/li>\n<li>Incluye: una sesi\u00f3n presencial de capacitaci\u00f3n, seminarios grupales en l\u00ednea con periodicidad mensual y asesor\u00eda individual v\u00eda telef\u00f3nica una vez al mes, m\u00e1s trabajo (autodirigido) con el Navegador 50001 Ready<\/li>\n<\/ul>\n<p><strong>Fase 3: Recapitulaci\u00f3n<\/strong><\/p>\n<ul>\n<li>Incluye: seminario de recapitulaci\u00f3n y obtenci\u00f3n del reconocimiento del programa 50001 Ready<\/li>\n<\/ul>\n<p><strong>Opcional:<\/strong><\/p>\n<ul>\n<li>Revisi\u00f3n de preparaci\u00f3n previa a la certificaci\u00f3n (alrededor de 7,000 d\u00f3lares estadounidenses)<\/li>\n<li><a href=\"https:\/\/pe.gatech.edu\/courses\/online-preparation-for-certified-practitioner-energy-management-systems-cp-enms\">Curso en l\u00ednea<\/a>, a un precio reducido, para la formaci\u00f3n de profesionales certificados en sistemas de gesti\u00f3n energ\u00e9tica (PC SGEn). El examen para la certificaci\u00f3n PC SGEn es opcional, con un costo adicional<\/li>\n<\/ul>\n<p><strong>Herramientas y recursos<\/strong><\/p>\n<ul>\n<li><a href=\"https:\/\/navigator.lbl.gov\/\">Navegador 50001 Ready<\/a>: Recorra el proceso de implementaci\u00f3n de un sistema de gesti\u00f3n de energ\u00eda, siga el progreso y colabore con su equipo. Disponible en espa\u00f1ol, franc\u00e9s e ingl\u00e9s.<\/li>\n<li>Indicador de desempe\u00f1o energ\u00e9tico\u00a0<a href=\"https:\/\/enpi.industrialenergytools.com\/\">EnPI Lite<\/a>\u201d: Herramienta complementaria para la medici\u00f3n del desempe\u00f1o energ\u00e9tico de las instalaciones; sirve para establecer niveles de referencia (\u201cl\u00edneas de base\u201d) e indicadores de desempe\u00f1o energ\u00e9tico, as\u00ed como para llevar control de avances y ahorros registrados.<\/li>\n<li><a href=\"https:\/\/energy.gov\/eere\/amo\/downloads\/energy-footprint-tool\">Herramienta Huella Energ\u00e9tica<\/a>\u00a0(<em>Energy Footprint Tool<\/em>): Lleve un registro del consumo energ\u00e9tico y determine los usos de energ\u00eda significativos.<\/li>\n<li>Acceso a m\u00e1s de 100 recursos relacionados.<\/li>\n<\/ul>\n<p>Haga clic\u00a0<a href=\"..\/files\/documents\/iso\/cec_iso_program_description_sp.pdf\">aqu\u00ed<\/a>\u00a0para consultar una descripci\u00f3n pormenorizada de la capacitaci\u00f3n.<\/p>\n<h3><strong>Resultados del programa<\/strong><\/h3>\n<p><strong>Para los OEM\u00a0<\/strong><\/p>\n<ul>\n<li>Un modelo de cadena de abasto reproducible y que se adapta a los OEM y sus proveedores.<\/li>\n<li>Mayor capacidad de los OEM para continuar ofreciendo \u2014mediante expertos en gesti\u00f3n energ\u00e9tica internos o externos\u2014 el programa de capacitaci\u00f3n, y mantener tanto la participaci\u00f3n como la implementaci\u00f3n a largo plazo de la norma ISO 50001 en sus cadenas de abasto.<\/li>\n<li>Aumento del n\u00famero de expertos en gesti\u00f3n energ\u00e9tica, as\u00ed como de herramientas y recursos disponibles para continuar con la implementaci\u00f3n de la norma ISO 50001 a lo largo de la cadena de suministro.<\/li>\n<li>Mayores coordinaci\u00f3n y comunicaci\u00f3n entre OEM y sus proveedores, a fin de apoyar las iniciativas de eficiencia energ\u00e9tica en marcha que pueden beneficiar objetivos de sustentabilidad a largo plazo.<\/li>\n<li>Ahorros energ\u00e9ticos medibles en la cadena de suministro y reducciones en las emisiones de alcance 3 declarables ante sistemas mundiales de registro (por ejemplo, la Iniciativa Mundial de Presentaci\u00f3n de Informes [<em>Global Reporting Initiative<\/em>, GRI], el Proyecto de Divulgaci\u00f3n de Emisiones de Carbono [C<em>arbon Disclosure Project<\/em>, CDP] y el \u00cdndice Dow Jones de Sostenibilidad [<em>Dow Jones Sustainability Index,<\/em>\u00a0DJSI]).<\/li>\n<\/ul>\n<p><strong>Para los proveedores<\/strong><\/p>\n<ul>\n<li>Capacitaci\u00f3n y herramientas a disposici\u00f3n de los equipos y responsables de la gesti\u00f3n energ\u00e9tica en cada instalaci\u00f3n, a fin de implementar de manera efectiva la norma ISO 50001 y lograr ahorros en costos energ\u00e9ticos.<\/li>\n<li>Mayores coordinaci\u00f3n y comunicaci\u00f3n entre OEM y sus proveedores, a fin de apoyar las iniciativas de eficiencia energ\u00e9tica en marcha que pueden beneficiar objetivos de sustentabilidad a largo plazo.<\/li>\n<li>Reducciones medibles en las emisiones de carbono que pueden declararse ante sistemas mundiales de registro (por ejemplo, GRI, CDP y DJSI).<\/li>\n<\/ul>\n<h3><strong>Proceso de inscripci\u00f3n<\/strong><\/h3>\n<p>Los OEM interesados deber\u00e1n ponerse en contacto con sus proveedores e invitarlos a participar, con objeto de formar un grupo de capacitaci\u00f3n. A continuaci\u00f3n se describen los pasos para el proceso de inscripci\u00f3n. Si desea consultar un diagrama del modelo de capacitaci\u00f3n, haga clic\u00a0<a href=\"..\/files\/documents\/iso\/cec_iso_diagram_training_model_sp.pdf\">aqu\u00ed<\/a>.<\/p>\n<p>No dude en contactar a la CCA si tiene preguntas sobre el proceso de inscripci\u00f3n.<\/p>\n<p><strong>PASO 1: El OEM crea un equipo de coordinaci\u00f3n integrado por un coordinador estrat\u00e9gico y\u00a0un coordinador t\u00e9cnico<\/strong><\/p>\n<p>El papel principal del equipo de coordinaci\u00f3n consiste en reclutar establecimientos del fabricante de equipos originales y sus proveedores; proporcionar retroalimentaci\u00f3n sobre el progreso obtenido en la capacitaci\u00f3n; obtener experiencia y resultados en relaci\u00f3n con la norma ISO 50001, y compartirlos entre los establecimientos del OEM y su cadena de abasto.<\/p>\n<p><strong>Coordinador estrat\u00e9gico<\/strong><\/p>\n<p><em>Capacidades requeridas<\/em><\/p>\n<ul>\n<li>Formar parte del equipo corporativo de gesti\u00f3n energ\u00e9tica del OEM.<\/li>\n<li>Participar en el equipo o programa corporativo de sustentabilidad del OEM.<\/li>\n<li>Estar involucrado o poder establecer lazos con el equipo de gesti\u00f3n de la cadena de abasto del OEM.<\/li>\n<\/ul>\n<p><em>Responsabilidades<\/em><\/p>\n<ul>\n<li>Reclutar de seis a doce establecimientos participantes, de los cuales al menos la mitad ser\u00e1n proveedores. La cohorte deber\u00e1 ser trinacional; es decir, habr\u00e1 de incluir cuando menos un establecimiento en cada uno de los tres pa\u00edses (Canad\u00e1, Estados Unidos y M\u00e9xico).<\/li>\n<li>Completar el formulario de inscripci\u00f3n al programa y participar en la entrevista de reclutamiento.<\/li>\n<li>Participar en una de las sesiones presenciales de capacitaci\u00f3n.<\/li>\n<li>Participar en sesiones v\u00eda teleconferencia con los capacitadores y la CCA, a fin de discutir sobre el progreso de la capacitaci\u00f3n y hacer recomendaciones para mejorar las herramientas y los recursos, as\u00ed como identificar a otros expertos \u2014tanto internos como externos\u2014 que puedan participar en la iniciativa.<\/li>\n<li>Difundir los resultados entre los establecimientos del OEM y su cadena de abasto.<\/li>\n<\/ul>\n<p><strong>Coordinador t\u00e9cnico<\/strong><\/p>\n<p><em>Capacidades requeridas<\/em><\/p>\n<ul>\n<li>Ser experto en gesti\u00f3n energ\u00e9tica y estar dispuesto a proporcionar al OEM y sus proveedores el soporte t\u00e9cnico y de coordinaci\u00f3n necesario para que concluyan satisfactoriamente el programa y para que la capacitaci\u00f3n pueda reproducirse en el futuro.<\/li>\n<\/ul>\n<p><em>Responsabilidades<\/em><\/p>\n<ul>\n<li>Apoyar al reclutamiento tanto de instalaciones participantes como de capacitadores adjuntos.<\/li>\n<li>Participar en la entrevista de reclutamiento.<\/li>\n<li>Participar en una de las sesiones presenciales de capacitaci\u00f3n.<\/li>\n<li>Completar el curso en l\u00ednea para la formaci\u00f3n de profesionales certificados en sistemas de gesti\u00f3n energ\u00e9tica (PC SGEn).<\/li>\n<li>Ayudar a llevar registro del progreso de los proveedores participantes y brindar retroalimentaci\u00f3n y apoyo a los capacitadores.<\/li>\n<li>Participar en sesiones v\u00eda teleconferencia con los capacitadores y la CCA, a fin de discutir sobre el progreso y hacer recomendaciones a la cadena de abasto sobre formas de mejorar los recursos de gesti\u00f3n energ\u00e9tica.<\/li>\n<li>Difundir los resultados entre los establecimientos del OEM y su cadena de abasto.<\/li>\n<\/ul>\n<p><strong>PASO 2: El equipo de coordinaci\u00f3n recluta establecimientos del OEM y sus proveedores<\/strong><\/p>\n<p>Los establecimientos inscritos recibir\u00e1n la capacitaci\u00f3n en forma grupal y tambi\u00e9n individualizada. Consulte la descripci\u00f3n del programa de capacitaci\u00f3n\u00a0<a href=\"..\/files\/documents\/iso\/cec_iso_program_description_sp.pdf\">aqu\u00ed<\/a>.<\/p>\n<p><em>Funciones y responsabilidades de cada establecimiento<\/em><\/p>\n<ul>\n<li>Comprometerse a completar el programa de capacitaci\u00f3n y obtener el reconocimiento del programa 50001 Ready.<\/li>\n<li>Designar un equipo de gesti\u00f3n energ\u00e9tica integrado por dos o m\u00e1s empleados que cursar\u00e1n el programa, y a quienes se otorgar\u00e1n el tiempo y los recursos necesarios para completar la capacitaci\u00f3n, incluida una sesi\u00f3n presencial de capacitaci\u00f3n de 2.5 d\u00edas.<\/li>\n<li>Participar, con otros proveedores, en una sesi\u00f3n presencial de capacitaci\u00f3n grupal.<\/li>\n<li>Compartir los progresos con el equipo de capacitaci\u00f3n y el coordinador t\u00e9cnico, seg\u00fan proceda.<\/li>\n<li>Comprometerse a pagar 7,500 d\u00f3lares estadounidenses por la capacitaci\u00f3n.*<\/li>\n<\/ul>\n<p>* Los programas nacionales de energ\u00eda tienen iniciativas en curso que pueden otorgar financiamiento a los participantes.<\/p>\n<p><strong>Paso 3: El OEM llena el formulario de inscripci\u00f3n<\/strong><\/p>\n<p>El coordinador estrat\u00e9gico del OEM llena el formulario de inscripci\u00f3n para su grupo de establecimientos participantes. El formulario se encuentra <a href=\"https:\/\/www.cec.org\/es\/programa-de-gestion-de-energia-para-cadenas-de-abasto-en-america-del-norte\/\">disponible\u00a0aqu\u00ed<\/a>.<\/p>\n<h3><strong>Consideraciones para la selecci\u00f3n<\/strong><\/h3>\n<p>El proceso para la selecci\u00f3n de los establecimientos participantes tiene un car\u00e1cter competitivo. Los candidatos se seleccionar\u00e1n con base en la pertinencia o idoneidad de sus solicitudes respecto de cada una de las consideraciones que se enumeran a continuaci\u00f3n.<\/p>\n<p><strong>Experiencia y capacidad desarrollada en cuanto a la norma ISO 50001<\/strong><\/p>\n<ul>\n<li>Cantidad de instalaciones del OEM que cuentan ya con la certificaci\u00f3n ISO 50001.<\/li>\n<li>Experiencia y competencia actuales en lo que corresponde a la norma ISO 50001 (por ejemplo, n\u00famero de expertos en esta norma, disponibilidad de herramientas y recursos, as\u00ed como pr\u00e1cticas \u00f3ptimas de gesti\u00f3n energ\u00e9tica en curso).<\/li>\n<li>Disposici\u00f3n para involucrar a expertos en la norma ISO 50001, tanto internos como externos, en el programa y tambi\u00e9n en iniciativas de gesti\u00f3n energ\u00e9tica futuras.<\/li>\n<\/ul>\n<p><strong>Cadena de suministro<\/strong><\/p>\n<ul>\n<li>Apoyo al programa por parte de los mandos directivos de la cadena de abasto del OEM, y modo en que \u00e9ste contribuir\u00e1 a sus actividades actuales.<\/li>\n<li>Caracter\u00edsticas globales de la cadena de abasto en Am\u00e9rica del Norte (por ejemplo, la ubicaci\u00f3n de los proveedores y el n\u00famero de instalaciones por proveedor).<\/li>\n<li>Estrategia global de la cadena de abasto en materia de sustentabilidad, as\u00ed como objetivos a largo plazo.<\/li>\n<li>Relaci\u00f3n entre el OEM y sus proveedores, incluidas las iniciativas actuales.<\/li>\n<li>Disposici\u00f3n de los proveedores a compartir el progreso de la capacitaci\u00f3n con el coordinador t\u00e9cnico.<\/li>\n<li>Inter\u00e9s del OEM en cubrir parte de las tarifas de entrenamiento para sus proveedores.<\/li>\n<\/ul>\n<p><strong>Repercusiones a largo plazo e inter\u00e9s<\/strong><\/p>\n<ul>\n<li>Repercusiones que pueden tener el programa y la implementaci\u00f3n de la norma ISO 50001 en la cadena de abasto en lo relativo a eficiencia energ\u00e9tica y reducci\u00f3n de la huella de carbono.<\/li>\n<li>Inter\u00e9s del OEM y sus proveedores en repetir la capacitaci\u00f3n.<\/li>\n<\/ul>\n<h3><strong>Nuestras anteriores actividades y trabajo conjunto en materia de gesti\u00f3n energ\u00e9tica<\/strong><\/h3>\n<p>En 2017, 18 instalaciones pertenecientes a nueve empresas concluyeron el primer Programa Piloto de Gesti\u00f3n de Energ\u00eda de Am\u00e9rica del Norte. Conozca acerca de los participantes y<a href=\"https:\/\/www.cec.org\/es\/programa-piloto-de-gestion-de-energia-de-america-del-norte\/\"> sus logros\u00a0aqu\u00ed<\/a>.<\/p>\n<h3><strong>\u00bfQu\u00e9 es\u00a0la norma ISO 50001?<\/strong><\/h3>\n<p>La norma ISO 50001 constituye un sistema probado e internacionalmente reconocido para la planeaci\u00f3n, manejo, medici\u00f3n y mejoramiento continuo del desempe\u00f1o energ\u00e9tico en cualquier organizaci\u00f3n que consuma energ\u00eda. La ISO 50001 se basa en el modelo de gesti\u00f3n Planificar-Hacer-Verificar-Actuar, encaminado a lograr mejoras continuas y utilizado por otras normas internacionales, como la ISO 9001 y la ISO 14001. Para consultar m\u00e1s informaci\u00f3n sobre la norma ISO 50001, haga clic\u00a0<a href=\"https:\/\/www.iso.org\/iso-50001-energy-management.html\">aqu\u00ed<\/a>.<\/p>\n<p>Cada vez son m\u00e1s las empresas y sus instalaciones alrededor del mundo que han decidido adoptar la norma ISO 50001 como opci\u00f3n estrat\u00e9gica para alcanzar ahorros considerables en sus costos y, al mismo tiempo, mejorar su imagen p\u00fablica y reforzar su compromiso con la sustentabilidad. Le invitamos a leer estos\u00a0<a href=\"https:\/\/www.energy.gov\/eere\/amo\/business-case-iso-50001-and-sep\">estudios de caso<\/a>\u00a0donde podr\u00e1 conocer acerca de las empresas de todos los rincones de Am\u00e9rica del Norte que han obtenido la certificaci\u00f3n ISO 50001 y alcanzado mejoras excepcionales en cuanto a desempe\u00f1o energ\u00e9tico.<\/p>\n<h3><strong>Socios del programa<\/strong><\/h3>\n<p>El Programa de gesti\u00f3n de energ\u00eda para programas de abasto en\u00a0Am\u00e9rica del Norte es resultado de una alianza entre el ministerio de Recursos Naturales de Canad\u00e1 (<a href=\"https:\/\/natural-resources.canada.ca\/energy-efficiency\/industry-energy-efficiency\/canadian-industry-energy-conservation\"><em>Natural Resources Canada<\/em><\/a>, NRCan), el Departamento de Energ\u00eda (<a href=\"http:\/\/energy.gov\/eere\/amo\/superior-energy-performance\"><em>Department of Energy<\/em><\/a>, DOE) de Estados Unidos y la\u00a0<a href=\"https:\/\/www.gob.mx\/conuee\">Comisi\u00f3n Nacional para el Uso Eficiente de la Energ\u00eda<\/a>\u00a0(Conuee) de M\u00e9xico.<\/p>\n","protected":false},"excerpt":{"rendered":"<p>Objetivo del programa Este programa brinda adiestramiento, herramientas y recursos tanto a fabricantes de equipo original (OEM) como a sus proveedores, a fin de que implementen un sistema de gesti\u00f3n de energ\u00eda en cumplimiento con la norma ISO 50001. Adem\u00e1s de fortalecer las competencias internas, el programa servir\u00e1 para crear un modelo de capacitaci\u00f3n que [&hellip;]<\/p>\n","protected":false},"author":1,"featured_media":0,"parent":0,"menu_order":0,"comment_status":"closed","ping_status":"closed","template":"","meta":{"_acf_changed":false,"footnotes":""},"class_list":["post-27370","page","type-page","status-publish","hentry"],"acf":[],"yoast_head":"<!-- This site is optimized with the Yoast SEO Premium plugin v27.0 (Yoast SEO v27.0) - https:\/\/yoast.com\/product\/yoast-seo-premium-wordpress\/ -->\n<title>Programa de gesti\u00f3n de energ\u00eda para cadenas de abasto en Am\u00e9rica del Norte<\/title>\n<meta name=\"description\" content=\"Objetivo del programa Este programa brinda adiestramiento, herramientas y recursos tanto a fabricantes de equipo original (OEM) como a sus proveedores, a\" \/>\n<meta name=\"robots\" content=\"index, follow, max-snippet:-1, max-image-preview:large, max-video-preview:-1\" \/>\n<link rel=\"canonical\" href=\"https:\/\/www.cec.org\/es\/programa-de-gestion-de-energia-para-cadenas-de-abasto-en-america-del-norte\/\" \/>\n<meta property=\"og:locale\" content=\"es_ES\" \/>\n<meta property=\"og:type\" content=\"article\" \/>\n<meta property=\"og:title\" content=\"Programa de gesti\u00f3n de energ\u00eda para cadenas de abasto en Am\u00e9rica del Norte\" \/>\n<meta property=\"og:description\" content=\"Objetivo del programa Este programa brinda adiestramiento, herramientas y recursos tanto a fabricantes de equipo original (OEM) como a sus proveedores, a\" \/>\n<meta property=\"og:url\" content=\"https:\/\/www.cec.org\/es\/programa-de-gestion-de-energia-para-cadenas-de-abasto-en-america-del-norte\/\" \/>\n<meta property=\"og:site_name\" content=\"Comisi\u00f3n para la Cooperaci\u00f3n Ambiental\" \/>\n<meta property=\"article:publisher\" content=\"https:\/\/www.facebook.com\/CECconnect\" \/>\n<meta property=\"article:modified_time\" content=\"2025-02-14T17:53:27+00:00\" \/>\n<meta property=\"og:image\" content=\"https:\/\/www.cec.org\/wp-content\/uploads\/cec-cover2023.webp\" \/>\n\t<meta property=\"og:image:width\" content=\"1200\" \/>\n\t<meta property=\"og:image:height\" content=\"630\" \/>\n\t<meta property=\"og:image:type\" content=\"image\/webp\" \/>\n<meta name=\"twitter:card\" content=\"summary_large_image\" \/>\n<meta name=\"twitter:site\" content=\"@CECweb\" \/>\n<script type=\"application\/ld+json\" class=\"yoast-schema-graph\">{\"@context\":\"https:\/\/schema.org\",\"@graph\":[{\"@type\":\"WebPage\",\"@id\":\"https:\/\/www.cec.org\/es\/programa-de-gestion-de-energia-para-cadenas-de-abasto-en-america-del-norte\/\",\"url\":\"https:\/\/www.cec.org\/es\/programa-de-gestion-de-energia-para-cadenas-de-abasto-en-america-del-norte\/\",\"name\":\"Programa de gesti\u00f3n de energ\u00eda para cadenas de abasto en Am\u00e9rica del Norte\",\"isPartOf\":{\"@id\":\"https:\/\/www.cec.org\/es\/#website\"},\"datePublished\":\"2020-01-28T02:28:01+00:00\",\"dateModified\":\"2025-02-14T17:53:27+00:00\",\"description\":\"Objetivo del programa Este programa brinda adiestramiento, herramientas y recursos tanto a fabricantes de equipo original (OEM) como a sus proveedores, a\",\"breadcrumb\":{\"@id\":\"https:\/\/www.cec.org\/es\/programa-de-gestion-de-energia-para-cadenas-de-abasto-en-america-del-norte\/#breadcrumb\"},\"inLanguage\":\"es\",\"potentialAction\":[{\"@type\":\"ReadAction\",\"target\":[\"https:\/\/www.cec.org\/es\/programa-de-gestion-de-energia-para-cadenas-de-abasto-en-america-del-norte\/\"]}]},{\"@type\":\"BreadcrumbList\",\"@id\":\"https:\/\/www.cec.org\/es\/programa-de-gestion-de-energia-para-cadenas-de-abasto-en-america-del-norte\/#breadcrumb\",\"itemListElement\":[{\"@type\":\"ListItem\",\"position\":1,\"name\":\"Inicio\",\"item\":\"https:\/\/www.cec.org\/es\/\"},{\"@type\":\"ListItem\",\"position\":2,\"name\":\"Programa de gesti\u00f3n de energ\u00eda para cadenas de abasto en Am\u00e9rica del Norte\"}]},{\"@type\":\"WebSite\",\"@id\":\"https:\/\/www.cec.org\/es\/#website\",\"url\":\"https:\/\/www.cec.org\/es\/\",\"name\":\"Commission for Environmental Cooperation\",\"description\":\"Three countries working together to protect our shared environment\",\"alternateName\":\"CEC - CCA -CCE\",\"potentialAction\":[{\"@type\":\"SearchAction\",\"target\":{\"@type\":\"EntryPoint\",\"urlTemplate\":\"https:\/\/www.cec.org\/es\/?s={search_term_string}\"},\"query-input\":{\"@type\":\"PropertyValueSpecification\",\"valueRequired\":true,\"valueName\":\"search_term_string\"}}],\"inLanguage\":\"es\"}]}<\/script>\n<!-- \/ Yoast SEO Premium plugin. -->","yoast_head_json":{"title":"Programa de gesti\u00f3n de energ\u00eda para cadenas de abasto en Am\u00e9rica del Norte","description":"Objetivo del programa Este programa brinda adiestramiento, herramientas y recursos tanto a fabricantes de equipo original (OEM) como a sus proveedores, a","robots":{"index":"index","follow":"follow","max-snippet":"max-snippet:-1","max-image-preview":"max-image-preview:large","max-video-preview":"max-video-preview:-1"},"canonical":"https:\/\/www.cec.org\/es\/programa-de-gestion-de-energia-para-cadenas-de-abasto-en-america-del-norte\/","og_locale":"es_ES","og_type":"article","og_title":"Programa de gesti\u00f3n de energ\u00eda para cadenas de abasto en Am\u00e9rica del Norte","og_description":"Objetivo del programa Este programa brinda adiestramiento, herramientas y recursos tanto a fabricantes de equipo original (OEM) como a sus proveedores, a","og_url":"https:\/\/www.cec.org\/es\/programa-de-gestion-de-energia-para-cadenas-de-abasto-en-america-del-norte\/","og_site_name":"Comisi\u00f3n para la Cooperaci\u00f3n Ambiental","article_publisher":"https:\/\/www.facebook.com\/CECconnect","article_modified_time":"2025-02-14T17:53:27+00:00","og_image":[{"width":1200,"height":630,"url":"https:\/\/www.cec.org\/wp-content\/uploads\/cec-cover2023.webp","type":"image\/webp"}],"twitter_card":"summary_large_image","twitter_site":"@CECweb","schema":{"@context":"https:\/\/schema.org","@graph":[{"@type":"WebPage","@id":"https:\/\/www.cec.org\/es\/programa-de-gestion-de-energia-para-cadenas-de-abasto-en-america-del-norte\/","url":"https:\/\/www.cec.org\/es\/programa-de-gestion-de-energia-para-cadenas-de-abasto-en-america-del-norte\/","name":"Programa de gesti\u00f3n de energ\u00eda para cadenas de abasto en Am\u00e9rica del Norte","isPartOf":{"@id":"https:\/\/www.cec.org\/es\/#website"},"datePublished":"2020-01-28T02:28:01+00:00","dateModified":"2025-02-14T17:53:27+00:00","description":"Objetivo del programa Este programa brinda adiestramiento, herramientas y recursos tanto a fabricantes de equipo original (OEM) como a sus proveedores, a","breadcrumb":{"@id":"https:\/\/www.cec.org\/es\/programa-de-gestion-de-energia-para-cadenas-de-abasto-en-america-del-norte\/#breadcrumb"},"inLanguage":"es","potentialAction":[{"@type":"ReadAction","target":["https:\/\/www.cec.org\/es\/programa-de-gestion-de-energia-para-cadenas-de-abasto-en-america-del-norte\/"]}]},{"@type":"BreadcrumbList","@id":"https:\/\/www.cec.org\/es\/programa-de-gestion-de-energia-para-cadenas-de-abasto-en-america-del-norte\/#breadcrumb","itemListElement":[{"@type":"ListItem","position":1,"name":"Inicio","item":"https:\/\/www.cec.org\/es\/"},{"@type":"ListItem","position":2,"name":"Programa de gesti\u00f3n de energ\u00eda para cadenas de abasto en Am\u00e9rica del Norte"}]},{"@type":"WebSite","@id":"https:\/\/www.cec.org\/es\/#website","url":"https:\/\/www.cec.org\/es\/","name":"Commission for Environmental Cooperation","description":"Three countries working together to protect our shared environment","alternateName":"CEC - CCA -CCE","potentialAction":[{"@type":"SearchAction","target":{"@type":"EntryPoint","urlTemplate":"https:\/\/www.cec.org\/es\/?s={search_term_string}"},"query-input":{"@type":"PropertyValueSpecification","valueRequired":true,"valueName":"search_term_string"}}],"inLanguage":"es"}]}},"_links":{"self":[{"href":"https:\/\/www.cec.org\/es\/wp-json\/wp\/v2\/pages\/27370","targetHints":{"allow":["GET"]}}],"collection":[{"href":"https:\/\/www.cec.org\/es\/wp-json\/wp\/v2\/pages"}],"about":[{"href":"https:\/\/www.cec.org\/es\/wp-json\/wp\/v2\/types\/page"}],"author":[{"embeddable":true,"href":"https:\/\/www.cec.org\/es\/wp-json\/wp\/v2\/users\/1"}],"replies":[{"embeddable":true,"href":"https:\/\/www.cec.org\/es\/wp-json\/wp\/v2\/comments?post=27370"}],"version-history":[{"count":5,"href":"https:\/\/www.cec.org\/es\/wp-json\/wp\/v2\/pages\/27370\/revisions"}],"predecessor-version":[{"id":57741,"href":"https:\/\/www.cec.org\/es\/wp-json\/wp\/v2\/pages\/27370\/revisions\/57741"}],"wp:attachment":[{"href":"https:\/\/www.cec.org\/es\/wp-json\/wp\/v2\/media?parent=27370"}],"curies":[{"name":"wp","href":"https:\/\/api.w.org\/{rel}","templated":true}]}}