{"id":27357,"date":"2020-01-27T21:15:13","date_gmt":"2020-01-28T02:15:13","guid":{"rendered":"http:\/\/www.cec.org\/programa-piloto-de-gestion-de-energia-de-america-del-norte\/"},"modified":"2024-07-11T13:33:13","modified_gmt":"2024-07-11T17:33:13","slug":"programa-piloto-de-gestion-de-energia-de-america-del-norte","status":"publish","type":"page","link":"https:\/\/www.cec.org\/es\/programa-piloto-de-gestion-de-energia-de-america-del-norte\/","title":{"rendered":"Programa Piloto de Gesti\u00f3n de Energ\u00eda de Am\u00e9rica del Norte"},"content":{"rendered":"<p>Finalizado en junio de 2017, el Programa Piloto de Gesti\u00f3n de Energ\u00eda de Am\u00e9rica del Norte 2016-2017 cont\u00f3 con la participaci\u00f3n de 18 instalaciones industriales pertenecientes a nueve empresas establecidas en Canad\u00e1, Estados Unidos y M\u00e9xico. Como parte de las actividades del programa, tales instalaciones recibieron capacitaci\u00f3n, con una duraci\u00f3n de 18 meses, en torno a la norma ISO 50001 para la gesti\u00f3n energ\u00e9tica y el programa Desempe\u00f1o Energ\u00e9tico Superior (<em>Superior Energy Performance<\/em>, SEP).<\/p>\n<p><strong>Resumen de la capacitaci\u00f3n<\/strong><\/p>\n<p>En colaboraci\u00f3n con especialistas del Instituto para la Innovaci\u00f3n Empresarial del Instituto de Tecnolog\u00eda de Georgia, la CCA formul\u00f3 este programa y reclut\u00f3, de entre el sector privado de los tres pa\u00edses de Am\u00e9rica del Norte, instalaciones interesadas en participar, cada una de las cuales conform\u00f3 un equipo con miembros del personal designados para capacitarse a lo largo de los 18 meses de duraci\u00f3n del programa.<\/p>\n<p>Impartido en fases, entre marzo de 2016 y junio de 2017, en consonancia con el modelo de gesti\u00f3n Planificar-Hacer-Verificar-Actuar de la norma ISO 50001, encaminado a lograr mejoras continuas, el programa de capacitaci\u00f3n se conform\u00f3 de los componentes de formaci\u00f3n siguientes:<\/p>\n<ol>\n<li>Preparaci\u00f3n\n<ul>\n<li>Curso preparatorio en l\u00ednea para introducir la norma ISO 50001 y el programa SEP<\/li>\n<li>Introducci\u00f3n al programa de capacitaci\u00f3n, incluidas expectativas y log\u00edstica (v\u00eda seminario web)<\/li>\n<li>Evaluaci\u00f3n de lagunas<\/li>\n<li>Demostraci\u00f3n ante altos directivos del valor empresarial de la adopci\u00f3n de la norma ISO 50001 y el programa SEP<\/li>\n<\/ul>\n<\/li>\n<li>Fase I de la instrumentaci\u00f3n: \u201cPlanificar\u201d\n<ul>\n<li>Capacitaci\u00f3n grupal presencial con una duraci\u00f3n de tres d\u00edas<\/li>\n<li>Seminarios web y conferencias telef\u00f3nicas de asesoramiento con periodicidad mensual<\/li>\n<li>Elaboraci\u00f3n de informes trimestrales y seguimiento<\/li>\n<\/ul>\n<\/li>\n<li>Fase II de la instrumentaci\u00f3n: \u201cHacer\u201d\n<ul>\n<li>Capacitaci\u00f3n grupal presencial con una duraci\u00f3n de tres d\u00edas<\/li>\n<li>Seminarios web y conferencias telef\u00f3nicas de asesoramiento con periodicidad mensual<\/li>\n<li>Elaboraci\u00f3n de informes trimestrales y seguimiento<\/li>\n<\/ul>\n<\/li>\n<li>Fase III de la instrumentaci\u00f3n: \u201cVerificar y actuar\u201d\n<ul>\n<li>Capacitaci\u00f3n grupal presencial con una duraci\u00f3n de tres d\u00edas<\/li>\n<li>Seminarios web y conferencias telef\u00f3nicas de asesoramiento con periodicidad mensual<\/li>\n<li>Elaboraci\u00f3n de informes trimestrales y seguimiento<\/li>\n<\/ul>\n<\/li>\n<li>Fase IV de la instrumentaci\u00f3n: Valoraci\u00f3n y evaluaci\u00f3n\n<ul>\n<li>Asesoramiento flexible a distancia seg\u00fan se requiera (por hasta tres d\u00edas)<\/li>\n<li>Revisi\u00f3n de la documentaci\u00f3n para obtener la certificaci\u00f3n<\/li>\n<\/ul>\n<\/li>\n<\/ol>\n<p><strong>Participantes en la cohorte 2016-2017:<\/strong><\/p>\n<p><img loading=\"lazy\" decoding=\"async\" class=\"alignnone wp-image-27354 size-full\" src=\"http:\/\/webdev2\/wp-content\/uploads\/2020\/01\/iso-map-outline-facilties.jpg\" alt=\"\" width=\"960\" height=\"960\" srcset=\"https:\/\/www.cec.org\/wp-content\/uploads\/2020\/01\/iso-map-outline-facilties.jpg 960w, https:\/\/www.cec.org\/wp-content\/uploads\/2020\/01\/iso-map-outline-facilties-150x150.jpg 150w, https:\/\/www.cec.org\/wp-content\/uploads\/2020\/01\/iso-map-outline-facilties-300x300.jpg 300w, https:\/\/www.cec.org\/wp-content\/uploads\/2020\/01\/iso-map-outline-facilties-768x768.jpg 768w\" sizes=\"auto, (max-width: 960px) 100vw, 960px\" \/><\/p>\n<table border=\"0\" cellspacing=\"0\" cellpadding=\"0\">\n<tbody>\n<tr>\n<td valign=\"top\" width=\"30%\">\n<p class=\"rteright\"><strong>Empresa<\/strong><\/p>\n<\/td>\n<td valign=\"top\"><strong>Ubicaci\u00f3n de las instalaciones<\/strong><\/td>\n<\/tr>\n<tr>\n<td>\n<p align=\"right\">(1) 3M<\/p>\n<\/td>\n<td>Brockville, Ontario, Canad\u00e1<br \/>\nCottage Grove, Minesota, Estados Unidos<br \/>\nSan Luis Potos\u00ed, SLP, M\u00e9xico<\/td>\n<\/tr>\n<tr>\n<td>\n<p align=\"right\">(2) ArcelorMittal<\/p>\n<\/td>\n<td>Hamilton, Ontario, Canad\u00e1<br \/>\nL\u00e1zaro C\u00e1rdenas, Michoac\u00e1n, M\u00e9xico<\/td>\n<\/tr>\n<tr>\n<td>\n<p align=\"right\">(3) BMW<\/p>\n<\/td>\n<td>Spartanburg, Carolina del Sur, Estados Unidos<\/td>\n<\/tr>\n<tr>\n<td>\n<p align=\"right\">(4) Cargill<\/p>\n<\/td>\n<td>Eddyville, Iowa, Estados Unidos<br \/>\nWayzata, Minesota, Estados Unidos<\/td>\n<\/tr>\n<tr>\n<td>\n<p align=\"right\">(5) Cummins Inc.<\/p>\n<\/td>\n<td>Ciudad Ju\u00e1rez, Chihuahua, M\u00e9xico<br \/>\nSan Luis Potos\u00ed (Cummins Filtraci\u00f3n), SLP, M\u00e9xico<br \/>\nSan Luis Potos\u00ed (Centro de Distribuci\u00f3n de Partes), SLP, M\u00e9xico<\/td>\n<\/tr>\n<tr>\n<td>\n<p align=\"right\">(6) Ingersoll Rand<\/p>\n<\/td>\n<td>Monterrey, Nuevo Le\u00f3n, M\u00e9xico<\/td>\n<\/tr>\n<tr>\n<td>\n<p align=\"right\">(7) Intertape Polymer Group<\/p>\n<\/td>\n<td>Danville, Virginia, Estados Unidos<br \/>\nMarysville, Michigan, Estados Unidos<br \/>\nTruro, Nueva Escocia, Canad\u00e1<\/td>\n<\/tr>\n<tr>\n<td>\n<p align=\"right\">(8) New Gold<\/p>\n<\/td>\n<td>Brawley, California, Estados Unidos<\/td>\n<\/tr>\n<tr>\n<td>\n<p align=\"right\">(9) Titan America<\/p>\n<\/td>\n<td>Medley, Florida, Estados Unidos<br \/>\nRoanoke, Virginia, Estados Unidos<\/td>\n<\/tr>\n<\/tbody>\n<\/table>\n<p><strong>Reconocimiento en foros de alto nivel de Am\u00e9rica del Norte<\/strong><\/p>\n<p>El 9 de mayo de 2017, en el marco del Foro Global de Eficiencia Energ\u00e9tica 2017, llevado a cabo en Washington, DC, algunos de los participantes en el programa, acompa\u00f1ados de otros l\u00edderes industriales, expertos en gesti\u00f3n energ\u00e9tica y representantes de alto rango de las dependencias de energ\u00eda de Canad\u00e1, Estados Unidos y M\u00e9xico, asistieron a un panel de discusi\u00f3n cuyo objetivo fue analizar iniciativas y oportunidades para impulsar el ahorro de energ\u00eda en los sectores industrial y comercial de la regi\u00f3n mediante la aceleraci\u00f3n de la adopci\u00f3n a escala corporativa de la norma ISO 50001 y la obtenci\u00f3n de la certificaci\u00f3n SEP.<\/p>\n","protected":false},"excerpt":{"rendered":"<p>Finalizado en junio de 2017, el Programa Piloto de Gesti\u00f3n de Energ\u00eda de Am\u00e9rica del Norte 2016-2017 cont\u00f3 con la participaci\u00f3n de 18 instalaciones industriales pertenecientes a nueve empresas establecidas en Canad\u00e1, Estados Unidos y M\u00e9xico. Como parte de las actividades del programa, tales instalaciones recibieron capacitaci\u00f3n, con una duraci\u00f3n de 18 meses, en torno [&hellip;]<\/p>\n","protected":false},"author":1,"featured_media":0,"parent":0,"menu_order":0,"comment_status":"closed","ping_status":"closed","template":"","meta":{"_acf_changed":false,"footnotes":""},"class_list":["post-27357","page","type-page","status-publish","hentry"],"acf":[],"yoast_head":"<!-- This site is optimized with the Yoast SEO Premium plugin v27.0 (Yoast SEO v27.0) - https:\/\/yoast.com\/product\/yoast-seo-premium-wordpress\/ -->\n<title>Programa Piloto de Gesti\u00f3n de Energ\u00eda de Am\u00e9rica del Norte<\/title>\n<meta name=\"description\" content=\"Finalizado en junio de 2017, el Programa Piloto de Gesti\u00f3n de Energ\u00eda de Am\u00e9rica del Norte 2016-2017 cont\u00f3 con la participaci\u00f3n de 18 instalaciones\" \/>\n<meta name=\"robots\" content=\"index, follow, max-snippet:-1, max-image-preview:large, max-video-preview:-1\" \/>\n<link rel=\"canonical\" href=\"https:\/\/www.cec.org\/es\/programa-piloto-de-gestion-de-energia-de-america-del-norte\/\" \/>\n<meta property=\"og:locale\" content=\"es_ES\" \/>\n<meta property=\"og:type\" content=\"article\" \/>\n<meta property=\"og:title\" content=\"Programa Piloto de Gesti\u00f3n de Energ\u00eda de Am\u00e9rica del Norte\" \/>\n<meta property=\"og:description\" content=\"Finalizado en junio de 2017, el Programa Piloto de Gesti\u00f3n de Energ\u00eda de Am\u00e9rica del Norte 2016-2017 cont\u00f3 con la participaci\u00f3n de 18 instalaciones\" \/>\n<meta property=\"og:url\" content=\"https:\/\/www.cec.org\/es\/programa-piloto-de-gestion-de-energia-de-america-del-norte\/\" \/>\n<meta property=\"og:site_name\" content=\"Comisi\u00f3n para la Cooperaci\u00f3n Ambiental\" \/>\n<meta property=\"article:publisher\" content=\"https:\/\/www.facebook.com\/CECconnect\" \/>\n<meta property=\"article:modified_time\" content=\"2024-07-11T17:33:13+00:00\" \/>\n<meta property=\"og:image\" content=\"http:\/\/webdev2\/wp-content\/uploads\/2020\/01\/iso-map-outline-facilties.jpg\" \/>\n<meta name=\"twitter:card\" content=\"summary_large_image\" \/>\n<meta name=\"twitter:site\" content=\"@CECweb\" \/>\n<script type=\"application\/ld+json\" class=\"yoast-schema-graph\">{\"@context\":\"https:\/\/schema.org\",\"@graph\":[{\"@type\":\"WebPage\",\"@id\":\"https:\/\/www.cec.org\/es\/programa-piloto-de-gestion-de-energia-de-america-del-norte\/\",\"url\":\"https:\/\/www.cec.org\/es\/programa-piloto-de-gestion-de-energia-de-america-del-norte\/\",\"name\":\"Programa Piloto de Gesti\u00f3n de Energ\u00eda de Am\u00e9rica del Norte\",\"isPartOf\":{\"@id\":\"https:\/\/www.cec.org\/es\/#website\"},\"primaryImageOfPage\":{\"@id\":\"https:\/\/www.cec.org\/es\/programa-piloto-de-gestion-de-energia-de-america-del-norte\/#primaryimage\"},\"image\":{\"@id\":\"https:\/\/www.cec.org\/es\/programa-piloto-de-gestion-de-energia-de-america-del-norte\/#primaryimage\"},\"thumbnailUrl\":\"http:\/\/webdev2\/wp-content\/uploads\/2020\/01\/iso-map-outline-facilties.jpg\",\"datePublished\":\"2020-01-28T02:15:13+00:00\",\"dateModified\":\"2024-07-11T17:33:13+00:00\",\"description\":\"Finalizado en junio de 2017, el Programa Piloto de Gesti\u00f3n de Energ\u00eda de Am\u00e9rica del Norte 2016-2017 cont\u00f3 con la participaci\u00f3n de 18 instalaciones\",\"breadcrumb\":{\"@id\":\"https:\/\/www.cec.org\/es\/programa-piloto-de-gestion-de-energia-de-america-del-norte\/#breadcrumb\"},\"inLanguage\":\"es\",\"potentialAction\":[{\"@type\":\"ReadAction\",\"target\":[\"https:\/\/www.cec.org\/es\/programa-piloto-de-gestion-de-energia-de-america-del-norte\/\"]}]},{\"@type\":\"ImageObject\",\"inLanguage\":\"es\",\"@id\":\"https:\/\/www.cec.org\/es\/programa-piloto-de-gestion-de-energia-de-america-del-norte\/#primaryimage\",\"url\":\"http:\/\/webdev2\/wp-content\/uploads\/2020\/01\/iso-map-outline-facilties.jpg\",\"contentUrl\":\"http:\/\/webdev2\/wp-content\/uploads\/2020\/01\/iso-map-outline-facilties.jpg\"},{\"@type\":\"BreadcrumbList\",\"@id\":\"https:\/\/www.cec.org\/es\/programa-piloto-de-gestion-de-energia-de-america-del-norte\/#breadcrumb\",\"itemListElement\":[{\"@type\":\"ListItem\",\"position\":1,\"name\":\"Inicio\",\"item\":\"https:\/\/www.cec.org\/es\/\"},{\"@type\":\"ListItem\",\"position\":2,\"name\":\"Programa Piloto de Gesti\u00f3n de Energ\u00eda de Am\u00e9rica del Norte\"}]},{\"@type\":\"WebSite\",\"@id\":\"https:\/\/www.cec.org\/es\/#website\",\"url\":\"https:\/\/www.cec.org\/es\/\",\"name\":\"Commission for Environmental Cooperation\",\"description\":\"Three countries working together to protect our shared environment\",\"alternateName\":\"CEC - CCA -CCE\",\"potentialAction\":[{\"@type\":\"SearchAction\",\"target\":{\"@type\":\"EntryPoint\",\"urlTemplate\":\"https:\/\/www.cec.org\/es\/?s={search_term_string}\"},\"query-input\":{\"@type\":\"PropertyValueSpecification\",\"valueRequired\":true,\"valueName\":\"search_term_string\"}}],\"inLanguage\":\"es\"}]}<\/script>\n<!-- \/ Yoast SEO Premium plugin. -->","yoast_head_json":{"title":"Programa Piloto de Gesti\u00f3n de Energ\u00eda de Am\u00e9rica del Norte","description":"Finalizado en junio de 2017, el Programa Piloto de Gesti\u00f3n de Energ\u00eda de Am\u00e9rica del Norte 2016-2017 cont\u00f3 con la participaci\u00f3n de 18 instalaciones","robots":{"index":"index","follow":"follow","max-snippet":"max-snippet:-1","max-image-preview":"max-image-preview:large","max-video-preview":"max-video-preview:-1"},"canonical":"https:\/\/www.cec.org\/es\/programa-piloto-de-gestion-de-energia-de-america-del-norte\/","og_locale":"es_ES","og_type":"article","og_title":"Programa Piloto de Gesti\u00f3n de Energ\u00eda de Am\u00e9rica del Norte","og_description":"Finalizado en junio de 2017, el Programa Piloto de Gesti\u00f3n de Energ\u00eda de Am\u00e9rica del Norte 2016-2017 cont\u00f3 con la participaci\u00f3n de 18 instalaciones","og_url":"https:\/\/www.cec.org\/es\/programa-piloto-de-gestion-de-energia-de-america-del-norte\/","og_site_name":"Comisi\u00f3n para la Cooperaci\u00f3n Ambiental","article_publisher":"https:\/\/www.facebook.com\/CECconnect","article_modified_time":"2024-07-11T17:33:13+00:00","og_image":[{"url":"http:\/\/webdev2\/wp-content\/uploads\/2020\/01\/iso-map-outline-facilties.jpg","type":"","width":"","height":""}],"twitter_card":"summary_large_image","twitter_site":"@CECweb","schema":{"@context":"https:\/\/schema.org","@graph":[{"@type":"WebPage","@id":"https:\/\/www.cec.org\/es\/programa-piloto-de-gestion-de-energia-de-america-del-norte\/","url":"https:\/\/www.cec.org\/es\/programa-piloto-de-gestion-de-energia-de-america-del-norte\/","name":"Programa Piloto de Gesti\u00f3n de Energ\u00eda de Am\u00e9rica del Norte","isPartOf":{"@id":"https:\/\/www.cec.org\/es\/#website"},"primaryImageOfPage":{"@id":"https:\/\/www.cec.org\/es\/programa-piloto-de-gestion-de-energia-de-america-del-norte\/#primaryimage"},"image":{"@id":"https:\/\/www.cec.org\/es\/programa-piloto-de-gestion-de-energia-de-america-del-norte\/#primaryimage"},"thumbnailUrl":"http:\/\/webdev2\/wp-content\/uploads\/2020\/01\/iso-map-outline-facilties.jpg","datePublished":"2020-01-28T02:15:13+00:00","dateModified":"2024-07-11T17:33:13+00:00","description":"Finalizado en junio de 2017, el Programa Piloto de Gesti\u00f3n de Energ\u00eda de Am\u00e9rica del Norte 2016-2017 cont\u00f3 con la participaci\u00f3n de 18 instalaciones","breadcrumb":{"@id":"https:\/\/www.cec.org\/es\/programa-piloto-de-gestion-de-energia-de-america-del-norte\/#breadcrumb"},"inLanguage":"es","potentialAction":[{"@type":"ReadAction","target":["https:\/\/www.cec.org\/es\/programa-piloto-de-gestion-de-energia-de-america-del-norte\/"]}]},{"@type":"ImageObject","inLanguage":"es","@id":"https:\/\/www.cec.org\/es\/programa-piloto-de-gestion-de-energia-de-america-del-norte\/#primaryimage","url":"http:\/\/webdev2\/wp-content\/uploads\/2020\/01\/iso-map-outline-facilties.jpg","contentUrl":"http:\/\/webdev2\/wp-content\/uploads\/2020\/01\/iso-map-outline-facilties.jpg"},{"@type":"BreadcrumbList","@id":"https:\/\/www.cec.org\/es\/programa-piloto-de-gestion-de-energia-de-america-del-norte\/#breadcrumb","itemListElement":[{"@type":"ListItem","position":1,"name":"Inicio","item":"https:\/\/www.cec.org\/es\/"},{"@type":"ListItem","position":2,"name":"Programa Piloto de Gesti\u00f3n de Energ\u00eda de Am\u00e9rica del Norte"}]},{"@type":"WebSite","@id":"https:\/\/www.cec.org\/es\/#website","url":"https:\/\/www.cec.org\/es\/","name":"Commission for Environmental Cooperation","description":"Three countries working together to protect our shared environment","alternateName":"CEC - CCA -CCE","potentialAction":[{"@type":"SearchAction","target":{"@type":"EntryPoint","urlTemplate":"https:\/\/www.cec.org\/es\/?s={search_term_string}"},"query-input":{"@type":"PropertyValueSpecification","valueRequired":true,"valueName":"search_term_string"}}],"inLanguage":"es"}]}},"_links":{"self":[{"href":"https:\/\/www.cec.org\/es\/wp-json\/wp\/v2\/pages\/27357","targetHints":{"allow":["GET"]}}],"collection":[{"href":"https:\/\/www.cec.org\/es\/wp-json\/wp\/v2\/pages"}],"about":[{"href":"https:\/\/www.cec.org\/es\/wp-json\/wp\/v2\/types\/page"}],"author":[{"embeddable":true,"href":"https:\/\/www.cec.org\/es\/wp-json\/wp\/v2\/users\/1"}],"replies":[{"embeddable":true,"href":"https:\/\/www.cec.org\/es\/wp-json\/wp\/v2\/comments?post=27357"}],"version-history":[{"count":1,"href":"https:\/\/www.cec.org\/es\/wp-json\/wp\/v2\/pages\/27357\/revisions"}],"predecessor-version":[{"id":43873,"href":"https:\/\/www.cec.org\/es\/wp-json\/wp\/v2\/pages\/27357\/revisions\/43873"}],"wp:attachment":[{"href":"https:\/\/www.cec.org\/es\/wp-json\/wp\/v2\/media?parent=27357"}],"curies":[{"name":"wp","href":"https:\/\/api.w.org\/{rel}","templated":true}]}}