{"id":27002,"date":"2020-01-09T09:36:07","date_gmt":"2020-01-09T14:36:07","guid":{"rendered":"http:\/\/www.cec.org\/materiales-de-capacitacion-de-la-cca-sobre-manejo-ambientalmente-adecuado\/"},"modified":"2024-07-11T13:32:54","modified_gmt":"2024-07-11T17:32:54","slug":"materiales-de-capacitacion-de-la-cca-sobre-manejo-ambiental-adecuado","status":"publish","type":"page","link":"https:\/\/www.cec.org\/es\/materiales-de-capacitacion-de-la-cca-sobre-manejo-ambiental-adecuado\/","title":{"rendered":"Materiales de capacitaci\u00f3n de la CCA sobre manejo ambiental adecuado"},"content":{"rendered":"<p>La Comisi\u00f3n para la Cooperaci\u00f3n Ambiental (CCA) elabor\u00f3 un curso de capacitaci\u00f3n sobre pr\u00e1cticas para un manejo ambiental adecuado (MAA) con el prop\u00f3sito de apoyar a las peque\u00f1as y medianas empresas (pyme) que en Am\u00e9rica del Norte se dedican a reacondicionar o reciclar productos electr\u00f3nicos usados y al final de su vida \u00fatil, y con ello contribuir a la creaci\u00f3n y mantenimiento de empleos respetuosos del medio ambiente.<\/p>\n<p>El MAA puede definirse como la adopci\u00f3n de todas las medidas practicables para asegurar que los productos usados y al final de su vida \u00fatil, as\u00ed como sus desechos, se manejen de tal forma que se protejan la salud humana y el medio ambiente. Entre los beneficios reconocidos que se derivan de la adopci\u00f3n e implementaci\u00f3n de pr\u00e1cticas de MAA destacan los siguientes:<\/p>\n<ol>\n<li><strong>El MAA redunda en mayores oportunidades de negocio<\/strong>\u00a0<strong>para las empresas<\/strong>. Cada vez es m\u00e1s frecuente que los clientes reclamen el uso de pr\u00e1cticas de MAA a las empresas que procesan productos electr\u00f3nicos. De ah\u00ed que el MAA pueda constituir una ventaja competitiva.<\/li>\n<li><strong>La aplicaci\u00f3n de un MAA en empresas de reacondicionamiento o reciclaje de productos electr\u00f3nicos puede traducirse en mayores ganancias al recuperarse una mayor cantidad de materiales.\u00a0<\/strong>El MAA permite una mayor recuperaci\u00f3n de materiales de alto valor econ\u00f3mico (por ejemplo, metales preciosos como oro, n\u00edquel, cobre o paladio y, en ocasiones, tierras raras). La implementaci\u00f3n de pr\u00e1cticas de MAA aumenta la eficacia operativa al adoptarse nuevos sistemas y procedimientos que se centran en la\u00a0<strong>reducci\u00f3n de desechos, la reutilizaci\u00f3n y el reciclaje<\/strong>.<\/li>\n<li><strong>Un MAA proteger\u00e1 la salud de los trabajadores, sus familias, las comunidades y el medio ambiente<\/strong>. Las operaciones instalaciones que procesan productos electr\u00f3nicos usados y al final de su vida \u00fatil pueden tener repercusiones cr\u00edticas en la salud de los trabajadores, la comunidad y el medio ambiente. Adem\u00e1s de generar beneficios para la salud y la seguridad de los trabajadores, la adopci\u00f3n de un MAA puede proteger a las comunidades y el medio ambiente locales. Un MAA obliga, asimismo, al cumplimiento de ordenamientos en materia de salud y seguridad y protecci\u00f3n ambiental.<\/li>\n<\/ol>\n<p>Si desea consultar los materiales de capacitaci\u00f3n de la CCA sobre MAA, haga clic aqu\u00ed.<\/p>\n<table>\n<tbody>\n<tr>\n<th>Administradores<\/th>\n<th>Supervisores y trabajadores<\/th>\n<\/tr>\n<tr>\n<td><a href=\"..\/..\/files\/documents\/maa\/managers_qa12_18_esm_overview_v1-s1.pdf\">Descripci\u00f3n del programa de capacitaci\u00f3n<\/a><\/td>\n<td><a href=\"..\/..\/files\/documents\/maa\/qa12_18_esm_overview_v1-s1.pdf\">Descripci\u00f3n del programa de capacitaci\u00f3n<\/a><\/td>\n<\/tr>\n<tr>\n<td><a href=\"..\/..\/files\/documents\/maa\/managers_qa12_18_esm_mod_1a_v1-s2.pdf\">M\u00f3dulo 1a: Introducci\u00f3n al manejo ambientalmente adecuado<\/a><\/td>\n<td><a href=\"..\/..\/files\/documents\/maa\/qa12_18_esm_mod_1b_v1-s2.pdf\">M\u00f3dulo 1b: Introducci\u00f3n al manejo ambientalmente adecuado<\/a><\/td>\n<\/tr>\n<tr>\n<td colspan=\"2\"><a href=\"..\/..\/files\/documents\/maa\/managers_qa12_18_esm_mod_2_v1-s2.pdf\">M\u00f3dulo 2: Compromiso de la direcci\u00f3n<\/a><\/td>\n<\/tr>\n<tr>\n<td><a href=\"..\/..\/files\/documents\/maa\/managers_qa12_18_esm_mod_3a_v1-s2.pdf\">M\u00f3dulo 3a: Evaluaci\u00f3n de riesgos<\/a><\/td>\n<td><a href=\"..\/..\/files\/documents\/maa\/qa12_18_esm_mod_3b_v1-s1.pdf\">M\u00f3dulo 3b: Evaluaci\u00f3n de riesgos<\/a><\/td>\n<\/tr>\n<tr>\n<td><a href=\"..\/..\/files\/documents\/maa\/managers_qa12_18_esm_mod_4a_v1-s1.pdf\">M\u00f3dulo 4a: Prevenci\u00f3n y minimizaci\u00f3n de riesgos<\/a><\/td>\n<td><a href=\"..\/..\/files\/documents\/maa\/qa12_18_esm_mod_4b_v1-s1.pdf\">M\u00f3dulo 4b: Prevenci\u00f3n y minimizaci\u00f3n de riesgos<\/a><\/td>\n<\/tr>\n<tr>\n<td colspan=\"2\"><a href=\"..\/..\/files\/documents\/maa\/managers_qa12_18_esm_mod_5_v1-s1.pdf\">M\u00f3dulo 5: Cumplimiento de la legislaci\u00f3n<\/a><\/td>\n<\/tr>\n<tr>\n<td><a href=\"..\/..\/files\/documents\/maa\/managers_qa12_18_esm_mod_6_v1-s2.pdf\">M\u00f3dulo 6: Mantenimiento de registros y evaluaci\u00f3n del desempe\u00f1o<\/a><\/td>\n<td><a href=\"..\/..\/files\/documents\/maa\/qa12_18_esm_mod_6_v1-s2.pdf\">M\u00f3dulo 6: Mantenimiento de registros y evaluaci\u00f3n del desempe\u00f1o<\/a><\/td>\n<\/tr>\n<tr>\n<td><a href=\"..\/..\/files\/documents\/maa\/managers_qa12_18_esm_mod_7a_v1-s1.pdf\">M\u00f3dulo 7a: Autoevaluaci\u00f3n de aprendizaje<\/a><\/td>\n<td><a href=\"..\/..\/files\/documents\/maa\/qa12_18_esm_mod_7b_v1-s1.pdf\">M\u00f3dulo 7b: Autoevaluaci\u00f3n de aprendizaje<\/a><\/td>\n<\/tr>\n<\/tbody>\n<\/table>\n","protected":false},"excerpt":{"rendered":"<p>La Comisi\u00f3n para la Cooperaci\u00f3n Ambiental (CCA) elabor\u00f3 un curso de capacitaci\u00f3n sobre pr\u00e1cticas para un manejo ambiental adecuado (MAA) con el prop\u00f3sito de apoyar a las peque\u00f1as y medianas empresas (pyme) que en Am\u00e9rica del Norte se dedican a reacondicionar o reciclar productos electr\u00f3nicos usados y al final de su vida \u00fatil, y con [&hellip;]<\/p>\n","protected":false},"author":1,"featured_media":54068,"parent":0,"menu_order":0,"comment_status":"closed","ping_status":"closed","template":"","meta":{"_acf_changed":false,"footnotes":""},"class_list":["post-27002","page","type-page","status-publish","has-post-thumbnail","hentry"],"acf":[],"yoast_head":"<!-- This site is optimized with the Yoast SEO Premium plugin v27.0 (Yoast SEO v27.0) - https:\/\/yoast.com\/product\/yoast-seo-premium-wordpress\/ -->\n<title>Materiales de capacitaci\u00f3n de la CCA sobre manejo ambiental adecuado<\/title>\n<meta name=\"description\" content=\"La Comisi\u00f3n para la Cooperaci\u00f3n Ambiental (CCA) elabor\u00f3 un curso de capacitaci\u00f3n sobre pr\u00e1cticas para un manejo ambiental adecuado (MAA) con el prop\u00f3sito\" \/>\n<meta name=\"robots\" content=\"index, follow, max-snippet:-1, max-image-preview:large, max-video-preview:-1\" \/>\n<link rel=\"canonical\" href=\"https:\/\/www.cec.org\/es\/materiales-de-capacitacion-de-la-cca-sobre-manejo-ambiental-adecuado\/\" \/>\n<meta property=\"og:locale\" content=\"es_ES\" \/>\n<meta property=\"og:type\" content=\"article\" \/>\n<meta property=\"og:title\" content=\"Materiales de capacitaci\u00f3n de la CCA sobre manejo ambiental adecuado\" \/>\n<meta property=\"og:description\" content=\"La Comisi\u00f3n para la Cooperaci\u00f3n Ambiental (CCA) elabor\u00f3 un curso de capacitaci\u00f3n sobre pr\u00e1cticas para un manejo ambiental adecuado (MAA) con el prop\u00f3sito\" \/>\n<meta property=\"og:url\" content=\"https:\/\/www.cec.org\/es\/materiales-de-capacitacion-de-la-cca-sobre-manejo-ambiental-adecuado\/\" \/>\n<meta property=\"og:site_name\" content=\"Comisi\u00f3n para la Cooperaci\u00f3n Ambiental\" \/>\n<meta property=\"article:publisher\" content=\"https:\/\/www.facebook.com\/CECconnect\" \/>\n<meta property=\"article:modified_time\" content=\"2024-07-11T17:32:54+00:00\" \/>\n<meta property=\"og:image\" content=\"https:\/\/www.cec.org\/wp-content\/uploads\/esm.webp\" \/>\n\t<meta property=\"og:image:width\" content=\"1200\" \/>\n\t<meta property=\"og:image:height\" content=\"684\" \/>\n\t<meta property=\"og:image:type\" content=\"image\/webp\" \/>\n<meta name=\"twitter:card\" content=\"summary_large_image\" \/>\n<meta name=\"twitter:site\" content=\"@CECweb\" \/>\n<script type=\"application\/ld+json\" class=\"yoast-schema-graph\">{\"@context\":\"https:\/\/schema.org\",\"@graph\":[{\"@type\":\"WebPage\",\"@id\":\"https:\/\/www.cec.org\/es\/materiales-de-capacitacion-de-la-cca-sobre-manejo-ambiental-adecuado\/\",\"url\":\"https:\/\/www.cec.org\/es\/materiales-de-capacitacion-de-la-cca-sobre-manejo-ambiental-adecuado\/\",\"name\":\"Materiales de capacitaci\u00f3n de la CCA sobre manejo ambiental adecuado\",\"isPartOf\":{\"@id\":\"https:\/\/www.cec.org\/es\/#website\"},\"primaryImageOfPage\":{\"@id\":\"https:\/\/www.cec.org\/es\/materiales-de-capacitacion-de-la-cca-sobre-manejo-ambiental-adecuado\/#primaryimage\"},\"image\":{\"@id\":\"https:\/\/www.cec.org\/es\/materiales-de-capacitacion-de-la-cca-sobre-manejo-ambiental-adecuado\/#primaryimage\"},\"thumbnailUrl\":\"https:\/\/www.cec.org\/wp-content\/uploads\/esm.webp\",\"datePublished\":\"2020-01-09T14:36:07+00:00\",\"dateModified\":\"2024-07-11T17:32:54+00:00\",\"description\":\"La Comisi\u00f3n para la Cooperaci\u00f3n Ambiental (CCA) elabor\u00f3 un curso de capacitaci\u00f3n sobre pr\u00e1cticas para un manejo ambiental adecuado (MAA) con el prop\u00f3sito\",\"breadcrumb\":{\"@id\":\"https:\/\/www.cec.org\/es\/materiales-de-capacitacion-de-la-cca-sobre-manejo-ambiental-adecuado\/#breadcrumb\"},\"inLanguage\":\"es\",\"potentialAction\":[{\"@type\":\"ReadAction\",\"target\":[\"https:\/\/www.cec.org\/es\/materiales-de-capacitacion-de-la-cca-sobre-manejo-ambiental-adecuado\/\"]}]},{\"@type\":\"ImageObject\",\"inLanguage\":\"es\",\"@id\":\"https:\/\/www.cec.org\/es\/materiales-de-capacitacion-de-la-cca-sobre-manejo-ambiental-adecuado\/#primaryimage\",\"url\":\"https:\/\/www.cec.org\/wp-content\/uploads\/esm.webp\",\"contentUrl\":\"https:\/\/www.cec.org\/wp-content\/uploads\/esm.webp\",\"width\":1200,\"height\":684,\"caption\":\"ESM discarded electronic waste\"},{\"@type\":\"BreadcrumbList\",\"@id\":\"https:\/\/www.cec.org\/es\/materiales-de-capacitacion-de-la-cca-sobre-manejo-ambiental-adecuado\/#breadcrumb\",\"itemListElement\":[{\"@type\":\"ListItem\",\"position\":1,\"name\":\"Inicio\",\"item\":\"https:\/\/www.cec.org\/es\/\"},{\"@type\":\"ListItem\",\"position\":2,\"name\":\"Materiales de capacitaci\u00f3n de la CCA sobre manejo ambiental adecuado\"}]},{\"@type\":\"WebSite\",\"@id\":\"https:\/\/www.cec.org\/es\/#website\",\"url\":\"https:\/\/www.cec.org\/es\/\",\"name\":\"Commission for Environmental Cooperation\",\"description\":\"Three countries working together to protect our shared environment\",\"alternateName\":\"CEC - CCA -CCE\",\"potentialAction\":[{\"@type\":\"SearchAction\",\"target\":{\"@type\":\"EntryPoint\",\"urlTemplate\":\"https:\/\/www.cec.org\/es\/?s={search_term_string}\"},\"query-input\":{\"@type\":\"PropertyValueSpecification\",\"valueRequired\":true,\"valueName\":\"search_term_string\"}}],\"inLanguage\":\"es\"}]}<\/script>\n<!-- \/ Yoast SEO Premium plugin. -->","yoast_head_json":{"title":"Materiales de capacitaci\u00f3n de la CCA sobre manejo ambiental adecuado","description":"La Comisi\u00f3n para la Cooperaci\u00f3n Ambiental (CCA) elabor\u00f3 un curso de capacitaci\u00f3n sobre pr\u00e1cticas para un manejo ambiental adecuado (MAA) con el prop\u00f3sito","robots":{"index":"index","follow":"follow","max-snippet":"max-snippet:-1","max-image-preview":"max-image-preview:large","max-video-preview":"max-video-preview:-1"},"canonical":"https:\/\/www.cec.org\/es\/materiales-de-capacitacion-de-la-cca-sobre-manejo-ambiental-adecuado\/","og_locale":"es_ES","og_type":"article","og_title":"Materiales de capacitaci\u00f3n de la CCA sobre manejo ambiental adecuado","og_description":"La Comisi\u00f3n para la Cooperaci\u00f3n Ambiental (CCA) elabor\u00f3 un curso de capacitaci\u00f3n sobre pr\u00e1cticas para un manejo ambiental adecuado (MAA) con el prop\u00f3sito","og_url":"https:\/\/www.cec.org\/es\/materiales-de-capacitacion-de-la-cca-sobre-manejo-ambiental-adecuado\/","og_site_name":"Comisi\u00f3n para la Cooperaci\u00f3n Ambiental","article_publisher":"https:\/\/www.facebook.com\/CECconnect","article_modified_time":"2024-07-11T17:32:54+00:00","og_image":[{"width":1200,"height":684,"url":"https:\/\/www.cec.org\/wp-content\/uploads\/esm.webp","type":"image\/webp"}],"twitter_card":"summary_large_image","twitter_site":"@CECweb","schema":{"@context":"https:\/\/schema.org","@graph":[{"@type":"WebPage","@id":"https:\/\/www.cec.org\/es\/materiales-de-capacitacion-de-la-cca-sobre-manejo-ambiental-adecuado\/","url":"https:\/\/www.cec.org\/es\/materiales-de-capacitacion-de-la-cca-sobre-manejo-ambiental-adecuado\/","name":"Materiales de capacitaci\u00f3n de la CCA sobre manejo ambiental adecuado","isPartOf":{"@id":"https:\/\/www.cec.org\/es\/#website"},"primaryImageOfPage":{"@id":"https:\/\/www.cec.org\/es\/materiales-de-capacitacion-de-la-cca-sobre-manejo-ambiental-adecuado\/#primaryimage"},"image":{"@id":"https:\/\/www.cec.org\/es\/materiales-de-capacitacion-de-la-cca-sobre-manejo-ambiental-adecuado\/#primaryimage"},"thumbnailUrl":"https:\/\/www.cec.org\/wp-content\/uploads\/esm.webp","datePublished":"2020-01-09T14:36:07+00:00","dateModified":"2024-07-11T17:32:54+00:00","description":"La Comisi\u00f3n para la Cooperaci\u00f3n Ambiental (CCA) elabor\u00f3 un curso de capacitaci\u00f3n sobre pr\u00e1cticas para un manejo ambiental adecuado (MAA) con el prop\u00f3sito","breadcrumb":{"@id":"https:\/\/www.cec.org\/es\/materiales-de-capacitacion-de-la-cca-sobre-manejo-ambiental-adecuado\/#breadcrumb"},"inLanguage":"es","potentialAction":[{"@type":"ReadAction","target":["https:\/\/www.cec.org\/es\/materiales-de-capacitacion-de-la-cca-sobre-manejo-ambiental-adecuado\/"]}]},{"@type":"ImageObject","inLanguage":"es","@id":"https:\/\/www.cec.org\/es\/materiales-de-capacitacion-de-la-cca-sobre-manejo-ambiental-adecuado\/#primaryimage","url":"https:\/\/www.cec.org\/wp-content\/uploads\/esm.webp","contentUrl":"https:\/\/www.cec.org\/wp-content\/uploads\/esm.webp","width":1200,"height":684,"caption":"ESM discarded electronic waste"},{"@type":"BreadcrumbList","@id":"https:\/\/www.cec.org\/es\/materiales-de-capacitacion-de-la-cca-sobre-manejo-ambiental-adecuado\/#breadcrumb","itemListElement":[{"@type":"ListItem","position":1,"name":"Inicio","item":"https:\/\/www.cec.org\/es\/"},{"@type":"ListItem","position":2,"name":"Materiales de capacitaci\u00f3n de la CCA sobre manejo ambiental adecuado"}]},{"@type":"WebSite","@id":"https:\/\/www.cec.org\/es\/#website","url":"https:\/\/www.cec.org\/es\/","name":"Commission for Environmental Cooperation","description":"Three countries working together to protect our shared environment","alternateName":"CEC - CCA -CCE","potentialAction":[{"@type":"SearchAction","target":{"@type":"EntryPoint","urlTemplate":"https:\/\/www.cec.org\/es\/?s={search_term_string}"},"query-input":{"@type":"PropertyValueSpecification","valueRequired":true,"valueName":"search_term_string"}}],"inLanguage":"es"}]}},"_links":{"self":[{"href":"https:\/\/www.cec.org\/es\/wp-json\/wp\/v2\/pages\/27002","targetHints":{"allow":["GET"]}}],"collection":[{"href":"https:\/\/www.cec.org\/es\/wp-json\/wp\/v2\/pages"}],"about":[{"href":"https:\/\/www.cec.org\/es\/wp-json\/wp\/v2\/types\/page"}],"author":[{"embeddable":true,"href":"https:\/\/www.cec.org\/es\/wp-json\/wp\/v2\/users\/1"}],"replies":[{"embeddable":true,"href":"https:\/\/www.cec.org\/es\/wp-json\/wp\/v2\/comments?post=27002"}],"version-history":[{"count":1,"href":"https:\/\/www.cec.org\/es\/wp-json\/wp\/v2\/pages\/27002\/revisions"}],"predecessor-version":[{"id":43864,"href":"https:\/\/www.cec.org\/es\/wp-json\/wp\/v2\/pages\/27002\/revisions\/43864"}],"wp:featuredmedia":[{"embeddable":true,"href":"https:\/\/www.cec.org\/es\/wp-json\/wp\/v2\/media\/54068"}],"wp:attachment":[{"href":"https:\/\/www.cec.org\/es\/wp-json\/wp\/v2\/media?parent=27002"}],"curies":[{"name":"wp","href":"https:\/\/api.w.org\/{rel}","templated":true}]}}