{"id":85,"date":"2018-01-10T13:58:25","date_gmt":"2018-01-10T18:58:25","guid":{"rendered":"http:\/\/www.cec.org\/cites\/timber\/"},"modified":"2025-02-20T14:00:43","modified_gmt":"2025-02-20T19:00:43","slug":"bois","status":"publish","type":"page","link":"https:\/\/www.cec.org\/cites\/fr\/bois\/","title":{"rendered":"Bois"},"content":{"rendered":"<p>Dix esp\u00e8ces de plantes ligneuses ont \u00e9t\u00e9 choisies pour ce projet. Ces esp\u00e8ces de bois d\u2019oeuvre prioritaires incluent quatre esp\u00e8ces de cactus (<em>Carnegiea gigantea,<\/em> <em>Cylindropuntia cholla, C. fulgida <\/em>et <em>C. imbricata<\/em>) et six esp\u00e8ces d\u2019arbres (<em>Dalbergia granadillo, D. retusa<\/em>, <em>D. stevensoni<\/em>, <em>Swietenia humilis<\/em>, <em>S. macrophylla <\/em>et <em>S. mahagoni<\/em>).<\/p>\n<p>Toutes les esp\u00e8ces de cactus prioritaires sont pr\u00e9sentes au Mexique, de m\u00eame que les esp\u00e8ces d\u2019arbres <em>D. granadillo,<\/em> <em>D. stevensoni<\/em>, <em>S. humilis <\/em>et <em>S. macrophylla<\/em>. On trouve du <em>Dalbergia retusa <\/em>au Mexique, mais l\u2019on pense que cette essence a \u00e9t\u00e9 introduite. <em>Carnegiea gigantea,<\/em> <em>C. fulgida<\/em>, <em>C. imbricata <\/em>et <em>S. mahagoni <\/em>sont des esp\u00e8ces indig\u00e8nes des \u00c9tats-Unis. Aucune des esp\u00e8ces de bois d\u2019oeuvre prioritaires n\u2019est pr\u00e9sente au Canada.<\/p>\n<p>L\u2019Union internationale pour la conservation de la nature (UICN) a qualifi\u00e9 <em>S. mahagoni <\/em>d\u2019esp\u00e8ces en danger et <em>D. retusa<\/em>, <em>S. humilis <\/em>et <em>S. macrophylla<\/em>, d\u2019essences vuln\u00e9rables. Cependant, aucune mise \u00e0 jour n\u2019a \u00e9t\u00e9 faite depuis 1998 \u00e0 propos de la situation de ces esp\u00e8ces. On ne sait pas vraiment si le classement de l\u2019UICN refl\u00e8te leur situation actuelle au chapitre de la conservation. L\u2019UICN n\u2019a pas \u00e9valu\u00e9 <em>Dalbergia granadillo<\/em> et <em>D. stevensonii<\/em>, et chacune des esp\u00e8ces de cactus a \u00e9t\u00e9 class\u00e9e dans la cat\u00e9gorie Pr\u00e9occupation mineure.<\/p>\n<p>Au Mexique, <em>C. gigantea <\/em>est consid\u00e9r\u00e9e comme une esp\u00e8ce menac\u00e9e et <em>D. granadillo<\/em>, comme une essence en danger. Aux \u00c9tats-Unis, la r\u00e9colte de <em>C. gigantea <\/em>sur les terres des parcs nationaux est ill\u00e9gale, et l\u2019esp\u00e8ce est prot\u00e9g\u00e9e dans l\u2019\u00c9tat de l\u2019Arizona. L\u2019essence <em>Swietenia<\/em> <em>mahagoni <\/em>est prot\u00e9g\u00e9e en Floride.<\/p>\n","protected":false},"excerpt":{"rendered":"<p>Dix esp\u00e8ces de plantes ligneuses ont \u00e9t\u00e9 choisies pour ce projet. Ces esp\u00e8ces de bois d\u2019oeuvre prioritaires incluent quatre esp\u00e8ces de cactus (Carnegiea gigantea, Cylindropuntia cholla, C. fulgida et C. imbricata) et six esp\u00e8ces d\u2019arbres (Dalbergia granadillo, D. retusa, D. stevensoni, Swietenia humilis, S. macrophylla et S. mahagoni). Toutes les esp\u00e8ces de cactus prioritaires sont [&hellip;]<\/p>\n","protected":false},"author":1,"featured_media":761,"parent":0,"menu_order":0,"comment_status":"closed","ping_status":"closed","template":"page-species.php","meta":{"_acf_changed":false,"footnotes":""},"class_list":["post-85","page","type-page","status-publish","has-post-thumbnail","hentry"],"acf":[],"_links":{"self":[{"href":"https:\/\/www.cec.org\/cites\/fr\/wp-json\/wp\/v2\/pages\/85","targetHints":{"allow":["GET"]}}],"collection":[{"href":"https:\/\/www.cec.org\/cites\/fr\/wp-json\/wp\/v2\/pages"}],"about":[{"href":"https:\/\/www.cec.org\/cites\/fr\/wp-json\/wp\/v2\/types\/page"}],"author":[{"embeddable":true,"href":"https:\/\/www.cec.org\/cites\/fr\/wp-json\/wp\/v2\/users\/1"}],"replies":[{"embeddable":true,"href":"https:\/\/www.cec.org\/cites\/fr\/wp-json\/wp\/v2\/comments?post=85"}],"version-history":[{"count":4,"href":"https:\/\/www.cec.org\/cites\/fr\/wp-json\/wp\/v2\/pages\/85\/revisions"}],"predecessor-version":[{"id":754,"href":"https:\/\/www.cec.org\/cites\/fr\/wp-json\/wp\/v2\/pages\/85\/revisions\/754"}],"wp:featuredmedia":[{"embeddable":true,"href":"https:\/\/www.cec.org\/cites\/fr\/wp-json\/wp\/v2\/media\/761"}],"wp:attachment":[{"href":"https:\/\/www.cec.org\/cites\/fr\/wp-json\/wp\/v2\/media?parent=85"}],"curies":[{"name":"wp","href":"https:\/\/api.w.org\/{rel}","templated":true}]}}