{"id":81,"date":"2018-01-10T13:59:54","date_gmt":"2018-01-10T18:59:54","guid":{"rendered":"http:\/\/www.cec.org\/cites\/tarantulas-2\/"},"modified":"2025-02-20T13:59:56","modified_gmt":"2025-02-20T18:59:56","slug":"mygales","status":"publish","type":"page","link":"https:\/\/www.cec.org\/cites\/fr\/mygales\/","title":{"rendered":"Mygales"},"content":{"rendered":"<p>Une esp\u00e8ce du genre <em>Aphonopelma<\/em> et quinze du genre <em>Brachypelma <\/em>ont \u00e9t\u00e9 d\u00e9sign\u00e9es prioritaires. Des 18\u00a0mesures recommand\u00e9es pour les esp\u00e8ces incluses dans le <a href=\"action-plans\">Plan d\u2019action<\/a>, on a \u00e9tabli que trois devraient \u00eatre prises en priorit\u00e9 dans le cadre du projet <a href=\"http:\/\/www.cec.org\/fr\/facilitation-du-commerce-durable-despeces-visees-par-la-cites\/\">Facilitation du commerce durable d&rsquo;esp\u00e8ces vis\u00e9es par la CITES<\/a> de la CCE.<\/p>\n<p>Le genre <em>Brachypelma<\/em> comprend plusieurs esp\u00e8ces color\u00e9es tr\u00e8s recherch\u00e9es pour le commerce d\u2019animaux de compagnie.<\/p>\n","protected":false},"excerpt":{"rendered":"<p>Une esp\u00e8ce du genre Aphonopelma et quinze du genre Brachypelma ont \u00e9t\u00e9 d\u00e9sign\u00e9es prioritaires. Des 18\u00a0mesures recommand\u00e9es pour les esp\u00e8ces incluses dans le Plan d\u2019action, on a \u00e9tabli que trois devraient \u00eatre prises en priorit\u00e9 dans le cadre du projet Facilitation du commerce durable d&rsquo;esp\u00e8ces vis\u00e9es par la CITES de la CCE. Le genre Brachypelma [&hellip;]<\/p>\n","protected":false},"author":1,"featured_media":321,"parent":0,"menu_order":0,"comment_status":"closed","ping_status":"closed","template":"page-species.php","meta":{"_acf_changed":false,"footnotes":""},"class_list":["post-81","page","type-page","status-publish","has-post-thumbnail","hentry"],"acf":[],"_links":{"self":[{"href":"https:\/\/www.cec.org\/cites\/fr\/wp-json\/wp\/v2\/pages\/81","targetHints":{"allow":["GET"]}}],"collection":[{"href":"https:\/\/www.cec.org\/cites\/fr\/wp-json\/wp\/v2\/pages"}],"about":[{"href":"https:\/\/www.cec.org\/cites\/fr\/wp-json\/wp\/v2\/types\/page"}],"author":[{"embeddable":true,"href":"https:\/\/www.cec.org\/cites\/fr\/wp-json\/wp\/v2\/users\/1"}],"replies":[{"embeddable":true,"href":"https:\/\/www.cec.org\/cites\/fr\/wp-json\/wp\/v2\/comments?post=81"}],"version-history":[{"count":22,"href":"https:\/\/www.cec.org\/cites\/fr\/wp-json\/wp\/v2\/pages\/81\/revisions"}],"predecessor-version":[{"id":953,"href":"https:\/\/www.cec.org\/cites\/fr\/wp-json\/wp\/v2\/pages\/81\/revisions\/953"}],"wp:featuredmedia":[{"embeddable":true,"href":"https:\/\/www.cec.org\/cites\/fr\/wp-json\/wp\/v2\/media\/321"}],"wp:attachment":[{"href":"https:\/\/www.cec.org\/cites\/fr\/wp-json\/wp\/v2\/media?parent=81"}],"curies":[{"name":"wp","href":"https:\/\/api.w.org\/{rel}","templated":true}]}}