{"id":77,"date":"2018-01-10T13:54:10","date_gmt":"2018-01-10T18:54:10","guid":{"rendered":"http:\/\/www.cec.org\/cites\/sharks\/"},"modified":"2025-02-20T13:56:04","modified_gmt":"2025-02-20T18:56:04","slug":"requins","status":"publish","type":"page","link":"https:\/\/www.cec.org\/cites\/fr\/requins\/","title":{"rendered":"Requins"},"content":{"rendered":"<p>Huit esp\u00e8ces de requins ont \u00e9t\u00e9 d\u00e9sign\u00e9es prioritaires : <em>Carcharhinus longimanus, Carcharodon carcharias, Cetorhinus maximus, Lamna nasus, Rhincodon typus, Sphyrna lewini, S. mokarran et S. zygaena.<\/em><\/p>\n<p>Le risque de surexploitation en vue du commerce international est la raison principale ayant justifi\u00e9 l\u2019inscription de ces esp\u00e8ces sur la liste de l\u2019annexe II de la CITES. Toutes ces esp\u00e8ces prioritaires sont list\u00e9es comme des esp\u00e8ces vuln\u00e9rables ou en danger sur la Liste rouge de l\u2019Union internationale pour la conservation de la nature (UICN).<em>&nbsp;<\/em><\/p>\n<p>Les esp\u00e8ces <em>Carcharodon carcharias<\/em>, <em>C. maximus<\/em>, <em>L. nasus <\/em>et <em>S. zygaena <\/em>sont pr\u00e9sentes dans les eaux canadiennes. <em>C. carcharias <\/em>n\u2019est cependant pr\u00e9sente que sporadiquement et <em>S. zygaena <\/em>est rarement observ\u00e9e (Canada, 2010; COSEPAC, 2006). On observe p\u00e9riodiquement des sp\u00e9cimens vivants de <em>C. carcharias <\/em>dans les eaux canadiennes de l\u2019Atlantique, mais toutes les mentions de cette esp\u00e8ce sur la c\u00f4te du Pacifique correspondent \u00e0 des sp\u00e9cimens \u00e9chou\u00e9s sur les berges de Haida Gwaii (\u00eeles de la Reine-Charlotte) (COSEPAC, 2006; Hart, 1980). Toutes les esp\u00e8ces prioritaires de requin sont pr\u00e9sentes au Mexique, \u00e0 l\u2019exception de <em>L. nasus<\/em>. <em>C.&nbsp;maximus <\/em>est cependant extr\u00eamement rare dans les eaux mexicaines (Sandoval-Castillo et coll., 2008). Toutes les esp\u00e8ces prioritaires de requin sont pr\u00e9sentes aux \u00c9tats-Unis. Seulement trois esp\u00e8ces (<em>C. carcharias<\/em>, <em>C. maximus <\/em>et <em>S. zygaena<\/em>) ont d\u00e9j\u00e0 \u00e9t\u00e9 observ\u00e9es dans les eaux des trois pays.<\/p>\n","protected":false},"excerpt":{"rendered":"<p>Huit esp\u00e8ces de requins ont \u00e9t\u00e9 d\u00e9sign\u00e9es prioritaires : Carcharhinus longimanus, Carcharodon carcharias, Cetorhinus maximus, Lamna nasus, Rhincodon typus, Sphyrna lewini, S. mokarran et S. zygaena. Le risque de surexploitation en vue du commerce international est la raison principale ayant justifi\u00e9 l\u2019inscription de ces esp\u00e8ces sur la liste de l\u2019annexe II de la CITES. Toutes [&hellip;]<\/p>\n","protected":false},"author":1,"featured_media":636,"parent":0,"menu_order":0,"comment_status":"closed","ping_status":"closed","template":"page-species.php","meta":{"_acf_changed":false,"footnotes":""},"class_list":["post-77","page","type-page","status-publish","has-post-thumbnail","hentry"],"acf":[],"_links":{"self":[{"href":"https:\/\/www.cec.org\/cites\/fr\/wp-json\/wp\/v2\/pages\/77","targetHints":{"allow":["GET"]}}],"collection":[{"href":"https:\/\/www.cec.org\/cites\/fr\/wp-json\/wp\/v2\/pages"}],"about":[{"href":"https:\/\/www.cec.org\/cites\/fr\/wp-json\/wp\/v2\/types\/page"}],"author":[{"embeddable":true,"href":"https:\/\/www.cec.org\/cites\/fr\/wp-json\/wp\/v2\/users\/1"}],"replies":[{"embeddable":true,"href":"https:\/\/www.cec.org\/cites\/fr\/wp-json\/wp\/v2\/comments?post=77"}],"version-history":[{"count":5,"href":"https:\/\/www.cec.org\/cites\/fr\/wp-json\/wp\/v2\/pages\/77\/revisions"}],"predecessor-version":[{"id":873,"href":"https:\/\/www.cec.org\/cites\/fr\/wp-json\/wp\/v2\/pages\/77\/revisions\/873"}],"wp:featuredmedia":[{"embeddable":true,"href":"https:\/\/www.cec.org\/cites\/fr\/wp-json\/wp\/v2\/media\/636"}],"wp:attachment":[{"href":"https:\/\/www.cec.org\/cites\/fr\/wp-json\/wp\/v2\/media?parent=77"}],"curies":[{"name":"wp","href":"https:\/\/api.w.org\/{rel}","templated":true}]}}