{"id":667,"date":"2018-10-04T16:31:18","date_gmt":"2018-10-04T20:31:18","guid":{"rendered":"http:\/\/www.cec.org\/cites\/?page_id=667"},"modified":"2025-02-20T13:58:42","modified_gmt":"2025-02-20T18:58:42","slug":"tortues","status":"publish","type":"page","link":"https:\/\/www.cec.org\/cites\/fr\/tortues\/","title":{"rendered":"Tortues"},"content":{"rendered":"<p>Douze esp\u00e8ces de tortues ont \u00e9t\u00e9 choisies pour ce projet<em>. <\/em>Elles comprennent : cinq esp\u00e8ces aquatiques ou semi-aquatiques (<em>Clemmys guttata<\/em>, <em>Dermatemys mawii<\/em>, <em>Emydoidea blandingii<\/em>, <em>Glyptemys insculpta <\/em>et <em>Malaclemys<\/em> <em>terrapin<\/em>); quatre esp\u00e8ces de goph\u00e8res polyph\u00e8mes (<em>Gopherus<\/em> <em>agassizii<\/em>, <em>G. berlandieri<\/em>, <em>G. morafkai <\/em>et <em>G. polyphemus<\/em>); trois esp\u00e8ces de tortues-bo\u00eetes (<em>Terrapene carolina<\/em>, <em>T. nelsoni <\/em>et <em>T. ornata<\/em>). Quatre de ces esp\u00e8ces sont naturellement pr\u00e9sentes au Canada, dix sont pr\u00e9sentes aux \u00c9tats-Unis et six, au Mexique. Seule la <em>T. carolina <\/em>est pr\u00e9sente dans les trois pays.<\/p>\n<p>La situation mondiale de ces esp\u00e8ces prioritaires au chapitre de la conservation, d\u00e9termin\u00e9e par l\u2019Union internationale pour la conservation de la nature (UICN), est la suivante : en danger critique (<em>D. mawii<\/em>); en danger (<em>C. guttata<\/em>, <em>E. blandingii <\/em>et <em>G. insculpta<\/em>); vuln\u00e9rable (<em>G. agassizii<\/em>, <em>G. polyphemus <\/em>et <em>T. carolina<\/em>); quasi-menac\u00e9e (<em>M. terrapin <\/em>et <em>T. ornata<\/em>); pr\u00e9occupation mineure (<em>G. berlandieri<\/em>); et donn\u00e9es insuffisantes (<em>T. nelsoni<\/em>). Le <em>Gopherus morafkai <\/em>n\u2019a pas \u00e9t\u00e9 \u00e9valu\u00e9 par rapport \u00e0 l\u2019actuelle Liste rouge de l\u2019UICN.<\/p>\n<p>En 2014, le <em>Turtle Taxonomy Working Group <\/em>(Groupe de travail sur la taxonomie des tortues) du <em>Tortoise and<\/em> <em>Freshwater Turtle Specialist Group <\/em>(Groupe de sp\u00e9cialistes des tortues marines et d\u2019eau douce) de l\u2019UICN a pr\u00e9par\u00e9 une r\u00e9\u00e9valuation provisoire de certaines des esp\u00e8ces prioritaires. Cette r\u00e9\u00e9valuation indique que, lors de la prochaine mise \u00e0 jour officielle de la Liste rouge, le statut de la <em>G. agassizii <\/em>passera probablement \u00e0 \u00ab en danger critique \u00bb; la <em>G. polyphemus <\/em>passera \u00e0 \u00ab en danger \u00bb; la <em>G. morafkai <\/em>et la <em>M. terrapin<\/em> passeront \u00e0 \u00ab vuln\u00e9rable \u00bb; la <em>G. berlandieri <\/em>passera \u00e0 \u00ab quasi-menac\u00e9e \u00bb.<\/p>\n","protected":false},"excerpt":{"rendered":"<p>Douze esp\u00e8ces de tortues ont \u00e9t\u00e9 choisies pour ce projet. Elles comprennent : cinq esp\u00e8ces aquatiques ou semi-aquatiques (Clemmys guttata, Dermatemys mawii, Emydoidea blandingii, Glyptemys insculpta et Malaclemys terrapin); quatre esp\u00e8ces de goph\u00e8res polyph\u00e8mes (Gopherus agassizii, G. berlandieri, G. morafkai et G. polyphemus); trois esp\u00e8ces de tortues-bo\u00eetes (Terrapene carolina, T. nelsoni et T. ornata). Quatre [&hellip;]<\/p>\n","protected":false},"author":1,"featured_media":665,"parent":0,"menu_order":0,"comment_status":"closed","ping_status":"closed","template":"page-species.php","meta":{"_acf_changed":false,"footnotes":""},"class_list":["post-667","page","type-page","status-publish","has-post-thumbnail","hentry"],"acf":[],"_links":{"self":[{"href":"https:\/\/www.cec.org\/cites\/fr\/wp-json\/wp\/v2\/pages\/667","targetHints":{"allow":["GET"]}}],"collection":[{"href":"https:\/\/www.cec.org\/cites\/fr\/wp-json\/wp\/v2\/pages"}],"about":[{"href":"https:\/\/www.cec.org\/cites\/fr\/wp-json\/wp\/v2\/types\/page"}],"author":[{"embeddable":true,"href":"https:\/\/www.cec.org\/cites\/fr\/wp-json\/wp\/v2\/users\/1"}],"replies":[{"embeddable":true,"href":"https:\/\/www.cec.org\/cites\/fr\/wp-json\/wp\/v2\/comments?post=667"}],"version-history":[{"count":2,"href":"https:\/\/www.cec.org\/cites\/fr\/wp-json\/wp\/v2\/pages\/667\/revisions"}],"predecessor-version":[{"id":669,"href":"https:\/\/www.cec.org\/cites\/fr\/wp-json\/wp\/v2\/pages\/667\/revisions\/669"}],"wp:featuredmedia":[{"embeddable":true,"href":"https:\/\/www.cec.org\/cites\/fr\/wp-json\/wp\/v2\/media\/665"}],"wp:attachment":[{"href":"https:\/\/www.cec.org\/cites\/fr\/wp-json\/wp\/v2\/media?parent=667"}],"curies":[{"name":"wp","href":"https:\/\/api.w.org\/{rel}","templated":true}]}}