{"id":507,"date":"2018-02-20T09:21:18","date_gmt":"2018-02-20T14:21:18","guid":{"rendered":"http:\/\/www.cec.org\/cites\/?page_id=507"},"modified":"2019-04-18T12:04:04","modified_gmt":"2019-04-18T16:04:04","slug":"outreach","status":"publish","type":"page","link":"https:\/\/www.cec.org\/cites\/fr\/outreach\/","title":{"rendered":"Sensibilisation"},"content":{"rendered":"<div class=\"video-wrap\">\n<h2>Le commerce durable d\u2019esp\u00e8ces vis\u00e9es par la CITES<\/h2>\n<p style=\"text-align: center;\"><iframe loading=\"lazy\" src=\"https:\/\/www.youtube.com\/embed\/t_9niEwJnpc\" width=\"560\" height=\"315\" frameborder=\"0\" allowfullscreen=\"allowfullscreen\"><\/iframe><\/p>\n<\/div>\n<div class=\"video-wrap\">\n<h2>Pourquoi nous devons arr\u00eater de craindre les mygales<\/h2>\n<p><iframe loading=\"lazy\" width=\"560\" height=\"315\" src=\"https:\/\/www.youtube.com\/embed\/KH3SMDHEt6w\" frameborder=\"0\" allow=\"accelerometer; autoplay; encrypted-media; gyroscope; picture-in-picture\" allowfullscreen=\"\"><\/iframe><\/p>\n<\/div>\n<h2>Postcard<\/h2>\n<div id=\"envira-gallery-wrap-604\" class=\"envira-gallery-wrap envira-gallery-theme-base envira-lightbox-theme-base\" itemscope itemtype=\"https:\/\/schema.org\/ImageGallery\"><div data-row-height=\"\" data-gallery-theme=\"\" id=\"envira-gallery-604\" class=\"envira-gallery-public  envira-gallery-2-columns envira-clear enviratope envira-gallery-css-animations\" data-envira-columns=\"2\"><div id=\"envira-gallery-item-501\" class=\"envira-gallery-item enviratope-item envira-gallery-item-1 envira-lazy-load\" style=\"padding-left: 5px; padding-bottom: 10px; padding-right: 5px;\"  itemscope itemtype=\"https:\/\/schema.org\/ImageObject\"><div class=\"envira-gallery-item-inner\"><div class=\"envira-gallery-position-overlay  envira-gallery-top-left\"><\/div><div class=\"envira-gallery-position-overlay  envira-gallery-top-right\"><\/div><div class=\"envira-gallery-position-overlay  envira-gallery-bottom-left\"><\/div><div class=\"envira-gallery-position-overlay  envira-gallery-bottom-right\"><\/div><a href=\"http:\/\/www.cec.org\/cites\/wp-content\/uploads\/2018\/02\/CITES-postcard-2017_final-1.jpg\" class=\"envira-gallery-604 envira-gallery-link\" rel=\"enviragallery604\" title=\"Postal CITES\" data-envira-caption=\"Postal CITES\" data-envira-retina=\"\" data-thumbnail=\"\"  itemprop=\"contentUrl\"><div class=\"envira-lazy\" data-test-width=\"640\" data-test-height=\"480\" style=\"padding-bottom:75%;\"><img decoding=\"async\" id=\"envira-gallery-image-501\" class=\"envira-gallery-image envira-gallery-image-1\" data-envira-index=\"1\" src=\"https:\/\/www.cec.org\/cites\/wp-content\/uploads\/2018\/02\/CITES-postcard-2017_final-1-1024x681-640x480.jpg\" data-envira-src=\"https:\/\/www.cec.org\/cites\/wp-content\/uploads\/2018\/02\/CITES-postcard-2017_final-1-1024x681-640x480.jpg\" data-envira-gallery-id=\"604\" data-envira-item-id=\"501\" data-envira-caption=\"Postal CITES\" alt=\"Apoyo al comercio sustentable de especies listadzs en la CITES\" title=\"Postal CITES\"  itemprop=\"thumbnailUrl\" data-envira-srcset=\"https:\/\/www.cec.org\/cites\/wp-content\/uploads\/2018\/02\/CITES-postcard-2017_final-1-1024x681-640x480.jpg 400w,https:\/\/www.cec.org\/cites\/wp-content\/uploads\/2018\/02\/CITES-postcard-2017_final-1-1024x681-640x480.jpg 2x\" srcset=\"data:image\/gif;base64,R0lGODlhAQABAIAAAP\/\/\/\/\/\/\/yH5BAEKAAEALAAAAAABAAEAAAICTAEAOw==\" \/><\/div><\/a><\/div><\/div><div id=\"envira-gallery-item-602\" class=\"envira-gallery-item enviratope-item envira-gallery-item-2 envira-lazy-load\" style=\"padding-left: 5px; padding-bottom: 10px; padding-right: 5px;\"  itemscope itemtype=\"https:\/\/schema.org\/ImageObject\"><div class=\"envira-gallery-item-inner\"><div class=\"envira-gallery-position-overlay  envira-gallery-top-left\"><\/div><div class=\"envira-gallery-position-overlay  envira-gallery-top-right\"><\/div><div class=\"envira-gallery-position-overlay  envira-gallery-bottom-left\"><\/div><div class=\"envira-gallery-position-overlay  envira-gallery-bottom-right\"><\/div><a href=\"http:\/\/www.cec.org\/cites\/wp-content\/uploads\/2018\/04\/CEC-CITES-postcard-fr.jpg\" class=\"envira-gallery-604 envira-gallery-link\" rel=\"enviragallery604\" title=\"CEC-CITES-postcard-fr\" data-envira-caption=\"CEC-CITES-postcard-fr\" data-envira-retina=\"\" data-thumbnail=\"\"  itemprop=\"contentUrl\"><div class=\"envira-lazy\" data-test-width=\"640\" data-test-height=\"480\" style=\"padding-bottom:75%;\"><img decoding=\"async\" id=\"envira-gallery-image-602\" class=\"envira-gallery-image envira-gallery-image-2\" data-envira-index=\"2\" src=\"https:\/\/www.cec.org\/cites\/wp-content\/uploads\/2018\/04\/CEC-CITES-postcard-fr-1024x686-640x480.jpg\" data-envira-src=\"https:\/\/www.cec.org\/cites\/wp-content\/uploads\/2018\/04\/CEC-CITES-postcard-fr-1024x686-640x480.jpg\" data-envira-gallery-id=\"604\" data-envira-item-id=\"602\" data-envira-caption=\"CEC-CITES-postcard-fr\" alt=\"\" title=\"CEC-CITES-postcard-fr\"  itemprop=\"thumbnailUrl\" data-envira-srcset=\"https:\/\/www.cec.org\/cites\/wp-content\/uploads\/2018\/04\/CEC-CITES-postcard-fr-1024x686-640x480.jpg 400w,https:\/\/www.cec.org\/cites\/wp-content\/uploads\/2018\/04\/CEC-CITES-postcard-fr-1024x686-640x480.jpg 2x\" srcset=\"data:image\/gif;base64,R0lGODlhAQABAIAAAP\/\/\/\/\/\/\/yH5BAEKAAEALAAAAAABAAEAAAICTAEAOw==\" \/><\/div><\/a><\/div><\/div><\/div><\/div><noscript><img decoding=\"async\" src=\"https:\/\/www.cec.org\/cites\/wp-content\/uploads\/2018\/02\/CITES-postcard-2017_final-1.jpg\" alt=\"Apoyo al comercio sustentable de especies listadzs en la CITES\" \/><img decoding=\"async\" src=\"https:\/\/www.cec.org\/cites\/wp-content\/uploads\/2018\/04\/CEC-CITES-postcard-fr.jpg\" alt=\"\" \/><\/noscript>\n","protected":false},"excerpt":{"rendered":"<p>Le commerce durable d\u2019esp\u00e8ces vis\u00e9es par la CITES Pourquoi nous devons arr\u00eater de craindre les mygales Postcard<\/p>\n","protected":false},"author":1,"featured_media":355,"parent":0,"menu_order":0,"comment_status":"closed","ping_status":"closed","template":"page-outreach.php","meta":{"_acf_changed":false,"footnotes":""},"class_list":["post-507","page","type-page","status-publish","has-post-thumbnail","hentry"],"acf":[],"_links":{"self":[{"href":"https:\/\/www.cec.org\/cites\/fr\/wp-json\/wp\/v2\/pages\/507","targetHints":{"allow":["GET"]}}],"collection":[{"href":"https:\/\/www.cec.org\/cites\/fr\/wp-json\/wp\/v2\/pages"}],"about":[{"href":"https:\/\/www.cec.org\/cites\/fr\/wp-json\/wp\/v2\/types\/page"}],"author":[{"embeddable":true,"href":"https:\/\/www.cec.org\/cites\/fr\/wp-json\/wp\/v2\/users\/1"}],"replies":[{"embeddable":true,"href":"https:\/\/www.cec.org\/cites\/fr\/wp-json\/wp\/v2\/comments?post=507"}],"version-history":[{"count":7,"href":"https:\/\/www.cec.org\/cites\/fr\/wp-json\/wp\/v2\/pages\/507\/revisions"}],"predecessor-version":[{"id":887,"href":"https:\/\/www.cec.org\/cites\/fr\/wp-json\/wp\/v2\/pages\/507\/revisions\/887"}],"wp:featuredmedia":[{"embeddable":true,"href":"https:\/\/www.cec.org\/cites\/fr\/wp-json\/wp\/v2\/media\/355"}],"wp:attachment":[{"href":"https:\/\/www.cec.org\/cites\/fr\/wp-json\/wp\/v2\/media?parent=507"}],"curies":[{"name":"wp","href":"https:\/\/api.w.org\/{rel}","templated":true}]}}