{"id":86,"date":"2018-01-10T13:58:25","date_gmt":"2018-01-10T18:58:25","guid":{"rendered":"http:\/\/www.cec.org\/cites\/timber\/"},"modified":"2025-02-20T14:00:33","modified_gmt":"2025-02-20T19:00:33","slug":"madera","status":"publish","type":"page","link":"https:\/\/www.cec.org\/cites\/es\/madera\/","title":{"rendered":"Madera"},"content":{"rendered":"<p>Cuatro especies de cactus (<em>Carnegiea gigantea<\/em>, <em>Cylindropuntia cholla<\/em>, <em>C. fulgida <\/em>y <em>C. imbricata<\/em>) y seis especies de \u00e1rboles (<em>Dalbergia granadillo<\/em>, <em>D. retusa<\/em>, <em>D. stevensonii<\/em>, <em>Swietenia humilis<\/em>,\u00a0<em>S. macrophylla <\/em>y <em>S. mahagoni<\/em>) se seleccionaron para este proyecto.<\/p>\n<p>Todas las especies prioritarias de cactus se encuentran en M\u00e9xico, al igual que los \u00e1rboles <em>D. granadillo<\/em>, <em>D.\u00a0stevensonii<\/em>, <em>S. humilis <\/em>y <em>S. macrophylla<\/em>. Tambi\u00e9n la especie <em>D. retusa <\/em>se encuentra en este pa\u00eds, pero se cree que es introducida. <em>Carnegiea gigantea<\/em>, <em>Cylindropuntia fulgida<\/em>, <em>C. imbricata <\/em>y <em>S. mahagoni <\/em>son nativas de Estados Unidos. Ninguna de las especies maderables prioritarias se encuentra en forma natural en Canad\u00e1.<\/p>\n<p>La Uni\u00f3n Internacional para la Conservaci\u00f3n de la Naturaleza (UICN) ha clasificado a <em>S. mahagoni <\/em>como \u201cen peligro\u201d, y a <em>D. retusa<\/em>, <em>S. humilis <\/em>y <em>S. macrophylla, <\/em>como \u201cvulnerables\u201d. Sin embargo, la clasificaci\u00f3n de estas especies no se actualiza desde 1998, de manera que no est\u00e1 claro si las categor\u00edas asignadas por la UICN efectivamente reflejan su estado actual de conservaci\u00f3n. Los \u00e1rboles <em>D. granadillo <\/em>y <em>D. stevensonii <\/em>no han sido evaluados por la UICN, y las cuatro especies de cactus est\u00e1n todas clasificadas en la categor\u00eda \u201cde preocupaci\u00f3n menor\u201d.<\/p>\n<p>En M\u00e9xico, <em>Carnegiea gigantea <\/em>se considera como \u201camenazada\u201d, y <em>D. granadillo <\/em>\u201cen peligro de extinci\u00f3n\u201d. En Estados Unidos, en las tierras bajo jurisdicci\u00f3n del Servicio Nacional de Parques (<em>National Park Service<\/em>, NPS), la explotaci\u00f3n de <em>C. gigantea <\/em>es ilegal, y la especie est\u00e1 protegida en Arizona, en tanto que <em>S. mahagoni <\/em>lo est\u00e1 en Florida.<\/p>\n","protected":false},"excerpt":{"rendered":"<p>Cuatro especies de cactus (Carnegiea gigantea, Cylindropuntia cholla, C. fulgida y C. imbricata) y seis especies de \u00e1rboles (Dalbergia granadillo, D. retusa, D. stevensonii, Swietenia humilis,\u00a0S. macrophylla y S. mahagoni) se seleccionaron para este proyecto. Todas las especies prioritarias de cactus se encuentran en M\u00e9xico, al igual que los \u00e1rboles D. granadillo, D.\u00a0stevensonii, S. humilis [&hellip;]<\/p>\n","protected":false},"author":1,"featured_media":759,"parent":0,"menu_order":0,"comment_status":"closed","ping_status":"closed","template":"page-species.php","meta":{"_acf_changed":false,"footnotes":""},"class_list":["post-86","page","type-page","status-publish","has-post-thumbnail","hentry"],"acf":[],"_links":{"self":[{"href":"https:\/\/www.cec.org\/cites\/es\/wp-json\/wp\/v2\/pages\/86","targetHints":{"allow":["GET"]}}],"collection":[{"href":"https:\/\/www.cec.org\/cites\/es\/wp-json\/wp\/v2\/pages"}],"about":[{"href":"https:\/\/www.cec.org\/cites\/es\/wp-json\/wp\/v2\/types\/page"}],"author":[{"embeddable":true,"href":"https:\/\/www.cec.org\/cites\/es\/wp-json\/wp\/v2\/users\/1"}],"replies":[{"embeddable":true,"href":"https:\/\/www.cec.org\/cites\/es\/wp-json\/wp\/v2\/comments?post=86"}],"version-history":[{"count":7,"href":"https:\/\/www.cec.org\/cites\/es\/wp-json\/wp\/v2\/pages\/86\/revisions"}],"predecessor-version":[{"id":915,"href":"https:\/\/www.cec.org\/cites\/es\/wp-json\/wp\/v2\/pages\/86\/revisions\/915"}],"wp:featuredmedia":[{"embeddable":true,"href":"https:\/\/www.cec.org\/cites\/es\/wp-json\/wp\/v2\/media\/759"}],"wp:attachment":[{"href":"https:\/\/www.cec.org\/cites\/es\/wp-json\/wp\/v2\/media?parent=86"}],"curies":[{"name":"wp","href":"https:\/\/api.w.org\/{rel}","templated":true}]}}